{"id":473924,"date":"2025-03-03T15:04:20","date_gmt":"2025-03-03T15:04:23","guid":{"rendered":"https:\/\/www.erresse-shop.it\/?post_type=product&#038;p=473924"},"modified":"2025-03-03T15:19:48","modified_gmt":"2025-03-03T15:19:48","slug":"zwilling-enfinigy-grille-pain-2-slots-noir-avec-rechauffeur-copia-2","status":"publish","type":"product","link":"https:\/\/www.erresse-shop.it\/fr\/shop\/petits-electromenagers\/grilles-et-barbecues\/zwilling-enfinigy-grille-pain-2-slots-noir-avec-rechauffeur-copia-2\/","title":{"rendered":"ZWILLING Enfinigy Plaque \u00e9lectrique Noir"},"content":{"rendered":"<p>Faites des grillades quand vous le souhaitez. Comme tu pr\u00e9f\u00e8res. O\u00f9 tu veux. Des sandwichs chauds au petit-d\u00e9jeuner aux barbecues entre amis. Avec le gril de contact ZWILLING ENFINIGY, vous n&#8217;avez plus de limites en mati\u00e8re de grillades. Utilisez-le avec le couvercle ferm\u00e9 comme une plaque \u00e9lectrique traditionnelle ou ouvrez-le \u00e0 180\u00b0 pour le mode BBQ : quel que soit le mode choisi, vous aurez toujours un contr\u00f4le total. Les plaques r\u00e9glables individuellement r\u00e9partissent la chaleur uniform\u00e9ment sur toute la surface, sans cr\u00e9er de points de surchauffe. La cuisson est uniforme et pr\u00e9cise. Bien s\u00fbr, voici une version l\u00e9g\u00e8rement am\u00e9lior\u00e9e : gr\u00e2ce au capteur thermique qui mesure la temp\u00e9rature au c\u0153ur des aliments, vous obtiendrez toujours la chaleur id\u00e9ale pour griller viandes et poissons \u00e0 la perfection. D\u00e9couvrez la nouvelle fa\u00e7on de griller et profitez du plaisir de cuisiner n&#8217;importe o\u00f9, n&#8217;importe quand.<\/p>\n<ul>\n<li>Ouvrez le gril de contact \u00e0 180\u00b0 pour l&#8217;utiliser en mode BBQ<\/li>\n<li>6 programmes automatiques (steak, hamburger, poisson, saucisse, volaille, sandwichs) + Fonction boost et d\u00e9cong\u00e9lation<\/li>\n<li>Viandes et l\u00e9gumes parfaitement grill\u00e9s : r\u00e9partition homog\u00e8ne de la chaleur gr\u00e2ce \u00e0 l&#8217;\u00e9l\u00e9ment chauffant plat<\/li>\n<li>Gr\u00e2ce au capteur thermique, vous aurez toujours la temp\u00e9rature id\u00e9ale au c\u0153ur des aliments<\/li>\n<li>Facile \u00e0 nettoyer : les plaques rev\u00eatues de c\u00e9ramique passent au lave-vaisselle<\/li>\n<li>Poign\u00e9e pratique pour une prise en main s\u00fbre et un transport facile<\/li>\n<li>Design minimaliste de Matteo Thun et Antonio Rodriguez, Milan<\/li>\n<\/ul>\n<p><span class=\"label\">Couleur\u00a0:<\/span>\u00a0<span class=\"value\">noir<br \/>\n<\/span><span class=\"label\">Mat\u00e9riau\u00a0:<\/span>\u00a0<span class=\"value\">plastique<br \/>\n<\/span><span class=\"label\">Tension\u00a0:<\/span>\u00a0<span class=\"value\">220-240 V<br \/>\n<\/span><span class=\"label\">Fr\u00e9quence\u00a0:<\/span>\u00a0<span class=\"value\">50\/60 Hz<br \/>\n<\/span><span class=\"label\">Enrouleur de c\u00e2ble int\u00e9gr\u00e9\u00a0:<\/span>\u00a0<span class=\"value\">Oui<br \/>\n<\/span><span class=\"label\">Puissance d&#8217;entr\u00e9e\u00a0:<\/span>\u00a0<span class=\"value\">1\u00a0850 W<\/span><\/p>\n<p><span style=\"text-decoration: underline;\"><strong>Not for sale outside Europe<\/strong><\/span><\/p>\n","protected":false},"excerpt":{"rendered":"<p>Faites des grillades quand vous le souhaitez. Comme tu pr\u00e9f\u00e8res. O\u00f9 tu veux. Des sandwichs chauds au petit-d\u00e9jeuner aux barbecues<\/p>\n","protected":false},"featured_media":473965,"template":"","meta":{"_acf_changed":false,"inline_featured_image":false},"product_cat":[13383,12449],"product_tag":[25036,12820,12948,13718,25021,14638],"acf":[],"yoast_head":"<!-- This site is optimized with the Yoast SEO Premium plugin v18.6 (Yoast SEO v19.13) - https:\/\/yoast.com\/wordpress\/plugins\/seo\/ -->\n<title>ZWILLING Enfinigy Plaque \u00e9lectrique Noir - Erresse Shop<\/title>\n<meta name=\"description\" content=\"Faites des grillades quand vous le souhaitez. Comme tu pr\u00e9f\u00e8res. O\u00f9 tu veux. Des sandwichs chauds au petit-d\u00e9jeuner aux barbecues entre amis. Avec le gril\" \/>\n<meta name=\"robots\" content=\"index, follow, max-snippet:-1, max-image-preview:large, max-video-preview:-1\" \/>\n<link rel=\"canonical\" href=\"https:\/\/www.erresse-shop.it\/fr\/shop\/petits-electromenagers\/grilles-et-barbecues\/zwilling-enfinigy-grille-pain-2-slots-noir-avec-rechauffeur-copia-2\/\" \/>\n<meta property=\"og:locale\" content=\"fr_FR\" \/>\n<meta property=\"og:type\" content=\"article\" \/>\n<meta property=\"og:title\" content=\"ZWILLING Enfinigy Plaque \u00e9lectrique Noir\" \/>\n<meta property=\"og:description\" content=\"Faites des grillades quand vous le souhaitez. Comme tu pr\u00e9f\u00e8res. O\u00f9 tu veux. Des sandwichs chauds au petit-d\u00e9jeuner aux barbecues entre amis. Avec le gril\" \/>\n<meta property=\"og:url\" content=\"https:\/\/www.erresse-shop.it\/fr\/shop\/petits-electromenagers\/grilles-et-barbecues\/zwilling-enfinigy-grille-pain-2-slots-noir-avec-rechauffeur-copia-2\/\" \/>\n<meta property=\"og:site_name\" content=\"Erresse Shop\" \/>\n<meta property=\"article:modified_time\" content=\"2025-03-03T15:19:48+00:00\" \/>\n<meta property=\"og:image\" content=\"https:\/\/www.erresse-shop.it\/wp-content\/uploads\/2025\/03\/ZWILLING-Enfinigy-Piastra-Elettrica-Nero.jpg\" \/>\n\t<meta property=\"og:image:width\" content=\"1200\" \/>\n\t<meta property=\"og:image:height\" content=\"1200\" \/>\n\t<meta property=\"og:image:type\" content=\"image\/jpeg\" \/>\n<meta name=\"twitter:card\" content=\"summary_large_image\" \/>\n<script type=\"application\/ld+json\" class=\"yoast-schema-graph\">{\"@context\":\"https:\/\/schema.org\",\"@graph\":[{\"@type\":\"WebPage\",\"@id\":\"https:\/\/www.erresse-shop.it\/fr\/shop\/petits-electromenagers\/grilles-et-barbecues\/zwilling-enfinigy-grille-pain-2-slots-noir-avec-rechauffeur-copia-2\/\",\"url\":\"https:\/\/www.erresse-shop.it\/fr\/shop\/petits-electromenagers\/grilles-et-barbecues\/zwilling-enfinigy-grille-pain-2-slots-noir-avec-rechauffeur-copia-2\/\",\"name\":\"ZWILLING Enfinigy Plaque \u00e9lectrique Noir - Erresse Shop\",\"isPartOf\":{\"@id\":\"https:\/\/www.erresse-shop.it\/fr\/#website\"},\"datePublished\":\"2025-03-03T15:04:23+00:00\",\"dateModified\":\"2025-03-03T15:19:48+00:00\",\"description\":\"Faites des grillades quand vous le souhaitez. Comme tu pr\u00e9f\u00e8res. O\u00f9 tu veux. Des sandwichs chauds au petit-d\u00e9jeuner aux barbecues entre amis. Avec le gril\",\"breadcrumb\":{\"@id\":\"https:\/\/www.erresse-shop.it\/fr\/shop\/petits-electromenagers\/grilles-et-barbecues\/zwilling-enfinigy-grille-pain-2-slots-noir-avec-rechauffeur-copia-2\/#breadcrumb\"},\"inLanguage\":\"fr-FR\",\"potentialAction\":[{\"@type\":\"ReadAction\",\"target\":[\"https:\/\/www.erresse-shop.it\/fr\/shop\/petits-electromenagers\/grilles-et-barbecues\/zwilling-enfinigy-grille-pain-2-slots-noir-avec-rechauffeur-copia-2\/\"]}]},{\"@type\":\"BreadcrumbList\",\"@id\":\"https:\/\/www.erresse-shop.it\/fr\/shop\/petits-electromenagers\/grilles-et-barbecues\/zwilling-enfinigy-grille-pain-2-slots-noir-avec-rechauffeur-copia-2\/#breadcrumb\",\"itemListElement\":[{\"@type\":\"ListItem\",\"position\":1,\"name\":\"Home\",\"item\":\"https:\/\/www.erresse-shop.it\/fr\/\"},{\"@type\":\"ListItem\",\"position\":2,\"name\":\"Shop\",\"item\":\"https:\/\/www.erresse-shop.it\/fr\/shop\/\"},{\"@type\":\"ListItem\",\"position\":3,\"name\":\"ZWILLING Enfinigy Plaque \u00e9lectrique Noir\"}]},{\"@type\":\"WebSite\",\"@id\":\"https:\/\/www.erresse-shop.it\/fr\/#website\",\"url\":\"https:\/\/www.erresse-shop.it\/fr\/\",\"name\":\"Erresse Shop\",\"description\":\"Articoli di qualit\u00e0 per la casa\",\"potentialAction\":[{\"@type\":\"SearchAction\",\"target\":{\"@type\":\"EntryPoint\",\"urlTemplate\":\"https:\/\/www.erresse-shop.it\/fr\/?s={search_term_string}\"},\"query-input\":\"required name=search_term_string\"}],\"inLanguage\":\"fr-FR\"}]}<\/script>\n<!-- \/ Yoast SEO Premium plugin. -->","yoast_head_json":{"title":"ZWILLING Enfinigy Plaque \u00e9lectrique Noir - Erresse Shop","description":"Faites des grillades quand vous le souhaitez. Comme tu pr\u00e9f\u00e8res. O\u00f9 tu veux. Des sandwichs chauds au petit-d\u00e9jeuner aux barbecues entre amis. Avec le gril","robots":{"index":"index","follow":"follow","max-snippet":"max-snippet:-1","max-image-preview":"max-image-preview:large","max-video-preview":"max-video-preview:-1"},"canonical":"https:\/\/www.erresse-shop.it\/fr\/shop\/petits-electromenagers\/grilles-et-barbecues\/zwilling-enfinigy-grille-pain-2-slots-noir-avec-rechauffeur-copia-2\/","og_locale":"fr_FR","og_type":"article","og_title":"ZWILLING Enfinigy Plaque \u00e9lectrique Noir","og_description":"Faites des grillades quand vous le souhaitez. Comme tu pr\u00e9f\u00e8res. O\u00f9 tu veux. Des sandwichs chauds au petit-d\u00e9jeuner aux barbecues entre amis. Avec le gril","og_url":"https:\/\/www.erresse-shop.it\/fr\/shop\/petits-electromenagers\/grilles-et-barbecues\/zwilling-enfinigy-grille-pain-2-slots-noir-avec-rechauffeur-copia-2\/","og_site_name":"Erresse Shop","article_modified_time":"2025-03-03T15:19:48+00:00","og_image":[{"width":1200,"height":1200,"url":"https:\/\/www.erresse-shop.it\/wp-content\/uploads\/2025\/03\/ZWILLING-Enfinigy-Piastra-Elettrica-Nero.jpg","type":"image\/jpeg"}],"twitter_card":"summary_large_image","schema":{"@context":"https:\/\/schema.org","@graph":[{"@type":"WebPage","@id":"https:\/\/www.erresse-shop.it\/fr\/shop\/petits-electromenagers\/grilles-et-barbecues\/zwilling-enfinigy-grille-pain-2-slots-noir-avec-rechauffeur-copia-2\/","url":"https:\/\/www.erresse-shop.it\/fr\/shop\/petits-electromenagers\/grilles-et-barbecues\/zwilling-enfinigy-grille-pain-2-slots-noir-avec-rechauffeur-copia-2\/","name":"ZWILLING Enfinigy Plaque \u00e9lectrique Noir - Erresse Shop","isPartOf":{"@id":"https:\/\/www.erresse-shop.it\/fr\/#website"},"datePublished":"2025-03-03T15:04:23+00:00","dateModified":"2025-03-03T15:19:48+00:00","description":"Faites des grillades quand vous le souhaitez. Comme tu pr\u00e9f\u00e8res. O\u00f9 tu veux. Des sandwichs chauds au petit-d\u00e9jeuner aux barbecues entre amis. Avec le gril","breadcrumb":{"@id":"https:\/\/www.erresse-shop.it\/fr\/shop\/petits-electromenagers\/grilles-et-barbecues\/zwilling-enfinigy-grille-pain-2-slots-noir-avec-rechauffeur-copia-2\/#breadcrumb"},"inLanguage":"fr-FR","potentialAction":[{"@type":"ReadAction","target":["https:\/\/www.erresse-shop.it\/fr\/shop\/petits-electromenagers\/grilles-et-barbecues\/zwilling-enfinigy-grille-pain-2-slots-noir-avec-rechauffeur-copia-2\/"]}]},{"@type":"BreadcrumbList","@id":"https:\/\/www.erresse-shop.it\/fr\/shop\/petits-electromenagers\/grilles-et-barbecues\/zwilling-enfinigy-grille-pain-2-slots-noir-avec-rechauffeur-copia-2\/#breadcrumb","itemListElement":[{"@type":"ListItem","position":1,"name":"Home","item":"https:\/\/www.erresse-shop.it\/fr\/"},{"@type":"ListItem","position":2,"name":"Shop","item":"https:\/\/www.erresse-shop.it\/fr\/shop\/"},{"@type":"ListItem","position":3,"name":"ZWILLING Enfinigy Plaque \u00e9lectrique Noir"}]},{"@type":"WebSite","@id":"https:\/\/www.erresse-shop.it\/fr\/#website","url":"https:\/\/www.erresse-shop.it\/fr\/","name":"Erresse Shop","description":"Articoli di qualit\u00e0 per la casa","potentialAction":[{"@type":"SearchAction","target":{"@type":"EntryPoint","urlTemplate":"https:\/\/www.erresse-shop.it\/fr\/?s={search_term_string}"},"query-input":"required name=search_term_string"}],"inLanguage":"fr-FR"}]}},"df_price":109.5,"df_sale_price":109.5,"df_regular_price":219,"df_image_link":"https:\/\/www.erresse-shop.it\/wp-content\/uploads\/2025\/03\/ZWILLING-Enfinigy-Piastra-Elettrica-Nero-300x300.jpg","_links":{"self":[{"href":"https:\/\/www.erresse-shop.it\/fr\/wp-json\/wp\/v2\/product\/473924"}],"collection":[{"href":"https:\/\/www.erresse-shop.it\/fr\/wp-json\/wp\/v2\/product"}],"about":[{"href":"https:\/\/www.erresse-shop.it\/fr\/wp-json\/wp\/v2\/types\/product"}],"wp:featuredmedia":[{"embeddable":true,"href":"https:\/\/www.erresse-shop.it\/fr\/wp-json\/wp\/v2\/media\/473965"}],"wp:attachment":[{"href":"https:\/\/www.erresse-shop.it\/fr\/wp-json\/wp\/v2\/media?parent=473924"}],"wp:term":[{"taxonomy":"product_cat","embeddable":true,"href":"https:\/\/www.erresse-shop.it\/fr\/wp-json\/wp\/v2\/product_cat?post=473924"},{"taxonomy":"product_tag","embeddable":true,"href":"https:\/\/www.erresse-shop.it\/fr\/wp-json\/wp\/v2\/product_tag?post=473924"}],"curies":[{"name":"wp","href":"https:\/\/api.w.org\/{rel}","templated":true}]}}