{"id":473670,"date":"2025-02-28T14:17:14","date_gmt":"2025-02-28T14:17:17","guid":{"rendered":"https:\/\/www.erresse-shop.it\/?post_type=product&#038;p=473670"},"modified":"2026-02-23T09:31:28","modified_gmt":"2026-02-23T09:31:28","slug":"alessi-plisse-chauffe-brioche-blanche","status":"publish","type":"product","link":"https:\/\/www.erresse-shop.it\/fr\/shop\/petits-electromenagers\/grille-pains\/alessi-plisse-chauffe-brioche-blanche\/","title":{"rendered":"ALESSI Pliss\u00e9 Chauffe-brioche blanche"},"content":{"rendered":"<p>Le chauffe-brioche Pliss\u00e9 d&#8217;Alessi est un accessoire petit mais indispensable, parfait pour r\u00e9chauffer croissants, brioches et g\u00e2teaux et pour garder au chaud le pain grill\u00e9. Absolument g\u00e9nial ! La grille en acier inoxydable s&#8217;adapte simplement \u00e0 l&#8217;appareil et est con\u00e7ue pour les grille-pain Pliss\u00e9 de taille standard.<\/p>\n<p>Les tissus pliss\u00e9s iconiques de la haute couture habillent la s\u00e9rie de petits appareils \u00e9lectrom\u00e9nagers dessin\u00e9e par Michele De Lucchi. La collection Pliss\u00e8 conf\u00e8re \u00e0 l&#8217;environnement domestique une touche de l\u00e9g\u00e8ret\u00e9 raffin\u00e9e.<\/p>\n<p><strong>Caract\u00e9ristiques\u00a0:<\/strong><\/p>\n<div id=\"shopify-section-product-specifications\" class=\"shopify-section\">\n<ul class=\"product-specifications\">\n<li class=\"product-specifications__item\"><span class=\"product-specifications__title\">Hauteur (cm) : 10,5<\/span><\/li>\n<li class=\"product-specifications__item\"><span class=\"product-specifications__title\">Longueur (cm)\u00a0:\u00a0<\/span><span class=\"product-specifications__value\">26<\/span><\/li>\n<li class=\"product-specifications__item\"><span class=\"product-specifications__title\">Largeur (cm) : 5,5<\/span><\/li>\n<\/ul>\n<div class=\"product-specifications__bottom\">\n<h2 class=\"subtitle-1\"><\/h2>\n<\/div>\n<\/div>\n","protected":false},"excerpt":{"rendered":"<p>Le chauffe-brioche Pliss\u00e9 d&#8217;Alessi est un accessoire petit mais indispensable, parfait pour r\u00e9chauffer croissants, brioches et g\u00e2teaux et pour garder<\/p>\n","protected":false},"featured_media":473781,"template":"","meta":{"_acf_changed":false,"inline_featured_image":false},"product_cat":[12770,12449],"product_tag":[25181,25021,12856,12822],"acf":[],"yoast_head":"<!-- This site is optimized with the Yoast SEO Premium plugin v18.6 (Yoast SEO v19.13) - https:\/\/yoast.com\/wordpress\/plugins\/seo\/ -->\n<title>ALESSI Pliss\u00e9 Chauffe-brioche blanche - Erresse Shop<\/title>\n<meta name=\"description\" content=\"Le chauffe-brioche Pliss\u00e9 d&#039;Alessi est un accessoire petit mais indispensable, parfait pour r\u00e9chauffer croissants, brioches et g\u00e2teaux et pour garder au\" \/>\n<meta name=\"robots\" content=\"index, follow, max-snippet:-1, max-image-preview:large, max-video-preview:-1\" \/>\n<link rel=\"canonical\" href=\"https:\/\/www.erresse-shop.it\/fr\/shop\/petits-electromenagers\/grille-pains\/alessi-plisse-chauffe-brioche-blanche\/\" \/>\n<meta property=\"og:locale\" content=\"fr_FR\" \/>\n<meta property=\"og:type\" content=\"article\" \/>\n<meta property=\"og:title\" content=\"ALESSI Pliss\u00e9 Chauffe-brioche blanche\" \/>\n<meta property=\"og:description\" content=\"Le chauffe-brioche Pliss\u00e9 d&#039;Alessi est un accessoire petit mais indispensable, parfait pour r\u00e9chauffer croissants, brioches et g\u00e2teaux et pour garder au\" \/>\n<meta property=\"og:url\" content=\"https:\/\/www.erresse-shop.it\/fr\/shop\/petits-electromenagers\/grille-pains\/alessi-plisse-chauffe-brioche-blanche\/\" \/>\n<meta property=\"og:site_name\" content=\"Erresse Shop\" \/>\n<meta property=\"article:modified_time\" content=\"2026-02-23T09:31:28+00:00\" \/>\n<meta property=\"og:image\" content=\"https:\/\/www.erresse-shop.it\/wp-content\/uploads\/2025\/02\/ALESSI-Plisse-Scalda-Brioche-Bianco1.jpg\" \/>\n\t<meta property=\"og:image:width\" content=\"1200\" \/>\n\t<meta property=\"og:image:height\" content=\"1200\" \/>\n\t<meta property=\"og:image:type\" content=\"image\/jpeg\" \/>\n<meta name=\"twitter:card\" content=\"summary_large_image\" \/>\n<script type=\"application\/ld+json\" class=\"yoast-schema-graph\">{\"@context\":\"https:\/\/schema.org\",\"@graph\":[{\"@type\":\"WebPage\",\"@id\":\"https:\/\/www.erresse-shop.it\/fr\/shop\/petits-electromenagers\/grille-pains\/alessi-plisse-chauffe-brioche-blanche\/\",\"url\":\"https:\/\/www.erresse-shop.it\/fr\/shop\/petits-electromenagers\/grille-pains\/alessi-plisse-chauffe-brioche-blanche\/\",\"name\":\"ALESSI Pliss\u00e9 Chauffe-brioche blanche - Erresse Shop\",\"isPartOf\":{\"@id\":\"https:\/\/www.erresse-shop.it\/fr\/#website\"},\"datePublished\":\"2025-02-28T14:17:17+00:00\",\"dateModified\":\"2026-02-23T09:31:28+00:00\",\"description\":\"Le chauffe-brioche Pliss\u00e9 d'Alessi est un accessoire petit mais indispensable, parfait pour r\u00e9chauffer croissants, brioches et g\u00e2teaux et pour garder au\",\"breadcrumb\":{\"@id\":\"https:\/\/www.erresse-shop.it\/fr\/shop\/petits-electromenagers\/grille-pains\/alessi-plisse-chauffe-brioche-blanche\/#breadcrumb\"},\"inLanguage\":\"fr-FR\",\"potentialAction\":[{\"@type\":\"ReadAction\",\"target\":[\"https:\/\/www.erresse-shop.it\/fr\/shop\/petits-electromenagers\/grille-pains\/alessi-plisse-chauffe-brioche-blanche\/\"]}]},{\"@type\":\"BreadcrumbList\",\"@id\":\"https:\/\/www.erresse-shop.it\/fr\/shop\/petits-electromenagers\/grille-pains\/alessi-plisse-chauffe-brioche-blanche\/#breadcrumb\",\"itemListElement\":[{\"@type\":\"ListItem\",\"position\":1,\"name\":\"Home\",\"item\":\"https:\/\/www.erresse-shop.it\/fr\/\"},{\"@type\":\"ListItem\",\"position\":2,\"name\":\"Shop\",\"item\":\"https:\/\/www.erresse-shop.it\/fr\/shop\/\"},{\"@type\":\"ListItem\",\"position\":3,\"name\":\"ALESSI Pliss\u00e9 Chauffe-brioche blanche\"}]},{\"@type\":\"WebSite\",\"@id\":\"https:\/\/www.erresse-shop.it\/fr\/#website\",\"url\":\"https:\/\/www.erresse-shop.it\/fr\/\",\"name\":\"Erresse Shop\",\"description\":\"Articoli di qualit\u00e0 per la casa\",\"potentialAction\":[{\"@type\":\"SearchAction\",\"target\":{\"@type\":\"EntryPoint\",\"urlTemplate\":\"https:\/\/www.erresse-shop.it\/fr\/?s={search_term_string}\"},\"query-input\":\"required name=search_term_string\"}],\"inLanguage\":\"fr-FR\"}]}<\/script>\n<!-- \/ Yoast SEO Premium plugin. -->","yoast_head_json":{"title":"ALESSI Pliss\u00e9 Chauffe-brioche blanche - Erresse Shop","description":"Le chauffe-brioche Pliss\u00e9 d'Alessi est un accessoire petit mais indispensable, parfait pour r\u00e9chauffer croissants, brioches et g\u00e2teaux et pour garder au","robots":{"index":"index","follow":"follow","max-snippet":"max-snippet:-1","max-image-preview":"max-image-preview:large","max-video-preview":"max-video-preview:-1"},"canonical":"https:\/\/www.erresse-shop.it\/fr\/shop\/petits-electromenagers\/grille-pains\/alessi-plisse-chauffe-brioche-blanche\/","og_locale":"fr_FR","og_type":"article","og_title":"ALESSI Pliss\u00e9 Chauffe-brioche blanche","og_description":"Le chauffe-brioche Pliss\u00e9 d'Alessi est un accessoire petit mais indispensable, parfait pour r\u00e9chauffer croissants, brioches et g\u00e2teaux et pour garder au","og_url":"https:\/\/www.erresse-shop.it\/fr\/shop\/petits-electromenagers\/grille-pains\/alessi-plisse-chauffe-brioche-blanche\/","og_site_name":"Erresse Shop","article_modified_time":"2026-02-23T09:31:28+00:00","og_image":[{"width":1200,"height":1200,"url":"https:\/\/www.erresse-shop.it\/wp-content\/uploads\/2025\/02\/ALESSI-Plisse-Scalda-Brioche-Bianco1.jpg","type":"image\/jpeg"}],"twitter_card":"summary_large_image","schema":{"@context":"https:\/\/schema.org","@graph":[{"@type":"WebPage","@id":"https:\/\/www.erresse-shop.it\/fr\/shop\/petits-electromenagers\/grille-pains\/alessi-plisse-chauffe-brioche-blanche\/","url":"https:\/\/www.erresse-shop.it\/fr\/shop\/petits-electromenagers\/grille-pains\/alessi-plisse-chauffe-brioche-blanche\/","name":"ALESSI Pliss\u00e9 Chauffe-brioche blanche - Erresse Shop","isPartOf":{"@id":"https:\/\/www.erresse-shop.it\/fr\/#website"},"datePublished":"2025-02-28T14:17:17+00:00","dateModified":"2026-02-23T09:31:28+00:00","description":"Le chauffe-brioche Pliss\u00e9 d'Alessi est un accessoire petit mais indispensable, parfait pour r\u00e9chauffer croissants, brioches et g\u00e2teaux et pour garder au","breadcrumb":{"@id":"https:\/\/www.erresse-shop.it\/fr\/shop\/petits-electromenagers\/grille-pains\/alessi-plisse-chauffe-brioche-blanche\/#breadcrumb"},"inLanguage":"fr-FR","potentialAction":[{"@type":"ReadAction","target":["https:\/\/www.erresse-shop.it\/fr\/shop\/petits-electromenagers\/grille-pains\/alessi-plisse-chauffe-brioche-blanche\/"]}]},{"@type":"BreadcrumbList","@id":"https:\/\/www.erresse-shop.it\/fr\/shop\/petits-electromenagers\/grille-pains\/alessi-plisse-chauffe-brioche-blanche\/#breadcrumb","itemListElement":[{"@type":"ListItem","position":1,"name":"Home","item":"https:\/\/www.erresse-shop.it\/fr\/"},{"@type":"ListItem","position":2,"name":"Shop","item":"https:\/\/www.erresse-shop.it\/fr\/shop\/"},{"@type":"ListItem","position":3,"name":"ALESSI Pliss\u00e9 Chauffe-brioche blanche"}]},{"@type":"WebSite","@id":"https:\/\/www.erresse-shop.it\/fr\/#website","url":"https:\/\/www.erresse-shop.it\/fr\/","name":"Erresse Shop","description":"Articoli di qualit\u00e0 per la casa","potentialAction":[{"@type":"SearchAction","target":{"@type":"EntryPoint","urlTemplate":"https:\/\/www.erresse-shop.it\/fr\/?s={search_term_string}"},"query-input":"required name=search_term_string"}],"inLanguage":"fr-FR"}]}},"df_price":7.5,"df_sale_price":7.5,"df_regular_price":15,"df_image_link":"https:\/\/www.erresse-shop.it\/wp-content\/uploads\/2025\/02\/ALESSI-Plisse-Scalda-Brioche-Bianco1-300x300.jpg","_links":{"self":[{"href":"https:\/\/www.erresse-shop.it\/fr\/wp-json\/wp\/v2\/product\/473670"}],"collection":[{"href":"https:\/\/www.erresse-shop.it\/fr\/wp-json\/wp\/v2\/product"}],"about":[{"href":"https:\/\/www.erresse-shop.it\/fr\/wp-json\/wp\/v2\/types\/product"}],"wp:featuredmedia":[{"embeddable":true,"href":"https:\/\/www.erresse-shop.it\/fr\/wp-json\/wp\/v2\/media\/473781"}],"wp:attachment":[{"href":"https:\/\/www.erresse-shop.it\/fr\/wp-json\/wp\/v2\/media?parent=473670"}],"wp:term":[{"taxonomy":"product_cat","embeddable":true,"href":"https:\/\/www.erresse-shop.it\/fr\/wp-json\/wp\/v2\/product_cat?post=473670"},{"taxonomy":"product_tag","embeddable":true,"href":"https:\/\/www.erresse-shop.it\/fr\/wp-json\/wp\/v2\/product_tag?post=473670"}],"curies":[{"name":"wp","href":"https:\/\/api.w.org\/{rel}","templated":true}]}}