{"id":473607,"date":"2025-02-28T13:03:51","date_gmt":"2025-02-28T13:04:06","guid":{"rendered":"https:\/\/www.erresse-shop.it\/?post_type=product&#038;p=473607"},"modified":"2025-09-25T12:10:07","modified_gmt":"2025-09-25T12:10:07","slug":"alessi-pulcina-cafetiere-6-tasses-noir-copia","status":"publish","type":"product","link":"https:\/\/www.erresse-shop.it\/fr\/shop\/cuisine\/cafetieres\/alessi-pulcina-cafetiere-6-tasses-noir-copia\/","title":{"rendered":"ALESSI Pulcina Cafeti\u00e8re 3 tasses Noir"},"content":{"rendered":"<p>Produite en 2015, la cafeti\u00e8re expresso Pulcina a conquis le public par son design \u00e9vocateur et ses hautes performances. Dans la version noire, la lumi\u00e8re joue avec la forme \u00e9tag\u00e9e originale. Con\u00e7u par Michele De Lucchi, Pulcina contient une petite mais r\u00e9volutionnaire innovation qui rehausse la saveur cors\u00e9e du caf\u00e9. D\u00e9di\u00e9 \u00e0 ceux qui ne veulent pas renoncer au go\u00fbt et \u00e0 l&#8217;ar\u00f4me du caf\u00e9 pr\u00e9par\u00e9 avec une machine \u00e0 expresso, mais souhaitent vivre ce rituel quotidien d&#8217;une mani\u00e8re particuli\u00e8re.<\/p>\n<p>Cafeti\u00e8re expresso en fonte d&#8217;aluminium, noire. Poign\u00e9e et bouton en PA, noir.<\/p>\n<p>Tasses : 3<br \/>\nCapacit\u00e9 (cl): 15.00<br \/>\nHauteur (cm): 20.00<br \/>\nLongueur (cm) : 15,20<br \/>\nLargeur (cm) : 9,20<\/p>\n","protected":false},"excerpt":{"rendered":"<p>Produite en 2015, la cafeti\u00e8re expresso Pulcina a conquis le public par son design \u00e9vocateur et ses hautes performances. Dans<\/p>\n","protected":false},"featured_media":473630,"template":"","meta":{"_acf_changed":false,"inline_featured_image":false},"product_cat":[12753,12748],"product_tag":[13441],"acf":[],"yoast_head":"<!-- This site is optimized with the Yoast SEO Premium plugin v18.6 (Yoast SEO v19.13) - https:\/\/yoast.com\/wordpress\/plugins\/seo\/ -->\n<title>ALESSI Pulcina Cafeti\u00e8re 3 tasses Noir - Erresse Shop<\/title>\n<meta name=\"description\" content=\"Produite en 2015, la cafeti\u00e8re expresso Pulcina a conquis le public par son design \u00e9vocateur et ses hautes performances. Dans la version noire, la lumi\u00e8re\" \/>\n<meta name=\"robots\" content=\"index, follow, max-snippet:-1, max-image-preview:large, max-video-preview:-1\" \/>\n<link rel=\"canonical\" href=\"https:\/\/www.erresse-shop.it\/fr\/shop\/cuisine\/cafetieres\/alessi-pulcina-cafetiere-6-tasses-noir-copia\/\" \/>\n<meta property=\"og:locale\" content=\"fr_FR\" \/>\n<meta property=\"og:type\" content=\"article\" \/>\n<meta property=\"og:title\" content=\"ALESSI Pulcina Cafeti\u00e8re 3 tasses Noir\" \/>\n<meta property=\"og:description\" content=\"Produite en 2015, la cafeti\u00e8re expresso Pulcina a conquis le public par son design \u00e9vocateur et ses hautes performances. Dans la version noire, la lumi\u00e8re\" \/>\n<meta property=\"og:url\" content=\"https:\/\/www.erresse-shop.it\/fr\/shop\/cuisine\/cafetieres\/alessi-pulcina-cafetiere-6-tasses-noir-copia\/\" \/>\n<meta property=\"og:site_name\" content=\"Erresse Shop\" \/>\n<meta property=\"article:modified_time\" content=\"2025-09-25T12:10:07+00:00\" \/>\n<meta property=\"og:image\" content=\"https:\/\/www.erresse-shop.it\/wp-content\/uploads\/2025\/02\/ALESSI-Pulcina-Caffettiera-3-Tazze-Nero.jpg\" \/>\n\t<meta property=\"og:image:width\" content=\"1200\" \/>\n\t<meta property=\"og:image:height\" content=\"1200\" \/>\n\t<meta property=\"og:image:type\" content=\"image\/jpeg\" \/>\n<meta name=\"twitter:card\" content=\"summary_large_image\" \/>\n<script type=\"application\/ld+json\" class=\"yoast-schema-graph\">{\"@context\":\"https:\/\/schema.org\",\"@graph\":[{\"@type\":\"WebPage\",\"@id\":\"https:\/\/www.erresse-shop.it\/fr\/shop\/cuisine\/cafetieres\/alessi-pulcina-cafetiere-6-tasses-noir-copia\/\",\"url\":\"https:\/\/www.erresse-shop.it\/fr\/shop\/cuisine\/cafetieres\/alessi-pulcina-cafetiere-6-tasses-noir-copia\/\",\"name\":\"ALESSI Pulcina Cafeti\u00e8re 3 tasses Noir - Erresse Shop\",\"isPartOf\":{\"@id\":\"https:\/\/www.erresse-shop.it\/fr\/#website\"},\"datePublished\":\"2025-02-28T13:04:06+00:00\",\"dateModified\":\"2025-09-25T12:10:07+00:00\",\"description\":\"Produite en 2015, la cafeti\u00e8re expresso Pulcina a conquis le public par son design \u00e9vocateur et ses hautes performances. Dans la version noire, la lumi\u00e8re\",\"breadcrumb\":{\"@id\":\"https:\/\/www.erresse-shop.it\/fr\/shop\/cuisine\/cafetieres\/alessi-pulcina-cafetiere-6-tasses-noir-copia\/#breadcrumb\"},\"inLanguage\":\"fr-FR\",\"potentialAction\":[{\"@type\":\"ReadAction\",\"target\":[\"https:\/\/www.erresse-shop.it\/fr\/shop\/cuisine\/cafetieres\/alessi-pulcina-cafetiere-6-tasses-noir-copia\/\"]}]},{\"@type\":\"BreadcrumbList\",\"@id\":\"https:\/\/www.erresse-shop.it\/fr\/shop\/cuisine\/cafetieres\/alessi-pulcina-cafetiere-6-tasses-noir-copia\/#breadcrumb\",\"itemListElement\":[{\"@type\":\"ListItem\",\"position\":1,\"name\":\"Home\",\"item\":\"https:\/\/www.erresse-shop.it\/fr\/\"},{\"@type\":\"ListItem\",\"position\":2,\"name\":\"Shop\",\"item\":\"https:\/\/www.erresse-shop.it\/fr\/shop\/\"},{\"@type\":\"ListItem\",\"position\":3,\"name\":\"ALESSI Pulcina Cafeti\u00e8re 3 tasses Noir\"}]},{\"@type\":\"WebSite\",\"@id\":\"https:\/\/www.erresse-shop.it\/fr\/#website\",\"url\":\"https:\/\/www.erresse-shop.it\/fr\/\",\"name\":\"Erresse Shop\",\"description\":\"Articoli di qualit\u00e0 per la casa\",\"potentialAction\":[{\"@type\":\"SearchAction\",\"target\":{\"@type\":\"EntryPoint\",\"urlTemplate\":\"https:\/\/www.erresse-shop.it\/fr\/?s={search_term_string}\"},\"query-input\":\"required name=search_term_string\"}],\"inLanguage\":\"fr-FR\"}]}<\/script>\n<!-- \/ Yoast SEO Premium plugin. -->","yoast_head_json":{"title":"ALESSI Pulcina Cafeti\u00e8re 3 tasses Noir - Erresse Shop","description":"Produite en 2015, la cafeti\u00e8re expresso Pulcina a conquis le public par son design \u00e9vocateur et ses hautes performances. Dans la version noire, la lumi\u00e8re","robots":{"index":"index","follow":"follow","max-snippet":"max-snippet:-1","max-image-preview":"max-image-preview:large","max-video-preview":"max-video-preview:-1"},"canonical":"https:\/\/www.erresse-shop.it\/fr\/shop\/cuisine\/cafetieres\/alessi-pulcina-cafetiere-6-tasses-noir-copia\/","og_locale":"fr_FR","og_type":"article","og_title":"ALESSI Pulcina Cafeti\u00e8re 3 tasses Noir","og_description":"Produite en 2015, la cafeti\u00e8re expresso Pulcina a conquis le public par son design \u00e9vocateur et ses hautes performances. Dans la version noire, la lumi\u00e8re","og_url":"https:\/\/www.erresse-shop.it\/fr\/shop\/cuisine\/cafetieres\/alessi-pulcina-cafetiere-6-tasses-noir-copia\/","og_site_name":"Erresse Shop","article_modified_time":"2025-09-25T12:10:07+00:00","og_image":[{"width":1200,"height":1200,"url":"https:\/\/www.erresse-shop.it\/wp-content\/uploads\/2025\/02\/ALESSI-Pulcina-Caffettiera-3-Tazze-Nero.jpg","type":"image\/jpeg"}],"twitter_card":"summary_large_image","schema":{"@context":"https:\/\/schema.org","@graph":[{"@type":"WebPage","@id":"https:\/\/www.erresse-shop.it\/fr\/shop\/cuisine\/cafetieres\/alessi-pulcina-cafetiere-6-tasses-noir-copia\/","url":"https:\/\/www.erresse-shop.it\/fr\/shop\/cuisine\/cafetieres\/alessi-pulcina-cafetiere-6-tasses-noir-copia\/","name":"ALESSI Pulcina Cafeti\u00e8re 3 tasses Noir - Erresse Shop","isPartOf":{"@id":"https:\/\/www.erresse-shop.it\/fr\/#website"},"datePublished":"2025-02-28T13:04:06+00:00","dateModified":"2025-09-25T12:10:07+00:00","description":"Produite en 2015, la cafeti\u00e8re expresso Pulcina a conquis le public par son design \u00e9vocateur et ses hautes performances. Dans la version noire, la lumi\u00e8re","breadcrumb":{"@id":"https:\/\/www.erresse-shop.it\/fr\/shop\/cuisine\/cafetieres\/alessi-pulcina-cafetiere-6-tasses-noir-copia\/#breadcrumb"},"inLanguage":"fr-FR","potentialAction":[{"@type":"ReadAction","target":["https:\/\/www.erresse-shop.it\/fr\/shop\/cuisine\/cafetieres\/alessi-pulcina-cafetiere-6-tasses-noir-copia\/"]}]},{"@type":"BreadcrumbList","@id":"https:\/\/www.erresse-shop.it\/fr\/shop\/cuisine\/cafetieres\/alessi-pulcina-cafetiere-6-tasses-noir-copia\/#breadcrumb","itemListElement":[{"@type":"ListItem","position":1,"name":"Home","item":"https:\/\/www.erresse-shop.it\/fr\/"},{"@type":"ListItem","position":2,"name":"Shop","item":"https:\/\/www.erresse-shop.it\/fr\/shop\/"},{"@type":"ListItem","position":3,"name":"ALESSI Pulcina Cafeti\u00e8re 3 tasses Noir"}]},{"@type":"WebSite","@id":"https:\/\/www.erresse-shop.it\/fr\/#website","url":"https:\/\/www.erresse-shop.it\/fr\/","name":"Erresse Shop","description":"Articoli di qualit\u00e0 per la casa","potentialAction":[{"@type":"SearchAction","target":{"@type":"EntryPoint","urlTemplate":"https:\/\/www.erresse-shop.it\/fr\/?s={search_term_string}"},"query-input":"required name=search_term_string"}],"inLanguage":"fr-FR"}]}},"df_price":42.5,"df_sale_price":42.5,"df_regular_price":85,"df_image_link":"https:\/\/www.erresse-shop.it\/wp-content\/uploads\/2025\/02\/ALESSI-Pulcina-Caffettiera-3-Tazze-Nero-300x300.jpg","_links":{"self":[{"href":"https:\/\/www.erresse-shop.it\/fr\/wp-json\/wp\/v2\/product\/473607"}],"collection":[{"href":"https:\/\/www.erresse-shop.it\/fr\/wp-json\/wp\/v2\/product"}],"about":[{"href":"https:\/\/www.erresse-shop.it\/fr\/wp-json\/wp\/v2\/types\/product"}],"wp:featuredmedia":[{"embeddable":true,"href":"https:\/\/www.erresse-shop.it\/fr\/wp-json\/wp\/v2\/media\/473630"}],"wp:attachment":[{"href":"https:\/\/www.erresse-shop.it\/fr\/wp-json\/wp\/v2\/media?parent=473607"}],"wp:term":[{"taxonomy":"product_cat","embeddable":true,"href":"https:\/\/www.erresse-shop.it\/fr\/wp-json\/wp\/v2\/product_cat?post=473607"},{"taxonomy":"product_tag","embeddable":true,"href":"https:\/\/www.erresse-shop.it\/fr\/wp-json\/wp\/v2\/product_tag?post=473607"}],"curies":[{"name":"wp","href":"https:\/\/api.w.org\/{rel}","templated":true}]}}