{"id":473495,"date":"2025-02-28T10:50:02","date_gmt":"2025-02-28T10:50:04","guid":{"rendered":"https:\/\/www.erresse-shop.it\/?post_type=product&#038;p=473495"},"modified":"2026-02-23T09:38:09","modified_gmt":"2026-02-23T09:38:09","slug":"alessi-plisse-vide-capsules-noir","status":"publish","type":"product","link":"https:\/\/www.erresse-shop.it\/fr\/shop\/cafe\/accessoires-fr-2\/alessi-plisse-vide-capsules-noir\/","title":{"rendered":"ALESSI Pliss\u00e9 Vide-capsules Noir"},"content":{"rendered":"<p>Un nouvel accessoire vient agrandir la collection \u00e0 succ\u00e8s Pliss\u00e9 en rev\u00eatant sa forme d\u00e9sormais iconique. Dans un jeu de volumes pliss\u00e9s \u00e9l\u00e9gants, le nouveau vide-capsules de caf\u00e9 dessin\u00e9 par Michele De Lucchi prend forme, pour accompagner les pauses quotidiennes avec son design incomparable d&#8217;inspiration sartoriale. Id\u00e9al pour rendre le rituel quotidien du caf\u00e9 plus durable, en facilitant le recyclage de l&#8217;aluminium.<\/p>\n<p>Capsules vides en r\u00e9sine thermoplastique, noires. Convient aux capsules en aluminium compatibles avec les machines Nespresso\u00ae et Vertuo\u00ae.<\/p>\n<div id=\"shopify-section-product-specifications\" class=\"shopify-section\">\n<p><strong>Caract\u00e9ristiques\u00a0:<\/strong><\/p>\n<ul class=\"product-specifications\">\n<li class=\"product-specifications__item\"><span class=\"product-specifications__title\">Hauteur (cm)\u00a0:\u00a0<\/span><span class=\"product-specifications__value\">14,30<\/span><\/li>\n<li class=\"product-specifications__item\"><span class=\"product-specifications__title\">Longueur (cm)\u00a0:\u00a0<\/span><span class=\"product-specifications__value\">8,30<\/span><\/li>\n<li class=\"product-specifications__item\"><span class=\"product-specifications__title\">Largeur (cm)\u00a0:\u00a0<\/span><span class=\"product-specifications__value\">8,30<\/span><\/li>\n<\/ul>\n<\/div>\n","protected":false},"excerpt":{"rendered":"<p>Un nouvel accessoire vient agrandir la collection \u00e0 succ\u00e8s Pliss\u00e9 en rev\u00eatant sa forme d\u00e9sormais iconique. Dans un jeu de<\/p>\n","protected":false},"featured_media":473512,"template":"","meta":{"_acf_changed":false,"inline_featured_image":false},"product_cat":[12749,25355,25350,12748],"product_tag":[12956,21601,23225,13636,13485,23838],"acf":[],"yoast_head":"<!-- This site is optimized with the Yoast SEO Premium plugin v18.6 (Yoast SEO v19.13) - https:\/\/yoast.com\/wordpress\/plugins\/seo\/ -->\n<title>ALESSI Pliss\u00e9 Vide-capsules Noir - Erresse Shop<\/title>\n<meta name=\"description\" content=\"Un nouvel accessoire vient agrandir la collection \u00e0 succ\u00e8s Pliss\u00e9 en rev\u00eatant sa forme d\u00e9sormais iconique. Dans un jeu de volumes pliss\u00e9s \u00e9l\u00e9gants, le\" \/>\n<meta name=\"robots\" content=\"index, follow, max-snippet:-1, max-image-preview:large, max-video-preview:-1\" \/>\n<link rel=\"canonical\" href=\"https:\/\/www.erresse-shop.it\/fr\/shop\/cafe\/accessoires-fr-2\/alessi-plisse-vide-capsules-noir\/\" \/>\n<meta property=\"og:locale\" content=\"fr_FR\" \/>\n<meta property=\"og:type\" content=\"article\" \/>\n<meta property=\"og:title\" content=\"ALESSI Pliss\u00e9 Vide-capsules Noir\" \/>\n<meta property=\"og:description\" content=\"Un nouvel accessoire vient agrandir la collection \u00e0 succ\u00e8s Pliss\u00e9 en rev\u00eatant sa forme d\u00e9sormais iconique. Dans un jeu de volumes pliss\u00e9s \u00e9l\u00e9gants, le\" \/>\n<meta property=\"og:url\" content=\"https:\/\/www.erresse-shop.it\/fr\/shop\/cafe\/accessoires-fr-2\/alessi-plisse-vide-capsules-noir\/\" \/>\n<meta property=\"og:site_name\" content=\"Erresse Shop\" \/>\n<meta property=\"article:modified_time\" content=\"2026-02-23T09:38:09+00:00\" \/>\n<meta property=\"og:image\" content=\"https:\/\/www.erresse-shop.it\/wp-content\/uploads\/2025\/02\/ALESSI-Plisse-Svuota-Capsule-Nero.jpg\" \/>\n\t<meta property=\"og:image:width\" content=\"1200\" \/>\n\t<meta property=\"og:image:height\" content=\"1200\" \/>\n\t<meta property=\"og:image:type\" content=\"image\/jpeg\" \/>\n<meta name=\"twitter:card\" content=\"summary_large_image\" \/>\n<script type=\"application\/ld+json\" class=\"yoast-schema-graph\">{\"@context\":\"https:\/\/schema.org\",\"@graph\":[{\"@type\":\"WebPage\",\"@id\":\"https:\/\/www.erresse-shop.it\/fr\/shop\/cafe\/accessoires-fr-2\/alessi-plisse-vide-capsules-noir\/\",\"url\":\"https:\/\/www.erresse-shop.it\/fr\/shop\/cafe\/accessoires-fr-2\/alessi-plisse-vide-capsules-noir\/\",\"name\":\"ALESSI Pliss\u00e9 Vide-capsules Noir - Erresse Shop\",\"isPartOf\":{\"@id\":\"https:\/\/www.erresse-shop.it\/fr\/#website\"},\"datePublished\":\"2025-02-28T10:50:04+00:00\",\"dateModified\":\"2026-02-23T09:38:09+00:00\",\"description\":\"Un nouvel accessoire vient agrandir la collection \u00e0 succ\u00e8s Pliss\u00e9 en rev\u00eatant sa forme d\u00e9sormais iconique. Dans un jeu de volumes pliss\u00e9s \u00e9l\u00e9gants, le\",\"breadcrumb\":{\"@id\":\"https:\/\/www.erresse-shop.it\/fr\/shop\/cafe\/accessoires-fr-2\/alessi-plisse-vide-capsules-noir\/#breadcrumb\"},\"inLanguage\":\"fr-FR\",\"potentialAction\":[{\"@type\":\"ReadAction\",\"target\":[\"https:\/\/www.erresse-shop.it\/fr\/shop\/cafe\/accessoires-fr-2\/alessi-plisse-vide-capsules-noir\/\"]}]},{\"@type\":\"BreadcrumbList\",\"@id\":\"https:\/\/www.erresse-shop.it\/fr\/shop\/cafe\/accessoires-fr-2\/alessi-plisse-vide-capsules-noir\/#breadcrumb\",\"itemListElement\":[{\"@type\":\"ListItem\",\"position\":1,\"name\":\"Home\",\"item\":\"https:\/\/www.erresse-shop.it\/fr\/\"},{\"@type\":\"ListItem\",\"position\":2,\"name\":\"Shop\",\"item\":\"https:\/\/www.erresse-shop.it\/fr\/shop\/\"},{\"@type\":\"ListItem\",\"position\":3,\"name\":\"ALESSI Pliss\u00e9 Vide-capsules Noir\"}]},{\"@type\":\"WebSite\",\"@id\":\"https:\/\/www.erresse-shop.it\/fr\/#website\",\"url\":\"https:\/\/www.erresse-shop.it\/fr\/\",\"name\":\"Erresse Shop\",\"description\":\"Articoli di qualit\u00e0 per la casa\",\"potentialAction\":[{\"@type\":\"SearchAction\",\"target\":{\"@type\":\"EntryPoint\",\"urlTemplate\":\"https:\/\/www.erresse-shop.it\/fr\/?s={search_term_string}\"},\"query-input\":\"required name=search_term_string\"}],\"inLanguage\":\"fr-FR\"}]}<\/script>\n<!-- \/ Yoast SEO Premium plugin. -->","yoast_head_json":{"title":"ALESSI Pliss\u00e9 Vide-capsules Noir - Erresse Shop","description":"Un nouvel accessoire vient agrandir la collection \u00e0 succ\u00e8s Pliss\u00e9 en rev\u00eatant sa forme d\u00e9sormais iconique. Dans un jeu de volumes pliss\u00e9s \u00e9l\u00e9gants, le","robots":{"index":"index","follow":"follow","max-snippet":"max-snippet:-1","max-image-preview":"max-image-preview:large","max-video-preview":"max-video-preview:-1"},"canonical":"https:\/\/www.erresse-shop.it\/fr\/shop\/cafe\/accessoires-fr-2\/alessi-plisse-vide-capsules-noir\/","og_locale":"fr_FR","og_type":"article","og_title":"ALESSI Pliss\u00e9 Vide-capsules Noir","og_description":"Un nouvel accessoire vient agrandir la collection \u00e0 succ\u00e8s Pliss\u00e9 en rev\u00eatant sa forme d\u00e9sormais iconique. Dans un jeu de volumes pliss\u00e9s \u00e9l\u00e9gants, le","og_url":"https:\/\/www.erresse-shop.it\/fr\/shop\/cafe\/accessoires-fr-2\/alessi-plisse-vide-capsules-noir\/","og_site_name":"Erresse Shop","article_modified_time":"2026-02-23T09:38:09+00:00","og_image":[{"width":1200,"height":1200,"url":"https:\/\/www.erresse-shop.it\/wp-content\/uploads\/2025\/02\/ALESSI-Plisse-Svuota-Capsule-Nero.jpg","type":"image\/jpeg"}],"twitter_card":"summary_large_image","schema":{"@context":"https:\/\/schema.org","@graph":[{"@type":"WebPage","@id":"https:\/\/www.erresse-shop.it\/fr\/shop\/cafe\/accessoires-fr-2\/alessi-plisse-vide-capsules-noir\/","url":"https:\/\/www.erresse-shop.it\/fr\/shop\/cafe\/accessoires-fr-2\/alessi-plisse-vide-capsules-noir\/","name":"ALESSI Pliss\u00e9 Vide-capsules Noir - Erresse Shop","isPartOf":{"@id":"https:\/\/www.erresse-shop.it\/fr\/#website"},"datePublished":"2025-02-28T10:50:04+00:00","dateModified":"2026-02-23T09:38:09+00:00","description":"Un nouvel accessoire vient agrandir la collection \u00e0 succ\u00e8s Pliss\u00e9 en rev\u00eatant sa forme d\u00e9sormais iconique. Dans un jeu de volumes pliss\u00e9s \u00e9l\u00e9gants, le","breadcrumb":{"@id":"https:\/\/www.erresse-shop.it\/fr\/shop\/cafe\/accessoires-fr-2\/alessi-plisse-vide-capsules-noir\/#breadcrumb"},"inLanguage":"fr-FR","potentialAction":[{"@type":"ReadAction","target":["https:\/\/www.erresse-shop.it\/fr\/shop\/cafe\/accessoires-fr-2\/alessi-plisse-vide-capsules-noir\/"]}]},{"@type":"BreadcrumbList","@id":"https:\/\/www.erresse-shop.it\/fr\/shop\/cafe\/accessoires-fr-2\/alessi-plisse-vide-capsules-noir\/#breadcrumb","itemListElement":[{"@type":"ListItem","position":1,"name":"Home","item":"https:\/\/www.erresse-shop.it\/fr\/"},{"@type":"ListItem","position":2,"name":"Shop","item":"https:\/\/www.erresse-shop.it\/fr\/shop\/"},{"@type":"ListItem","position":3,"name":"ALESSI Pliss\u00e9 Vide-capsules Noir"}]},{"@type":"WebSite","@id":"https:\/\/www.erresse-shop.it\/fr\/#website","url":"https:\/\/www.erresse-shop.it\/fr\/","name":"Erresse Shop","description":"Articoli di qualit\u00e0 per la casa","potentialAction":[{"@type":"SearchAction","target":{"@type":"EntryPoint","urlTemplate":"https:\/\/www.erresse-shop.it\/fr\/?s={search_term_string}"},"query-input":"required name=search_term_string"}],"inLanguage":"fr-FR"}]}},"df_price":19.95,"df_sale_price":19.95,"df_regular_price":24,"df_image_link":"https:\/\/www.erresse-shop.it\/wp-content\/uploads\/2025\/02\/ALESSI-Plisse-Svuota-Capsule-Nero-300x300.jpg","_links":{"self":[{"href":"https:\/\/www.erresse-shop.it\/fr\/wp-json\/wp\/v2\/product\/473495"}],"collection":[{"href":"https:\/\/www.erresse-shop.it\/fr\/wp-json\/wp\/v2\/product"}],"about":[{"href":"https:\/\/www.erresse-shop.it\/fr\/wp-json\/wp\/v2\/types\/product"}],"wp:featuredmedia":[{"embeddable":true,"href":"https:\/\/www.erresse-shop.it\/fr\/wp-json\/wp\/v2\/media\/473512"}],"wp:attachment":[{"href":"https:\/\/www.erresse-shop.it\/fr\/wp-json\/wp\/v2\/media?parent=473495"}],"wp:term":[{"taxonomy":"product_cat","embeddable":true,"href":"https:\/\/www.erresse-shop.it\/fr\/wp-json\/wp\/v2\/product_cat?post=473495"},{"taxonomy":"product_tag","embeddable":true,"href":"https:\/\/www.erresse-shop.it\/fr\/wp-json\/wp\/v2\/product_tag?post=473495"}],"curies":[{"name":"wp","href":"https:\/\/api.w.org\/{rel}","templated":true}]}}