{"id":473425,"date":"2025-02-28T10:19:33","date_gmt":"2025-02-28T10:19:35","guid":{"rendered":"https:\/\/www.erresse-shop.it\/?post_type=product&#038;p=473425"},"modified":"2025-02-28T10:35:27","modified_gmt":"2025-02-28T10:35:27","slug":"alessi-girotondo-porte-baguettes-inox-copia","status":"publish","type":"product","link":"https:\/\/www.erresse-shop.it\/fr\/shop\/cuisine\/accessoires-fr\/alessi-girotondo-porte-baguettes-inox-copia\/","title":{"rendered":"ALESSI Pliss\u00e9 Porte-capsules Blanc"},"content":{"rendered":"<p>Accessoire indispensable pour avoir toujours vos capsules de caf\u00e9 pr\u00e9f\u00e9r\u00e9es \u00e0 port\u00e9e de main et organis\u00e9es, ce contenant pratique ressemble \u00e0 la maquette d&#8217;un b\u00e2timent de style contemporain, ne laissant aucun doute sur son auteur : Michele De Lucchi. Un objet fonctionnel et fascinant : le m\u00e9canisme d\u2019ouverture des cinq \u00e9tag\u00e8res qui abritent les capsules offre, avec un jeu de volumes dynamiques, une exp\u00e9rience d\u2019utilisation agr\u00e9able et \u00e0 certains \u00e9gards surprenante.<\/p>\n<p>Porte-capsules expresso rotatif \u00e0 5 niveaux en r\u00e9sine thermoplastique. Convient pour contenir jusqu&#8217;\u00e0 40 capsules compatibles avec les machines Nespresso\u00ae.<\/p>\n<p><strong>Caract\u00e9ristiques\u00a0:<\/strong><\/p>\n<div id=\"shopify-section-product-specifications\" class=\"shopify-section\">\n<ul class=\"product-specifications\">\n<li class=\"product-specifications__item\"><span class=\"product-specifications__title\">Hauteur (cm)\u00a0:\u00a0<\/span><span class=\"product-specifications__value\">23,70<\/span><\/li>\n<li class=\"product-specifications__item\"><span class=\"product-specifications__title\">Longueur (cm)\u00a0:\u00a0<\/span><span class=\"product-specifications__value\">14,70<\/span><\/li>\n<li class=\"product-specifications__item\"><span class=\"product-specifications__title\">Largeur (cm)\u00a0:\u00a0<\/span><span class=\"product-specifications__value\">15,00<\/span><\/li>\n<\/ul>\n<\/div>\n","protected":false},"excerpt":{"rendered":"<p>Accessoire indispensable pour avoir toujours vos capsules de caf\u00e9 pr\u00e9f\u00e9r\u00e9es \u00e0 port\u00e9e de main et organis\u00e9es, ce contenant pratique ressemble<\/p>\n","protected":false},"featured_media":473454,"template":"","meta":{"_acf_changed":false,"inline_featured_image":false},"product_cat":[12749,12748],"product_tag":[12956,21601,23225,13636,13485,23838],"acf":[],"yoast_head":"<!-- This site is optimized with the Yoast SEO Premium plugin v18.6 (Yoast SEO v19.13) - https:\/\/yoast.com\/wordpress\/plugins\/seo\/ -->\n<title>ALESSI Pliss\u00e9 Porte-capsules Blanc - Erresse Shop<\/title>\n<meta name=\"description\" content=\"Accessoire indispensable pour avoir toujours vos capsules de caf\u00e9 pr\u00e9f\u00e9r\u00e9es \u00e0 port\u00e9e de main et organis\u00e9es, ce contenant pratique ressemble \u00e0 la maquette\" \/>\n<meta name=\"robots\" content=\"index, follow, max-snippet:-1, max-image-preview:large, max-video-preview:-1\" \/>\n<link rel=\"canonical\" href=\"https:\/\/www.erresse-shop.it\/fr\/shop\/cuisine\/accessoires-fr\/alessi-girotondo-porte-baguettes-inox-copia\/\" \/>\n<meta property=\"og:locale\" content=\"fr_FR\" \/>\n<meta property=\"og:type\" content=\"article\" \/>\n<meta property=\"og:title\" content=\"ALESSI Pliss\u00e9 Porte-capsules Blanc\" \/>\n<meta property=\"og:description\" content=\"Accessoire indispensable pour avoir toujours vos capsules de caf\u00e9 pr\u00e9f\u00e9r\u00e9es \u00e0 port\u00e9e de main et organis\u00e9es, ce contenant pratique ressemble \u00e0 la maquette\" \/>\n<meta property=\"og:url\" content=\"https:\/\/www.erresse-shop.it\/fr\/shop\/cuisine\/accessoires-fr\/alessi-girotondo-porte-baguettes-inox-copia\/\" \/>\n<meta property=\"og:site_name\" content=\"Erresse Shop\" \/>\n<meta property=\"article:modified_time\" content=\"2025-02-28T10:35:27+00:00\" \/>\n<meta property=\"og:image\" content=\"https:\/\/www.erresse-shop.it\/wp-content\/uploads\/2025\/02\/ALESSI-Plisse-Portacapsule-Bianco.jpg\" \/>\n\t<meta property=\"og:image:width\" content=\"1200\" \/>\n\t<meta property=\"og:image:height\" content=\"1200\" \/>\n\t<meta property=\"og:image:type\" content=\"image\/jpeg\" \/>\n<meta name=\"twitter:card\" content=\"summary_large_image\" \/>\n<script type=\"application\/ld+json\" class=\"yoast-schema-graph\">{\"@context\":\"https:\/\/schema.org\",\"@graph\":[{\"@type\":\"WebPage\",\"@id\":\"https:\/\/www.erresse-shop.it\/fr\/shop\/cuisine\/accessoires-fr\/alessi-girotondo-porte-baguettes-inox-copia\/\",\"url\":\"https:\/\/www.erresse-shop.it\/fr\/shop\/cuisine\/accessoires-fr\/alessi-girotondo-porte-baguettes-inox-copia\/\",\"name\":\"ALESSI Pliss\u00e9 Porte-capsules Blanc - Erresse Shop\",\"isPartOf\":{\"@id\":\"https:\/\/www.erresse-shop.it\/fr\/#website\"},\"datePublished\":\"2025-02-28T10:19:35+00:00\",\"dateModified\":\"2025-02-28T10:35:27+00:00\",\"description\":\"Accessoire indispensable pour avoir toujours vos capsules de caf\u00e9 pr\u00e9f\u00e9r\u00e9es \u00e0 port\u00e9e de main et organis\u00e9es, ce contenant pratique ressemble \u00e0 la maquette\",\"breadcrumb\":{\"@id\":\"https:\/\/www.erresse-shop.it\/fr\/shop\/cuisine\/accessoires-fr\/alessi-girotondo-porte-baguettes-inox-copia\/#breadcrumb\"},\"inLanguage\":\"fr-FR\",\"potentialAction\":[{\"@type\":\"ReadAction\",\"target\":[\"https:\/\/www.erresse-shop.it\/fr\/shop\/cuisine\/accessoires-fr\/alessi-girotondo-porte-baguettes-inox-copia\/\"]}]},{\"@type\":\"BreadcrumbList\",\"@id\":\"https:\/\/www.erresse-shop.it\/fr\/shop\/cuisine\/accessoires-fr\/alessi-girotondo-porte-baguettes-inox-copia\/#breadcrumb\",\"itemListElement\":[{\"@type\":\"ListItem\",\"position\":1,\"name\":\"Home\",\"item\":\"https:\/\/www.erresse-shop.it\/fr\/\"},{\"@type\":\"ListItem\",\"position\":2,\"name\":\"Shop\",\"item\":\"https:\/\/www.erresse-shop.it\/fr\/shop\/\"},{\"@type\":\"ListItem\",\"position\":3,\"name\":\"ALESSI Pliss\u00e9 Porte-capsules Blanc\"}]},{\"@type\":\"WebSite\",\"@id\":\"https:\/\/www.erresse-shop.it\/fr\/#website\",\"url\":\"https:\/\/www.erresse-shop.it\/fr\/\",\"name\":\"Erresse Shop\",\"description\":\"Articoli di qualit\u00e0 per la casa\",\"potentialAction\":[{\"@type\":\"SearchAction\",\"target\":{\"@type\":\"EntryPoint\",\"urlTemplate\":\"https:\/\/www.erresse-shop.it\/fr\/?s={search_term_string}\"},\"query-input\":\"required name=search_term_string\"}],\"inLanguage\":\"fr-FR\"}]}<\/script>\n<!-- \/ Yoast SEO Premium plugin. -->","yoast_head_json":{"title":"ALESSI Pliss\u00e9 Porte-capsules Blanc - Erresse Shop","description":"Accessoire indispensable pour avoir toujours vos capsules de caf\u00e9 pr\u00e9f\u00e9r\u00e9es \u00e0 port\u00e9e de main et organis\u00e9es, ce contenant pratique ressemble \u00e0 la maquette","robots":{"index":"index","follow":"follow","max-snippet":"max-snippet:-1","max-image-preview":"max-image-preview:large","max-video-preview":"max-video-preview:-1"},"canonical":"https:\/\/www.erresse-shop.it\/fr\/shop\/cuisine\/accessoires-fr\/alessi-girotondo-porte-baguettes-inox-copia\/","og_locale":"fr_FR","og_type":"article","og_title":"ALESSI Pliss\u00e9 Porte-capsules Blanc","og_description":"Accessoire indispensable pour avoir toujours vos capsules de caf\u00e9 pr\u00e9f\u00e9r\u00e9es \u00e0 port\u00e9e de main et organis\u00e9es, ce contenant pratique ressemble \u00e0 la maquette","og_url":"https:\/\/www.erresse-shop.it\/fr\/shop\/cuisine\/accessoires-fr\/alessi-girotondo-porte-baguettes-inox-copia\/","og_site_name":"Erresse Shop","article_modified_time":"2025-02-28T10:35:27+00:00","og_image":[{"width":1200,"height":1200,"url":"https:\/\/www.erresse-shop.it\/wp-content\/uploads\/2025\/02\/ALESSI-Plisse-Portacapsule-Bianco.jpg","type":"image\/jpeg"}],"twitter_card":"summary_large_image","schema":{"@context":"https:\/\/schema.org","@graph":[{"@type":"WebPage","@id":"https:\/\/www.erresse-shop.it\/fr\/shop\/cuisine\/accessoires-fr\/alessi-girotondo-porte-baguettes-inox-copia\/","url":"https:\/\/www.erresse-shop.it\/fr\/shop\/cuisine\/accessoires-fr\/alessi-girotondo-porte-baguettes-inox-copia\/","name":"ALESSI Pliss\u00e9 Porte-capsules Blanc - Erresse Shop","isPartOf":{"@id":"https:\/\/www.erresse-shop.it\/fr\/#website"},"datePublished":"2025-02-28T10:19:35+00:00","dateModified":"2025-02-28T10:35:27+00:00","description":"Accessoire indispensable pour avoir toujours vos capsules de caf\u00e9 pr\u00e9f\u00e9r\u00e9es \u00e0 port\u00e9e de main et organis\u00e9es, ce contenant pratique ressemble \u00e0 la maquette","breadcrumb":{"@id":"https:\/\/www.erresse-shop.it\/fr\/shop\/cuisine\/accessoires-fr\/alessi-girotondo-porte-baguettes-inox-copia\/#breadcrumb"},"inLanguage":"fr-FR","potentialAction":[{"@type":"ReadAction","target":["https:\/\/www.erresse-shop.it\/fr\/shop\/cuisine\/accessoires-fr\/alessi-girotondo-porte-baguettes-inox-copia\/"]}]},{"@type":"BreadcrumbList","@id":"https:\/\/www.erresse-shop.it\/fr\/shop\/cuisine\/accessoires-fr\/alessi-girotondo-porte-baguettes-inox-copia\/#breadcrumb","itemListElement":[{"@type":"ListItem","position":1,"name":"Home","item":"https:\/\/www.erresse-shop.it\/fr\/"},{"@type":"ListItem","position":2,"name":"Shop","item":"https:\/\/www.erresse-shop.it\/fr\/shop\/"},{"@type":"ListItem","position":3,"name":"ALESSI Pliss\u00e9 Porte-capsules Blanc"}]},{"@type":"WebSite","@id":"https:\/\/www.erresse-shop.it\/fr\/#website","url":"https:\/\/www.erresse-shop.it\/fr\/","name":"Erresse Shop","description":"Articoli di qualit\u00e0 per la casa","potentialAction":[{"@type":"SearchAction","target":{"@type":"EntryPoint","urlTemplate":"https:\/\/www.erresse-shop.it\/fr\/?s={search_term_string}"},"query-input":"required name=search_term_string"}],"inLanguage":"fr-FR"}]}},"df_price":37.5,"df_sale_price":37.5,"df_regular_price":75,"df_image_link":"https:\/\/www.erresse-shop.it\/wp-content\/uploads\/2025\/02\/ALESSI-Plisse-Portacapsule-Bianco-300x300.jpg","_links":{"self":[{"href":"https:\/\/www.erresse-shop.it\/fr\/wp-json\/wp\/v2\/product\/473425"}],"collection":[{"href":"https:\/\/www.erresse-shop.it\/fr\/wp-json\/wp\/v2\/product"}],"about":[{"href":"https:\/\/www.erresse-shop.it\/fr\/wp-json\/wp\/v2\/types\/product"}],"wp:featuredmedia":[{"embeddable":true,"href":"https:\/\/www.erresse-shop.it\/fr\/wp-json\/wp\/v2\/media\/473454"}],"wp:attachment":[{"href":"https:\/\/www.erresse-shop.it\/fr\/wp-json\/wp\/v2\/media?parent=473425"}],"wp:term":[{"taxonomy":"product_cat","embeddable":true,"href":"https:\/\/www.erresse-shop.it\/fr\/wp-json\/wp\/v2\/product_cat?post=473425"},{"taxonomy":"product_tag","embeddable":true,"href":"https:\/\/www.erresse-shop.it\/fr\/wp-json\/wp\/v2\/product_tag?post=473425"}],"curies":[{"name":"wp","href":"https:\/\/api.w.org\/{rel}","templated":true}]}}