{"id":473391,"date":"2025-02-28T09:59:46","date_gmt":"2025-02-28T09:59:48","guid":{"rendered":"https:\/\/www.erresse-shop.it\/?post_type=product&#038;p=473391"},"modified":"2025-03-09T13:40:06","modified_gmt":"2025-03-09T13:40:06","slug":"alessi-plisse-presse-agrumes-electrique-blanc-copia-2","status":"publish","type":"product","link":"https:\/\/www.erresse-shop.it\/fr\/shop\/petits-electromenagers\/machines-cafe\/a-dosettes-et-a-capsules\/alessi-plisse-presse-agrumes-electrique-blanc-copia-2\/","title":{"rendered":"ALESSI Pliss\u00e9 Machine \u00e0 caf\u00e9 \u00e0 capsules Blanc"},"content":{"rendered":"<form class=\"product-form\" action=\"https:\/\/alessi.com\/cart\/add\" enctype=\"multipart\/form-data\" method=\"post\">\n<div class=\"formulaire-produit__header\">\n<div class=\"product-form__header-row\">Une machine \u00e0 caf\u00e9 \u00e0 capsules \u00e9largit la collection \u00e0 succ\u00e8s Pliss\u00e9 en arborant le look d\u00e9sormais iconique con\u00e7u par Michele De Lucchi. Le projet a \u00e9t\u00e9 d\u00e9velopp\u00e9 en collaboration avec L\u2019OR et s\u2019appuie sur le mod\u00e8le \u00e9tabli \u00ab Barista \u00bb, cr\u00e9\u00e9 par Versuni. Dans un \u00e9l\u00e9gant jeu de volumes pliss\u00e9s, la machine propos\u00e9e par Alessi prend forme, valorisant ses performances fonctionnelles dans un design raffin\u00e9 d&#8217;origine architecturale.<\/div>\n<\/div>\n<\/form>\n<div class=\"cr\u00e9dit charg\u00e9-promotion-taille-automatique\">\n<div class=\"container auto-size\" data-testid=\"credit-promotion-auto-size\">\n<p>Machine \u00e0 caf\u00e9 \u00e0 capsules en r\u00e9sine thermoplastique et acier inoxydable, blanc.<\/p>\n<div id=\"shopify-section-product-specifications\" class=\"shopify-section\">\n<ul class=\"product-specifications\">\n<li class=\"product-specifications__item\"><span class=\"product-specifications__title\">Hauteur (cm)\u00a0:\u00a0<\/span><span class=\"product-specifications__value\">27,60<\/span><\/li>\n<li class=\"product-specifications__item\"><span class=\"product-specifications__title\">Longueur (cm)\u00a0:\u00a0<\/span><span class=\"product-specifications__value\">15,70<\/span><\/li>\n<li class=\"product-specifications__item\"><span class=\"product-specifications__title\">Largeur (cm)\u00a0:\u00a0<\/span><span class=\"product-specifications__value\">40,20<\/span><\/li>\n<\/ul>\n<\/div>\n<\/div>\n<\/div>\n<p><span style=\"text-decoration: underline;\"><strong>Not for sale outside Europe<\/strong><\/span><\/p>\n","protected":false},"excerpt":{"rendered":"<p>Une machine \u00e0 caf\u00e9 \u00e0 capsules \u00e9largit la collection \u00e0 succ\u00e8s Pliss\u00e9 en arborant le look d\u00e9sormais iconique con\u00e7u par<\/p>\n","protected":false},"featured_media":473415,"template":"","meta":{"_acf_changed":false,"inline_featured_image":false},"product_cat":[25380,12764,12449],"product_tag":[25181,25021,23586,23226,12856],"acf":[],"yoast_head":"<!-- This site is optimized with the Yoast SEO Premium plugin v18.6 (Yoast SEO v19.13) - https:\/\/yoast.com\/wordpress\/plugins\/seo\/ -->\n<title>ALESSI Pliss\u00e9 Machine \u00e0 caf\u00e9 \u00e0 capsules Blanc - Erresse Shop<\/title>\n<meta name=\"description\" content=\"Une machine \u00e0 caf\u00e9 \u00e0 capsules \u00e9largit la collection \u00e0 succ\u00e8s Pliss\u00e9 en arborant le look d\u00e9sormais iconique con\u00e7u par Michele De Lucchi. Le projet a \u00e9t\u00e9\" \/>\n<meta name=\"robots\" content=\"index, follow, max-snippet:-1, max-image-preview:large, max-video-preview:-1\" \/>\n<link rel=\"canonical\" href=\"https:\/\/www.erresse-shop.it\/fr\/shop\/petits-electromenagers\/machines-cafe\/a-dosettes-et-a-capsules\/alessi-plisse-presse-agrumes-electrique-blanc-copia-2\/\" \/>\n<meta property=\"og:locale\" content=\"fr_FR\" \/>\n<meta property=\"og:type\" content=\"article\" \/>\n<meta property=\"og:title\" content=\"ALESSI Pliss\u00e9 Machine \u00e0 caf\u00e9 \u00e0 capsules Blanc\" \/>\n<meta property=\"og:description\" content=\"Une machine \u00e0 caf\u00e9 \u00e0 capsules \u00e9largit la collection \u00e0 succ\u00e8s Pliss\u00e9 en arborant le look d\u00e9sormais iconique con\u00e7u par Michele De Lucchi. Le projet a \u00e9t\u00e9\" \/>\n<meta property=\"og:url\" content=\"https:\/\/www.erresse-shop.it\/fr\/shop\/petits-electromenagers\/machines-cafe\/a-dosettes-et-a-capsules\/alessi-plisse-presse-agrumes-electrique-blanc-copia-2\/\" \/>\n<meta property=\"og:site_name\" content=\"Erresse Shop\" \/>\n<meta property=\"article:modified_time\" content=\"2025-03-09T13:40:06+00:00\" \/>\n<meta property=\"og:image\" content=\"https:\/\/www.erresse-shop.it\/wp-content\/uploads\/2025\/02\/ALESSI-Plisse-Macchina-per-Caffe-in-Capsule-Bianco.jpg\" \/>\n\t<meta property=\"og:image:width\" content=\"1200\" \/>\n\t<meta property=\"og:image:height\" content=\"1200\" \/>\n\t<meta property=\"og:image:type\" content=\"image\/jpeg\" \/>\n<meta name=\"twitter:card\" content=\"summary_large_image\" \/>\n<script type=\"application\/ld+json\" class=\"yoast-schema-graph\">{\"@context\":\"https:\/\/schema.org\",\"@graph\":[{\"@type\":\"WebPage\",\"@id\":\"https:\/\/www.erresse-shop.it\/fr\/shop\/petits-electromenagers\/machines-cafe\/a-dosettes-et-a-capsules\/alessi-plisse-presse-agrumes-electrique-blanc-copia-2\/\",\"url\":\"https:\/\/www.erresse-shop.it\/fr\/shop\/petits-electromenagers\/machines-cafe\/a-dosettes-et-a-capsules\/alessi-plisse-presse-agrumes-electrique-blanc-copia-2\/\",\"name\":\"ALESSI Pliss\u00e9 Machine \u00e0 caf\u00e9 \u00e0 capsules Blanc - Erresse Shop\",\"isPartOf\":{\"@id\":\"https:\/\/www.erresse-shop.it\/fr\/#website\"},\"datePublished\":\"2025-02-28T09:59:48+00:00\",\"dateModified\":\"2025-03-09T13:40:06+00:00\",\"description\":\"Une machine \u00e0 caf\u00e9 \u00e0 capsules \u00e9largit la collection \u00e0 succ\u00e8s Pliss\u00e9 en arborant le look d\u00e9sormais iconique con\u00e7u par Michele De Lucchi. Le projet a \u00e9t\u00e9\",\"breadcrumb\":{\"@id\":\"https:\/\/www.erresse-shop.it\/fr\/shop\/petits-electromenagers\/machines-cafe\/a-dosettes-et-a-capsules\/alessi-plisse-presse-agrumes-electrique-blanc-copia-2\/#breadcrumb\"},\"inLanguage\":\"fr-FR\",\"potentialAction\":[{\"@type\":\"ReadAction\",\"target\":[\"https:\/\/www.erresse-shop.it\/fr\/shop\/petits-electromenagers\/machines-cafe\/a-dosettes-et-a-capsules\/alessi-plisse-presse-agrumes-electrique-blanc-copia-2\/\"]}]},{\"@type\":\"BreadcrumbList\",\"@id\":\"https:\/\/www.erresse-shop.it\/fr\/shop\/petits-electromenagers\/machines-cafe\/a-dosettes-et-a-capsules\/alessi-plisse-presse-agrumes-electrique-blanc-copia-2\/#breadcrumb\",\"itemListElement\":[{\"@type\":\"ListItem\",\"position\":1,\"name\":\"Home\",\"item\":\"https:\/\/www.erresse-shop.it\/fr\/\"},{\"@type\":\"ListItem\",\"position\":2,\"name\":\"Shop\",\"item\":\"https:\/\/www.erresse-shop.it\/fr\/shop\/\"},{\"@type\":\"ListItem\",\"position\":3,\"name\":\"ALESSI Pliss\u00e9 Machine \u00e0 caf\u00e9 \u00e0 capsules Blanc\"}]},{\"@type\":\"WebSite\",\"@id\":\"https:\/\/www.erresse-shop.it\/fr\/#website\",\"url\":\"https:\/\/www.erresse-shop.it\/fr\/\",\"name\":\"Erresse Shop\",\"description\":\"Articoli di qualit\u00e0 per la casa\",\"potentialAction\":[{\"@type\":\"SearchAction\",\"target\":{\"@type\":\"EntryPoint\",\"urlTemplate\":\"https:\/\/www.erresse-shop.it\/fr\/?s={search_term_string}\"},\"query-input\":\"required name=search_term_string\"}],\"inLanguage\":\"fr-FR\"}]}<\/script>\n<!-- \/ Yoast SEO Premium plugin. -->","yoast_head_json":{"title":"ALESSI Pliss\u00e9 Machine \u00e0 caf\u00e9 \u00e0 capsules Blanc - Erresse Shop","description":"Une machine \u00e0 caf\u00e9 \u00e0 capsules \u00e9largit la collection \u00e0 succ\u00e8s Pliss\u00e9 en arborant le look d\u00e9sormais iconique con\u00e7u par Michele De Lucchi. Le projet a \u00e9t\u00e9","robots":{"index":"index","follow":"follow","max-snippet":"max-snippet:-1","max-image-preview":"max-image-preview:large","max-video-preview":"max-video-preview:-1"},"canonical":"https:\/\/www.erresse-shop.it\/fr\/shop\/petits-electromenagers\/machines-cafe\/a-dosettes-et-a-capsules\/alessi-plisse-presse-agrumes-electrique-blanc-copia-2\/","og_locale":"fr_FR","og_type":"article","og_title":"ALESSI Pliss\u00e9 Machine \u00e0 caf\u00e9 \u00e0 capsules Blanc","og_description":"Une machine \u00e0 caf\u00e9 \u00e0 capsules \u00e9largit la collection \u00e0 succ\u00e8s Pliss\u00e9 en arborant le look d\u00e9sormais iconique con\u00e7u par Michele De Lucchi. Le projet a \u00e9t\u00e9","og_url":"https:\/\/www.erresse-shop.it\/fr\/shop\/petits-electromenagers\/machines-cafe\/a-dosettes-et-a-capsules\/alessi-plisse-presse-agrumes-electrique-blanc-copia-2\/","og_site_name":"Erresse Shop","article_modified_time":"2025-03-09T13:40:06+00:00","og_image":[{"width":1200,"height":1200,"url":"https:\/\/www.erresse-shop.it\/wp-content\/uploads\/2025\/02\/ALESSI-Plisse-Macchina-per-Caffe-in-Capsule-Bianco.jpg","type":"image\/jpeg"}],"twitter_card":"summary_large_image","schema":{"@context":"https:\/\/schema.org","@graph":[{"@type":"WebPage","@id":"https:\/\/www.erresse-shop.it\/fr\/shop\/petits-electromenagers\/machines-cafe\/a-dosettes-et-a-capsules\/alessi-plisse-presse-agrumes-electrique-blanc-copia-2\/","url":"https:\/\/www.erresse-shop.it\/fr\/shop\/petits-electromenagers\/machines-cafe\/a-dosettes-et-a-capsules\/alessi-plisse-presse-agrumes-electrique-blanc-copia-2\/","name":"ALESSI Pliss\u00e9 Machine \u00e0 caf\u00e9 \u00e0 capsules Blanc - Erresse Shop","isPartOf":{"@id":"https:\/\/www.erresse-shop.it\/fr\/#website"},"datePublished":"2025-02-28T09:59:48+00:00","dateModified":"2025-03-09T13:40:06+00:00","description":"Une machine \u00e0 caf\u00e9 \u00e0 capsules \u00e9largit la collection \u00e0 succ\u00e8s Pliss\u00e9 en arborant le look d\u00e9sormais iconique con\u00e7u par Michele De Lucchi. Le projet a \u00e9t\u00e9","breadcrumb":{"@id":"https:\/\/www.erresse-shop.it\/fr\/shop\/petits-electromenagers\/machines-cafe\/a-dosettes-et-a-capsules\/alessi-plisse-presse-agrumes-electrique-blanc-copia-2\/#breadcrumb"},"inLanguage":"fr-FR","potentialAction":[{"@type":"ReadAction","target":["https:\/\/www.erresse-shop.it\/fr\/shop\/petits-electromenagers\/machines-cafe\/a-dosettes-et-a-capsules\/alessi-plisse-presse-agrumes-electrique-blanc-copia-2\/"]}]},{"@type":"BreadcrumbList","@id":"https:\/\/www.erresse-shop.it\/fr\/shop\/petits-electromenagers\/machines-cafe\/a-dosettes-et-a-capsules\/alessi-plisse-presse-agrumes-electrique-blanc-copia-2\/#breadcrumb","itemListElement":[{"@type":"ListItem","position":1,"name":"Home","item":"https:\/\/www.erresse-shop.it\/fr\/"},{"@type":"ListItem","position":2,"name":"Shop","item":"https:\/\/www.erresse-shop.it\/fr\/shop\/"},{"@type":"ListItem","position":3,"name":"ALESSI Pliss\u00e9 Machine \u00e0 caf\u00e9 \u00e0 capsules Blanc"}]},{"@type":"WebSite","@id":"https:\/\/www.erresse-shop.it\/fr\/#website","url":"https:\/\/www.erresse-shop.it\/fr\/","name":"Erresse Shop","description":"Articoli di qualit\u00e0 per la casa","potentialAction":[{"@type":"SearchAction","target":{"@type":"EntryPoint","urlTemplate":"https:\/\/www.erresse-shop.it\/fr\/?s={search_term_string}"},"query-input":"required name=search_term_string"}],"inLanguage":"fr-FR"}]}},"df_price":89.995,"df_sale_price":89.995,"df_regular_price":179.99,"df_image_link":"https:\/\/www.erresse-shop.it\/wp-content\/uploads\/2025\/02\/ALESSI-Plisse-Macchina-per-Caffe-in-Capsule-Bianco-300x300.jpg","_links":{"self":[{"href":"https:\/\/www.erresse-shop.it\/fr\/wp-json\/wp\/v2\/product\/473391"}],"collection":[{"href":"https:\/\/www.erresse-shop.it\/fr\/wp-json\/wp\/v2\/product"}],"about":[{"href":"https:\/\/www.erresse-shop.it\/fr\/wp-json\/wp\/v2\/types\/product"}],"wp:featuredmedia":[{"embeddable":true,"href":"https:\/\/www.erresse-shop.it\/fr\/wp-json\/wp\/v2\/media\/473415"}],"wp:attachment":[{"href":"https:\/\/www.erresse-shop.it\/fr\/wp-json\/wp\/v2\/media?parent=473391"}],"wp:term":[{"taxonomy":"product_cat","embeddable":true,"href":"https:\/\/www.erresse-shop.it\/fr\/wp-json\/wp\/v2\/product_cat?post=473391"},{"taxonomy":"product_tag","embeddable":true,"href":"https:\/\/www.erresse-shop.it\/fr\/wp-json\/wp\/v2\/product_tag?post=473391"}],"curies":[{"name":"wp","href":"https:\/\/api.w.org\/{rel}","templated":true}]}}