{"id":473309,"date":"2025-02-28T09:18:39","date_gmt":"2025-02-28T09:18:43","guid":{"rendered":"https:\/\/www.erresse-shop.it\/?post_type=product&#038;p=473309"},"modified":"2025-02-28T09:34:01","modified_gmt":"2025-02-28T09:34:01","slug":"smeg-dolce-gabbana-juicer-bleu-copia","status":"publish","type":"product","link":"https:\/\/www.erresse-shop.it\/fr\/shop\/petits-electromenagers\/presse-agrumes\/smeg-dolce-gabbana-juicer-bleu-copia\/","title":{"rendered":"ALESSI Pliss\u00e9 Presse-agrumes \u00e9lectrique Blanc"},"content":{"rendered":"<form class=\"product-form\" action=\"https:\/\/alessi.com\/cart\/add\" enctype=\"multipart\/form-data\" method=\"post\">\n<div class=\"formulaire-produit__header\">\n<div class=\"product-form__header-row\">Le presse-agrumes \u00e9lectrique design Pliss\u00e9 est bien plus qu&#8217;un simple appareil \u00e9lectrom\u00e9nager : c&#8217;est une petite architecture domestique qui ajoute une touche d&#8217;\u00e9l\u00e9gance \u00e0 votre cuisine. Son design raffin\u00e9 repr\u00e9sente un mariage heureux entre la mode et le design, transformant chaque pression en une exp\u00e9rience haute couture. Pratique \u00e0 utiliser et facile \u00e0 nettoyer, le presse-agrumes Pliss\u00e9 devient un objet indispensable pour ceux qui aiment s&#8217;entourer de beaut\u00e9 et prendre soin de chaque d\u00e9tail de leur maison. Ajoutez une touche de style et prenez soin de vous avec le presse-agrumes \u00e9lectrique design Pliss\u00e9.<\/div>\n<\/div>\n<\/form>\n<div class=\"cr\u00e9dit charg\u00e9-promotion-taille-automatique\">\n<div class=\"container auto-size\" data-testid=\"credit-promotion-auto-size\">\n<p>Presse-agrumes \u00e9lectrique en r\u00e9sine thermoplastique<\/p>\n<p><strong>Caract\u00e9ristiques\u00a0:<\/strong><\/p>\n<p>Diam\u00e8tre (cm) : 18,50<br \/>\nHauteur (cm): 28:00<\/p>\n<\/div>\n<\/div>\n<p><span style=\"text-decoration: underline;\"><strong>Not for sale outside Europe<\/strong><\/span><\/p>\n","protected":false},"excerpt":{"rendered":"<p>Le presse-agrumes \u00e9lectrique design Pliss\u00e9 est bien plus qu&#8217;un simple appareil \u00e9lectrom\u00e9nager : c&#8217;est une petite architecture domestique qui ajoute<\/p>\n","protected":false},"featured_media":473321,"template":"","meta":{"_acf_changed":false,"inline_featured_image":false},"product_cat":[12449,12769],"product_tag":[25181,25021,12856,13252],"acf":[],"yoast_head":"<!-- This site is optimized with the Yoast SEO Premium plugin v18.6 (Yoast SEO v19.13) - https:\/\/yoast.com\/wordpress\/plugins\/seo\/ -->\n<title>ALESSI Pliss\u00e9 Presse-agrumes \u00e9lectrique Blanc - Erresse Shop<\/title>\n<meta name=\"description\" content=\"Le presse-agrumes \u00e9lectrique design Pliss\u00e9 est bien plus qu&#039;un simple appareil \u00e9lectrom\u00e9nager : c&#039;est une petite architecture domestique qui ajoute une\" \/>\n<meta name=\"robots\" content=\"index, follow, max-snippet:-1, max-image-preview:large, max-video-preview:-1\" \/>\n<link rel=\"canonical\" href=\"https:\/\/www.erresse-shop.it\/fr\/shop\/petits-electromenagers\/presse-agrumes\/smeg-dolce-gabbana-juicer-bleu-copia\/\" \/>\n<meta property=\"og:locale\" content=\"fr_FR\" \/>\n<meta property=\"og:type\" content=\"article\" \/>\n<meta property=\"og:title\" content=\"ALESSI Pliss\u00e9 Presse-agrumes \u00e9lectrique Blanc\" \/>\n<meta property=\"og:description\" content=\"Le presse-agrumes \u00e9lectrique design Pliss\u00e9 est bien plus qu&#039;un simple appareil \u00e9lectrom\u00e9nager : c&#039;est une petite architecture domestique qui ajoute une\" \/>\n<meta property=\"og:url\" content=\"https:\/\/www.erresse-shop.it\/fr\/shop\/petits-electromenagers\/presse-agrumes\/smeg-dolce-gabbana-juicer-bleu-copia\/\" \/>\n<meta property=\"og:site_name\" content=\"Erresse Shop\" \/>\n<meta property=\"article:modified_time\" content=\"2025-02-28T09:34:01+00:00\" \/>\n<meta property=\"og:image\" content=\"https:\/\/www.erresse-shop.it\/wp-content\/uploads\/2025\/02\/ALESSI-Plisse-Spremiagrumi-Elettrico-Bianco.jpg\" \/>\n\t<meta property=\"og:image:width\" content=\"1200\" \/>\n\t<meta property=\"og:image:height\" content=\"1200\" \/>\n\t<meta property=\"og:image:type\" content=\"image\/jpeg\" \/>\n<meta name=\"twitter:card\" content=\"summary_large_image\" \/>\n<script type=\"application\/ld+json\" class=\"yoast-schema-graph\">{\"@context\":\"https:\/\/schema.org\",\"@graph\":[{\"@type\":\"WebPage\",\"@id\":\"https:\/\/www.erresse-shop.it\/fr\/shop\/petits-electromenagers\/presse-agrumes\/smeg-dolce-gabbana-juicer-bleu-copia\/\",\"url\":\"https:\/\/www.erresse-shop.it\/fr\/shop\/petits-electromenagers\/presse-agrumes\/smeg-dolce-gabbana-juicer-bleu-copia\/\",\"name\":\"ALESSI Pliss\u00e9 Presse-agrumes \u00e9lectrique Blanc - Erresse Shop\",\"isPartOf\":{\"@id\":\"https:\/\/www.erresse-shop.it\/fr\/#website\"},\"datePublished\":\"2025-02-28T09:18:43+00:00\",\"dateModified\":\"2025-02-28T09:34:01+00:00\",\"description\":\"Le presse-agrumes \u00e9lectrique design Pliss\u00e9 est bien plus qu'un simple appareil \u00e9lectrom\u00e9nager : c'est une petite architecture domestique qui ajoute une\",\"breadcrumb\":{\"@id\":\"https:\/\/www.erresse-shop.it\/fr\/shop\/petits-electromenagers\/presse-agrumes\/smeg-dolce-gabbana-juicer-bleu-copia\/#breadcrumb\"},\"inLanguage\":\"fr-FR\",\"potentialAction\":[{\"@type\":\"ReadAction\",\"target\":[\"https:\/\/www.erresse-shop.it\/fr\/shop\/petits-electromenagers\/presse-agrumes\/smeg-dolce-gabbana-juicer-bleu-copia\/\"]}]},{\"@type\":\"BreadcrumbList\",\"@id\":\"https:\/\/www.erresse-shop.it\/fr\/shop\/petits-electromenagers\/presse-agrumes\/smeg-dolce-gabbana-juicer-bleu-copia\/#breadcrumb\",\"itemListElement\":[{\"@type\":\"ListItem\",\"position\":1,\"name\":\"Home\",\"item\":\"https:\/\/www.erresse-shop.it\/fr\/\"},{\"@type\":\"ListItem\",\"position\":2,\"name\":\"Shop\",\"item\":\"https:\/\/www.erresse-shop.it\/fr\/shop\/\"},{\"@type\":\"ListItem\",\"position\":3,\"name\":\"ALESSI Pliss\u00e9 Presse-agrumes \u00e9lectrique Blanc\"}]},{\"@type\":\"WebSite\",\"@id\":\"https:\/\/www.erresse-shop.it\/fr\/#website\",\"url\":\"https:\/\/www.erresse-shop.it\/fr\/\",\"name\":\"Erresse Shop\",\"description\":\"Articoli di qualit\u00e0 per la casa\",\"potentialAction\":[{\"@type\":\"SearchAction\",\"target\":{\"@type\":\"EntryPoint\",\"urlTemplate\":\"https:\/\/www.erresse-shop.it\/fr\/?s={search_term_string}\"},\"query-input\":\"required name=search_term_string\"}],\"inLanguage\":\"fr-FR\"}]}<\/script>\n<!-- \/ Yoast SEO Premium plugin. -->","yoast_head_json":{"title":"ALESSI Pliss\u00e9 Presse-agrumes \u00e9lectrique Blanc - Erresse Shop","description":"Le presse-agrumes \u00e9lectrique design Pliss\u00e9 est bien plus qu'un simple appareil \u00e9lectrom\u00e9nager : c'est une petite architecture domestique qui ajoute une","robots":{"index":"index","follow":"follow","max-snippet":"max-snippet:-1","max-image-preview":"max-image-preview:large","max-video-preview":"max-video-preview:-1"},"canonical":"https:\/\/www.erresse-shop.it\/fr\/shop\/petits-electromenagers\/presse-agrumes\/smeg-dolce-gabbana-juicer-bleu-copia\/","og_locale":"fr_FR","og_type":"article","og_title":"ALESSI Pliss\u00e9 Presse-agrumes \u00e9lectrique Blanc","og_description":"Le presse-agrumes \u00e9lectrique design Pliss\u00e9 est bien plus qu'un simple appareil \u00e9lectrom\u00e9nager : c'est une petite architecture domestique qui ajoute une","og_url":"https:\/\/www.erresse-shop.it\/fr\/shop\/petits-electromenagers\/presse-agrumes\/smeg-dolce-gabbana-juicer-bleu-copia\/","og_site_name":"Erresse Shop","article_modified_time":"2025-02-28T09:34:01+00:00","og_image":[{"width":1200,"height":1200,"url":"https:\/\/www.erresse-shop.it\/wp-content\/uploads\/2025\/02\/ALESSI-Plisse-Spremiagrumi-Elettrico-Bianco.jpg","type":"image\/jpeg"}],"twitter_card":"summary_large_image","schema":{"@context":"https:\/\/schema.org","@graph":[{"@type":"WebPage","@id":"https:\/\/www.erresse-shop.it\/fr\/shop\/petits-electromenagers\/presse-agrumes\/smeg-dolce-gabbana-juicer-bleu-copia\/","url":"https:\/\/www.erresse-shop.it\/fr\/shop\/petits-electromenagers\/presse-agrumes\/smeg-dolce-gabbana-juicer-bleu-copia\/","name":"ALESSI Pliss\u00e9 Presse-agrumes \u00e9lectrique Blanc - Erresse Shop","isPartOf":{"@id":"https:\/\/www.erresse-shop.it\/fr\/#website"},"datePublished":"2025-02-28T09:18:43+00:00","dateModified":"2025-02-28T09:34:01+00:00","description":"Le presse-agrumes \u00e9lectrique design Pliss\u00e9 est bien plus qu'un simple appareil \u00e9lectrom\u00e9nager : c'est une petite architecture domestique qui ajoute une","breadcrumb":{"@id":"https:\/\/www.erresse-shop.it\/fr\/shop\/petits-electromenagers\/presse-agrumes\/smeg-dolce-gabbana-juicer-bleu-copia\/#breadcrumb"},"inLanguage":"fr-FR","potentialAction":[{"@type":"ReadAction","target":["https:\/\/www.erresse-shop.it\/fr\/shop\/petits-electromenagers\/presse-agrumes\/smeg-dolce-gabbana-juicer-bleu-copia\/"]}]},{"@type":"BreadcrumbList","@id":"https:\/\/www.erresse-shop.it\/fr\/shop\/petits-electromenagers\/presse-agrumes\/smeg-dolce-gabbana-juicer-bleu-copia\/#breadcrumb","itemListElement":[{"@type":"ListItem","position":1,"name":"Home","item":"https:\/\/www.erresse-shop.it\/fr\/"},{"@type":"ListItem","position":2,"name":"Shop","item":"https:\/\/www.erresse-shop.it\/fr\/shop\/"},{"@type":"ListItem","position":3,"name":"ALESSI Pliss\u00e9 Presse-agrumes \u00e9lectrique Blanc"}]},{"@type":"WebSite","@id":"https:\/\/www.erresse-shop.it\/fr\/#website","url":"https:\/\/www.erresse-shop.it\/fr\/","name":"Erresse Shop","description":"Articoli di qualit\u00e0 per la casa","potentialAction":[{"@type":"SearchAction","target":{"@type":"EntryPoint","urlTemplate":"https:\/\/www.erresse-shop.it\/fr\/?s={search_term_string}"},"query-input":"required name=search_term_string"}],"inLanguage":"fr-FR"}]}},"df_price":57.5,"df_sale_price":57.5,"df_regular_price":115,"df_image_link":"https:\/\/www.erresse-shop.it\/wp-content\/uploads\/2025\/02\/ALESSI-Plisse-Spremiagrumi-Elettrico-Bianco-300x300.jpg","_links":{"self":[{"href":"https:\/\/www.erresse-shop.it\/fr\/wp-json\/wp\/v2\/product\/473309"}],"collection":[{"href":"https:\/\/www.erresse-shop.it\/fr\/wp-json\/wp\/v2\/product"}],"about":[{"href":"https:\/\/www.erresse-shop.it\/fr\/wp-json\/wp\/v2\/types\/product"}],"wp:featuredmedia":[{"embeddable":true,"href":"https:\/\/www.erresse-shop.it\/fr\/wp-json\/wp\/v2\/media\/473321"}],"wp:attachment":[{"href":"https:\/\/www.erresse-shop.it\/fr\/wp-json\/wp\/v2\/media?parent=473309"}],"wp:term":[{"taxonomy":"product_cat","embeddable":true,"href":"https:\/\/www.erresse-shop.it\/fr\/wp-json\/wp\/v2\/product_cat?post=473309"},{"taxonomy":"product_tag","embeddable":true,"href":"https:\/\/www.erresse-shop.it\/fr\/wp-json\/wp\/v2\/product_tag?post=473309"}],"curies":[{"name":"wp","href":"https:\/\/api.w.org\/{rel}","templated":true}]}}