{"id":473263,"date":"2025-02-28T08:55:00","date_gmt":"2025-02-28T08:55:04","guid":{"rendered":"https:\/\/www.erresse-shop.it\/?post_type=product&#038;p=473263"},"modified":"2025-02-28T09:02:27","modified_gmt":"2025-02-28T09:02:27","slug":"alessi-plisse-machine-a-cappuccino-a-induction-noire-copia","status":"publish","type":"product","link":"https:\/\/www.erresse-shop.it\/fr\/shop\/petits-electromenagers\/mousseurs-a-lait\/alessi-plisse-machine-a-cappuccino-a-induction-noire-copia\/","title":{"rendered":"ALESSI Pliss\u00e9 Machine \u00e0 cappuccino \u00e0 induction rouge"},"content":{"rendered":"<p>Le drap\u00e9 l\u00e9ger du Pliss\u00e9 enveloppe un corps en acier scintillant : dans une juxtaposition astucieuse de diff\u00e9rentes g\u00e9om\u00e9tries et mat\u00e9riaux, prend forme la machine \u00e0 cappuccino \u00e0 induction multifonctionnelle con\u00e7ue par Michele De Lucchi. Des performances technologiques \u00e9lev\u00e9es et un design fascinant pour un nouvel appareil \u00e9lectrom\u00e9nager qui \u00e9largit la collection con\u00e7ue par l&#8217;architecte pour Alessi<\/p>\n<p>Cafeti\u00e8re \u00e0 cappuccino multifonction \u00e0 induction en r\u00e9sine thermoplastique. Pichet en acier inoxydable 18\/10.<\/p>\n<p><strong>Caract\u00e9ristiques\u00a0:<\/strong><\/p>\n<p>Capacit\u00e9 (cl): 35,00<br \/>\nHauteur (cm): 22,50<br \/>\nLongueur (cm): 17,00<br \/>\nLargeur (cm): 12.oo<\/p>\n","protected":false},"excerpt":{"rendered":"<p>Le drap\u00e9 l\u00e9ger du Pliss\u00e9 enveloppe un corps en acier scintillant : dans une juxtaposition astucieuse de diff\u00e9rentes g\u00e9om\u00e9tries et<\/p>\n","protected":false},"featured_media":473274,"template":"","meta":{"_acf_changed":false,"inline_featured_image":false},"product_cat":[20620,12449],"product_tag":[23623,20779,20780,20625],"acf":[],"yoast_head":"<!-- This site is optimized with the Yoast SEO Premium plugin v18.6 (Yoast SEO v19.13) - https:\/\/yoast.com\/wordpress\/plugins\/seo\/ -->\n<title>ALESSI Pliss\u00e9 Machine \u00e0 cappuccino \u00e0 induction rouge - Erresse Shop<\/title>\n<meta name=\"description\" content=\"Le drap\u00e9 l\u00e9ger du Pliss\u00e9 enveloppe un corps en acier scintillant : dans une juxtaposition astucieuse de diff\u00e9rentes g\u00e9om\u00e9tries et mat\u00e9riaux, prend forme\" \/>\n<meta name=\"robots\" content=\"index, follow, max-snippet:-1, max-image-preview:large, max-video-preview:-1\" \/>\n<link rel=\"canonical\" href=\"https:\/\/www.erresse-shop.it\/fr\/shop\/petits-electromenagers\/mousseurs-a-lait\/alessi-plisse-machine-a-cappuccino-a-induction-noire-copia\/\" \/>\n<meta property=\"og:locale\" content=\"fr_FR\" \/>\n<meta property=\"og:type\" content=\"article\" \/>\n<meta property=\"og:title\" content=\"ALESSI Pliss\u00e9 Machine \u00e0 cappuccino \u00e0 induction rouge\" \/>\n<meta property=\"og:description\" content=\"Le drap\u00e9 l\u00e9ger du Pliss\u00e9 enveloppe un corps en acier scintillant : dans une juxtaposition astucieuse de diff\u00e9rentes g\u00e9om\u00e9tries et mat\u00e9riaux, prend forme\" \/>\n<meta property=\"og:url\" content=\"https:\/\/www.erresse-shop.it\/fr\/shop\/petits-electromenagers\/mousseurs-a-lait\/alessi-plisse-machine-a-cappuccino-a-induction-noire-copia\/\" \/>\n<meta property=\"og:site_name\" content=\"Erresse Shop\" \/>\n<meta property=\"article:modified_time\" content=\"2025-02-28T09:02:27+00:00\" \/>\n<meta property=\"og:image\" content=\"https:\/\/www.erresse-shop.it\/wp-content\/uploads\/2025\/02\/ALESSI-Plisse-Cappuccinatore-ad-Induzione-Rosso.jpg\" \/>\n\t<meta property=\"og:image:width\" content=\"1200\" \/>\n\t<meta property=\"og:image:height\" content=\"1200\" \/>\n\t<meta property=\"og:image:type\" content=\"image\/jpeg\" \/>\n<meta name=\"twitter:card\" content=\"summary_large_image\" \/>\n<script type=\"application\/ld+json\" class=\"yoast-schema-graph\">{\"@context\":\"https:\/\/schema.org\",\"@graph\":[{\"@type\":\"WebPage\",\"@id\":\"https:\/\/www.erresse-shop.it\/fr\/shop\/petits-electromenagers\/mousseurs-a-lait\/alessi-plisse-machine-a-cappuccino-a-induction-noire-copia\/\",\"url\":\"https:\/\/www.erresse-shop.it\/fr\/shop\/petits-electromenagers\/mousseurs-a-lait\/alessi-plisse-machine-a-cappuccino-a-induction-noire-copia\/\",\"name\":\"ALESSI Pliss\u00e9 Machine \u00e0 cappuccino \u00e0 induction rouge - Erresse Shop\",\"isPartOf\":{\"@id\":\"https:\/\/www.erresse-shop.it\/fr\/#website\"},\"datePublished\":\"2025-02-28T08:55:04+00:00\",\"dateModified\":\"2025-02-28T09:02:27+00:00\",\"description\":\"Le drap\u00e9 l\u00e9ger du Pliss\u00e9 enveloppe un corps en acier scintillant : dans une juxtaposition astucieuse de diff\u00e9rentes g\u00e9om\u00e9tries et mat\u00e9riaux, prend forme\",\"breadcrumb\":{\"@id\":\"https:\/\/www.erresse-shop.it\/fr\/shop\/petits-electromenagers\/mousseurs-a-lait\/alessi-plisse-machine-a-cappuccino-a-induction-noire-copia\/#breadcrumb\"},\"inLanguage\":\"fr-FR\",\"potentialAction\":[{\"@type\":\"ReadAction\",\"target\":[\"https:\/\/www.erresse-shop.it\/fr\/shop\/petits-electromenagers\/mousseurs-a-lait\/alessi-plisse-machine-a-cappuccino-a-induction-noire-copia\/\"]}]},{\"@type\":\"BreadcrumbList\",\"@id\":\"https:\/\/www.erresse-shop.it\/fr\/shop\/petits-electromenagers\/mousseurs-a-lait\/alessi-plisse-machine-a-cappuccino-a-induction-noire-copia\/#breadcrumb\",\"itemListElement\":[{\"@type\":\"ListItem\",\"position\":1,\"name\":\"Home\",\"item\":\"https:\/\/www.erresse-shop.it\/fr\/\"},{\"@type\":\"ListItem\",\"position\":2,\"name\":\"Shop\",\"item\":\"https:\/\/www.erresse-shop.it\/fr\/shop\/\"},{\"@type\":\"ListItem\",\"position\":3,\"name\":\"ALESSI Pliss\u00e9 Machine \u00e0 cappuccino \u00e0 induction rouge\"}]},{\"@type\":\"WebSite\",\"@id\":\"https:\/\/www.erresse-shop.it\/fr\/#website\",\"url\":\"https:\/\/www.erresse-shop.it\/fr\/\",\"name\":\"Erresse Shop\",\"description\":\"Articoli di qualit\u00e0 per la casa\",\"potentialAction\":[{\"@type\":\"SearchAction\",\"target\":{\"@type\":\"EntryPoint\",\"urlTemplate\":\"https:\/\/www.erresse-shop.it\/fr\/?s={search_term_string}\"},\"query-input\":\"required name=search_term_string\"}],\"inLanguage\":\"fr-FR\"}]}<\/script>\n<!-- \/ Yoast SEO Premium plugin. -->","yoast_head_json":{"title":"ALESSI Pliss\u00e9 Machine \u00e0 cappuccino \u00e0 induction rouge - Erresse Shop","description":"Le drap\u00e9 l\u00e9ger du Pliss\u00e9 enveloppe un corps en acier scintillant : dans une juxtaposition astucieuse de diff\u00e9rentes g\u00e9om\u00e9tries et mat\u00e9riaux, prend forme","robots":{"index":"index","follow":"follow","max-snippet":"max-snippet:-1","max-image-preview":"max-image-preview:large","max-video-preview":"max-video-preview:-1"},"canonical":"https:\/\/www.erresse-shop.it\/fr\/shop\/petits-electromenagers\/mousseurs-a-lait\/alessi-plisse-machine-a-cappuccino-a-induction-noire-copia\/","og_locale":"fr_FR","og_type":"article","og_title":"ALESSI Pliss\u00e9 Machine \u00e0 cappuccino \u00e0 induction rouge","og_description":"Le drap\u00e9 l\u00e9ger du Pliss\u00e9 enveloppe un corps en acier scintillant : dans une juxtaposition astucieuse de diff\u00e9rentes g\u00e9om\u00e9tries et mat\u00e9riaux, prend forme","og_url":"https:\/\/www.erresse-shop.it\/fr\/shop\/petits-electromenagers\/mousseurs-a-lait\/alessi-plisse-machine-a-cappuccino-a-induction-noire-copia\/","og_site_name":"Erresse Shop","article_modified_time":"2025-02-28T09:02:27+00:00","og_image":[{"width":1200,"height":1200,"url":"https:\/\/www.erresse-shop.it\/wp-content\/uploads\/2025\/02\/ALESSI-Plisse-Cappuccinatore-ad-Induzione-Rosso.jpg","type":"image\/jpeg"}],"twitter_card":"summary_large_image","schema":{"@context":"https:\/\/schema.org","@graph":[{"@type":"WebPage","@id":"https:\/\/www.erresse-shop.it\/fr\/shop\/petits-electromenagers\/mousseurs-a-lait\/alessi-plisse-machine-a-cappuccino-a-induction-noire-copia\/","url":"https:\/\/www.erresse-shop.it\/fr\/shop\/petits-electromenagers\/mousseurs-a-lait\/alessi-plisse-machine-a-cappuccino-a-induction-noire-copia\/","name":"ALESSI Pliss\u00e9 Machine \u00e0 cappuccino \u00e0 induction rouge - Erresse Shop","isPartOf":{"@id":"https:\/\/www.erresse-shop.it\/fr\/#website"},"datePublished":"2025-02-28T08:55:04+00:00","dateModified":"2025-02-28T09:02:27+00:00","description":"Le drap\u00e9 l\u00e9ger du Pliss\u00e9 enveloppe un corps en acier scintillant : dans une juxtaposition astucieuse de diff\u00e9rentes g\u00e9om\u00e9tries et mat\u00e9riaux, prend forme","breadcrumb":{"@id":"https:\/\/www.erresse-shop.it\/fr\/shop\/petits-electromenagers\/mousseurs-a-lait\/alessi-plisse-machine-a-cappuccino-a-induction-noire-copia\/#breadcrumb"},"inLanguage":"fr-FR","potentialAction":[{"@type":"ReadAction","target":["https:\/\/www.erresse-shop.it\/fr\/shop\/petits-electromenagers\/mousseurs-a-lait\/alessi-plisse-machine-a-cappuccino-a-induction-noire-copia\/"]}]},{"@type":"BreadcrumbList","@id":"https:\/\/www.erresse-shop.it\/fr\/shop\/petits-electromenagers\/mousseurs-a-lait\/alessi-plisse-machine-a-cappuccino-a-induction-noire-copia\/#breadcrumb","itemListElement":[{"@type":"ListItem","position":1,"name":"Home","item":"https:\/\/www.erresse-shop.it\/fr\/"},{"@type":"ListItem","position":2,"name":"Shop","item":"https:\/\/www.erresse-shop.it\/fr\/shop\/"},{"@type":"ListItem","position":3,"name":"ALESSI Pliss\u00e9 Machine \u00e0 cappuccino \u00e0 induction rouge"}]},{"@type":"WebSite","@id":"https:\/\/www.erresse-shop.it\/fr\/#website","url":"https:\/\/www.erresse-shop.it\/fr\/","name":"Erresse Shop","description":"Articoli di qualit\u00e0 per la casa","potentialAction":[{"@type":"SearchAction","target":{"@type":"EntryPoint","urlTemplate":"https:\/\/www.erresse-shop.it\/fr\/?s={search_term_string}"},"query-input":"required name=search_term_string"}],"inLanguage":"fr-FR"}]}},"df_price":67.5,"df_sale_price":67.5,"df_regular_price":135,"df_image_link":"https:\/\/www.erresse-shop.it\/wp-content\/uploads\/2025\/02\/ALESSI-Plisse-Cappuccinatore-ad-Induzione-Rosso-300x300.jpg","_links":{"self":[{"href":"https:\/\/www.erresse-shop.it\/fr\/wp-json\/wp\/v2\/product\/473263"}],"collection":[{"href":"https:\/\/www.erresse-shop.it\/fr\/wp-json\/wp\/v2\/product"}],"about":[{"href":"https:\/\/www.erresse-shop.it\/fr\/wp-json\/wp\/v2\/types\/product"}],"wp:featuredmedia":[{"embeddable":true,"href":"https:\/\/www.erresse-shop.it\/fr\/wp-json\/wp\/v2\/media\/473274"}],"wp:attachment":[{"href":"https:\/\/www.erresse-shop.it\/fr\/wp-json\/wp\/v2\/media?parent=473263"}],"wp:term":[{"taxonomy":"product_cat","embeddable":true,"href":"https:\/\/www.erresse-shop.it\/fr\/wp-json\/wp\/v2\/product_cat?post=473263"},{"taxonomy":"product_tag","embeddable":true,"href":"https:\/\/www.erresse-shop.it\/fr\/wp-json\/wp\/v2\/product_tag?post=473263"}],"curies":[{"name":"wp","href":"https:\/\/api.w.org\/{rel}","templated":true}]}}