{"id":473200,"date":"2025-02-28T07:57:41","date_gmt":"2025-02-28T07:57:44","guid":{"rendered":"https:\/\/www.erresse-shop.it\/?post_type=product&#038;p=473200"},"modified":"2025-03-07T10:34:53","modified_gmt":"2025-03-07T10:34:53","slug":"alessi-plisse-grille-pain-long-avec-chauffe-brioche-blanc-copia","status":"publish","type":"product","link":"https:\/\/www.erresse-shop.it\/fr\/shop\/petits-electromenagers\/grille-pains\/alessi-plisse-grille-pain-long-avec-chauffe-brioche-blanc-copia\/","title":{"rendered":"ALESSI Pliss\u00e9 Grille-pain long avec chauffe-brioche Noir"},"content":{"rendered":"<p>D\u00e9couvrez le <strong>grille-pain design<\/strong> de la collection Pliss\u00e9 : une \u0153uvre d&#8217;art sophistiqu\u00e9e pour vos plans de travail de cuisine. Les plis \u00e9l\u00e9gants rappellent l&#8217;univers de la haute couture, transformant votre cuisine en d\u00e9fil\u00e9 de haute couture. Dot\u00e9 de multiples fonctions pour une utilisation facile et s\u00fbre, ce grille-pain offre 6 niveaux de brunissement, parfaits pour cr\u00e9er de d\u00e9licieux petits-d\u00e9jeuners, brunchs et ap\u00e9ritifs. Il pla\u00eet \u00e0 l&#8217;\u0153il avant m\u00eame au go\u00fbt, ajoutant une touche d&#8217;originalit\u00e9 \u00e0 votre cuisine. Achetez-le maintenant et profitez du plaisir de pr\u00e9parer des d\u00e9lices pour chaque occasion.<\/p>\n<p>Grille-pain long \u00e0 double fente en r\u00e9sine thermoplastique. Chauffe-brioche en acier inoxydable 18\/10 et r\u00e9sine thermoplastique.<\/p>\n<p><strong>Caract\u00e9ristiques\u00a0:<\/strong><\/p>\n<div id=\"shopify-section-product-specifications\" class=\"shopify-section\">\n<ul class=\"product-specifications\">\n<li class=\"product-specifications__item\"><span class=\"product-specifications__title\">Hauteur (cm)\u00a0:\u00a0<\/span><span class=\"product-specifications__value\">25,00<\/span><\/li>\n<li class=\"product-specifications__item\"><span class=\"product-specifications__title\">Longueur (cm)\u00a0:\u00a0<\/span><span class=\"product-specifications__value\">46,50<\/span><\/li>\n<li class=\"product-specifications__item\"><span class=\"product-specifications__title\">Largeur (cm)\u00a0:\u00a0<\/span><span class=\"product-specifications__value\">18,50<\/span><\/li>\n<\/ul>\n<\/div>\n<p><span style=\"text-decoration: underline;\"><strong>Not for sale outside Europe<\/strong><\/span><\/p>\n","protected":false},"excerpt":{"rendered":"<p>D\u00e9couvrez le grille-pain design de la collection Pliss\u00e9 : une \u0153uvre d&#8217;art sophistiqu\u00e9e pour vos plans de travail de cuisine.<\/p>\n","protected":false},"featured_media":473211,"template":"","meta":{"_acf_changed":false,"inline_featured_image":false},"product_cat":[12770,12449],"product_tag":[25181,25021,12856,12822],"acf":[],"yoast_head":"<!-- This site is optimized with the Yoast SEO Premium plugin v18.6 (Yoast SEO v19.13) - https:\/\/yoast.com\/wordpress\/plugins\/seo\/ -->\n<title>ALESSI Pliss\u00e9 Grille-pain long avec chauffe-brioche Noir - Erresse Shop<\/title>\n<meta name=\"description\" content=\"D\u00e9couvrez le grille-pain design de la collection Pliss\u00e9 : une \u0153uvre d&#039;art sophistiqu\u00e9e pour vos plans de travail de cuisine. Les plis \u00e9l\u00e9gants rappellent\" \/>\n<meta name=\"robots\" content=\"index, follow, max-snippet:-1, max-image-preview:large, max-video-preview:-1\" \/>\n<link rel=\"canonical\" href=\"https:\/\/www.erresse-shop.it\/fr\/shop\/petits-electromenagers\/grille-pains\/alessi-plisse-grille-pain-long-avec-chauffe-brioche-blanc-copia\/\" \/>\n<meta property=\"og:locale\" content=\"fr_FR\" \/>\n<meta property=\"og:type\" content=\"article\" \/>\n<meta property=\"og:title\" content=\"ALESSI Pliss\u00e9 Grille-pain long avec chauffe-brioche Noir\" \/>\n<meta property=\"og:description\" content=\"D\u00e9couvrez le grille-pain design de la collection Pliss\u00e9 : une \u0153uvre d&#039;art sophistiqu\u00e9e pour vos plans de travail de cuisine. Les plis \u00e9l\u00e9gants rappellent\" \/>\n<meta property=\"og:url\" content=\"https:\/\/www.erresse-shop.it\/fr\/shop\/petits-electromenagers\/grille-pains\/alessi-plisse-grille-pain-long-avec-chauffe-brioche-blanc-copia\/\" \/>\n<meta property=\"og:site_name\" content=\"Erresse Shop\" \/>\n<meta property=\"article:modified_time\" content=\"2025-03-07T10:34:53+00:00\" \/>\n<meta property=\"og:image\" content=\"https:\/\/www.erresse-shop.it\/wp-content\/uploads\/2025\/02\/ALESSI-Plisse-Tostapane-Lungo-con-Scalda-Brioche-Nero.jpg\" \/>\n\t<meta property=\"og:image:width\" content=\"1200\" \/>\n\t<meta property=\"og:image:height\" content=\"1200\" \/>\n\t<meta property=\"og:image:type\" content=\"image\/jpeg\" \/>\n<meta name=\"twitter:card\" content=\"summary_large_image\" \/>\n<script type=\"application\/ld+json\" class=\"yoast-schema-graph\">{\"@context\":\"https:\/\/schema.org\",\"@graph\":[{\"@type\":\"WebPage\",\"@id\":\"https:\/\/www.erresse-shop.it\/fr\/shop\/petits-electromenagers\/grille-pains\/alessi-plisse-grille-pain-long-avec-chauffe-brioche-blanc-copia\/\",\"url\":\"https:\/\/www.erresse-shop.it\/fr\/shop\/petits-electromenagers\/grille-pains\/alessi-plisse-grille-pain-long-avec-chauffe-brioche-blanc-copia\/\",\"name\":\"ALESSI Pliss\u00e9 Grille-pain long avec chauffe-brioche Noir - Erresse Shop\",\"isPartOf\":{\"@id\":\"https:\/\/www.erresse-shop.it\/fr\/#website\"},\"datePublished\":\"2025-02-28T07:57:44+00:00\",\"dateModified\":\"2025-03-07T10:34:53+00:00\",\"description\":\"D\u00e9couvrez le grille-pain design de la collection Pliss\u00e9 : une \u0153uvre d'art sophistiqu\u00e9e pour vos plans de travail de cuisine. Les plis \u00e9l\u00e9gants rappellent\",\"breadcrumb\":{\"@id\":\"https:\/\/www.erresse-shop.it\/fr\/shop\/petits-electromenagers\/grille-pains\/alessi-plisse-grille-pain-long-avec-chauffe-brioche-blanc-copia\/#breadcrumb\"},\"inLanguage\":\"fr-FR\",\"potentialAction\":[{\"@type\":\"ReadAction\",\"target\":[\"https:\/\/www.erresse-shop.it\/fr\/shop\/petits-electromenagers\/grille-pains\/alessi-plisse-grille-pain-long-avec-chauffe-brioche-blanc-copia\/\"]}]},{\"@type\":\"BreadcrumbList\",\"@id\":\"https:\/\/www.erresse-shop.it\/fr\/shop\/petits-electromenagers\/grille-pains\/alessi-plisse-grille-pain-long-avec-chauffe-brioche-blanc-copia\/#breadcrumb\",\"itemListElement\":[{\"@type\":\"ListItem\",\"position\":1,\"name\":\"Home\",\"item\":\"https:\/\/www.erresse-shop.it\/fr\/\"},{\"@type\":\"ListItem\",\"position\":2,\"name\":\"Shop\",\"item\":\"https:\/\/www.erresse-shop.it\/fr\/shop\/\"},{\"@type\":\"ListItem\",\"position\":3,\"name\":\"ALESSI Pliss\u00e9 Grille-pain long avec chauffe-brioche Noir\"}]},{\"@type\":\"WebSite\",\"@id\":\"https:\/\/www.erresse-shop.it\/fr\/#website\",\"url\":\"https:\/\/www.erresse-shop.it\/fr\/\",\"name\":\"Erresse Shop\",\"description\":\"Articoli di qualit\u00e0 per la casa\",\"potentialAction\":[{\"@type\":\"SearchAction\",\"target\":{\"@type\":\"EntryPoint\",\"urlTemplate\":\"https:\/\/www.erresse-shop.it\/fr\/?s={search_term_string}\"},\"query-input\":\"required name=search_term_string\"}],\"inLanguage\":\"fr-FR\"}]}<\/script>\n<!-- \/ Yoast SEO Premium plugin. -->","yoast_head_json":{"title":"ALESSI Pliss\u00e9 Grille-pain long avec chauffe-brioche Noir - Erresse Shop","description":"D\u00e9couvrez le grille-pain design de la collection Pliss\u00e9 : une \u0153uvre d'art sophistiqu\u00e9e pour vos plans de travail de cuisine. Les plis \u00e9l\u00e9gants rappellent","robots":{"index":"index","follow":"follow","max-snippet":"max-snippet:-1","max-image-preview":"max-image-preview:large","max-video-preview":"max-video-preview:-1"},"canonical":"https:\/\/www.erresse-shop.it\/fr\/shop\/petits-electromenagers\/grille-pains\/alessi-plisse-grille-pain-long-avec-chauffe-brioche-blanc-copia\/","og_locale":"fr_FR","og_type":"article","og_title":"ALESSI Pliss\u00e9 Grille-pain long avec chauffe-brioche Noir","og_description":"D\u00e9couvrez le grille-pain design de la collection Pliss\u00e9 : une \u0153uvre d'art sophistiqu\u00e9e pour vos plans de travail de cuisine. Les plis \u00e9l\u00e9gants rappellent","og_url":"https:\/\/www.erresse-shop.it\/fr\/shop\/petits-electromenagers\/grille-pains\/alessi-plisse-grille-pain-long-avec-chauffe-brioche-blanc-copia\/","og_site_name":"Erresse Shop","article_modified_time":"2025-03-07T10:34:53+00:00","og_image":[{"width":1200,"height":1200,"url":"https:\/\/www.erresse-shop.it\/wp-content\/uploads\/2025\/02\/ALESSI-Plisse-Tostapane-Lungo-con-Scalda-Brioche-Nero.jpg","type":"image\/jpeg"}],"twitter_card":"summary_large_image","schema":{"@context":"https:\/\/schema.org","@graph":[{"@type":"WebPage","@id":"https:\/\/www.erresse-shop.it\/fr\/shop\/petits-electromenagers\/grille-pains\/alessi-plisse-grille-pain-long-avec-chauffe-brioche-blanc-copia\/","url":"https:\/\/www.erresse-shop.it\/fr\/shop\/petits-electromenagers\/grille-pains\/alessi-plisse-grille-pain-long-avec-chauffe-brioche-blanc-copia\/","name":"ALESSI Pliss\u00e9 Grille-pain long avec chauffe-brioche Noir - Erresse Shop","isPartOf":{"@id":"https:\/\/www.erresse-shop.it\/fr\/#website"},"datePublished":"2025-02-28T07:57:44+00:00","dateModified":"2025-03-07T10:34:53+00:00","description":"D\u00e9couvrez le grille-pain design de la collection Pliss\u00e9 : une \u0153uvre d'art sophistiqu\u00e9e pour vos plans de travail de cuisine. Les plis \u00e9l\u00e9gants rappellent","breadcrumb":{"@id":"https:\/\/www.erresse-shop.it\/fr\/shop\/petits-electromenagers\/grille-pains\/alessi-plisse-grille-pain-long-avec-chauffe-brioche-blanc-copia\/#breadcrumb"},"inLanguage":"fr-FR","potentialAction":[{"@type":"ReadAction","target":["https:\/\/www.erresse-shop.it\/fr\/shop\/petits-electromenagers\/grille-pains\/alessi-plisse-grille-pain-long-avec-chauffe-brioche-blanc-copia\/"]}]},{"@type":"BreadcrumbList","@id":"https:\/\/www.erresse-shop.it\/fr\/shop\/petits-electromenagers\/grille-pains\/alessi-plisse-grille-pain-long-avec-chauffe-brioche-blanc-copia\/#breadcrumb","itemListElement":[{"@type":"ListItem","position":1,"name":"Home","item":"https:\/\/www.erresse-shop.it\/fr\/"},{"@type":"ListItem","position":2,"name":"Shop","item":"https:\/\/www.erresse-shop.it\/fr\/shop\/"},{"@type":"ListItem","position":3,"name":"ALESSI Pliss\u00e9 Grille-pain long avec chauffe-brioche Noir"}]},{"@type":"WebSite","@id":"https:\/\/www.erresse-shop.it\/fr\/#website","url":"https:\/\/www.erresse-shop.it\/fr\/","name":"Erresse Shop","description":"Articoli di qualit\u00e0 per la casa","potentialAction":[{"@type":"SearchAction","target":{"@type":"EntryPoint","urlTemplate":"https:\/\/www.erresse-shop.it\/fr\/?s={search_term_string}"},"query-input":"required name=search_term_string"}],"inLanguage":"fr-FR"}]}},"df_price":70,"df_sale_price":70,"df_regular_price":140,"df_image_link":"https:\/\/www.erresse-shop.it\/wp-content\/uploads\/2025\/02\/ALESSI-Plisse-Tostapane-Lungo-con-Scalda-Brioche-Nero-300x300.jpg","_links":{"self":[{"href":"https:\/\/www.erresse-shop.it\/fr\/wp-json\/wp\/v2\/product\/473200"}],"collection":[{"href":"https:\/\/www.erresse-shop.it\/fr\/wp-json\/wp\/v2\/product"}],"about":[{"href":"https:\/\/www.erresse-shop.it\/fr\/wp-json\/wp\/v2\/types\/product"}],"wp:featuredmedia":[{"embeddable":true,"href":"https:\/\/www.erresse-shop.it\/fr\/wp-json\/wp\/v2\/media\/473211"}],"wp:attachment":[{"href":"https:\/\/www.erresse-shop.it\/fr\/wp-json\/wp\/v2\/media?parent=473200"}],"wp:term":[{"taxonomy":"product_cat","embeddable":true,"href":"https:\/\/www.erresse-shop.it\/fr\/wp-json\/wp\/v2\/product_cat?post=473200"},{"taxonomy":"product_tag","embeddable":true,"href":"https:\/\/www.erresse-shop.it\/fr\/wp-json\/wp\/v2\/product_tag?post=473200"}],"curies":[{"name":"wp","href":"https:\/\/api.w.org\/{rel}","templated":true}]}}