{"id":472994,"date":"2025-02-27T14:49:35","date_gmt":"2025-02-27T14:49:38","guid":{"rendered":"https:\/\/www.erresse-shop.it\/?post_type=product&#038;p=472994"},"modified":"2025-02-27T15:00:47","modified_gmt":"2025-02-27T15:00:47","slug":"alessi-plisse-balance-de-cuisine-numerique-copia","status":"publish","type":"product","link":"https:\/\/www.erresse-shop.it\/fr\/shop\/petits-electromenagers\/balances\/alessi-plisse-balance-de-cuisine-numerique-copia\/","title":{"rendered":"ALESSI Pliss\u00e9 Balance de cuisine num\u00e9rique Noir"},"content":{"rendered":"<p>De Michele De Lucchi vient un nouveau membre de la famille Pliss\u00e9 : la balance de cuisine num\u00e9rique. Les lignes pr\u00e9cises et \u00e9l\u00e9gantes de la d\u00e9coration embellissent un objet aux hautes performances fonctionnelles. Un syst\u00e8me innovant permet d&#8217;accrocher la balance au mur, la transformant ainsi en \u00e9l\u00e9ment d\u00e9coratif. Un nouveau geste pour un objet qui devient le protagoniste du paysage domestique.<\/p>\n<p>Balance de cuisine num\u00e9rique en r\u00e9sine thermoplastique et verre tremp\u00e9. A suspendre avec support mural. Batterie rechargeable.<\/p>\n<p><strong>Caract\u00e9ristiques\u00a0:<\/strong><\/p>\n<div id=\"shopify-section-product-specifications\" class=\"shopify-section\">\n<ul class=\"product-specifications\">\n<li class=\"product-specifications__item\"><span class=\"product-specifications__title\">Diam\u00e8tre (cm)\u00a0:\u00a0<\/span><span class=\"product-specifications__value\">27,50<\/span><\/li>\n<li class=\"product-specifications__item\"><span class=\"product-specifications__title\">Hauteur (cm)\u00a0:\u00a0<\/span><span class=\"product-specifications__value\">2,80<\/span><\/li>\n<\/ul>\n<div class=\"product-specifications__bottom\"><\/div>\n<\/div>\n<h2 class=\"template-product__accordion-subtitle sous-titre-1\"><\/h2>\n","protected":false},"excerpt":{"rendered":"<p>De Michele De Lucchi vient un nouveau membre de la famille Pliss\u00e9 : la balance de cuisine num\u00e9rique. Les lignes<\/p>\n","protected":false},"featured_media":473001,"template":"","meta":{"_acf_changed":false,"inline_featured_image":false},"product_cat":[25977,12449],"product_tag":[13726],"acf":[],"yoast_head":"<!-- This site is optimized with the Yoast SEO Premium plugin v18.6 (Yoast SEO v19.13) - https:\/\/yoast.com\/wordpress\/plugins\/seo\/ -->\n<title>ALESSI Pliss\u00e9 Balance de cuisine num\u00e9rique Noir - Erresse Shop<\/title>\n<meta name=\"description\" content=\"De Michele De Lucchi vient un nouveau membre de la famille Pliss\u00e9 : la balance de cuisine num\u00e9rique. Les lignes pr\u00e9cises et \u00e9l\u00e9gantes de la d\u00e9coration\" \/>\n<meta name=\"robots\" content=\"index, follow, max-snippet:-1, max-image-preview:large, max-video-preview:-1\" \/>\n<link rel=\"canonical\" href=\"https:\/\/www.erresse-shop.it\/fr\/shop\/petits-electromenagers\/balances\/alessi-plisse-balance-de-cuisine-numerique-copia\/\" \/>\n<meta property=\"og:locale\" content=\"fr_FR\" \/>\n<meta property=\"og:type\" content=\"article\" \/>\n<meta property=\"og:title\" content=\"ALESSI Pliss\u00e9 Balance de cuisine num\u00e9rique Noir\" \/>\n<meta property=\"og:description\" content=\"De Michele De Lucchi vient un nouveau membre de la famille Pliss\u00e9 : la balance de cuisine num\u00e9rique. Les lignes pr\u00e9cises et \u00e9l\u00e9gantes de la d\u00e9coration\" \/>\n<meta property=\"og:url\" content=\"https:\/\/www.erresse-shop.it\/fr\/shop\/petits-electromenagers\/balances\/alessi-plisse-balance-de-cuisine-numerique-copia\/\" \/>\n<meta property=\"og:site_name\" content=\"Erresse Shop\" \/>\n<meta property=\"article:modified_time\" content=\"2025-02-27T15:00:47+00:00\" \/>\n<meta property=\"og:image\" content=\"https:\/\/www.erresse-shop.it\/wp-content\/uploads\/2025\/02\/ALESSI-Plisse-Bilancia-da-Cucina-Digitale-Nero.jpg\" \/>\n\t<meta property=\"og:image:width\" content=\"1200\" \/>\n\t<meta property=\"og:image:height\" content=\"1200\" \/>\n\t<meta property=\"og:image:type\" content=\"image\/jpeg\" \/>\n<meta name=\"twitter:card\" content=\"summary_large_image\" \/>\n<script type=\"application\/ld+json\" class=\"yoast-schema-graph\">{\"@context\":\"https:\/\/schema.org\",\"@graph\":[{\"@type\":\"WebPage\",\"@id\":\"https:\/\/www.erresse-shop.it\/fr\/shop\/petits-electromenagers\/balances\/alessi-plisse-balance-de-cuisine-numerique-copia\/\",\"url\":\"https:\/\/www.erresse-shop.it\/fr\/shop\/petits-electromenagers\/balances\/alessi-plisse-balance-de-cuisine-numerique-copia\/\",\"name\":\"ALESSI Pliss\u00e9 Balance de cuisine num\u00e9rique Noir - Erresse Shop\",\"isPartOf\":{\"@id\":\"https:\/\/www.erresse-shop.it\/fr\/#website\"},\"datePublished\":\"2025-02-27T14:49:38+00:00\",\"dateModified\":\"2025-02-27T15:00:47+00:00\",\"description\":\"De Michele De Lucchi vient un nouveau membre de la famille Pliss\u00e9 : la balance de cuisine num\u00e9rique. Les lignes pr\u00e9cises et \u00e9l\u00e9gantes de la d\u00e9coration\",\"breadcrumb\":{\"@id\":\"https:\/\/www.erresse-shop.it\/fr\/shop\/petits-electromenagers\/balances\/alessi-plisse-balance-de-cuisine-numerique-copia\/#breadcrumb\"},\"inLanguage\":\"fr-FR\",\"potentialAction\":[{\"@type\":\"ReadAction\",\"target\":[\"https:\/\/www.erresse-shop.it\/fr\/shop\/petits-electromenagers\/balances\/alessi-plisse-balance-de-cuisine-numerique-copia\/\"]}]},{\"@type\":\"BreadcrumbList\",\"@id\":\"https:\/\/www.erresse-shop.it\/fr\/shop\/petits-electromenagers\/balances\/alessi-plisse-balance-de-cuisine-numerique-copia\/#breadcrumb\",\"itemListElement\":[{\"@type\":\"ListItem\",\"position\":1,\"name\":\"Home\",\"item\":\"https:\/\/www.erresse-shop.it\/fr\/\"},{\"@type\":\"ListItem\",\"position\":2,\"name\":\"Shop\",\"item\":\"https:\/\/www.erresse-shop.it\/fr\/shop\/\"},{\"@type\":\"ListItem\",\"position\":3,\"name\":\"ALESSI Pliss\u00e9 Balance de cuisine num\u00e9rique Noir\"}]},{\"@type\":\"WebSite\",\"@id\":\"https:\/\/www.erresse-shop.it\/fr\/#website\",\"url\":\"https:\/\/www.erresse-shop.it\/fr\/\",\"name\":\"Erresse Shop\",\"description\":\"Articoli di qualit\u00e0 per la casa\",\"potentialAction\":[{\"@type\":\"SearchAction\",\"target\":{\"@type\":\"EntryPoint\",\"urlTemplate\":\"https:\/\/www.erresse-shop.it\/fr\/?s={search_term_string}\"},\"query-input\":\"required name=search_term_string\"}],\"inLanguage\":\"fr-FR\"}]}<\/script>\n<!-- \/ Yoast SEO Premium plugin. -->","yoast_head_json":{"title":"ALESSI Pliss\u00e9 Balance de cuisine num\u00e9rique Noir - Erresse Shop","description":"De Michele De Lucchi vient un nouveau membre de la famille Pliss\u00e9 : la balance de cuisine num\u00e9rique. Les lignes pr\u00e9cises et \u00e9l\u00e9gantes de la d\u00e9coration","robots":{"index":"index","follow":"follow","max-snippet":"max-snippet:-1","max-image-preview":"max-image-preview:large","max-video-preview":"max-video-preview:-1"},"canonical":"https:\/\/www.erresse-shop.it\/fr\/shop\/petits-electromenagers\/balances\/alessi-plisse-balance-de-cuisine-numerique-copia\/","og_locale":"fr_FR","og_type":"article","og_title":"ALESSI Pliss\u00e9 Balance de cuisine num\u00e9rique Noir","og_description":"De Michele De Lucchi vient un nouveau membre de la famille Pliss\u00e9 : la balance de cuisine num\u00e9rique. Les lignes pr\u00e9cises et \u00e9l\u00e9gantes de la d\u00e9coration","og_url":"https:\/\/www.erresse-shop.it\/fr\/shop\/petits-electromenagers\/balances\/alessi-plisse-balance-de-cuisine-numerique-copia\/","og_site_name":"Erresse Shop","article_modified_time":"2025-02-27T15:00:47+00:00","og_image":[{"width":1200,"height":1200,"url":"https:\/\/www.erresse-shop.it\/wp-content\/uploads\/2025\/02\/ALESSI-Plisse-Bilancia-da-Cucina-Digitale-Nero.jpg","type":"image\/jpeg"}],"twitter_card":"summary_large_image","schema":{"@context":"https:\/\/schema.org","@graph":[{"@type":"WebPage","@id":"https:\/\/www.erresse-shop.it\/fr\/shop\/petits-electromenagers\/balances\/alessi-plisse-balance-de-cuisine-numerique-copia\/","url":"https:\/\/www.erresse-shop.it\/fr\/shop\/petits-electromenagers\/balances\/alessi-plisse-balance-de-cuisine-numerique-copia\/","name":"ALESSI Pliss\u00e9 Balance de cuisine num\u00e9rique Noir - Erresse Shop","isPartOf":{"@id":"https:\/\/www.erresse-shop.it\/fr\/#website"},"datePublished":"2025-02-27T14:49:38+00:00","dateModified":"2025-02-27T15:00:47+00:00","description":"De Michele De Lucchi vient un nouveau membre de la famille Pliss\u00e9 : la balance de cuisine num\u00e9rique. Les lignes pr\u00e9cises et \u00e9l\u00e9gantes de la d\u00e9coration","breadcrumb":{"@id":"https:\/\/www.erresse-shop.it\/fr\/shop\/petits-electromenagers\/balances\/alessi-plisse-balance-de-cuisine-numerique-copia\/#breadcrumb"},"inLanguage":"fr-FR","potentialAction":[{"@type":"ReadAction","target":["https:\/\/www.erresse-shop.it\/fr\/shop\/petits-electromenagers\/balances\/alessi-plisse-balance-de-cuisine-numerique-copia\/"]}]},{"@type":"BreadcrumbList","@id":"https:\/\/www.erresse-shop.it\/fr\/shop\/petits-electromenagers\/balances\/alessi-plisse-balance-de-cuisine-numerique-copia\/#breadcrumb","itemListElement":[{"@type":"ListItem","position":1,"name":"Home","item":"https:\/\/www.erresse-shop.it\/fr\/"},{"@type":"ListItem","position":2,"name":"Shop","item":"https:\/\/www.erresse-shop.it\/fr\/shop\/"},{"@type":"ListItem","position":3,"name":"ALESSI Pliss\u00e9 Balance de cuisine num\u00e9rique Noir"}]},{"@type":"WebSite","@id":"https:\/\/www.erresse-shop.it\/fr\/#website","url":"https:\/\/www.erresse-shop.it\/fr\/","name":"Erresse Shop","description":"Articoli di qualit\u00e0 per la casa","potentialAction":[{"@type":"SearchAction","target":{"@type":"EntryPoint","urlTemplate":"https:\/\/www.erresse-shop.it\/fr\/?s={search_term_string}"},"query-input":"required name=search_term_string"}],"inLanguage":"fr-FR"}]}},"df_price":35,"df_sale_price":35,"df_regular_price":70,"df_image_link":"https:\/\/www.erresse-shop.it\/wp-content\/uploads\/2025\/02\/ALESSI-Plisse-Bilancia-da-Cucina-Digitale-Nero-300x300.jpg","_links":{"self":[{"href":"https:\/\/www.erresse-shop.it\/fr\/wp-json\/wp\/v2\/product\/472994"}],"collection":[{"href":"https:\/\/www.erresse-shop.it\/fr\/wp-json\/wp\/v2\/product"}],"about":[{"href":"https:\/\/www.erresse-shop.it\/fr\/wp-json\/wp\/v2\/types\/product"}],"wp:featuredmedia":[{"embeddable":true,"href":"https:\/\/www.erresse-shop.it\/fr\/wp-json\/wp\/v2\/media\/473001"}],"wp:attachment":[{"href":"https:\/\/www.erresse-shop.it\/fr\/wp-json\/wp\/v2\/media?parent=472994"}],"wp:term":[{"taxonomy":"product_cat","embeddable":true,"href":"https:\/\/www.erresse-shop.it\/fr\/wp-json\/wp\/v2\/product_cat?post=472994"},{"taxonomy":"product_tag","embeddable":true,"href":"https:\/\/www.erresse-shop.it\/fr\/wp-json\/wp\/v2\/product_tag?post=472994"}],"curies":[{"name":"wp","href":"https:\/\/api.w.org\/{rel}","templated":true}]}}