{"id":472893,"date":"2025-02-27T13:25:45","date_gmt":"2025-02-27T13:25:48","guid":{"rendered":"https:\/\/www.erresse-shop.it\/?post_type=product&#038;p=472893"},"modified":"2025-02-27T13:41:24","modified_gmt":"2025-02-27T13:41:24","slug":"alessi-potspans-set-7-mrc-copia","status":"publish","type":"product","link":"https:\/\/www.erresse-shop.it\/fr\/shop\/poeles-pots\/batteries-de-cuisine\/alessi-potspans-set-7-mrc-copia\/","title":{"rendered":"ALESSI Convivio Batterie de cuisine 7 pi\u00e8ces"},"content":{"rendered":"<p>Convivio est n\u00e9 d&#8217;un dialogue entre le laur\u00e9at du prix Pritzker David Chipperfield et le chef \u00e9toil\u00e9 Pietro Leemann, dont les diff\u00e9rentes comp\u00e9tences se sont r\u00e9unies pour cr\u00e9er cette collection. Le nom Convivio se veut un hommage \u00e0 la cuisine comme acte \u00e0 la fois esth\u00e9tique et convivial, capable de construire des communaut\u00e9s en rassemblant les gens autour de la pr\u00e9paration et du plaisir de la nourriture. L\u2019approche conceptuelle du designer se r\u00e9v\u00e8le dans la centralit\u00e9 de la mati\u00e8re, exalt\u00e9e dans sa simplicit\u00e9 et sa puret\u00e9 dans une juxtaposition raffin\u00e9e de consistances et de surfaces.<\/p>\n<p><strong>L&#8217;ensemble de casseroles se compose de\u00a0:<\/strong><\/p>\n<ul>\n<li>Pot de 20 cm,<\/li>\n<li>Casserole \u00e0 deux anses de 20 cm,<\/li>\n<li>Casserole basse \u00e0 deux anses 24 cm,<\/li>\n<li>Casserole \u00e0 long manche 16 cm<\/li>\n<li>Couvercles : cm 16, 20, 24<\/li>\n<\/ul>\n<p>Mat\u00e9riau Acier inoxydable<br \/>\n<strong>Convient aux cuisini\u00e8res \u00e0 gaz et \u00e0 induction<\/strong><\/p>\n","protected":false},"excerpt":{"rendered":"<p>Convivio est n\u00e9 d&#8217;un dialogue entre le laur\u00e9at du prix Pritzker David Chipperfield et le chef \u00e9toil\u00e9 Pietro Leemann, dont<\/p>\n","protected":false},"featured_media":472906,"template":"","meta":{"_acf_changed":false,"inline_featured_image":false},"product_cat":[12458,14780],"product_tag":[13307,21529,12465,23467,12468,12469,13685],"acf":[],"yoast_head":"<!-- This site is optimized with the Yoast SEO Premium plugin v18.6 (Yoast SEO v19.13) - https:\/\/yoast.com\/wordpress\/plugins\/seo\/ -->\n<title>ALESSI Convivio Batterie de cuisine 7 pi\u00e8ces - Erresse Shop<\/title>\n<meta name=\"description\" content=\"Convivio est n\u00e9 d&#039;un dialogue entre le laur\u00e9at du prix Pritzker David Chipperfield et le chef \u00e9toil\u00e9 Pietro Leemann, dont les diff\u00e9rentes comp\u00e9tences se\" \/>\n<meta name=\"robots\" content=\"index, follow, max-snippet:-1, max-image-preview:large, max-video-preview:-1\" \/>\n<link rel=\"canonical\" href=\"https:\/\/www.erresse-shop.it\/fr\/shop\/poeles-pots\/batteries-de-cuisine\/alessi-potspans-set-7-mrc-copia\/\" \/>\n<meta property=\"og:locale\" content=\"fr_FR\" \/>\n<meta property=\"og:type\" content=\"article\" \/>\n<meta property=\"og:title\" content=\"ALESSI Convivio Batterie de cuisine 7 pi\u00e8ces\" \/>\n<meta property=\"og:description\" content=\"Convivio est n\u00e9 d&#039;un dialogue entre le laur\u00e9at du prix Pritzker David Chipperfield et le chef \u00e9toil\u00e9 Pietro Leemann, dont les diff\u00e9rentes comp\u00e9tences se\" \/>\n<meta property=\"og:url\" content=\"https:\/\/www.erresse-shop.it\/fr\/shop\/poeles-pots\/batteries-de-cuisine\/alessi-potspans-set-7-mrc-copia\/\" \/>\n<meta property=\"og:site_name\" content=\"Erresse Shop\" \/>\n<meta property=\"article:modified_time\" content=\"2025-02-27T13:41:24+00:00\" \/>\n<meta property=\"og:image\" content=\"https:\/\/www.erresse-shop.it\/wp-content\/uploads\/2025\/02\/ALESSI-Convivio-Pentole-Set-7-pz.jpg\" \/>\n\t<meta property=\"og:image:width\" content=\"1200\" \/>\n\t<meta property=\"og:image:height\" content=\"1200\" \/>\n\t<meta property=\"og:image:type\" content=\"image\/jpeg\" \/>\n<meta name=\"twitter:card\" content=\"summary_large_image\" \/>\n<script type=\"application\/ld+json\" class=\"yoast-schema-graph\">{\"@context\":\"https:\/\/schema.org\",\"@graph\":[{\"@type\":\"WebPage\",\"@id\":\"https:\/\/www.erresse-shop.it\/fr\/shop\/poeles-pots\/batteries-de-cuisine\/alessi-potspans-set-7-mrc-copia\/\",\"url\":\"https:\/\/www.erresse-shop.it\/fr\/shop\/poeles-pots\/batteries-de-cuisine\/alessi-potspans-set-7-mrc-copia\/\",\"name\":\"ALESSI Convivio Batterie de cuisine 7 pi\u00e8ces - Erresse Shop\",\"isPartOf\":{\"@id\":\"https:\/\/www.erresse-shop.it\/fr\/#website\"},\"datePublished\":\"2025-02-27T13:25:48+00:00\",\"dateModified\":\"2025-02-27T13:41:24+00:00\",\"description\":\"Convivio est n\u00e9 d'un dialogue entre le laur\u00e9at du prix Pritzker David Chipperfield et le chef \u00e9toil\u00e9 Pietro Leemann, dont les diff\u00e9rentes comp\u00e9tences se\",\"breadcrumb\":{\"@id\":\"https:\/\/www.erresse-shop.it\/fr\/shop\/poeles-pots\/batteries-de-cuisine\/alessi-potspans-set-7-mrc-copia\/#breadcrumb\"},\"inLanguage\":\"fr-FR\",\"potentialAction\":[{\"@type\":\"ReadAction\",\"target\":[\"https:\/\/www.erresse-shop.it\/fr\/shop\/poeles-pots\/batteries-de-cuisine\/alessi-potspans-set-7-mrc-copia\/\"]}]},{\"@type\":\"BreadcrumbList\",\"@id\":\"https:\/\/www.erresse-shop.it\/fr\/shop\/poeles-pots\/batteries-de-cuisine\/alessi-potspans-set-7-mrc-copia\/#breadcrumb\",\"itemListElement\":[{\"@type\":\"ListItem\",\"position\":1,\"name\":\"Home\",\"item\":\"https:\/\/www.erresse-shop.it\/fr\/\"},{\"@type\":\"ListItem\",\"position\":2,\"name\":\"Shop\",\"item\":\"https:\/\/www.erresse-shop.it\/fr\/shop\/\"},{\"@type\":\"ListItem\",\"position\":3,\"name\":\"ALESSI Convivio Batterie de cuisine 7 pi\u00e8ces\"}]},{\"@type\":\"WebSite\",\"@id\":\"https:\/\/www.erresse-shop.it\/fr\/#website\",\"url\":\"https:\/\/www.erresse-shop.it\/fr\/\",\"name\":\"Erresse Shop\",\"description\":\"Articoli di qualit\u00e0 per la casa\",\"potentialAction\":[{\"@type\":\"SearchAction\",\"target\":{\"@type\":\"EntryPoint\",\"urlTemplate\":\"https:\/\/www.erresse-shop.it\/fr\/?s={search_term_string}\"},\"query-input\":\"required name=search_term_string\"}],\"inLanguage\":\"fr-FR\"}]}<\/script>\n<!-- \/ Yoast SEO Premium plugin. -->","yoast_head_json":{"title":"ALESSI Convivio Batterie de cuisine 7 pi\u00e8ces - Erresse Shop","description":"Convivio est n\u00e9 d'un dialogue entre le laur\u00e9at du prix Pritzker David Chipperfield et le chef \u00e9toil\u00e9 Pietro Leemann, dont les diff\u00e9rentes comp\u00e9tences se","robots":{"index":"index","follow":"follow","max-snippet":"max-snippet:-1","max-image-preview":"max-image-preview:large","max-video-preview":"max-video-preview:-1"},"canonical":"https:\/\/www.erresse-shop.it\/fr\/shop\/poeles-pots\/batteries-de-cuisine\/alessi-potspans-set-7-mrc-copia\/","og_locale":"fr_FR","og_type":"article","og_title":"ALESSI Convivio Batterie de cuisine 7 pi\u00e8ces","og_description":"Convivio est n\u00e9 d'un dialogue entre le laur\u00e9at du prix Pritzker David Chipperfield et le chef \u00e9toil\u00e9 Pietro Leemann, dont les diff\u00e9rentes comp\u00e9tences se","og_url":"https:\/\/www.erresse-shop.it\/fr\/shop\/poeles-pots\/batteries-de-cuisine\/alessi-potspans-set-7-mrc-copia\/","og_site_name":"Erresse Shop","article_modified_time":"2025-02-27T13:41:24+00:00","og_image":[{"width":1200,"height":1200,"url":"https:\/\/www.erresse-shop.it\/wp-content\/uploads\/2025\/02\/ALESSI-Convivio-Pentole-Set-7-pz.jpg","type":"image\/jpeg"}],"twitter_card":"summary_large_image","schema":{"@context":"https:\/\/schema.org","@graph":[{"@type":"WebPage","@id":"https:\/\/www.erresse-shop.it\/fr\/shop\/poeles-pots\/batteries-de-cuisine\/alessi-potspans-set-7-mrc-copia\/","url":"https:\/\/www.erresse-shop.it\/fr\/shop\/poeles-pots\/batteries-de-cuisine\/alessi-potspans-set-7-mrc-copia\/","name":"ALESSI Convivio Batterie de cuisine 7 pi\u00e8ces - Erresse Shop","isPartOf":{"@id":"https:\/\/www.erresse-shop.it\/fr\/#website"},"datePublished":"2025-02-27T13:25:48+00:00","dateModified":"2025-02-27T13:41:24+00:00","description":"Convivio est n\u00e9 d'un dialogue entre le laur\u00e9at du prix Pritzker David Chipperfield et le chef \u00e9toil\u00e9 Pietro Leemann, dont les diff\u00e9rentes comp\u00e9tences se","breadcrumb":{"@id":"https:\/\/www.erresse-shop.it\/fr\/shop\/poeles-pots\/batteries-de-cuisine\/alessi-potspans-set-7-mrc-copia\/#breadcrumb"},"inLanguage":"fr-FR","potentialAction":[{"@type":"ReadAction","target":["https:\/\/www.erresse-shop.it\/fr\/shop\/poeles-pots\/batteries-de-cuisine\/alessi-potspans-set-7-mrc-copia\/"]}]},{"@type":"BreadcrumbList","@id":"https:\/\/www.erresse-shop.it\/fr\/shop\/poeles-pots\/batteries-de-cuisine\/alessi-potspans-set-7-mrc-copia\/#breadcrumb","itemListElement":[{"@type":"ListItem","position":1,"name":"Home","item":"https:\/\/www.erresse-shop.it\/fr\/"},{"@type":"ListItem","position":2,"name":"Shop","item":"https:\/\/www.erresse-shop.it\/fr\/shop\/"},{"@type":"ListItem","position":3,"name":"ALESSI Convivio Batterie de cuisine 7 pi\u00e8ces"}]},{"@type":"WebSite","@id":"https:\/\/www.erresse-shop.it\/fr\/#website","url":"https:\/\/www.erresse-shop.it\/fr\/","name":"Erresse Shop","description":"Articoli di qualit\u00e0 per la casa","potentialAction":[{"@type":"SearchAction","target":{"@type":"EntryPoint","urlTemplate":"https:\/\/www.erresse-shop.it\/fr\/?s={search_term_string}"},"query-input":"required name=search_term_string"}],"inLanguage":"fr-FR"}]}},"df_price":379.95,"df_sale_price":379.95,"df_regular_price":525,"df_image_link":"https:\/\/www.erresse-shop.it\/wp-content\/uploads\/2025\/02\/ALESSI-Convivio-Pentole-Set-7-pz-300x300.jpg","_links":{"self":[{"href":"https:\/\/www.erresse-shop.it\/fr\/wp-json\/wp\/v2\/product\/472893"}],"collection":[{"href":"https:\/\/www.erresse-shop.it\/fr\/wp-json\/wp\/v2\/product"}],"about":[{"href":"https:\/\/www.erresse-shop.it\/fr\/wp-json\/wp\/v2\/types\/product"}],"wp:featuredmedia":[{"embeddable":true,"href":"https:\/\/www.erresse-shop.it\/fr\/wp-json\/wp\/v2\/media\/472906"}],"wp:attachment":[{"href":"https:\/\/www.erresse-shop.it\/fr\/wp-json\/wp\/v2\/media?parent=472893"}],"wp:term":[{"taxonomy":"product_cat","embeddable":true,"href":"https:\/\/www.erresse-shop.it\/fr\/wp-json\/wp\/v2\/product_cat?post=472893"},{"taxonomy":"product_tag","embeddable":true,"href":"https:\/\/www.erresse-shop.it\/fr\/wp-json\/wp\/v2\/product_tag?post=472893"}],"curies":[{"name":"wp","href":"https:\/\/api.w.org\/{rel}","templated":true}]}}