{"id":472870,"date":"2025-02-27T13:10:39","date_gmt":"2025-02-27T13:10:42","guid":{"rendered":"https:\/\/www.erresse-shop.it\/?post_type=product&#038;p=472870"},"modified":"2025-08-15T20:40:07","modified_gmt":"2025-08-15T20:40:07","slug":"alessi-9090-cafetiere-espresso-3-tasses-copia","status":"publish","type":"product","link":"https:\/\/www.erresse-shop.it\/fr\/shop\/cuisine\/cafetieres\/alessi-9090-cafetiere-espresso-3-tasses-copia\/","title":{"rendered":"ALESSI 9090 Cafeti\u00e8re Espresso 6 tasses"},"content":{"rendered":"<p>La 9090 est la premi\u00e8re machine \u00e0 caf\u00e9 expresso de l\u2019histoire d\u2019Alessi, mais aussi la premi\u00e8re des nombreux prix Compasso d\u2019Oro et le premier objet Alessi expos\u00e9 au MOMA de New York. \u00ab Je voulais donner \u00e0 cette voiture des performances que les autres n\u2019ont pas. \u00bb C&#8217;est avec ces mots que Richard Sapper d\u00e9crit l&#8217;id\u00e9e \u00e0 partir de laquelle il est parti. Le 9090 est original non seulement pour sa forme particuli\u00e8re, mais aussi pour certaines innovations fonctionnelles, comme la base \u00e9largie qui permet de profiter au maximum de la chaleur, le bec verseur anti-goutte et la fermeture \u00e0 levier qui permet de l&#8217;ouvrir d&#8217;un simple geste de la main.<\/p>\n<p>Cafeti\u00e8re expresso en acier inoxydable 18\/10. Fond en acier magn\u00e9tique <strong>convient \u00e9galement \u00e0 la cuisson \u00e0 induction. <\/strong><\/p>\n<p><strong>Attention<\/strong> : v\u00e9rifiez que votre plaque \u00e0 induction est capable de s&#8217;activer avec un diam\u00e8tre minimum de 90 mm.<\/p>\n<p><strong>Caract\u00e9ristiques\u00a0:<\/strong><\/p>\n<ul class=\"product-specifications\">\n<li class=\"product-specifications__item\"><span class=\"product-specifications__title\">Tasses : 6<\/span><\/li>\n<li class=\"product-specifications__item\"><span class=\"product-specifications__title\">Capacit\u00e9 (cl) : 30.00<\/span><\/li>\n<li class=\"product-specifications__item\"><span class=\"product-specifications__title\">Diam\u00e8tre (cm) : 12.50<\/span><\/li>\n<li class=\"product-specifications__item\"><span class=\"product-specifications__title\">Hauteur (cm) : 20.50<\/span><\/li>\n<\/ul>\n","protected":false},"excerpt":{"rendered":"<p>La 9090 est la premi\u00e8re machine \u00e0 caf\u00e9 expresso de l\u2019histoire d\u2019Alessi, mais aussi la premi\u00e8re des nombreux prix Compasso<\/p>\n","protected":false},"featured_media":472887,"template":"","meta":{"_acf_changed":false,"inline_featured_image":false},"product_cat":[12753,12748],"product_tag":[12830,12956,13441],"acf":[],"yoast_head":"<!-- This site is optimized with the Yoast SEO Premium plugin v18.6 (Yoast SEO v19.13) - https:\/\/yoast.com\/wordpress\/plugins\/seo\/ -->\n<title>ALESSI 9090 Cafeti\u00e8re Espresso 6 tasses - Erresse Shop<\/title>\n<meta name=\"description\" content=\"La 9090 est la premi\u00e8re machine \u00e0 caf\u00e9 expresso de l\u2019histoire d\u2019Alessi, mais aussi la premi\u00e8re des nombreux prix Compasso d\u2019Oro et le premier objet Alessi\" \/>\n<meta name=\"robots\" content=\"index, follow, max-snippet:-1, max-image-preview:large, max-video-preview:-1\" \/>\n<link rel=\"canonical\" href=\"https:\/\/www.erresse-shop.it\/fr\/shop\/cuisine\/cafetieres\/alessi-9090-cafetiere-espresso-3-tasses-copia\/\" \/>\n<meta property=\"og:locale\" content=\"fr_FR\" \/>\n<meta property=\"og:type\" content=\"article\" \/>\n<meta property=\"og:title\" content=\"ALESSI 9090 Cafeti\u00e8re Espresso 6 tasses\" \/>\n<meta property=\"og:description\" content=\"La 9090 est la premi\u00e8re machine \u00e0 caf\u00e9 expresso de l\u2019histoire d\u2019Alessi, mais aussi la premi\u00e8re des nombreux prix Compasso d\u2019Oro et le premier objet Alessi\" \/>\n<meta property=\"og:url\" content=\"https:\/\/www.erresse-shop.it\/fr\/shop\/cuisine\/cafetieres\/alessi-9090-cafetiere-espresso-3-tasses-copia\/\" \/>\n<meta property=\"og:site_name\" content=\"Erresse Shop\" \/>\n<meta property=\"article:modified_time\" content=\"2025-08-15T20:40:07+00:00\" \/>\n<meta property=\"og:image\" content=\"https:\/\/www.erresse-shop.it\/wp-content\/uploads\/2025\/02\/ALESSI-9090-Caffettiera-Espresso-6-Tazze.jpg\" \/>\n\t<meta property=\"og:image:width\" content=\"1200\" \/>\n\t<meta property=\"og:image:height\" content=\"1200\" \/>\n\t<meta property=\"og:image:type\" content=\"image\/jpeg\" \/>\n<meta name=\"twitter:card\" content=\"summary_large_image\" \/>\n<script type=\"application\/ld+json\" class=\"yoast-schema-graph\">{\"@context\":\"https:\/\/schema.org\",\"@graph\":[{\"@type\":\"WebPage\",\"@id\":\"https:\/\/www.erresse-shop.it\/fr\/shop\/cuisine\/cafetieres\/alessi-9090-cafetiere-espresso-3-tasses-copia\/\",\"url\":\"https:\/\/www.erresse-shop.it\/fr\/shop\/cuisine\/cafetieres\/alessi-9090-cafetiere-espresso-3-tasses-copia\/\",\"name\":\"ALESSI 9090 Cafeti\u00e8re Espresso 6 tasses - Erresse Shop\",\"isPartOf\":{\"@id\":\"https:\/\/www.erresse-shop.it\/fr\/#website\"},\"datePublished\":\"2025-02-27T13:10:42+00:00\",\"dateModified\":\"2025-08-15T20:40:07+00:00\",\"description\":\"La 9090 est la premi\u00e8re machine \u00e0 caf\u00e9 expresso de l\u2019histoire d\u2019Alessi, mais aussi la premi\u00e8re des nombreux prix Compasso d\u2019Oro et le premier objet Alessi\",\"breadcrumb\":{\"@id\":\"https:\/\/www.erresse-shop.it\/fr\/shop\/cuisine\/cafetieres\/alessi-9090-cafetiere-espresso-3-tasses-copia\/#breadcrumb\"},\"inLanguage\":\"fr-FR\",\"potentialAction\":[{\"@type\":\"ReadAction\",\"target\":[\"https:\/\/www.erresse-shop.it\/fr\/shop\/cuisine\/cafetieres\/alessi-9090-cafetiere-espresso-3-tasses-copia\/\"]}]},{\"@type\":\"BreadcrumbList\",\"@id\":\"https:\/\/www.erresse-shop.it\/fr\/shop\/cuisine\/cafetieres\/alessi-9090-cafetiere-espresso-3-tasses-copia\/#breadcrumb\",\"itemListElement\":[{\"@type\":\"ListItem\",\"position\":1,\"name\":\"Home\",\"item\":\"https:\/\/www.erresse-shop.it\/fr\/\"},{\"@type\":\"ListItem\",\"position\":2,\"name\":\"Shop\",\"item\":\"https:\/\/www.erresse-shop.it\/fr\/shop\/\"},{\"@type\":\"ListItem\",\"position\":3,\"name\":\"ALESSI 9090 Cafeti\u00e8re Espresso 6 tasses\"}]},{\"@type\":\"WebSite\",\"@id\":\"https:\/\/www.erresse-shop.it\/fr\/#website\",\"url\":\"https:\/\/www.erresse-shop.it\/fr\/\",\"name\":\"Erresse Shop\",\"description\":\"Articoli di qualit\u00e0 per la casa\",\"potentialAction\":[{\"@type\":\"SearchAction\",\"target\":{\"@type\":\"EntryPoint\",\"urlTemplate\":\"https:\/\/www.erresse-shop.it\/fr\/?s={search_term_string}\"},\"query-input\":\"required name=search_term_string\"}],\"inLanguage\":\"fr-FR\"}]}<\/script>\n<!-- \/ Yoast SEO Premium plugin. -->","yoast_head_json":{"title":"ALESSI 9090 Cafeti\u00e8re Espresso 6 tasses - Erresse Shop","description":"La 9090 est la premi\u00e8re machine \u00e0 caf\u00e9 expresso de l\u2019histoire d\u2019Alessi, mais aussi la premi\u00e8re des nombreux prix Compasso d\u2019Oro et le premier objet Alessi","robots":{"index":"index","follow":"follow","max-snippet":"max-snippet:-1","max-image-preview":"max-image-preview:large","max-video-preview":"max-video-preview:-1"},"canonical":"https:\/\/www.erresse-shop.it\/fr\/shop\/cuisine\/cafetieres\/alessi-9090-cafetiere-espresso-3-tasses-copia\/","og_locale":"fr_FR","og_type":"article","og_title":"ALESSI 9090 Cafeti\u00e8re Espresso 6 tasses","og_description":"La 9090 est la premi\u00e8re machine \u00e0 caf\u00e9 expresso de l\u2019histoire d\u2019Alessi, mais aussi la premi\u00e8re des nombreux prix Compasso d\u2019Oro et le premier objet Alessi","og_url":"https:\/\/www.erresse-shop.it\/fr\/shop\/cuisine\/cafetieres\/alessi-9090-cafetiere-espresso-3-tasses-copia\/","og_site_name":"Erresse Shop","article_modified_time":"2025-08-15T20:40:07+00:00","og_image":[{"width":1200,"height":1200,"url":"https:\/\/www.erresse-shop.it\/wp-content\/uploads\/2025\/02\/ALESSI-9090-Caffettiera-Espresso-6-Tazze.jpg","type":"image\/jpeg"}],"twitter_card":"summary_large_image","schema":{"@context":"https:\/\/schema.org","@graph":[{"@type":"WebPage","@id":"https:\/\/www.erresse-shop.it\/fr\/shop\/cuisine\/cafetieres\/alessi-9090-cafetiere-espresso-3-tasses-copia\/","url":"https:\/\/www.erresse-shop.it\/fr\/shop\/cuisine\/cafetieres\/alessi-9090-cafetiere-espresso-3-tasses-copia\/","name":"ALESSI 9090 Cafeti\u00e8re Espresso 6 tasses - Erresse Shop","isPartOf":{"@id":"https:\/\/www.erresse-shop.it\/fr\/#website"},"datePublished":"2025-02-27T13:10:42+00:00","dateModified":"2025-08-15T20:40:07+00:00","description":"La 9090 est la premi\u00e8re machine \u00e0 caf\u00e9 expresso de l\u2019histoire d\u2019Alessi, mais aussi la premi\u00e8re des nombreux prix Compasso d\u2019Oro et le premier objet Alessi","breadcrumb":{"@id":"https:\/\/www.erresse-shop.it\/fr\/shop\/cuisine\/cafetieres\/alessi-9090-cafetiere-espresso-3-tasses-copia\/#breadcrumb"},"inLanguage":"fr-FR","potentialAction":[{"@type":"ReadAction","target":["https:\/\/www.erresse-shop.it\/fr\/shop\/cuisine\/cafetieres\/alessi-9090-cafetiere-espresso-3-tasses-copia\/"]}]},{"@type":"BreadcrumbList","@id":"https:\/\/www.erresse-shop.it\/fr\/shop\/cuisine\/cafetieres\/alessi-9090-cafetiere-espresso-3-tasses-copia\/#breadcrumb","itemListElement":[{"@type":"ListItem","position":1,"name":"Home","item":"https:\/\/www.erresse-shop.it\/fr\/"},{"@type":"ListItem","position":2,"name":"Shop","item":"https:\/\/www.erresse-shop.it\/fr\/shop\/"},{"@type":"ListItem","position":3,"name":"ALESSI 9090 Cafeti\u00e8re Espresso 6 tasses"}]},{"@type":"WebSite","@id":"https:\/\/www.erresse-shop.it\/fr\/#website","url":"https:\/\/www.erresse-shop.it\/fr\/","name":"Erresse Shop","description":"Articoli di qualit\u00e0 per la casa","potentialAction":[{"@type":"SearchAction","target":{"@type":"EntryPoint","urlTemplate":"https:\/\/www.erresse-shop.it\/fr\/?s={search_term_string}"},"query-input":"required name=search_term_string"}],"inLanguage":"fr-FR"}]}},"df_price":97.5,"df_sale_price":97.5,"df_regular_price":195,"df_image_link":"https:\/\/www.erresse-shop.it\/wp-content\/uploads\/2025\/02\/ALESSI-9090-Caffettiera-Espresso-6-Tazze-300x300.jpg","_links":{"self":[{"href":"https:\/\/www.erresse-shop.it\/fr\/wp-json\/wp\/v2\/product\/472870"}],"collection":[{"href":"https:\/\/www.erresse-shop.it\/fr\/wp-json\/wp\/v2\/product"}],"about":[{"href":"https:\/\/www.erresse-shop.it\/fr\/wp-json\/wp\/v2\/types\/product"}],"wp:featuredmedia":[{"embeddable":true,"href":"https:\/\/www.erresse-shop.it\/fr\/wp-json\/wp\/v2\/media\/472887"}],"wp:attachment":[{"href":"https:\/\/www.erresse-shop.it\/fr\/wp-json\/wp\/v2\/media?parent=472870"}],"wp:term":[{"taxonomy":"product_cat","embeddable":true,"href":"https:\/\/www.erresse-shop.it\/fr\/wp-json\/wp\/v2\/product_cat?post=472870"},{"taxonomy":"product_tag","embeddable":true,"href":"https:\/\/www.erresse-shop.it\/fr\/wp-json\/wp\/v2\/product_tag?post=472870"}],"curies":[{"name":"wp","href":"https:\/\/api.w.org\/{rel}","templated":true}]}}