{"id":472786,"date":"2025-02-27T10:42:15","date_gmt":"2025-02-27T10:42:17","guid":{"rendered":"https:\/\/www.erresse-shop.it\/?post_type=product&#038;p=472786"},"modified":"2025-02-27T11:03:06","modified_gmt":"2025-02-27T11:03:06","slug":"alessi-pulcina-cafetiere-rouge-6-tasses-copia","status":"publish","type":"product","link":"https:\/\/www.erresse-shop.it\/fr\/shop\/cuisine\/cafetieres\/alessi-pulcina-cafetiere-rouge-6-tasses-copia\/","title":{"rendered":"ALESSI Barkoffee Cafeti\u00e8re \u00e0 filtre \u00e0 pression 8 tasses"},"content":{"rendered":"<p>Con\u00e7ue par Michael Boucquillon et Donia Maaoui, la collection Bark &#8211; de l&#8217;anglais \u00e9corce &#8211; s&#8217;inspire des arbres qui entourent la maison des deux designers : un lieu d&#8217;exp\u00e9rimentation, de m\u00e9ditation et de travail o\u00f9 l&#8217;on peut vivre en symbiose avec la nature. Pour ceux qui appr\u00e9cient le caf\u00e9 pr\u00e9par\u00e9 par infusion, la collection propose une cafeti\u00e8re \u00e0 filtre press\u00e9 qui permet d&#8217;obtenir une boisson au go\u00fbt intense et particulier.<\/p>\n<p>Cafeti\u00e8re \u00e0 filtre ou infuseur en acier inoxydable 18\/10 et verre pyrophile, 8 tasses.<\/p>\n<p>Caract\u00e9ristiques<br \/>\n&#8211; Capacit\u00e9 : 8 tasses<br \/>\n&#8211; Hauteur : 17 cm<br \/>\n&#8211; Largeur : 15 cm<br \/>\n-Longueur : 10 cm<\/p>\n","protected":false},"excerpt":{"rendered":"<p>Con\u00e7ue par Michael Boucquillon et Donia Maaoui, la collection Bark &#8211; de l&#8217;anglais \u00e9corce &#8211; s&#8217;inspire des arbres qui entourent<\/p>\n","protected":false},"featured_media":472803,"template":"","meta":{"_acf_changed":false,"inline_featured_image":false},"product_cat":[12753,12748],"product_tag":[13441],"acf":[],"yoast_head":"<!-- This site is optimized with the Yoast SEO Premium plugin v18.6 (Yoast SEO v19.13) - https:\/\/yoast.com\/wordpress\/plugins\/seo\/ -->\n<title>ALESSI Barkoffee Cafeti\u00e8re \u00e0 filtre \u00e0 pression 8 tasses - Erresse Shop<\/title>\n<meta name=\"description\" content=\"Con\u00e7ue par Michael Boucquillon et Donia Maaoui, la collection Bark - de l&#039;anglais \u00e9corce - s&#039;inspire des arbres qui entourent la maison des deux designers\" \/>\n<meta name=\"robots\" content=\"index, follow, max-snippet:-1, max-image-preview:large, max-video-preview:-1\" \/>\n<link rel=\"canonical\" href=\"https:\/\/www.erresse-shop.it\/fr\/shop\/cuisine\/cafetieres\/alessi-pulcina-cafetiere-rouge-6-tasses-copia\/\" \/>\n<meta property=\"og:locale\" content=\"fr_FR\" \/>\n<meta property=\"og:type\" content=\"article\" \/>\n<meta property=\"og:title\" content=\"ALESSI Barkoffee Cafeti\u00e8re \u00e0 filtre \u00e0 pression 8 tasses\" \/>\n<meta property=\"og:description\" content=\"Con\u00e7ue par Michael Boucquillon et Donia Maaoui, la collection Bark - de l&#039;anglais \u00e9corce - s&#039;inspire des arbres qui entourent la maison des deux designers\" \/>\n<meta property=\"og:url\" content=\"https:\/\/www.erresse-shop.it\/fr\/shop\/cuisine\/cafetieres\/alessi-pulcina-cafetiere-rouge-6-tasses-copia\/\" \/>\n<meta property=\"og:site_name\" content=\"Erresse Shop\" \/>\n<meta property=\"article:modified_time\" content=\"2025-02-27T11:03:06+00:00\" \/>\n<meta property=\"og:image\" content=\"https:\/\/www.erresse-shop.it\/wp-content\/uploads\/2025\/02\/ALESSI-Barkoffee-Caffettiera-a-Presso-Filtro-8-Tazze.jpg\" \/>\n\t<meta property=\"og:image:width\" content=\"1200\" \/>\n\t<meta property=\"og:image:height\" content=\"1200\" \/>\n\t<meta property=\"og:image:type\" content=\"image\/jpeg\" \/>\n<meta name=\"twitter:card\" content=\"summary_large_image\" \/>\n<script type=\"application\/ld+json\" class=\"yoast-schema-graph\">{\"@context\":\"https:\/\/schema.org\",\"@graph\":[{\"@type\":\"WebPage\",\"@id\":\"https:\/\/www.erresse-shop.it\/fr\/shop\/cuisine\/cafetieres\/alessi-pulcina-cafetiere-rouge-6-tasses-copia\/\",\"url\":\"https:\/\/www.erresse-shop.it\/fr\/shop\/cuisine\/cafetieres\/alessi-pulcina-cafetiere-rouge-6-tasses-copia\/\",\"name\":\"ALESSI Barkoffee Cafeti\u00e8re \u00e0 filtre \u00e0 pression 8 tasses - Erresse Shop\",\"isPartOf\":{\"@id\":\"https:\/\/www.erresse-shop.it\/fr\/#website\"},\"datePublished\":\"2025-02-27T10:42:17+00:00\",\"dateModified\":\"2025-02-27T11:03:06+00:00\",\"description\":\"Con\u00e7ue par Michael Boucquillon et Donia Maaoui, la collection Bark - de l'anglais \u00e9corce - s'inspire des arbres qui entourent la maison des deux designers\",\"breadcrumb\":{\"@id\":\"https:\/\/www.erresse-shop.it\/fr\/shop\/cuisine\/cafetieres\/alessi-pulcina-cafetiere-rouge-6-tasses-copia\/#breadcrumb\"},\"inLanguage\":\"fr-FR\",\"potentialAction\":[{\"@type\":\"ReadAction\",\"target\":[\"https:\/\/www.erresse-shop.it\/fr\/shop\/cuisine\/cafetieres\/alessi-pulcina-cafetiere-rouge-6-tasses-copia\/\"]}]},{\"@type\":\"BreadcrumbList\",\"@id\":\"https:\/\/www.erresse-shop.it\/fr\/shop\/cuisine\/cafetieres\/alessi-pulcina-cafetiere-rouge-6-tasses-copia\/#breadcrumb\",\"itemListElement\":[{\"@type\":\"ListItem\",\"position\":1,\"name\":\"Home\",\"item\":\"https:\/\/www.erresse-shop.it\/fr\/\"},{\"@type\":\"ListItem\",\"position\":2,\"name\":\"Shop\",\"item\":\"https:\/\/www.erresse-shop.it\/fr\/shop\/\"},{\"@type\":\"ListItem\",\"position\":3,\"name\":\"ALESSI Barkoffee Cafeti\u00e8re \u00e0 filtre \u00e0 pression 8 tasses\"}]},{\"@type\":\"WebSite\",\"@id\":\"https:\/\/www.erresse-shop.it\/fr\/#website\",\"url\":\"https:\/\/www.erresse-shop.it\/fr\/\",\"name\":\"Erresse Shop\",\"description\":\"Articoli di qualit\u00e0 per la casa\",\"potentialAction\":[{\"@type\":\"SearchAction\",\"target\":{\"@type\":\"EntryPoint\",\"urlTemplate\":\"https:\/\/www.erresse-shop.it\/fr\/?s={search_term_string}\"},\"query-input\":\"required name=search_term_string\"}],\"inLanguage\":\"fr-FR\"}]}<\/script>\n<!-- \/ Yoast SEO Premium plugin. -->","yoast_head_json":{"title":"ALESSI Barkoffee Cafeti\u00e8re \u00e0 filtre \u00e0 pression 8 tasses - Erresse Shop","description":"Con\u00e7ue par Michael Boucquillon et Donia Maaoui, la collection Bark - de l'anglais \u00e9corce - s'inspire des arbres qui entourent la maison des deux designers","robots":{"index":"index","follow":"follow","max-snippet":"max-snippet:-1","max-image-preview":"max-image-preview:large","max-video-preview":"max-video-preview:-1"},"canonical":"https:\/\/www.erresse-shop.it\/fr\/shop\/cuisine\/cafetieres\/alessi-pulcina-cafetiere-rouge-6-tasses-copia\/","og_locale":"fr_FR","og_type":"article","og_title":"ALESSI Barkoffee Cafeti\u00e8re \u00e0 filtre \u00e0 pression 8 tasses","og_description":"Con\u00e7ue par Michael Boucquillon et Donia Maaoui, la collection Bark - de l'anglais \u00e9corce - s'inspire des arbres qui entourent la maison des deux designers","og_url":"https:\/\/www.erresse-shop.it\/fr\/shop\/cuisine\/cafetieres\/alessi-pulcina-cafetiere-rouge-6-tasses-copia\/","og_site_name":"Erresse Shop","article_modified_time":"2025-02-27T11:03:06+00:00","og_image":[{"width":1200,"height":1200,"url":"https:\/\/www.erresse-shop.it\/wp-content\/uploads\/2025\/02\/ALESSI-Barkoffee-Caffettiera-a-Presso-Filtro-8-Tazze.jpg","type":"image\/jpeg"}],"twitter_card":"summary_large_image","schema":{"@context":"https:\/\/schema.org","@graph":[{"@type":"WebPage","@id":"https:\/\/www.erresse-shop.it\/fr\/shop\/cuisine\/cafetieres\/alessi-pulcina-cafetiere-rouge-6-tasses-copia\/","url":"https:\/\/www.erresse-shop.it\/fr\/shop\/cuisine\/cafetieres\/alessi-pulcina-cafetiere-rouge-6-tasses-copia\/","name":"ALESSI Barkoffee Cafeti\u00e8re \u00e0 filtre \u00e0 pression 8 tasses - Erresse Shop","isPartOf":{"@id":"https:\/\/www.erresse-shop.it\/fr\/#website"},"datePublished":"2025-02-27T10:42:17+00:00","dateModified":"2025-02-27T11:03:06+00:00","description":"Con\u00e7ue par Michael Boucquillon et Donia Maaoui, la collection Bark - de l'anglais \u00e9corce - s'inspire des arbres qui entourent la maison des deux designers","breadcrumb":{"@id":"https:\/\/www.erresse-shop.it\/fr\/shop\/cuisine\/cafetieres\/alessi-pulcina-cafetiere-rouge-6-tasses-copia\/#breadcrumb"},"inLanguage":"fr-FR","potentialAction":[{"@type":"ReadAction","target":["https:\/\/www.erresse-shop.it\/fr\/shop\/cuisine\/cafetieres\/alessi-pulcina-cafetiere-rouge-6-tasses-copia\/"]}]},{"@type":"BreadcrumbList","@id":"https:\/\/www.erresse-shop.it\/fr\/shop\/cuisine\/cafetieres\/alessi-pulcina-cafetiere-rouge-6-tasses-copia\/#breadcrumb","itemListElement":[{"@type":"ListItem","position":1,"name":"Home","item":"https:\/\/www.erresse-shop.it\/fr\/"},{"@type":"ListItem","position":2,"name":"Shop","item":"https:\/\/www.erresse-shop.it\/fr\/shop\/"},{"@type":"ListItem","position":3,"name":"ALESSI Barkoffee Cafeti\u00e8re \u00e0 filtre \u00e0 pression 8 tasses"}]},{"@type":"WebSite","@id":"https:\/\/www.erresse-shop.it\/fr\/#website","url":"https:\/\/www.erresse-shop.it\/fr\/","name":"Erresse Shop","description":"Articoli di qualit\u00e0 per la casa","potentialAction":[{"@type":"SearchAction","target":{"@type":"EntryPoint","urlTemplate":"https:\/\/www.erresse-shop.it\/fr\/?s={search_term_string}"},"query-input":"required name=search_term_string"}],"inLanguage":"fr-FR"}]}},"df_price":48,"df_sale_price":48,"df_regular_price":96,"df_image_link":"https:\/\/www.erresse-shop.it\/wp-content\/uploads\/2025\/02\/ALESSI-Barkoffee-Caffettiera-a-Presso-Filtro-8-Tazze-300x300.jpg","_links":{"self":[{"href":"https:\/\/www.erresse-shop.it\/fr\/wp-json\/wp\/v2\/product\/472786"}],"collection":[{"href":"https:\/\/www.erresse-shop.it\/fr\/wp-json\/wp\/v2\/product"}],"about":[{"href":"https:\/\/www.erresse-shop.it\/fr\/wp-json\/wp\/v2\/types\/product"}],"wp:featuredmedia":[{"embeddable":true,"href":"https:\/\/www.erresse-shop.it\/fr\/wp-json\/wp\/v2\/media\/472803"}],"wp:attachment":[{"href":"https:\/\/www.erresse-shop.it\/fr\/wp-json\/wp\/v2\/media?parent=472786"}],"wp:term":[{"taxonomy":"product_cat","embeddable":true,"href":"https:\/\/www.erresse-shop.it\/fr\/wp-json\/wp\/v2\/product_cat?post=472786"},{"taxonomy":"product_tag","embeddable":true,"href":"https:\/\/www.erresse-shop.it\/fr\/wp-json\/wp\/v2\/product_tag?post=472786"}],"curies":[{"name":"wp","href":"https:\/\/api.w.org\/{rel}","templated":true}]}}