{"id":472768,"date":"2025-02-27T10:30:53","date_gmt":"2025-02-27T10:30:56","guid":{"rendered":"https:\/\/www.erresse-shop.it\/?post_type=product&#038;p=472768"},"modified":"2025-02-27T10:38:42","modified_gmt":"2025-02-27T10:38:42","slug":"alessi-alessandro-m-tire-bouchon-bleu-clair-rouge-copia","status":"publish","type":"product","link":"https:\/\/www.erresse-shop.it\/fr\/shop\/table-fr-2\/vin\/alessi-alessandro-m-tire-bouchon-bleu-clair-rouge-copia\/","title":{"rendered":"ALESSI Alessandro M. Tire-Bouchon Jaune Noir"},"content":{"rendered":"<p>Autoportrait du design cr\u00e9\u00e9 par Alessandro Mendini, le tire-bouchon Alessandro M. revient dans la collection Colour Tales habill\u00e9 d&#8217;une s\u00e9rie de tenues iris\u00e9es, hommage \u00e0 la recherche chromatique de son cr\u00e9ateur. D\u00e9di\u00e9 aux collectionneurs d&#8217;Alessandro Mendini et de ses tire-bouchons transformistes, et \u00e0 ceux qui souhaitent d\u00e9boucher un bon vin avec un instrument o\u00f9 fonction et \u00e9motion se confondent.<\/p>\n<p>Tire-bouchon en r\u00e9sine thermoplastique et zamak chrom\u00e9.<\/p>\n<p>Caract\u00e9ristiques<br \/>\n&#8211; Diam\u00e8tre : 6 cm<br \/>\n&#8211; Hauteur : 21 cm<\/p>\n","protected":false},"excerpt":{"rendered":"<p>Autoportrait du design cr\u00e9\u00e9 par Alessandro Mendini, le tire-bouchon Alessandro M. revient dans la collection Colour Tales habill\u00e9 d&#8217;une s\u00e9rie<\/p>\n","protected":false},"featured_media":472780,"template":"","meta":{"_acf_changed":false,"inline_featured_image":false},"product_cat":[12782,14463,12754],"product_tag":[12817,13065,16884],"acf":[],"yoast_head":"<!-- This site is optimized with the Yoast SEO Premium plugin v18.6 (Yoast SEO v19.13) - https:\/\/yoast.com\/wordpress\/plugins\/seo\/ -->\n<title>ALESSI Alessandro M. Tire-Bouchon Jaune Noir - Erresse Shop<\/title>\n<meta name=\"description\" content=\"Autoportrait du design cr\u00e9\u00e9 par Alessandro Mendini, le tire-bouchon Alessandro M. revient dans la collection Colour Tales habill\u00e9 d&#039;une s\u00e9rie de tenues\" \/>\n<meta name=\"robots\" content=\"index, follow, max-snippet:-1, max-image-preview:large, max-video-preview:-1\" \/>\n<link rel=\"canonical\" href=\"https:\/\/www.erresse-shop.it\/fr\/shop\/table-fr-2\/vin\/alessi-alessandro-m-tire-bouchon-bleu-clair-rouge-copia\/\" \/>\n<meta property=\"og:locale\" content=\"fr_FR\" \/>\n<meta property=\"og:type\" content=\"article\" \/>\n<meta property=\"og:title\" content=\"ALESSI Alessandro M. Tire-Bouchon Jaune Noir\" \/>\n<meta property=\"og:description\" content=\"Autoportrait du design cr\u00e9\u00e9 par Alessandro Mendini, le tire-bouchon Alessandro M. revient dans la collection Colour Tales habill\u00e9 d&#039;une s\u00e9rie de tenues\" \/>\n<meta property=\"og:url\" content=\"https:\/\/www.erresse-shop.it\/fr\/shop\/table-fr-2\/vin\/alessi-alessandro-m-tire-bouchon-bleu-clair-rouge-copia\/\" \/>\n<meta property=\"og:site_name\" content=\"Erresse Shop\" \/>\n<meta property=\"article:modified_time\" content=\"2025-02-27T10:38:42+00:00\" \/>\n<meta property=\"og:image\" content=\"https:\/\/www.erresse-shop.it\/wp-content\/uploads\/2025\/02\/ALESSI-Alessandro-M.-Cavatappi-Giallo-Nero.jpg\" \/>\n\t<meta property=\"og:image:width\" content=\"1200\" \/>\n\t<meta property=\"og:image:height\" content=\"1200\" \/>\n\t<meta property=\"og:image:type\" content=\"image\/jpeg\" \/>\n<meta name=\"twitter:card\" content=\"summary_large_image\" \/>\n<script type=\"application\/ld+json\" class=\"yoast-schema-graph\">{\"@context\":\"https:\/\/schema.org\",\"@graph\":[{\"@type\":\"WebPage\",\"@id\":\"https:\/\/www.erresse-shop.it\/fr\/shop\/table-fr-2\/vin\/alessi-alessandro-m-tire-bouchon-bleu-clair-rouge-copia\/\",\"url\":\"https:\/\/www.erresse-shop.it\/fr\/shop\/table-fr-2\/vin\/alessi-alessandro-m-tire-bouchon-bleu-clair-rouge-copia\/\",\"name\":\"ALESSI Alessandro M. Tire-Bouchon Jaune Noir - Erresse Shop\",\"isPartOf\":{\"@id\":\"https:\/\/www.erresse-shop.it\/fr\/#website\"},\"datePublished\":\"2025-02-27T10:30:56+00:00\",\"dateModified\":\"2025-02-27T10:38:42+00:00\",\"description\":\"Autoportrait du design cr\u00e9\u00e9 par Alessandro Mendini, le tire-bouchon Alessandro M. revient dans la collection Colour Tales habill\u00e9 d'une s\u00e9rie de tenues\",\"breadcrumb\":{\"@id\":\"https:\/\/www.erresse-shop.it\/fr\/shop\/table-fr-2\/vin\/alessi-alessandro-m-tire-bouchon-bleu-clair-rouge-copia\/#breadcrumb\"},\"inLanguage\":\"fr-FR\",\"potentialAction\":[{\"@type\":\"ReadAction\",\"target\":[\"https:\/\/www.erresse-shop.it\/fr\/shop\/table-fr-2\/vin\/alessi-alessandro-m-tire-bouchon-bleu-clair-rouge-copia\/\"]}]},{\"@type\":\"BreadcrumbList\",\"@id\":\"https:\/\/www.erresse-shop.it\/fr\/shop\/table-fr-2\/vin\/alessi-alessandro-m-tire-bouchon-bleu-clair-rouge-copia\/#breadcrumb\",\"itemListElement\":[{\"@type\":\"ListItem\",\"position\":1,\"name\":\"Home\",\"item\":\"https:\/\/www.erresse-shop.it\/fr\/\"},{\"@type\":\"ListItem\",\"position\":2,\"name\":\"Shop\",\"item\":\"https:\/\/www.erresse-shop.it\/fr\/shop\/\"},{\"@type\":\"ListItem\",\"position\":3,\"name\":\"ALESSI Alessandro M. Tire-Bouchon Jaune Noir\"}]},{\"@type\":\"WebSite\",\"@id\":\"https:\/\/www.erresse-shop.it\/fr\/#website\",\"url\":\"https:\/\/www.erresse-shop.it\/fr\/\",\"name\":\"Erresse Shop\",\"description\":\"Articoli di qualit\u00e0 per la casa\",\"potentialAction\":[{\"@type\":\"SearchAction\",\"target\":{\"@type\":\"EntryPoint\",\"urlTemplate\":\"https:\/\/www.erresse-shop.it\/fr\/?s={search_term_string}\"},\"query-input\":\"required name=search_term_string\"}],\"inLanguage\":\"fr-FR\"}]}<\/script>\n<!-- \/ Yoast SEO Premium plugin. -->","yoast_head_json":{"title":"ALESSI Alessandro M. Tire-Bouchon Jaune Noir - Erresse Shop","description":"Autoportrait du design cr\u00e9\u00e9 par Alessandro Mendini, le tire-bouchon Alessandro M. revient dans la collection Colour Tales habill\u00e9 d'une s\u00e9rie de tenues","robots":{"index":"index","follow":"follow","max-snippet":"max-snippet:-1","max-image-preview":"max-image-preview:large","max-video-preview":"max-video-preview:-1"},"canonical":"https:\/\/www.erresse-shop.it\/fr\/shop\/table-fr-2\/vin\/alessi-alessandro-m-tire-bouchon-bleu-clair-rouge-copia\/","og_locale":"fr_FR","og_type":"article","og_title":"ALESSI Alessandro M. Tire-Bouchon Jaune Noir","og_description":"Autoportrait du design cr\u00e9\u00e9 par Alessandro Mendini, le tire-bouchon Alessandro M. revient dans la collection Colour Tales habill\u00e9 d'une s\u00e9rie de tenues","og_url":"https:\/\/www.erresse-shop.it\/fr\/shop\/table-fr-2\/vin\/alessi-alessandro-m-tire-bouchon-bleu-clair-rouge-copia\/","og_site_name":"Erresse Shop","article_modified_time":"2025-02-27T10:38:42+00:00","og_image":[{"width":1200,"height":1200,"url":"https:\/\/www.erresse-shop.it\/wp-content\/uploads\/2025\/02\/ALESSI-Alessandro-M.-Cavatappi-Giallo-Nero.jpg","type":"image\/jpeg"}],"twitter_card":"summary_large_image","schema":{"@context":"https:\/\/schema.org","@graph":[{"@type":"WebPage","@id":"https:\/\/www.erresse-shop.it\/fr\/shop\/table-fr-2\/vin\/alessi-alessandro-m-tire-bouchon-bleu-clair-rouge-copia\/","url":"https:\/\/www.erresse-shop.it\/fr\/shop\/table-fr-2\/vin\/alessi-alessandro-m-tire-bouchon-bleu-clair-rouge-copia\/","name":"ALESSI Alessandro M. Tire-Bouchon Jaune Noir - Erresse Shop","isPartOf":{"@id":"https:\/\/www.erresse-shop.it\/fr\/#website"},"datePublished":"2025-02-27T10:30:56+00:00","dateModified":"2025-02-27T10:38:42+00:00","description":"Autoportrait du design cr\u00e9\u00e9 par Alessandro Mendini, le tire-bouchon Alessandro M. revient dans la collection Colour Tales habill\u00e9 d'une s\u00e9rie de tenues","breadcrumb":{"@id":"https:\/\/www.erresse-shop.it\/fr\/shop\/table-fr-2\/vin\/alessi-alessandro-m-tire-bouchon-bleu-clair-rouge-copia\/#breadcrumb"},"inLanguage":"fr-FR","potentialAction":[{"@type":"ReadAction","target":["https:\/\/www.erresse-shop.it\/fr\/shop\/table-fr-2\/vin\/alessi-alessandro-m-tire-bouchon-bleu-clair-rouge-copia\/"]}]},{"@type":"BreadcrumbList","@id":"https:\/\/www.erresse-shop.it\/fr\/shop\/table-fr-2\/vin\/alessi-alessandro-m-tire-bouchon-bleu-clair-rouge-copia\/#breadcrumb","itemListElement":[{"@type":"ListItem","position":1,"name":"Home","item":"https:\/\/www.erresse-shop.it\/fr\/"},{"@type":"ListItem","position":2,"name":"Shop","item":"https:\/\/www.erresse-shop.it\/fr\/shop\/"},{"@type":"ListItem","position":3,"name":"ALESSI Alessandro M. Tire-Bouchon Jaune Noir"}]},{"@type":"WebSite","@id":"https:\/\/www.erresse-shop.it\/fr\/#website","url":"https:\/\/www.erresse-shop.it\/fr\/","name":"Erresse Shop","description":"Articoli di qualit\u00e0 per la casa","potentialAction":[{"@type":"SearchAction","target":{"@type":"EntryPoint","urlTemplate":"https:\/\/www.erresse-shop.it\/fr\/?s={search_term_string}"},"query-input":"required name=search_term_string"}],"inLanguage":"fr-FR"}]}},"df_price":25,"df_sale_price":25,"df_regular_price":50,"df_image_link":"https:\/\/www.erresse-shop.it\/wp-content\/uploads\/2025\/02\/ALESSI-Alessandro-M.-Cavatappi-Giallo-Nero-300x300.jpg","_links":{"self":[{"href":"https:\/\/www.erresse-shop.it\/fr\/wp-json\/wp\/v2\/product\/472768"}],"collection":[{"href":"https:\/\/www.erresse-shop.it\/fr\/wp-json\/wp\/v2\/product"}],"about":[{"href":"https:\/\/www.erresse-shop.it\/fr\/wp-json\/wp\/v2\/types\/product"}],"wp:featuredmedia":[{"embeddable":true,"href":"https:\/\/www.erresse-shop.it\/fr\/wp-json\/wp\/v2\/media\/472780"}],"wp:attachment":[{"href":"https:\/\/www.erresse-shop.it\/fr\/wp-json\/wp\/v2\/media?parent=472768"}],"wp:term":[{"taxonomy":"product_cat","embeddable":true,"href":"https:\/\/www.erresse-shop.it\/fr\/wp-json\/wp\/v2\/product_cat?post=472768"},{"taxonomy":"product_tag","embeddable":true,"href":"https:\/\/www.erresse-shop.it\/fr\/wp-json\/wp\/v2\/product_tag?post=472768"}],"curies":[{"name":"wp","href":"https:\/\/api.w.org\/{rel}","templated":true}]}}