{"id":472583,"date":"2025-02-27T08:49:32","date_gmt":"2025-02-27T08:49:37","guid":{"rendered":"https:\/\/www.erresse-shop.it\/?post_type=product&#038;p=472583"},"modified":"2026-02-23T09:46:22","modified_gmt":"2026-02-23T09:46:22","slug":"alessi-parmenide-rape-noir","status":"publish","type":"product","link":"https:\/\/www.erresse-shop.it\/fr\/shop\/cuisine\/rapes\/alessi-parmenide-rape-noir\/","title":{"rendered":"ALESSI Parmenide R\u00e2pe Noir"},"content":{"rendered":"<p>La r\u00e2pe \u00e0 fromage Parmenide, con\u00e7ue par Alejandro Ruiz, combine deux typologies du paysage domestique : la r\u00e2pe \u00e0 fromage et le bol \u00e0 fromage, devenant ainsi un attrayant r\u00e9cipient de table pour le fromage d\u00e9j\u00e0 r\u00e2p\u00e9. Parmenides fait partie de la collection du Musem of Modern Art de New York.<\/p>\n<p>R\u00e2pe en r\u00e9sine thermoplastique et r\u00e2pe en acier.<\/p>\n<p><strong>Caract\u00e9ristiques :<\/strong><\/p>\n<ul>\n<li>Hauteur (cm) : 6,70<\/li>\n<li>Longueur (cm) : 15.30<\/li>\n<li>Largeur (cm) : 7.50<\/li>\n<\/ul>\n","protected":false},"excerpt":{"rendered":"<p>La r\u00e2pe \u00e0 fromage Parmenide, con\u00e7ue par Alejandro Ruiz, combine deux typologies du paysage domestique : la r\u00e2pe \u00e0 fromage<\/p>\n","protected":false},"featured_media":472631,"template":"","meta":{"_acf_changed":false,"inline_featured_image":false},"product_cat":[12748,26037],"product_tag":[14064,19076,12817],"acf":[],"yoast_head":"<!-- This site is optimized with the Yoast SEO Premium plugin v18.6 (Yoast SEO v19.13) - https:\/\/yoast.com\/wordpress\/plugins\/seo\/ -->\n<title>ALESSI Parmenide R\u00e2pe Noir - Erresse Shop<\/title>\n<meta name=\"description\" content=\"La r\u00e2pe \u00e0 fromage Parmenide, con\u00e7ue par Alejandro Ruiz, combine deux typologies du paysage domestique : la r\u00e2pe \u00e0 fromage et le bol \u00e0 fromage, devenant\" \/>\n<meta name=\"robots\" content=\"index, follow, max-snippet:-1, max-image-preview:large, max-video-preview:-1\" \/>\n<link rel=\"canonical\" href=\"https:\/\/www.erresse-shop.it\/fr\/shop\/cuisine\/rapes\/alessi-parmenide-rape-noir\/\" \/>\n<meta property=\"og:locale\" content=\"fr_FR\" \/>\n<meta property=\"og:type\" content=\"article\" \/>\n<meta property=\"og:title\" content=\"ALESSI Parmenide R\u00e2pe Noir\" \/>\n<meta property=\"og:description\" content=\"La r\u00e2pe \u00e0 fromage Parmenide, con\u00e7ue par Alejandro Ruiz, combine deux typologies du paysage domestique : la r\u00e2pe \u00e0 fromage et le bol \u00e0 fromage, devenant\" \/>\n<meta property=\"og:url\" content=\"https:\/\/www.erresse-shop.it\/fr\/shop\/cuisine\/rapes\/alessi-parmenide-rape-noir\/\" \/>\n<meta property=\"og:site_name\" content=\"Erresse Shop\" \/>\n<meta property=\"article:modified_time\" content=\"2026-02-23T09:46:22+00:00\" \/>\n<meta property=\"og:image\" content=\"https:\/\/www.erresse-shop.it\/wp-content\/uploads\/2025\/02\/ALESSI-Parmenide-Grattugia-Nero.jpg\" \/>\n\t<meta property=\"og:image:width\" content=\"1200\" \/>\n\t<meta property=\"og:image:height\" content=\"1200\" \/>\n\t<meta property=\"og:image:type\" content=\"image\/jpeg\" \/>\n<meta name=\"twitter:card\" content=\"summary_large_image\" \/>\n<script type=\"application\/ld+json\" class=\"yoast-schema-graph\">{\"@context\":\"https:\/\/schema.org\",\"@graph\":[{\"@type\":\"WebPage\",\"@id\":\"https:\/\/www.erresse-shop.it\/fr\/shop\/cuisine\/rapes\/alessi-parmenide-rape-noir\/\",\"url\":\"https:\/\/www.erresse-shop.it\/fr\/shop\/cuisine\/rapes\/alessi-parmenide-rape-noir\/\",\"name\":\"ALESSI Parmenide R\u00e2pe Noir - Erresse Shop\",\"isPartOf\":{\"@id\":\"https:\/\/www.erresse-shop.it\/fr\/#website\"},\"datePublished\":\"2025-02-27T08:49:37+00:00\",\"dateModified\":\"2026-02-23T09:46:22+00:00\",\"description\":\"La r\u00e2pe \u00e0 fromage Parmenide, con\u00e7ue par Alejandro Ruiz, combine deux typologies du paysage domestique : la r\u00e2pe \u00e0 fromage et le bol \u00e0 fromage, devenant\",\"breadcrumb\":{\"@id\":\"https:\/\/www.erresse-shop.it\/fr\/shop\/cuisine\/rapes\/alessi-parmenide-rape-noir\/#breadcrumb\"},\"inLanguage\":\"fr-FR\",\"potentialAction\":[{\"@type\":\"ReadAction\",\"target\":[\"https:\/\/www.erresse-shop.it\/fr\/shop\/cuisine\/rapes\/alessi-parmenide-rape-noir\/\"]}]},{\"@type\":\"BreadcrumbList\",\"@id\":\"https:\/\/www.erresse-shop.it\/fr\/shop\/cuisine\/rapes\/alessi-parmenide-rape-noir\/#breadcrumb\",\"itemListElement\":[{\"@type\":\"ListItem\",\"position\":1,\"name\":\"Home\",\"item\":\"https:\/\/www.erresse-shop.it\/fr\/\"},{\"@type\":\"ListItem\",\"position\":2,\"name\":\"Shop\",\"item\":\"https:\/\/www.erresse-shop.it\/fr\/shop\/\"},{\"@type\":\"ListItem\",\"position\":3,\"name\":\"ALESSI Parmenide R\u00e2pe Noir\"}]},{\"@type\":\"WebSite\",\"@id\":\"https:\/\/www.erresse-shop.it\/fr\/#website\",\"url\":\"https:\/\/www.erresse-shop.it\/fr\/\",\"name\":\"Erresse Shop\",\"description\":\"Articoli di qualit\u00e0 per la casa\",\"potentialAction\":[{\"@type\":\"SearchAction\",\"target\":{\"@type\":\"EntryPoint\",\"urlTemplate\":\"https:\/\/www.erresse-shop.it\/fr\/?s={search_term_string}\"},\"query-input\":\"required name=search_term_string\"}],\"inLanguage\":\"fr-FR\"}]}<\/script>\n<!-- \/ Yoast SEO Premium plugin. -->","yoast_head_json":{"title":"ALESSI Parmenide R\u00e2pe Noir - Erresse Shop","description":"La r\u00e2pe \u00e0 fromage Parmenide, con\u00e7ue par Alejandro Ruiz, combine deux typologies du paysage domestique : la r\u00e2pe \u00e0 fromage et le bol \u00e0 fromage, devenant","robots":{"index":"index","follow":"follow","max-snippet":"max-snippet:-1","max-image-preview":"max-image-preview:large","max-video-preview":"max-video-preview:-1"},"canonical":"https:\/\/www.erresse-shop.it\/fr\/shop\/cuisine\/rapes\/alessi-parmenide-rape-noir\/","og_locale":"fr_FR","og_type":"article","og_title":"ALESSI Parmenide R\u00e2pe Noir","og_description":"La r\u00e2pe \u00e0 fromage Parmenide, con\u00e7ue par Alejandro Ruiz, combine deux typologies du paysage domestique : la r\u00e2pe \u00e0 fromage et le bol \u00e0 fromage, devenant","og_url":"https:\/\/www.erresse-shop.it\/fr\/shop\/cuisine\/rapes\/alessi-parmenide-rape-noir\/","og_site_name":"Erresse Shop","article_modified_time":"2026-02-23T09:46:22+00:00","og_image":[{"width":1200,"height":1200,"url":"https:\/\/www.erresse-shop.it\/wp-content\/uploads\/2025\/02\/ALESSI-Parmenide-Grattugia-Nero.jpg","type":"image\/jpeg"}],"twitter_card":"summary_large_image","schema":{"@context":"https:\/\/schema.org","@graph":[{"@type":"WebPage","@id":"https:\/\/www.erresse-shop.it\/fr\/shop\/cuisine\/rapes\/alessi-parmenide-rape-noir\/","url":"https:\/\/www.erresse-shop.it\/fr\/shop\/cuisine\/rapes\/alessi-parmenide-rape-noir\/","name":"ALESSI Parmenide R\u00e2pe Noir - Erresse Shop","isPartOf":{"@id":"https:\/\/www.erresse-shop.it\/fr\/#website"},"datePublished":"2025-02-27T08:49:37+00:00","dateModified":"2026-02-23T09:46:22+00:00","description":"La r\u00e2pe \u00e0 fromage Parmenide, con\u00e7ue par Alejandro Ruiz, combine deux typologies du paysage domestique : la r\u00e2pe \u00e0 fromage et le bol \u00e0 fromage, devenant","breadcrumb":{"@id":"https:\/\/www.erresse-shop.it\/fr\/shop\/cuisine\/rapes\/alessi-parmenide-rape-noir\/#breadcrumb"},"inLanguage":"fr-FR","potentialAction":[{"@type":"ReadAction","target":["https:\/\/www.erresse-shop.it\/fr\/shop\/cuisine\/rapes\/alessi-parmenide-rape-noir\/"]}]},{"@type":"BreadcrumbList","@id":"https:\/\/www.erresse-shop.it\/fr\/shop\/cuisine\/rapes\/alessi-parmenide-rape-noir\/#breadcrumb","itemListElement":[{"@type":"ListItem","position":1,"name":"Home","item":"https:\/\/www.erresse-shop.it\/fr\/"},{"@type":"ListItem","position":2,"name":"Shop","item":"https:\/\/www.erresse-shop.it\/fr\/shop\/"},{"@type":"ListItem","position":3,"name":"ALESSI Parmenide R\u00e2pe Noir"}]},{"@type":"WebSite","@id":"https:\/\/www.erresse-shop.it\/fr\/#website","url":"https:\/\/www.erresse-shop.it\/fr\/","name":"Erresse Shop","description":"Articoli di qualit\u00e0 per la casa","potentialAction":[{"@type":"SearchAction","target":{"@type":"EntryPoint","urlTemplate":"https:\/\/www.erresse-shop.it\/fr\/?s={search_term_string}"},"query-input":"required name=search_term_string"}],"inLanguage":"fr-FR"}]}},"df_price":17.95,"df_sale_price":17.95,"df_regular_price":20,"df_image_link":"https:\/\/www.erresse-shop.it\/wp-content\/uploads\/2025\/02\/ALESSI-Parmenide-Grattugia-Nero-300x300.jpg","_links":{"self":[{"href":"https:\/\/www.erresse-shop.it\/fr\/wp-json\/wp\/v2\/product\/472583"}],"collection":[{"href":"https:\/\/www.erresse-shop.it\/fr\/wp-json\/wp\/v2\/product"}],"about":[{"href":"https:\/\/www.erresse-shop.it\/fr\/wp-json\/wp\/v2\/types\/product"}],"wp:featuredmedia":[{"embeddable":true,"href":"https:\/\/www.erresse-shop.it\/fr\/wp-json\/wp\/v2\/media\/472631"}],"wp:attachment":[{"href":"https:\/\/www.erresse-shop.it\/fr\/wp-json\/wp\/v2\/media?parent=472583"}],"wp:term":[{"taxonomy":"product_cat","embeddable":true,"href":"https:\/\/www.erresse-shop.it\/fr\/wp-json\/wp\/v2\/product_cat?post=472583"},{"taxonomy":"product_tag","embeddable":true,"href":"https:\/\/www.erresse-shop.it\/fr\/wp-json\/wp\/v2\/product_tag?post=472583"}],"curies":[{"name":"wp","href":"https:\/\/api.w.org\/{rel}","templated":true}]}}