{"id":472513,"date":"2025-02-27T07:53:14","date_gmt":"2025-02-27T07:53:18","guid":{"rendered":"https:\/\/www.erresse-shop.it\/?post_type=product&#038;p=472513"},"modified":"2025-11-20T17:29:08","modified_gmt":"2025-11-20T17:29:08","slug":"alessi-mediterraneo-porte-fruits-inox-25-cm-copia","status":"publish","type":"product","link":"https:\/\/www.erresse-shop.it\/fr\/shop\/table-fr-2\/recipients-et-bols\/alessi-mediterraneo-porte-fruits-inox-25-cm-copia\/","title":{"rendered":"ALESSI Mediterraneo Porte-Fruits Rouge 25 cm"},"content":{"rendered":"<p>La naturaleza de los fondos marinos inspira el frutero Mediterr\u00e1neo. LPWK- Emma Silvestris celebran el coral, trasladando al metal el aura m\u00e1gica y simb\u00f3lica del mundo submarino. Fabricado en acero inoxidable, el frutero Mediterr\u00e1neo lleva a la mesa la luz y las formas esenciales que pueblan el mar.<\/p>\n<p>Caracter\u00edsticas<br \/>\n&#8211; Material: Acero<br \/>\n&#8211; Di\u00e1metro: 25 cm<br \/>\n&#8211; Altura: 9 cm<\/p>\n","protected":false},"excerpt":{"rendered":"<p>La naturaleza de los fondos marinos inspira el frutero Mediterr\u00e1neo. LPWK- Emma Silvestris celebran el coral, trasladando al metal el<\/p>\n","protected":false},"featured_media":472530,"template":"","meta":{"_acf_changed":false,"inline_featured_image":false},"product_cat":[14244,12782],"product_tag":[15901,13671,14247,13485,23838],"acf":[],"yoast_head":"<!-- This site is optimized with the Yoast SEO Premium plugin v18.6 (Yoast SEO v19.13) - https:\/\/yoast.com\/wordpress\/plugins\/seo\/ -->\n<title>ALESSI Mediterraneo Porte-Fruits Rouge 25 cm - Erresse Shop<\/title>\n<meta name=\"description\" content=\"La naturaleza de los fondos marinos inspira el frutero Mediterr\u00e1neo. LPWK- Emma Silvestris celebran el coral, trasladando al metal el aura m\u00e1gica y\" \/>\n<meta name=\"robots\" content=\"index, follow, max-snippet:-1, max-image-preview:large, max-video-preview:-1\" \/>\n<link rel=\"canonical\" href=\"https:\/\/www.erresse-shop.it\/fr\/shop\/table-fr-2\/recipients-et-bols\/alessi-mediterraneo-porte-fruits-inox-25-cm-copia\/\" \/>\n<meta property=\"og:locale\" content=\"fr_FR\" \/>\n<meta property=\"og:type\" content=\"article\" \/>\n<meta property=\"og:title\" content=\"ALESSI Mediterraneo Porte-Fruits Rouge 25 cm\" \/>\n<meta property=\"og:description\" content=\"La naturaleza de los fondos marinos inspira el frutero Mediterr\u00e1neo. LPWK- Emma Silvestris celebran el coral, trasladando al metal el aura m\u00e1gica y\" \/>\n<meta property=\"og:url\" content=\"https:\/\/www.erresse-shop.it\/fr\/shop\/table-fr-2\/recipients-et-bols\/alessi-mediterraneo-porte-fruits-inox-25-cm-copia\/\" \/>\n<meta property=\"og:site_name\" content=\"Erresse Shop\" \/>\n<meta property=\"article:modified_time\" content=\"2025-11-20T17:29:08+00:00\" \/>\n<meta property=\"og:image\" content=\"https:\/\/www.erresse-shop.it\/wp-content\/uploads\/2025\/02\/ALESSI-Mediterraneo-Fruttiera-Rosso-25-cm.jpg\" \/>\n\t<meta property=\"og:image:width\" content=\"1200\" \/>\n\t<meta property=\"og:image:height\" content=\"1200\" \/>\n\t<meta property=\"og:image:type\" content=\"image\/jpeg\" \/>\n<meta name=\"twitter:card\" content=\"summary_large_image\" \/>\n<script type=\"application\/ld+json\" class=\"yoast-schema-graph\">{\"@context\":\"https:\/\/schema.org\",\"@graph\":[{\"@type\":\"WebPage\",\"@id\":\"https:\/\/www.erresse-shop.it\/fr\/shop\/table-fr-2\/recipients-et-bols\/alessi-mediterraneo-porte-fruits-inox-25-cm-copia\/\",\"url\":\"https:\/\/www.erresse-shop.it\/fr\/shop\/table-fr-2\/recipients-et-bols\/alessi-mediterraneo-porte-fruits-inox-25-cm-copia\/\",\"name\":\"ALESSI Mediterraneo Porte-Fruits Rouge 25 cm - Erresse Shop\",\"isPartOf\":{\"@id\":\"https:\/\/www.erresse-shop.it\/fr\/#website\"},\"datePublished\":\"2025-02-27T07:53:18+00:00\",\"dateModified\":\"2025-11-20T17:29:08+00:00\",\"description\":\"La naturaleza de los fondos marinos inspira el frutero Mediterr\u00e1neo. LPWK- Emma Silvestris celebran el coral, trasladando al metal el aura m\u00e1gica y\",\"breadcrumb\":{\"@id\":\"https:\/\/www.erresse-shop.it\/fr\/shop\/table-fr-2\/recipients-et-bols\/alessi-mediterraneo-porte-fruits-inox-25-cm-copia\/#breadcrumb\"},\"inLanguage\":\"fr-FR\",\"potentialAction\":[{\"@type\":\"ReadAction\",\"target\":[\"https:\/\/www.erresse-shop.it\/fr\/shop\/table-fr-2\/recipients-et-bols\/alessi-mediterraneo-porte-fruits-inox-25-cm-copia\/\"]}]},{\"@type\":\"BreadcrumbList\",\"@id\":\"https:\/\/www.erresse-shop.it\/fr\/shop\/table-fr-2\/recipients-et-bols\/alessi-mediterraneo-porte-fruits-inox-25-cm-copia\/#breadcrumb\",\"itemListElement\":[{\"@type\":\"ListItem\",\"position\":1,\"name\":\"Home\",\"item\":\"https:\/\/www.erresse-shop.it\/fr\/\"},{\"@type\":\"ListItem\",\"position\":2,\"name\":\"Shop\",\"item\":\"https:\/\/www.erresse-shop.it\/fr\/shop\/\"},{\"@type\":\"ListItem\",\"position\":3,\"name\":\"ALESSI Mediterraneo Porte-Fruits Rouge 25 cm\"}]},{\"@type\":\"WebSite\",\"@id\":\"https:\/\/www.erresse-shop.it\/fr\/#website\",\"url\":\"https:\/\/www.erresse-shop.it\/fr\/\",\"name\":\"Erresse Shop\",\"description\":\"Articoli di qualit\u00e0 per la casa\",\"potentialAction\":[{\"@type\":\"SearchAction\",\"target\":{\"@type\":\"EntryPoint\",\"urlTemplate\":\"https:\/\/www.erresse-shop.it\/fr\/?s={search_term_string}\"},\"query-input\":\"required name=search_term_string\"}],\"inLanguage\":\"fr-FR\"}]}<\/script>\n<!-- \/ Yoast SEO Premium plugin. -->","yoast_head_json":{"title":"ALESSI Mediterraneo Porte-Fruits Rouge 25 cm - Erresse Shop","description":"La naturaleza de los fondos marinos inspira el frutero Mediterr\u00e1neo. LPWK- Emma Silvestris celebran el coral, trasladando al metal el aura m\u00e1gica y","robots":{"index":"index","follow":"follow","max-snippet":"max-snippet:-1","max-image-preview":"max-image-preview:large","max-video-preview":"max-video-preview:-1"},"canonical":"https:\/\/www.erresse-shop.it\/fr\/shop\/table-fr-2\/recipients-et-bols\/alessi-mediterraneo-porte-fruits-inox-25-cm-copia\/","og_locale":"fr_FR","og_type":"article","og_title":"ALESSI Mediterraneo Porte-Fruits Rouge 25 cm","og_description":"La naturaleza de los fondos marinos inspira el frutero Mediterr\u00e1neo. LPWK- Emma Silvestris celebran el coral, trasladando al metal el aura m\u00e1gica y","og_url":"https:\/\/www.erresse-shop.it\/fr\/shop\/table-fr-2\/recipients-et-bols\/alessi-mediterraneo-porte-fruits-inox-25-cm-copia\/","og_site_name":"Erresse Shop","article_modified_time":"2025-11-20T17:29:08+00:00","og_image":[{"width":1200,"height":1200,"url":"https:\/\/www.erresse-shop.it\/wp-content\/uploads\/2025\/02\/ALESSI-Mediterraneo-Fruttiera-Rosso-25-cm.jpg","type":"image\/jpeg"}],"twitter_card":"summary_large_image","schema":{"@context":"https:\/\/schema.org","@graph":[{"@type":"WebPage","@id":"https:\/\/www.erresse-shop.it\/fr\/shop\/table-fr-2\/recipients-et-bols\/alessi-mediterraneo-porte-fruits-inox-25-cm-copia\/","url":"https:\/\/www.erresse-shop.it\/fr\/shop\/table-fr-2\/recipients-et-bols\/alessi-mediterraneo-porte-fruits-inox-25-cm-copia\/","name":"ALESSI Mediterraneo Porte-Fruits Rouge 25 cm - Erresse Shop","isPartOf":{"@id":"https:\/\/www.erresse-shop.it\/fr\/#website"},"datePublished":"2025-02-27T07:53:18+00:00","dateModified":"2025-11-20T17:29:08+00:00","description":"La naturaleza de los fondos marinos inspira el frutero Mediterr\u00e1neo. LPWK- Emma Silvestris celebran el coral, trasladando al metal el aura m\u00e1gica y","breadcrumb":{"@id":"https:\/\/www.erresse-shop.it\/fr\/shop\/table-fr-2\/recipients-et-bols\/alessi-mediterraneo-porte-fruits-inox-25-cm-copia\/#breadcrumb"},"inLanguage":"fr-FR","potentialAction":[{"@type":"ReadAction","target":["https:\/\/www.erresse-shop.it\/fr\/shop\/table-fr-2\/recipients-et-bols\/alessi-mediterraneo-porte-fruits-inox-25-cm-copia\/"]}]},{"@type":"BreadcrumbList","@id":"https:\/\/www.erresse-shop.it\/fr\/shop\/table-fr-2\/recipients-et-bols\/alessi-mediterraneo-porte-fruits-inox-25-cm-copia\/#breadcrumb","itemListElement":[{"@type":"ListItem","position":1,"name":"Home","item":"https:\/\/www.erresse-shop.it\/fr\/"},{"@type":"ListItem","position":2,"name":"Shop","item":"https:\/\/www.erresse-shop.it\/fr\/shop\/"},{"@type":"ListItem","position":3,"name":"ALESSI Mediterraneo Porte-Fruits Rouge 25 cm"}]},{"@type":"WebSite","@id":"https:\/\/www.erresse-shop.it\/fr\/#website","url":"https:\/\/www.erresse-shop.it\/fr\/","name":"Erresse Shop","description":"Articoli di qualit\u00e0 per la casa","potentialAction":[{"@type":"SearchAction","target":{"@type":"EntryPoint","urlTemplate":"https:\/\/www.erresse-shop.it\/fr\/?s={search_term_string}"},"query-input":"required name=search_term_string"}],"inLanguage":"fr-FR"}]}},"df_price":64,"df_sale_price":64,"df_regular_price":80,"df_image_link":"https:\/\/www.erresse-shop.it\/wp-content\/uploads\/2025\/02\/ALESSI-Mediterraneo-Fruttiera-Rosso-25-cm-300x300.jpg","_links":{"self":[{"href":"https:\/\/www.erresse-shop.it\/fr\/wp-json\/wp\/v2\/product\/472513"}],"collection":[{"href":"https:\/\/www.erresse-shop.it\/fr\/wp-json\/wp\/v2\/product"}],"about":[{"href":"https:\/\/www.erresse-shop.it\/fr\/wp-json\/wp\/v2\/types\/product"}],"wp:featuredmedia":[{"embeddable":true,"href":"https:\/\/www.erresse-shop.it\/fr\/wp-json\/wp\/v2\/media\/472530"}],"wp:attachment":[{"href":"https:\/\/www.erresse-shop.it\/fr\/wp-json\/wp\/v2\/media?parent=472513"}],"wp:term":[{"taxonomy":"product_cat","embeddable":true,"href":"https:\/\/www.erresse-shop.it\/fr\/wp-json\/wp\/v2\/product_cat?post=472513"},{"taxonomy":"product_tag","embeddable":true,"href":"https:\/\/www.erresse-shop.it\/fr\/wp-json\/wp\/v2\/product_tag?post=472513"}],"curies":[{"name":"wp","href":"https:\/\/api.w.org\/{rel}","templated":true}]}}