{"id":472408,"date":"2025-02-27T06:47:08","date_gmt":"2025-02-27T06:47:26","guid":{"rendered":"https:\/\/www.erresse-shop.it\/?post_type=product&#038;p=472408"},"modified":"2026-02-23T09:48:10","modified_gmt":"2026-02-23T09:48:10","slug":"alessi-la-cintura-di-orione-cocotte-conique-20-cm","status":"publish","type":"product","link":"https:\/\/www.erresse-shop.it\/fr\/shop\/poeles-pots\/casseroles\/alessi-la-cintura-di-orione-cocotte-conique-20-cm\/","title":{"rendered":"ALESSI La Cintura di Orione Cocotte conique 20 cm"},"content":{"rendered":"<p>Pour ceux qui aiment cuisiner et veulent cr\u00e9er des plats savoureux et sophistiqu\u00e9s, la s\u00e9rie d&#8217;ustensiles de cuisine en trilamine La Cintura di Orione offre des caract\u00e9ristiques professionnelles et une grande qualit\u00e9. La casserole conique ou Sauteuse, gr\u00e2ce \u00e0 la forme inclin\u00e9e de ses parois, est le r\u00e9cipient id\u00e9al pour les pr\u00e9parations qui n\u00e9cessitent d&#8217;\u00eatre remu\u00e9es, comme les sauces, les cr\u00e8mes ou les pur\u00e9es. Convient \u00e0 toutes les sources de chaleur, y compris l&#8217;induction.<\/p>\n<p>Cocotte ou sauteuse conique en trilamine (AISI 430, aluminium, acier inoxydable 18\/10). Le fond en acier magn\u00e9tique convient \u00e9galement \u00e0 la cuisson par induction.<\/p>\n<p><strong>Caract\u00e9ristiques :<\/strong><\/p>\n<ul>\n<li>Capacit\u00e9 (cl) : 200.00<\/li>\n<li>Hauteur (cm) : 7.00<\/li>\n<li>Longueur (cm) : 41.00<\/li>\n<li>Largeur (cm) : 20.00<\/li>\n<\/ul>\n","protected":false},"excerpt":{"rendered":"<p>Pour ceux qui aiment cuisiner et veulent cr\u00e9er des plats savoureux et sophistiqu\u00e9s, la s\u00e9rie d&#8217;ustensiles de cuisine en trilamine<\/p>\n","protected":false},"featured_media":472425,"template":"","meta":{"_acf_changed":false,"inline_featured_image":false},"product_cat":[12458,14777],"product_tag":[21529,12461,12465],"acf":[],"yoast_head":"<!-- This site is optimized with the Yoast SEO Premium plugin v18.6 (Yoast SEO v19.13) - https:\/\/yoast.com\/wordpress\/plugins\/seo\/ -->\n<title>ALESSI La Cintura di Orione Cocotte conique 20 cm - Erresse Shop<\/title>\n<meta name=\"description\" content=\"Pour ceux qui aiment cuisiner et veulent cr\u00e9er des plats savoureux et sophistiqu\u00e9s, la s\u00e9rie d&#039;ustensiles de cuisine en trilamine La Cintura di Orione\" \/>\n<meta name=\"robots\" content=\"index, follow, max-snippet:-1, max-image-preview:large, max-video-preview:-1\" \/>\n<link rel=\"canonical\" href=\"https:\/\/www.erresse-shop.it\/fr\/shop\/poeles-pots\/casseroles\/alessi-la-cintura-di-orione-cocotte-conique-20-cm\/\" \/>\n<meta property=\"og:locale\" content=\"fr_FR\" \/>\n<meta property=\"og:type\" content=\"article\" \/>\n<meta property=\"og:title\" content=\"ALESSI La Cintura di Orione Cocotte conique 20 cm\" \/>\n<meta property=\"og:description\" content=\"Pour ceux qui aiment cuisiner et veulent cr\u00e9er des plats savoureux et sophistiqu\u00e9s, la s\u00e9rie d&#039;ustensiles de cuisine en trilamine La Cintura di Orione\" \/>\n<meta property=\"og:url\" content=\"https:\/\/www.erresse-shop.it\/fr\/shop\/poeles-pots\/casseroles\/alessi-la-cintura-di-orione-cocotte-conique-20-cm\/\" \/>\n<meta property=\"og:site_name\" content=\"Erresse Shop\" \/>\n<meta property=\"article:modified_time\" content=\"2026-02-23T09:48:10+00:00\" \/>\n<meta property=\"og:image\" content=\"https:\/\/www.erresse-shop.it\/wp-content\/uploads\/2025\/02\/ALESSI-La-Cintura-di-Orione-Casseruola-Conica-20-cm.jpg\" \/>\n\t<meta property=\"og:image:width\" content=\"1200\" \/>\n\t<meta property=\"og:image:height\" content=\"1200\" \/>\n\t<meta property=\"og:image:type\" content=\"image\/jpeg\" \/>\n<meta name=\"twitter:card\" content=\"summary_large_image\" \/>\n<script type=\"application\/ld+json\" class=\"yoast-schema-graph\">{\"@context\":\"https:\/\/schema.org\",\"@graph\":[{\"@type\":\"WebPage\",\"@id\":\"https:\/\/www.erresse-shop.it\/fr\/shop\/poeles-pots\/casseroles\/alessi-la-cintura-di-orione-cocotte-conique-20-cm\/\",\"url\":\"https:\/\/www.erresse-shop.it\/fr\/shop\/poeles-pots\/casseroles\/alessi-la-cintura-di-orione-cocotte-conique-20-cm\/\",\"name\":\"ALESSI La Cintura di Orione Cocotte conique 20 cm - Erresse Shop\",\"isPartOf\":{\"@id\":\"https:\/\/www.erresse-shop.it\/fr\/#website\"},\"datePublished\":\"2025-02-27T06:47:26+00:00\",\"dateModified\":\"2026-02-23T09:48:10+00:00\",\"description\":\"Pour ceux qui aiment cuisiner et veulent cr\u00e9er des plats savoureux et sophistiqu\u00e9s, la s\u00e9rie d'ustensiles de cuisine en trilamine La Cintura di Orione\",\"breadcrumb\":{\"@id\":\"https:\/\/www.erresse-shop.it\/fr\/shop\/poeles-pots\/casseroles\/alessi-la-cintura-di-orione-cocotte-conique-20-cm\/#breadcrumb\"},\"inLanguage\":\"fr-FR\",\"potentialAction\":[{\"@type\":\"ReadAction\",\"target\":[\"https:\/\/www.erresse-shop.it\/fr\/shop\/poeles-pots\/casseroles\/alessi-la-cintura-di-orione-cocotte-conique-20-cm\/\"]}]},{\"@type\":\"BreadcrumbList\",\"@id\":\"https:\/\/www.erresse-shop.it\/fr\/shop\/poeles-pots\/casseroles\/alessi-la-cintura-di-orione-cocotte-conique-20-cm\/#breadcrumb\",\"itemListElement\":[{\"@type\":\"ListItem\",\"position\":1,\"name\":\"Home\",\"item\":\"https:\/\/www.erresse-shop.it\/fr\/\"},{\"@type\":\"ListItem\",\"position\":2,\"name\":\"Shop\",\"item\":\"https:\/\/www.erresse-shop.it\/fr\/shop\/\"},{\"@type\":\"ListItem\",\"position\":3,\"name\":\"ALESSI La Cintura di Orione Cocotte conique 20 cm\"}]},{\"@type\":\"WebSite\",\"@id\":\"https:\/\/www.erresse-shop.it\/fr\/#website\",\"url\":\"https:\/\/www.erresse-shop.it\/fr\/\",\"name\":\"Erresse Shop\",\"description\":\"Articoli di qualit\u00e0 per la casa\",\"potentialAction\":[{\"@type\":\"SearchAction\",\"target\":{\"@type\":\"EntryPoint\",\"urlTemplate\":\"https:\/\/www.erresse-shop.it\/fr\/?s={search_term_string}\"},\"query-input\":\"required name=search_term_string\"}],\"inLanguage\":\"fr-FR\"}]}<\/script>\n<!-- \/ Yoast SEO Premium plugin. -->","yoast_head_json":{"title":"ALESSI La Cintura di Orione Cocotte conique 20 cm - Erresse Shop","description":"Pour ceux qui aiment cuisiner et veulent cr\u00e9er des plats savoureux et sophistiqu\u00e9s, la s\u00e9rie d'ustensiles de cuisine en trilamine La Cintura di Orione","robots":{"index":"index","follow":"follow","max-snippet":"max-snippet:-1","max-image-preview":"max-image-preview:large","max-video-preview":"max-video-preview:-1"},"canonical":"https:\/\/www.erresse-shop.it\/fr\/shop\/poeles-pots\/casseroles\/alessi-la-cintura-di-orione-cocotte-conique-20-cm\/","og_locale":"fr_FR","og_type":"article","og_title":"ALESSI La Cintura di Orione Cocotte conique 20 cm","og_description":"Pour ceux qui aiment cuisiner et veulent cr\u00e9er des plats savoureux et sophistiqu\u00e9s, la s\u00e9rie d'ustensiles de cuisine en trilamine La Cintura di Orione","og_url":"https:\/\/www.erresse-shop.it\/fr\/shop\/poeles-pots\/casseroles\/alessi-la-cintura-di-orione-cocotte-conique-20-cm\/","og_site_name":"Erresse Shop","article_modified_time":"2026-02-23T09:48:10+00:00","og_image":[{"width":1200,"height":1200,"url":"https:\/\/www.erresse-shop.it\/wp-content\/uploads\/2025\/02\/ALESSI-La-Cintura-di-Orione-Casseruola-Conica-20-cm.jpg","type":"image\/jpeg"}],"twitter_card":"summary_large_image","schema":{"@context":"https:\/\/schema.org","@graph":[{"@type":"WebPage","@id":"https:\/\/www.erresse-shop.it\/fr\/shop\/poeles-pots\/casseroles\/alessi-la-cintura-di-orione-cocotte-conique-20-cm\/","url":"https:\/\/www.erresse-shop.it\/fr\/shop\/poeles-pots\/casseroles\/alessi-la-cintura-di-orione-cocotte-conique-20-cm\/","name":"ALESSI La Cintura di Orione Cocotte conique 20 cm - Erresse Shop","isPartOf":{"@id":"https:\/\/www.erresse-shop.it\/fr\/#website"},"datePublished":"2025-02-27T06:47:26+00:00","dateModified":"2026-02-23T09:48:10+00:00","description":"Pour ceux qui aiment cuisiner et veulent cr\u00e9er des plats savoureux et sophistiqu\u00e9s, la s\u00e9rie d'ustensiles de cuisine en trilamine La Cintura di Orione","breadcrumb":{"@id":"https:\/\/www.erresse-shop.it\/fr\/shop\/poeles-pots\/casseroles\/alessi-la-cintura-di-orione-cocotte-conique-20-cm\/#breadcrumb"},"inLanguage":"fr-FR","potentialAction":[{"@type":"ReadAction","target":["https:\/\/www.erresse-shop.it\/fr\/shop\/poeles-pots\/casseroles\/alessi-la-cintura-di-orione-cocotte-conique-20-cm\/"]}]},{"@type":"BreadcrumbList","@id":"https:\/\/www.erresse-shop.it\/fr\/shop\/poeles-pots\/casseroles\/alessi-la-cintura-di-orione-cocotte-conique-20-cm\/#breadcrumb","itemListElement":[{"@type":"ListItem","position":1,"name":"Home","item":"https:\/\/www.erresse-shop.it\/fr\/"},{"@type":"ListItem","position":2,"name":"Shop","item":"https:\/\/www.erresse-shop.it\/fr\/shop\/"},{"@type":"ListItem","position":3,"name":"ALESSI La Cintura di Orione Cocotte conique 20 cm"}]},{"@type":"WebSite","@id":"https:\/\/www.erresse-shop.it\/fr\/#website","url":"https:\/\/www.erresse-shop.it\/fr\/","name":"Erresse Shop","description":"Articoli di qualit\u00e0 per la casa","potentialAction":[{"@type":"SearchAction","target":{"@type":"EntryPoint","urlTemplate":"https:\/\/www.erresse-shop.it\/fr\/?s={search_term_string}"},"query-input":"required name=search_term_string"}],"inLanguage":"fr-FR"}]}},"df_price":75,"df_sale_price":75,"df_regular_price":150,"df_image_link":"https:\/\/www.erresse-shop.it\/wp-content\/uploads\/2025\/02\/ALESSI-La-Cintura-di-Orione-Casseruola-Conica-20-cm-300x300.jpg","_links":{"self":[{"href":"https:\/\/www.erresse-shop.it\/fr\/wp-json\/wp\/v2\/product\/472408"}],"collection":[{"href":"https:\/\/www.erresse-shop.it\/fr\/wp-json\/wp\/v2\/product"}],"about":[{"href":"https:\/\/www.erresse-shop.it\/fr\/wp-json\/wp\/v2\/types\/product"}],"wp:featuredmedia":[{"embeddable":true,"href":"https:\/\/www.erresse-shop.it\/fr\/wp-json\/wp\/v2\/media\/472425"}],"wp:attachment":[{"href":"https:\/\/www.erresse-shop.it\/fr\/wp-json\/wp\/v2\/media?parent=472408"}],"wp:term":[{"taxonomy":"product_cat","embeddable":true,"href":"https:\/\/www.erresse-shop.it\/fr\/wp-json\/wp\/v2\/product_cat?post=472408"},{"taxonomy":"product_tag","embeddable":true,"href":"https:\/\/www.erresse-shop.it\/fr\/wp-json\/wp\/v2\/product_tag?post=472408"}],"curies":[{"name":"wp","href":"https:\/\/api.w.org\/{rel}","templated":true}]}}