{"id":472340,"date":"2025-02-26T14:37:02","date_gmt":"2025-02-26T14:37:04","guid":{"rendered":"https:\/\/www.erresse-shop.it\/?post_type=product&#038;p=472340"},"modified":"2025-02-26T14:55:50","modified_gmt":"2025-02-26T14:55:50","slug":"alessi-la-cintura-di-orione-poele-lyonnaise-28-cm-copia","status":"publish","type":"product","link":"https:\/\/www.erresse-shop.it\/fr\/shop\/poeles-pots\/casseroles\/alessi-la-cintura-di-orione-poele-lyonnaise-28-cm-copia\/","title":{"rendered":"ALESSI La Cintura di Orione Pot 20 cm"},"content":{"rendered":"<p>Con\u00e7ue par Richard Sapper, la s\u00e9rie d&#8217;ustensiles de cuisine La Cintura di Orione a \u00e9t\u00e9 d\u00e9velopp\u00e9e sur les conseils du chef \u00e9toil\u00e9 Gualtiero Marchesi. De forme cylindrique, elle est fabriqu\u00e9e en trilamine (acier, aluminium, acier), ce qui garantit une r\u00e9partition optimale de la chaleur sur toute la surface de la casserole et permet \u00e9galement de l&#8217;utiliser sur des sources de chaleur \u00e0 induction. Id\u00e9ale pour faire bouillir, mijoter ou cuire \u00e0 la vapeur.<\/p>\n<p>Batterie de cuisine en trilamine (AISI 430, aluminium, acier inoxydable 18\/10). Le fond en acier magn\u00e9tique convient \u00e9galement \u00e0 la cuisson par induction.<\/p>\n<p><strong>Caract\u00e9ristiques :<\/strong><\/p>\n<ul>\n<li>Capacit\u00e9 (cl) : 580.00<\/li>\n<li>Hauteur (cm) : 18.00<\/li>\n<li>Longueur (cm) : 26.00<\/li>\n<li>Largeur (cm) : 20.00<\/li>\n<\/ul>\n","protected":false},"excerpt":{"rendered":"<p>Con\u00e7ue par Richard Sapper, la s\u00e9rie d&#8217;ustensiles de cuisine La Cintura di Orione a \u00e9t\u00e9 d\u00e9velopp\u00e9e sur les conseils du<\/p>\n","protected":false},"featured_media":472357,"template":"","meta":{"_acf_changed":false,"inline_featured_image":false},"product_cat":[12458,14777],"product_tag":[13052,21529,12461,12468],"acf":[],"yoast_head":"<!-- This site is optimized with the Yoast SEO Premium plugin v18.6 (Yoast SEO v19.13) - https:\/\/yoast.com\/wordpress\/plugins\/seo\/ -->\n<title>ALESSI La Cintura di Orione Pot 20 cm - Erresse Shop<\/title>\n<meta name=\"description\" content=\"Con\u00e7ue par Richard Sapper, la s\u00e9rie d&#039;ustensiles de cuisine La Cintura di Orione a \u00e9t\u00e9 d\u00e9velopp\u00e9e sur les conseils du chef \u00e9toil\u00e9 Gualtiero Marchesi. De\" \/>\n<meta name=\"robots\" content=\"index, follow, max-snippet:-1, max-image-preview:large, max-video-preview:-1\" \/>\n<link rel=\"canonical\" href=\"https:\/\/www.erresse-shop.it\/fr\/shop\/poeles-pots\/casseroles\/alessi-la-cintura-di-orione-poele-lyonnaise-28-cm-copia\/\" \/>\n<meta property=\"og:locale\" content=\"fr_FR\" \/>\n<meta property=\"og:type\" content=\"article\" \/>\n<meta property=\"og:title\" content=\"ALESSI La Cintura di Orione Pot 20 cm\" \/>\n<meta property=\"og:description\" content=\"Con\u00e7ue par Richard Sapper, la s\u00e9rie d&#039;ustensiles de cuisine La Cintura di Orione a \u00e9t\u00e9 d\u00e9velopp\u00e9e sur les conseils du chef \u00e9toil\u00e9 Gualtiero Marchesi. De\" \/>\n<meta property=\"og:url\" content=\"https:\/\/www.erresse-shop.it\/fr\/shop\/poeles-pots\/casseroles\/alessi-la-cintura-di-orione-poele-lyonnaise-28-cm-copia\/\" \/>\n<meta property=\"og:site_name\" content=\"Erresse Shop\" \/>\n<meta property=\"article:modified_time\" content=\"2025-02-26T14:55:50+00:00\" \/>\n<meta property=\"og:image\" content=\"https:\/\/www.erresse-shop.it\/wp-content\/uploads\/2025\/02\/ALESSI-La-Cintura-di-Orione-Pentola-20-cm.jpg\" \/>\n\t<meta property=\"og:image:width\" content=\"1200\" \/>\n\t<meta property=\"og:image:height\" content=\"1200\" \/>\n\t<meta property=\"og:image:type\" content=\"image\/jpeg\" \/>\n<meta name=\"twitter:card\" content=\"summary_large_image\" \/>\n<script type=\"application\/ld+json\" class=\"yoast-schema-graph\">{\"@context\":\"https:\/\/schema.org\",\"@graph\":[{\"@type\":\"WebPage\",\"@id\":\"https:\/\/www.erresse-shop.it\/fr\/shop\/poeles-pots\/casseroles\/alessi-la-cintura-di-orione-poele-lyonnaise-28-cm-copia\/\",\"url\":\"https:\/\/www.erresse-shop.it\/fr\/shop\/poeles-pots\/casseroles\/alessi-la-cintura-di-orione-poele-lyonnaise-28-cm-copia\/\",\"name\":\"ALESSI La Cintura di Orione Pot 20 cm - Erresse Shop\",\"isPartOf\":{\"@id\":\"https:\/\/www.erresse-shop.it\/fr\/#website\"},\"datePublished\":\"2025-02-26T14:37:04+00:00\",\"dateModified\":\"2025-02-26T14:55:50+00:00\",\"description\":\"Con\u00e7ue par Richard Sapper, la s\u00e9rie d'ustensiles de cuisine La Cintura di Orione a \u00e9t\u00e9 d\u00e9velopp\u00e9e sur les conseils du chef \u00e9toil\u00e9 Gualtiero Marchesi. De\",\"breadcrumb\":{\"@id\":\"https:\/\/www.erresse-shop.it\/fr\/shop\/poeles-pots\/casseroles\/alessi-la-cintura-di-orione-poele-lyonnaise-28-cm-copia\/#breadcrumb\"},\"inLanguage\":\"fr-FR\",\"potentialAction\":[{\"@type\":\"ReadAction\",\"target\":[\"https:\/\/www.erresse-shop.it\/fr\/shop\/poeles-pots\/casseroles\/alessi-la-cintura-di-orione-poele-lyonnaise-28-cm-copia\/\"]}]},{\"@type\":\"BreadcrumbList\",\"@id\":\"https:\/\/www.erresse-shop.it\/fr\/shop\/poeles-pots\/casseroles\/alessi-la-cintura-di-orione-poele-lyonnaise-28-cm-copia\/#breadcrumb\",\"itemListElement\":[{\"@type\":\"ListItem\",\"position\":1,\"name\":\"Home\",\"item\":\"https:\/\/www.erresse-shop.it\/fr\/\"},{\"@type\":\"ListItem\",\"position\":2,\"name\":\"Shop\",\"item\":\"https:\/\/www.erresse-shop.it\/fr\/shop\/\"},{\"@type\":\"ListItem\",\"position\":3,\"name\":\"ALESSI La Cintura di Orione Pot 20 cm\"}]},{\"@type\":\"WebSite\",\"@id\":\"https:\/\/www.erresse-shop.it\/fr\/#website\",\"url\":\"https:\/\/www.erresse-shop.it\/fr\/\",\"name\":\"Erresse Shop\",\"description\":\"Articoli di qualit\u00e0 per la casa\",\"potentialAction\":[{\"@type\":\"SearchAction\",\"target\":{\"@type\":\"EntryPoint\",\"urlTemplate\":\"https:\/\/www.erresse-shop.it\/fr\/?s={search_term_string}\"},\"query-input\":\"required name=search_term_string\"}],\"inLanguage\":\"fr-FR\"}]}<\/script>\n<!-- \/ Yoast SEO Premium plugin. -->","yoast_head_json":{"title":"ALESSI La Cintura di Orione Pot 20 cm - Erresse Shop","description":"Con\u00e7ue par Richard Sapper, la s\u00e9rie d'ustensiles de cuisine La Cintura di Orione a \u00e9t\u00e9 d\u00e9velopp\u00e9e sur les conseils du chef \u00e9toil\u00e9 Gualtiero Marchesi. De","robots":{"index":"index","follow":"follow","max-snippet":"max-snippet:-1","max-image-preview":"max-image-preview:large","max-video-preview":"max-video-preview:-1"},"canonical":"https:\/\/www.erresse-shop.it\/fr\/shop\/poeles-pots\/casseroles\/alessi-la-cintura-di-orione-poele-lyonnaise-28-cm-copia\/","og_locale":"fr_FR","og_type":"article","og_title":"ALESSI La Cintura di Orione Pot 20 cm","og_description":"Con\u00e7ue par Richard Sapper, la s\u00e9rie d'ustensiles de cuisine La Cintura di Orione a \u00e9t\u00e9 d\u00e9velopp\u00e9e sur les conseils du chef \u00e9toil\u00e9 Gualtiero Marchesi. De","og_url":"https:\/\/www.erresse-shop.it\/fr\/shop\/poeles-pots\/casseroles\/alessi-la-cintura-di-orione-poele-lyonnaise-28-cm-copia\/","og_site_name":"Erresse Shop","article_modified_time":"2025-02-26T14:55:50+00:00","og_image":[{"width":1200,"height":1200,"url":"https:\/\/www.erresse-shop.it\/wp-content\/uploads\/2025\/02\/ALESSI-La-Cintura-di-Orione-Pentola-20-cm.jpg","type":"image\/jpeg"}],"twitter_card":"summary_large_image","schema":{"@context":"https:\/\/schema.org","@graph":[{"@type":"WebPage","@id":"https:\/\/www.erresse-shop.it\/fr\/shop\/poeles-pots\/casseroles\/alessi-la-cintura-di-orione-poele-lyonnaise-28-cm-copia\/","url":"https:\/\/www.erresse-shop.it\/fr\/shop\/poeles-pots\/casseroles\/alessi-la-cintura-di-orione-poele-lyonnaise-28-cm-copia\/","name":"ALESSI La Cintura di Orione Pot 20 cm - Erresse Shop","isPartOf":{"@id":"https:\/\/www.erresse-shop.it\/fr\/#website"},"datePublished":"2025-02-26T14:37:04+00:00","dateModified":"2025-02-26T14:55:50+00:00","description":"Con\u00e7ue par Richard Sapper, la s\u00e9rie d'ustensiles de cuisine La Cintura di Orione a \u00e9t\u00e9 d\u00e9velopp\u00e9e sur les conseils du chef \u00e9toil\u00e9 Gualtiero Marchesi. De","breadcrumb":{"@id":"https:\/\/www.erresse-shop.it\/fr\/shop\/poeles-pots\/casseroles\/alessi-la-cintura-di-orione-poele-lyonnaise-28-cm-copia\/#breadcrumb"},"inLanguage":"fr-FR","potentialAction":[{"@type":"ReadAction","target":["https:\/\/www.erresse-shop.it\/fr\/shop\/poeles-pots\/casseroles\/alessi-la-cintura-di-orione-poele-lyonnaise-28-cm-copia\/"]}]},{"@type":"BreadcrumbList","@id":"https:\/\/www.erresse-shop.it\/fr\/shop\/poeles-pots\/casseroles\/alessi-la-cintura-di-orione-poele-lyonnaise-28-cm-copia\/#breadcrumb","itemListElement":[{"@type":"ListItem","position":1,"name":"Home","item":"https:\/\/www.erresse-shop.it\/fr\/"},{"@type":"ListItem","position":2,"name":"Shop","item":"https:\/\/www.erresse-shop.it\/fr\/shop\/"},{"@type":"ListItem","position":3,"name":"ALESSI La Cintura di Orione Pot 20 cm"}]},{"@type":"WebSite","@id":"https:\/\/www.erresse-shop.it\/fr\/#website","url":"https:\/\/www.erresse-shop.it\/fr\/","name":"Erresse Shop","description":"Articoli di qualit\u00e0 per la casa","potentialAction":[{"@type":"SearchAction","target":{"@type":"EntryPoint","urlTemplate":"https:\/\/www.erresse-shop.it\/fr\/?s={search_term_string}"},"query-input":"required name=search_term_string"}],"inLanguage":"fr-FR"}]}},"df_price":129.95,"df_sale_price":129.95,"df_regular_price":235,"df_image_link":"https:\/\/www.erresse-shop.it\/wp-content\/uploads\/2025\/02\/ALESSI-La-Cintura-di-Orione-Pentola-20-cm-300x300.jpg","_links":{"self":[{"href":"https:\/\/www.erresse-shop.it\/fr\/wp-json\/wp\/v2\/product\/472340"}],"collection":[{"href":"https:\/\/www.erresse-shop.it\/fr\/wp-json\/wp\/v2\/product"}],"about":[{"href":"https:\/\/www.erresse-shop.it\/fr\/wp-json\/wp\/v2\/types\/product"}],"wp:featuredmedia":[{"embeddable":true,"href":"https:\/\/www.erresse-shop.it\/fr\/wp-json\/wp\/v2\/media\/472357"}],"wp:attachment":[{"href":"https:\/\/www.erresse-shop.it\/fr\/wp-json\/wp\/v2\/media?parent=472340"}],"wp:term":[{"taxonomy":"product_cat","embeddable":true,"href":"https:\/\/www.erresse-shop.it\/fr\/wp-json\/wp\/v2\/product_cat?post=472340"},{"taxonomy":"product_tag","embeddable":true,"href":"https:\/\/www.erresse-shop.it\/fr\/wp-json\/wp\/v2\/product_tag?post=472340"}],"curies":[{"name":"wp","href":"https:\/\/api.w.org\/{rel}","templated":true}]}}