{"id":472288,"date":"2025-02-26T14:05:08","date_gmt":"2025-02-26T14:05:10","guid":{"rendered":"https:\/\/www.erresse-shop.it\/?post_type=product&#038;p=472288"},"modified":"2025-02-26T14:19:42","modified_gmt":"2025-02-26T14:19:42","slug":"alessi-la-cintura-di-orione-cocotte-basse-28-cm-deux-poignees-copia","status":"publish","type":"product","link":"https:\/\/www.erresse-shop.it\/fr\/shop\/poeles-pots\/casseroles\/alessi-la-cintura-di-orione-cocotte-basse-28-cm-deux-poignees-copia\/","title":{"rendered":"ALESSI La Cintura di Orione Po\u00eale lyonnaise 24 cm"},"content":{"rendered":"<p>R\u00e9alis\u00e9e en trilamine, la po\u00eale Lyon de la s\u00e9rie La Cintura di Orione se pr\u00eate \u00e0 une utilisation polyvalente gr\u00e2ce \u00e0 sa grande capacit\u00e9 de conduction de la chaleur et \u00e0 son utilisation sur toutes les plaques de cuisson, y compris l&#8217;induction. Gr\u00e2ce \u00e0 son long manche, elle est id\u00e9ale pour frire ou sauter.<\/p>\n<p>Po\u00eale lyonnaise en trilamine (AISI 430, aluminium, acier inoxydable 18\/10).<\/p>\n<p><strong>Caract\u00e9ristiques :<\/strong><\/p>\n<ul>\n<li>Hauteur (cm) : 4.00<\/li>\n<li>Longueur (cm) : 32.00<\/li>\n<li>Largeur (cm) : 24.00<\/li>\n<\/ul>\n","protected":false},"excerpt":{"rendered":"<p>R\u00e9alis\u00e9e en trilamine, la po\u00eale Lyon de la s\u00e9rie La Cintura di Orione se pr\u00eate \u00e0 une utilisation polyvalente gr\u00e2ce<\/p>\n","protected":false},"featured_media":472317,"template":"","meta":{"_acf_changed":false,"inline_featured_image":false},"product_cat":[12458,14777],"product_tag":[13052,21529,12461,13178],"acf":[],"yoast_head":"<!-- This site is optimized with the Yoast SEO Premium plugin v18.6 (Yoast SEO v19.13) - https:\/\/yoast.com\/wordpress\/plugins\/seo\/ -->\n<title>ALESSI La Cintura di Orione Po\u00eale lyonnaise 24 cm - Erresse Shop<\/title>\n<meta name=\"description\" content=\"R\u00e9alis\u00e9e en trilamine, la po\u00eale Lyon de la s\u00e9rie La Cintura di Orione se pr\u00eate \u00e0 une utilisation polyvalente gr\u00e2ce \u00e0 sa grande capacit\u00e9 de conduction de\" \/>\n<meta name=\"robots\" content=\"index, follow, max-snippet:-1, max-image-preview:large, max-video-preview:-1\" \/>\n<link rel=\"canonical\" href=\"https:\/\/www.erresse-shop.it\/fr\/shop\/poeles-pots\/casseroles\/alessi-la-cintura-di-orione-cocotte-basse-28-cm-deux-poignees-copia\/\" \/>\n<meta property=\"og:locale\" content=\"fr_FR\" \/>\n<meta property=\"og:type\" content=\"article\" \/>\n<meta property=\"og:title\" content=\"ALESSI La Cintura di Orione Po\u00eale lyonnaise 24 cm\" \/>\n<meta property=\"og:description\" content=\"R\u00e9alis\u00e9e en trilamine, la po\u00eale Lyon de la s\u00e9rie La Cintura di Orione se pr\u00eate \u00e0 une utilisation polyvalente gr\u00e2ce \u00e0 sa grande capacit\u00e9 de conduction de\" \/>\n<meta property=\"og:url\" content=\"https:\/\/www.erresse-shop.it\/fr\/shop\/poeles-pots\/casseroles\/alessi-la-cintura-di-orione-cocotte-basse-28-cm-deux-poignees-copia\/\" \/>\n<meta property=\"og:site_name\" content=\"Erresse Shop\" \/>\n<meta property=\"article:modified_time\" content=\"2025-02-26T14:19:42+00:00\" \/>\n<meta property=\"og:image\" content=\"https:\/\/www.erresse-shop.it\/wp-content\/uploads\/2025\/02\/ALESSI-La-Cintura-di-Orione-Padella-Lionese-24-cm.jpg\" \/>\n\t<meta property=\"og:image:width\" content=\"1200\" \/>\n\t<meta property=\"og:image:height\" content=\"1200\" \/>\n\t<meta property=\"og:image:type\" content=\"image\/jpeg\" \/>\n<meta name=\"twitter:card\" content=\"summary_large_image\" \/>\n<script type=\"application\/ld+json\" class=\"yoast-schema-graph\">{\"@context\":\"https:\/\/schema.org\",\"@graph\":[{\"@type\":\"WebPage\",\"@id\":\"https:\/\/www.erresse-shop.it\/fr\/shop\/poeles-pots\/casseroles\/alessi-la-cintura-di-orione-cocotte-basse-28-cm-deux-poignees-copia\/\",\"url\":\"https:\/\/www.erresse-shop.it\/fr\/shop\/poeles-pots\/casseroles\/alessi-la-cintura-di-orione-cocotte-basse-28-cm-deux-poignees-copia\/\",\"name\":\"ALESSI La Cintura di Orione Po\u00eale lyonnaise 24 cm - Erresse Shop\",\"isPartOf\":{\"@id\":\"https:\/\/www.erresse-shop.it\/fr\/#website\"},\"datePublished\":\"2025-02-26T14:05:10+00:00\",\"dateModified\":\"2025-02-26T14:19:42+00:00\",\"description\":\"R\u00e9alis\u00e9e en trilamine, la po\u00eale Lyon de la s\u00e9rie La Cintura di Orione se pr\u00eate \u00e0 une utilisation polyvalente gr\u00e2ce \u00e0 sa grande capacit\u00e9 de conduction de\",\"breadcrumb\":{\"@id\":\"https:\/\/www.erresse-shop.it\/fr\/shop\/poeles-pots\/casseroles\/alessi-la-cintura-di-orione-cocotte-basse-28-cm-deux-poignees-copia\/#breadcrumb\"},\"inLanguage\":\"fr-FR\",\"potentialAction\":[{\"@type\":\"ReadAction\",\"target\":[\"https:\/\/www.erresse-shop.it\/fr\/shop\/poeles-pots\/casseroles\/alessi-la-cintura-di-orione-cocotte-basse-28-cm-deux-poignees-copia\/\"]}]},{\"@type\":\"BreadcrumbList\",\"@id\":\"https:\/\/www.erresse-shop.it\/fr\/shop\/poeles-pots\/casseroles\/alessi-la-cintura-di-orione-cocotte-basse-28-cm-deux-poignees-copia\/#breadcrumb\",\"itemListElement\":[{\"@type\":\"ListItem\",\"position\":1,\"name\":\"Home\",\"item\":\"https:\/\/www.erresse-shop.it\/fr\/\"},{\"@type\":\"ListItem\",\"position\":2,\"name\":\"Shop\",\"item\":\"https:\/\/www.erresse-shop.it\/fr\/shop\/\"},{\"@type\":\"ListItem\",\"position\":3,\"name\":\"ALESSI La Cintura di Orione Po\u00eale lyonnaise 24 cm\"}]},{\"@type\":\"WebSite\",\"@id\":\"https:\/\/www.erresse-shop.it\/fr\/#website\",\"url\":\"https:\/\/www.erresse-shop.it\/fr\/\",\"name\":\"Erresse Shop\",\"description\":\"Articoli di qualit\u00e0 per la casa\",\"potentialAction\":[{\"@type\":\"SearchAction\",\"target\":{\"@type\":\"EntryPoint\",\"urlTemplate\":\"https:\/\/www.erresse-shop.it\/fr\/?s={search_term_string}\"},\"query-input\":\"required name=search_term_string\"}],\"inLanguage\":\"fr-FR\"}]}<\/script>\n<!-- \/ Yoast SEO Premium plugin. -->","yoast_head_json":{"title":"ALESSI La Cintura di Orione Po\u00eale lyonnaise 24 cm - Erresse Shop","description":"R\u00e9alis\u00e9e en trilamine, la po\u00eale Lyon de la s\u00e9rie La Cintura di Orione se pr\u00eate \u00e0 une utilisation polyvalente gr\u00e2ce \u00e0 sa grande capacit\u00e9 de conduction de","robots":{"index":"index","follow":"follow","max-snippet":"max-snippet:-1","max-image-preview":"max-image-preview:large","max-video-preview":"max-video-preview:-1"},"canonical":"https:\/\/www.erresse-shop.it\/fr\/shop\/poeles-pots\/casseroles\/alessi-la-cintura-di-orione-cocotte-basse-28-cm-deux-poignees-copia\/","og_locale":"fr_FR","og_type":"article","og_title":"ALESSI La Cintura di Orione Po\u00eale lyonnaise 24 cm","og_description":"R\u00e9alis\u00e9e en trilamine, la po\u00eale Lyon de la s\u00e9rie La Cintura di Orione se pr\u00eate \u00e0 une utilisation polyvalente gr\u00e2ce \u00e0 sa grande capacit\u00e9 de conduction de","og_url":"https:\/\/www.erresse-shop.it\/fr\/shop\/poeles-pots\/casseroles\/alessi-la-cintura-di-orione-cocotte-basse-28-cm-deux-poignees-copia\/","og_site_name":"Erresse Shop","article_modified_time":"2025-02-26T14:19:42+00:00","og_image":[{"width":1200,"height":1200,"url":"https:\/\/www.erresse-shop.it\/wp-content\/uploads\/2025\/02\/ALESSI-La-Cintura-di-Orione-Padella-Lionese-24-cm.jpg","type":"image\/jpeg"}],"twitter_card":"summary_large_image","schema":{"@context":"https:\/\/schema.org","@graph":[{"@type":"WebPage","@id":"https:\/\/www.erresse-shop.it\/fr\/shop\/poeles-pots\/casseroles\/alessi-la-cintura-di-orione-cocotte-basse-28-cm-deux-poignees-copia\/","url":"https:\/\/www.erresse-shop.it\/fr\/shop\/poeles-pots\/casseroles\/alessi-la-cintura-di-orione-cocotte-basse-28-cm-deux-poignees-copia\/","name":"ALESSI La Cintura di Orione Po\u00eale lyonnaise 24 cm - Erresse Shop","isPartOf":{"@id":"https:\/\/www.erresse-shop.it\/fr\/#website"},"datePublished":"2025-02-26T14:05:10+00:00","dateModified":"2025-02-26T14:19:42+00:00","description":"R\u00e9alis\u00e9e en trilamine, la po\u00eale Lyon de la s\u00e9rie La Cintura di Orione se pr\u00eate \u00e0 une utilisation polyvalente gr\u00e2ce \u00e0 sa grande capacit\u00e9 de conduction de","breadcrumb":{"@id":"https:\/\/www.erresse-shop.it\/fr\/shop\/poeles-pots\/casseroles\/alessi-la-cintura-di-orione-cocotte-basse-28-cm-deux-poignees-copia\/#breadcrumb"},"inLanguage":"fr-FR","potentialAction":[{"@type":"ReadAction","target":["https:\/\/www.erresse-shop.it\/fr\/shop\/poeles-pots\/casseroles\/alessi-la-cintura-di-orione-cocotte-basse-28-cm-deux-poignees-copia\/"]}]},{"@type":"BreadcrumbList","@id":"https:\/\/www.erresse-shop.it\/fr\/shop\/poeles-pots\/casseroles\/alessi-la-cintura-di-orione-cocotte-basse-28-cm-deux-poignees-copia\/#breadcrumb","itemListElement":[{"@type":"ListItem","position":1,"name":"Home","item":"https:\/\/www.erresse-shop.it\/fr\/"},{"@type":"ListItem","position":2,"name":"Shop","item":"https:\/\/www.erresse-shop.it\/fr\/shop\/"},{"@type":"ListItem","position":3,"name":"ALESSI La Cintura di Orione Po\u00eale lyonnaise 24 cm"}]},{"@type":"WebSite","@id":"https:\/\/www.erresse-shop.it\/fr\/#website","url":"https:\/\/www.erresse-shop.it\/fr\/","name":"Erresse Shop","description":"Articoli di qualit\u00e0 per la casa","potentialAction":[{"@type":"SearchAction","target":{"@type":"EntryPoint","urlTemplate":"https:\/\/www.erresse-shop.it\/fr\/?s={search_term_string}"},"query-input":"required name=search_term_string"}],"inLanguage":"fr-FR"}]}},"df_price":77.5,"df_sale_price":77.5,"df_regular_price":155,"df_image_link":"https:\/\/www.erresse-shop.it\/wp-content\/uploads\/2025\/02\/ALESSI-La-Cintura-di-Orione-Padella-Lionese-24-cm-300x300.jpg","_links":{"self":[{"href":"https:\/\/www.erresse-shop.it\/fr\/wp-json\/wp\/v2\/product\/472288"}],"collection":[{"href":"https:\/\/www.erresse-shop.it\/fr\/wp-json\/wp\/v2\/product"}],"about":[{"href":"https:\/\/www.erresse-shop.it\/fr\/wp-json\/wp\/v2\/types\/product"}],"wp:featuredmedia":[{"embeddable":true,"href":"https:\/\/www.erresse-shop.it\/fr\/wp-json\/wp\/v2\/media\/472317"}],"wp:attachment":[{"href":"https:\/\/www.erresse-shop.it\/fr\/wp-json\/wp\/v2\/media?parent=472288"}],"wp:term":[{"taxonomy":"product_cat","embeddable":true,"href":"https:\/\/www.erresse-shop.it\/fr\/wp-json\/wp\/v2\/product_cat?post=472288"},{"taxonomy":"product_tag","embeddable":true,"href":"https:\/\/www.erresse-shop.it\/fr\/wp-json\/wp\/v2\/product_tag?post=472288"}],"curies":[{"name":"wp","href":"https:\/\/api.w.org\/{rel}","templated":true}]}}