{"id":472236,"date":"2025-02-26T10:37:57","date_gmt":"2025-02-26T10:38:00","guid":{"rendered":"https:\/\/www.erresse-shop.it\/?post_type=product&#038;p=472236"},"modified":"2026-02-23T09:50:18","modified_gmt":"2026-02-23T09:50:18","slug":"alessi-la-cintura-di-orione-cocotte-basse-24-cm-deux-poignees","status":"publish","type":"product","link":"https:\/\/www.erresse-shop.it\/fr\/shop\/poeles-pots\/casseroles\/alessi-la-cintura-di-orione-cocotte-basse-24-cm-deux-poignees\/","title":{"rendered":"ALESSI La Cintura di Orione Cocotte basse 24 cm Deux poign\u00e9es"},"content":{"rendered":"<p>La s\u00e9rie d&#8217;ustensiles de cuisine La Cintura di Orione est con\u00e7ue pour ceux qui recherchent le meilleur dans la cuisine, en garantissant les performances professionnelles des meilleurs chefs m\u00eame \u00e0 la maison. La cocotte basse \u00e0 deux anses est en trilamine, pour une excellente conduction de la chaleur, et convient \u00e0 toutes les plaques de cuisson, y compris l&#8217;induction. Parfaite pour les plats mijot\u00e9s et les brais\u00e9s.<\/p>\n<p>Cocotte basse \u00e0 deux anses en trilamine. Fond en acier magn\u00e9tique \u00e9galement adapt\u00e9 \u00e0 la cuisson par induction.<\/p>\n<p><strong>Caract\u00e9ristiques :<\/strong><\/p>\n<ul>\n<li>Capacit\u00e9 (cl) : 270.00<\/li>\n<li>Hauteur (cm) : 6.00<\/li>\n<li>Longueur (cm) : 33.00<\/li>\n<li>Largeur (cm) : 24.00<\/li>\n<\/ul>\n","protected":false},"excerpt":{"rendered":"<p>La s\u00e9rie d&#8217;ustensiles de cuisine La Cintura di Orione est con\u00e7ue pour ceux qui recherchent le meilleur dans la cuisine,<\/p>\n","protected":false},"featured_media":472253,"template":"","meta":{"_acf_changed":false,"inline_featured_image":false},"product_cat":[12458,14777],"product_tag":[13052,21529,12461,12465,12468],"acf":[],"yoast_head":"<!-- This site is optimized with the Yoast SEO Premium plugin v18.6 (Yoast SEO v19.13) - https:\/\/yoast.com\/wordpress\/plugins\/seo\/ -->\n<title>ALESSI La Cintura di Orione Cocotte basse 24 cm Deux poign\u00e9es - Erresse Shop<\/title>\n<meta name=\"description\" content=\"La s\u00e9rie d&#039;ustensiles de cuisine La Cintura di Orione est con\u00e7ue pour ceux qui recherchent le meilleur dans la cuisine, en garantissant les performances\" \/>\n<meta name=\"robots\" content=\"index, follow, max-snippet:-1, max-image-preview:large, max-video-preview:-1\" \/>\n<link rel=\"canonical\" href=\"https:\/\/www.erresse-shop.it\/fr\/shop\/poeles-pots\/casseroles\/alessi-la-cintura-di-orione-cocotte-basse-24-cm-deux-poignees\/\" \/>\n<meta property=\"og:locale\" content=\"fr_FR\" \/>\n<meta property=\"og:type\" content=\"article\" \/>\n<meta property=\"og:title\" content=\"ALESSI La Cintura di Orione Cocotte basse 24 cm Deux poign\u00e9es\" \/>\n<meta property=\"og:description\" content=\"La s\u00e9rie d&#039;ustensiles de cuisine La Cintura di Orione est con\u00e7ue pour ceux qui recherchent le meilleur dans la cuisine, en garantissant les performances\" \/>\n<meta property=\"og:url\" content=\"https:\/\/www.erresse-shop.it\/fr\/shop\/poeles-pots\/casseroles\/alessi-la-cintura-di-orione-cocotte-basse-24-cm-deux-poignees\/\" \/>\n<meta property=\"og:site_name\" content=\"Erresse Shop\" \/>\n<meta property=\"article:modified_time\" content=\"2026-02-23T09:50:18+00:00\" \/>\n<meta property=\"og:image\" content=\"https:\/\/www.erresse-shop.it\/wp-content\/uploads\/2025\/02\/ALESSI-La-Cintura-di-Orione-Casseruola-Bassa-24-cm-Due-Manici.jpg\" \/>\n\t<meta property=\"og:image:width\" content=\"1200\" \/>\n\t<meta property=\"og:image:height\" content=\"1200\" \/>\n\t<meta property=\"og:image:type\" content=\"image\/jpeg\" \/>\n<meta name=\"twitter:card\" content=\"summary_large_image\" \/>\n<script type=\"application\/ld+json\" class=\"yoast-schema-graph\">{\"@context\":\"https:\/\/schema.org\",\"@graph\":[{\"@type\":\"WebPage\",\"@id\":\"https:\/\/www.erresse-shop.it\/fr\/shop\/poeles-pots\/casseroles\/alessi-la-cintura-di-orione-cocotte-basse-24-cm-deux-poignees\/\",\"url\":\"https:\/\/www.erresse-shop.it\/fr\/shop\/poeles-pots\/casseroles\/alessi-la-cintura-di-orione-cocotte-basse-24-cm-deux-poignees\/\",\"name\":\"ALESSI La Cintura di Orione Cocotte basse 24 cm Deux poign\u00e9es - Erresse Shop\",\"isPartOf\":{\"@id\":\"https:\/\/www.erresse-shop.it\/fr\/#website\"},\"datePublished\":\"2025-02-26T10:38:00+00:00\",\"dateModified\":\"2026-02-23T09:50:18+00:00\",\"description\":\"La s\u00e9rie d'ustensiles de cuisine La Cintura di Orione est con\u00e7ue pour ceux qui recherchent le meilleur dans la cuisine, en garantissant les performances\",\"breadcrumb\":{\"@id\":\"https:\/\/www.erresse-shop.it\/fr\/shop\/poeles-pots\/casseroles\/alessi-la-cintura-di-orione-cocotte-basse-24-cm-deux-poignees\/#breadcrumb\"},\"inLanguage\":\"fr-FR\",\"potentialAction\":[{\"@type\":\"ReadAction\",\"target\":[\"https:\/\/www.erresse-shop.it\/fr\/shop\/poeles-pots\/casseroles\/alessi-la-cintura-di-orione-cocotte-basse-24-cm-deux-poignees\/\"]}]},{\"@type\":\"BreadcrumbList\",\"@id\":\"https:\/\/www.erresse-shop.it\/fr\/shop\/poeles-pots\/casseroles\/alessi-la-cintura-di-orione-cocotte-basse-24-cm-deux-poignees\/#breadcrumb\",\"itemListElement\":[{\"@type\":\"ListItem\",\"position\":1,\"name\":\"Home\",\"item\":\"https:\/\/www.erresse-shop.it\/fr\/\"},{\"@type\":\"ListItem\",\"position\":2,\"name\":\"Shop\",\"item\":\"https:\/\/www.erresse-shop.it\/fr\/shop\/\"},{\"@type\":\"ListItem\",\"position\":3,\"name\":\"ALESSI La Cintura di Orione Cocotte basse 24 cm Deux poign\u00e9es\"}]},{\"@type\":\"WebSite\",\"@id\":\"https:\/\/www.erresse-shop.it\/fr\/#website\",\"url\":\"https:\/\/www.erresse-shop.it\/fr\/\",\"name\":\"Erresse Shop\",\"description\":\"Articoli di qualit\u00e0 per la casa\",\"potentialAction\":[{\"@type\":\"SearchAction\",\"target\":{\"@type\":\"EntryPoint\",\"urlTemplate\":\"https:\/\/www.erresse-shop.it\/fr\/?s={search_term_string}\"},\"query-input\":\"required name=search_term_string\"}],\"inLanguage\":\"fr-FR\"}]}<\/script>\n<!-- \/ Yoast SEO Premium plugin. -->","yoast_head_json":{"title":"ALESSI La Cintura di Orione Cocotte basse 24 cm Deux poign\u00e9es - Erresse Shop","description":"La s\u00e9rie d'ustensiles de cuisine La Cintura di Orione est con\u00e7ue pour ceux qui recherchent le meilleur dans la cuisine, en garantissant les performances","robots":{"index":"index","follow":"follow","max-snippet":"max-snippet:-1","max-image-preview":"max-image-preview:large","max-video-preview":"max-video-preview:-1"},"canonical":"https:\/\/www.erresse-shop.it\/fr\/shop\/poeles-pots\/casseroles\/alessi-la-cintura-di-orione-cocotte-basse-24-cm-deux-poignees\/","og_locale":"fr_FR","og_type":"article","og_title":"ALESSI La Cintura di Orione Cocotte basse 24 cm Deux poign\u00e9es","og_description":"La s\u00e9rie d'ustensiles de cuisine La Cintura di Orione est con\u00e7ue pour ceux qui recherchent le meilleur dans la cuisine, en garantissant les performances","og_url":"https:\/\/www.erresse-shop.it\/fr\/shop\/poeles-pots\/casseroles\/alessi-la-cintura-di-orione-cocotte-basse-24-cm-deux-poignees\/","og_site_name":"Erresse Shop","article_modified_time":"2026-02-23T09:50:18+00:00","og_image":[{"width":1200,"height":1200,"url":"https:\/\/www.erresse-shop.it\/wp-content\/uploads\/2025\/02\/ALESSI-La-Cintura-di-Orione-Casseruola-Bassa-24-cm-Due-Manici.jpg","type":"image\/jpeg"}],"twitter_card":"summary_large_image","schema":{"@context":"https:\/\/schema.org","@graph":[{"@type":"WebPage","@id":"https:\/\/www.erresse-shop.it\/fr\/shop\/poeles-pots\/casseroles\/alessi-la-cintura-di-orione-cocotte-basse-24-cm-deux-poignees\/","url":"https:\/\/www.erresse-shop.it\/fr\/shop\/poeles-pots\/casseroles\/alessi-la-cintura-di-orione-cocotte-basse-24-cm-deux-poignees\/","name":"ALESSI La Cintura di Orione Cocotte basse 24 cm Deux poign\u00e9es - Erresse Shop","isPartOf":{"@id":"https:\/\/www.erresse-shop.it\/fr\/#website"},"datePublished":"2025-02-26T10:38:00+00:00","dateModified":"2026-02-23T09:50:18+00:00","description":"La s\u00e9rie d'ustensiles de cuisine La Cintura di Orione est con\u00e7ue pour ceux qui recherchent le meilleur dans la cuisine, en garantissant les performances","breadcrumb":{"@id":"https:\/\/www.erresse-shop.it\/fr\/shop\/poeles-pots\/casseroles\/alessi-la-cintura-di-orione-cocotte-basse-24-cm-deux-poignees\/#breadcrumb"},"inLanguage":"fr-FR","potentialAction":[{"@type":"ReadAction","target":["https:\/\/www.erresse-shop.it\/fr\/shop\/poeles-pots\/casseroles\/alessi-la-cintura-di-orione-cocotte-basse-24-cm-deux-poignees\/"]}]},{"@type":"BreadcrumbList","@id":"https:\/\/www.erresse-shop.it\/fr\/shop\/poeles-pots\/casseroles\/alessi-la-cintura-di-orione-cocotte-basse-24-cm-deux-poignees\/#breadcrumb","itemListElement":[{"@type":"ListItem","position":1,"name":"Home","item":"https:\/\/www.erresse-shop.it\/fr\/"},{"@type":"ListItem","position":2,"name":"Shop","item":"https:\/\/www.erresse-shop.it\/fr\/shop\/"},{"@type":"ListItem","position":3,"name":"ALESSI La Cintura di Orione Cocotte basse 24 cm Deux poign\u00e9es"}]},{"@type":"WebSite","@id":"https:\/\/www.erresse-shop.it\/fr\/#website","url":"https:\/\/www.erresse-shop.it\/fr\/","name":"Erresse Shop","description":"Articoli di qualit\u00e0 per la casa","potentialAction":[{"@type":"SearchAction","target":{"@type":"EntryPoint","urlTemplate":"https:\/\/www.erresse-shop.it\/fr\/?s={search_term_string}"},"query-input":"required name=search_term_string"}],"inLanguage":"fr-FR"}]}},"df_price":99,"df_sale_price":99,"df_regular_price":175,"df_image_link":"https:\/\/www.erresse-shop.it\/wp-content\/uploads\/2025\/02\/ALESSI-La-Cintura-di-Orione-Casseruola-Bassa-24-cm-Due-Manici-300x300.jpg","_links":{"self":[{"href":"https:\/\/www.erresse-shop.it\/fr\/wp-json\/wp\/v2\/product\/472236"}],"collection":[{"href":"https:\/\/www.erresse-shop.it\/fr\/wp-json\/wp\/v2\/product"}],"about":[{"href":"https:\/\/www.erresse-shop.it\/fr\/wp-json\/wp\/v2\/types\/product"}],"wp:featuredmedia":[{"embeddable":true,"href":"https:\/\/www.erresse-shop.it\/fr\/wp-json\/wp\/v2\/media\/472253"}],"wp:attachment":[{"href":"https:\/\/www.erresse-shop.it\/fr\/wp-json\/wp\/v2\/media?parent=472236"}],"wp:term":[{"taxonomy":"product_cat","embeddable":true,"href":"https:\/\/www.erresse-shop.it\/fr\/wp-json\/wp\/v2\/product_cat?post=472236"},{"taxonomy":"product_tag","embeddable":true,"href":"https:\/\/www.erresse-shop.it\/fr\/wp-json\/wp\/v2\/product_tag?post=472236"}],"curies":[{"name":"wp","href":"https:\/\/api.w.org\/{rel}","templated":true}]}}