{"id":472176,"date":"2025-02-26T09:36:43","date_gmt":"2025-02-26T09:36:45","guid":{"rendered":"https:\/\/www.erresse-shop.it\/?post_type=product&#038;p=472176"},"modified":"2026-02-23T09:52:08","modified_gmt":"2026-02-23T09:52:08","slug":"alessi-la-cintura-di-orione-casserole-16-cm-a-deux-poignees","status":"publish","type":"product","link":"https:\/\/www.erresse-shop.it\/fr\/shop\/poeles-pots\/casseroles\/alessi-la-cintura-di-orione-casserole-16-cm-a-deux-poignees\/","title":{"rendered":"ALESSI La Cintura di Orione Casserole 16 cm \u00e0 deux poign\u00e9es"},"content":{"rendered":"<p>Caract\u00e9ris\u00e9e par sa forme essentielle, la cocotte de la s\u00e9rie La Cintura di Orione se distingue par la qualit\u00e9 de ses mat\u00e9riaux, ses hautes performances de cuisson et sa durabilit\u00e9. R\u00e9alis\u00e9e en tri-lamin\u00e9, la cocotte est adapt\u00e9e \u00e0 toutes les plaques de cuisson, y compris \u00e0 induction, et garantit une distribution correcte de la chaleur sur toute la surface de la casserole. Convient pour braiser, mijoter, r\u00f4tir et pr\u00e9parer de savoureux risottos.<\/p>\n<p>Cocotte en trilamine. Fond en acier magn\u00e9tique \u00e9galement adapt\u00e9 \u00e0 la cuisson par induction.<\/p>\n<p><strong>Caract\u00e9ristiques :<\/strong><\/p>\n<p>Capacit\u00e9 (cl) : 160.00<br \/>\nHauteur (cm) : 8.00<br \/>\nLongueur (cm) : 20.00<br \/>\nLargeur (cm) : 16.00<\/p>\n","protected":false},"excerpt":{"rendered":"<p>Caract\u00e9ris\u00e9e par sa forme essentielle, la cocotte de la s\u00e9rie La Cintura di Orione se distingue par la qualit\u00e9 de<\/p>\n","protected":false},"featured_media":472195,"template":"","meta":{"_acf_changed":false,"inline_featured_image":false},"product_cat":[12458,14777],"product_tag":[13052,21529,12461,12465,12468],"acf":[],"yoast_head":"<!-- This site is optimized with the Yoast SEO Premium plugin v18.6 (Yoast SEO v19.13) - https:\/\/yoast.com\/wordpress\/plugins\/seo\/ -->\n<title>ALESSI La Cintura di Orione Casserole 16 cm \u00e0 deux poign\u00e9es - Erresse Shop<\/title>\n<meta name=\"description\" content=\"Caract\u00e9ris\u00e9e par sa forme essentielle, la cocotte de la s\u00e9rie La Cintura di Orione se distingue par la qualit\u00e9 de ses mat\u00e9riaux, ses hautes performances\" \/>\n<meta name=\"robots\" content=\"index, follow, max-snippet:-1, max-image-preview:large, max-video-preview:-1\" \/>\n<link rel=\"canonical\" href=\"https:\/\/www.erresse-shop.it\/fr\/shop\/poeles-pots\/casseroles\/alessi-la-cintura-di-orione-casserole-16-cm-a-deux-poignees\/\" \/>\n<meta property=\"og:locale\" content=\"fr_FR\" \/>\n<meta property=\"og:type\" content=\"article\" \/>\n<meta property=\"og:title\" content=\"ALESSI La Cintura di Orione Casserole 16 cm \u00e0 deux poign\u00e9es\" \/>\n<meta property=\"og:description\" content=\"Caract\u00e9ris\u00e9e par sa forme essentielle, la cocotte de la s\u00e9rie La Cintura di Orione se distingue par la qualit\u00e9 de ses mat\u00e9riaux, ses hautes performances\" \/>\n<meta property=\"og:url\" content=\"https:\/\/www.erresse-shop.it\/fr\/shop\/poeles-pots\/casseroles\/alessi-la-cintura-di-orione-casserole-16-cm-a-deux-poignees\/\" \/>\n<meta property=\"og:site_name\" content=\"Erresse Shop\" \/>\n<meta property=\"article:modified_time\" content=\"2026-02-23T09:52:08+00:00\" \/>\n<meta property=\"og:image\" content=\"https:\/\/www.erresse-shop.it\/wp-content\/uploads\/2025\/02\/ALESSI-La-Cintura-di-Orione-Casseruola-16-cm-Due-Manici.jpg\" \/>\n\t<meta property=\"og:image:width\" content=\"1200\" \/>\n\t<meta property=\"og:image:height\" content=\"1200\" \/>\n\t<meta property=\"og:image:type\" content=\"image\/jpeg\" \/>\n<meta name=\"twitter:card\" content=\"summary_large_image\" \/>\n<script type=\"application\/ld+json\" class=\"yoast-schema-graph\">{\"@context\":\"https:\/\/schema.org\",\"@graph\":[{\"@type\":\"WebPage\",\"@id\":\"https:\/\/www.erresse-shop.it\/fr\/shop\/poeles-pots\/casseroles\/alessi-la-cintura-di-orione-casserole-16-cm-a-deux-poignees\/\",\"url\":\"https:\/\/www.erresse-shop.it\/fr\/shop\/poeles-pots\/casseroles\/alessi-la-cintura-di-orione-casserole-16-cm-a-deux-poignees\/\",\"name\":\"ALESSI La Cintura di Orione Casserole 16 cm \u00e0 deux poign\u00e9es - Erresse Shop\",\"isPartOf\":{\"@id\":\"https:\/\/www.erresse-shop.it\/fr\/#website\"},\"datePublished\":\"2025-02-26T09:36:45+00:00\",\"dateModified\":\"2026-02-23T09:52:08+00:00\",\"description\":\"Caract\u00e9ris\u00e9e par sa forme essentielle, la cocotte de la s\u00e9rie La Cintura di Orione se distingue par la qualit\u00e9 de ses mat\u00e9riaux, ses hautes performances\",\"breadcrumb\":{\"@id\":\"https:\/\/www.erresse-shop.it\/fr\/shop\/poeles-pots\/casseroles\/alessi-la-cintura-di-orione-casserole-16-cm-a-deux-poignees\/#breadcrumb\"},\"inLanguage\":\"fr-FR\",\"potentialAction\":[{\"@type\":\"ReadAction\",\"target\":[\"https:\/\/www.erresse-shop.it\/fr\/shop\/poeles-pots\/casseroles\/alessi-la-cintura-di-orione-casserole-16-cm-a-deux-poignees\/\"]}]},{\"@type\":\"BreadcrumbList\",\"@id\":\"https:\/\/www.erresse-shop.it\/fr\/shop\/poeles-pots\/casseroles\/alessi-la-cintura-di-orione-casserole-16-cm-a-deux-poignees\/#breadcrumb\",\"itemListElement\":[{\"@type\":\"ListItem\",\"position\":1,\"name\":\"Home\",\"item\":\"https:\/\/www.erresse-shop.it\/fr\/\"},{\"@type\":\"ListItem\",\"position\":2,\"name\":\"Shop\",\"item\":\"https:\/\/www.erresse-shop.it\/fr\/shop\/\"},{\"@type\":\"ListItem\",\"position\":3,\"name\":\"ALESSI La Cintura di Orione Casserole 16 cm \u00e0 deux poign\u00e9es\"}]},{\"@type\":\"WebSite\",\"@id\":\"https:\/\/www.erresse-shop.it\/fr\/#website\",\"url\":\"https:\/\/www.erresse-shop.it\/fr\/\",\"name\":\"Erresse Shop\",\"description\":\"Articoli di qualit\u00e0 per la casa\",\"potentialAction\":[{\"@type\":\"SearchAction\",\"target\":{\"@type\":\"EntryPoint\",\"urlTemplate\":\"https:\/\/www.erresse-shop.it\/fr\/?s={search_term_string}\"},\"query-input\":\"required name=search_term_string\"}],\"inLanguage\":\"fr-FR\"}]}<\/script>\n<!-- \/ Yoast SEO Premium plugin. -->","yoast_head_json":{"title":"ALESSI La Cintura di Orione Casserole 16 cm \u00e0 deux poign\u00e9es - Erresse Shop","description":"Caract\u00e9ris\u00e9e par sa forme essentielle, la cocotte de la s\u00e9rie La Cintura di Orione se distingue par la qualit\u00e9 de ses mat\u00e9riaux, ses hautes performances","robots":{"index":"index","follow":"follow","max-snippet":"max-snippet:-1","max-image-preview":"max-image-preview:large","max-video-preview":"max-video-preview:-1"},"canonical":"https:\/\/www.erresse-shop.it\/fr\/shop\/poeles-pots\/casseroles\/alessi-la-cintura-di-orione-casserole-16-cm-a-deux-poignees\/","og_locale":"fr_FR","og_type":"article","og_title":"ALESSI La Cintura di Orione Casserole 16 cm \u00e0 deux poign\u00e9es","og_description":"Caract\u00e9ris\u00e9e par sa forme essentielle, la cocotte de la s\u00e9rie La Cintura di Orione se distingue par la qualit\u00e9 de ses mat\u00e9riaux, ses hautes performances","og_url":"https:\/\/www.erresse-shop.it\/fr\/shop\/poeles-pots\/casseroles\/alessi-la-cintura-di-orione-casserole-16-cm-a-deux-poignees\/","og_site_name":"Erresse Shop","article_modified_time":"2026-02-23T09:52:08+00:00","og_image":[{"width":1200,"height":1200,"url":"https:\/\/www.erresse-shop.it\/wp-content\/uploads\/2025\/02\/ALESSI-La-Cintura-di-Orione-Casseruola-16-cm-Due-Manici.jpg","type":"image\/jpeg"}],"twitter_card":"summary_large_image","schema":{"@context":"https:\/\/schema.org","@graph":[{"@type":"WebPage","@id":"https:\/\/www.erresse-shop.it\/fr\/shop\/poeles-pots\/casseroles\/alessi-la-cintura-di-orione-casserole-16-cm-a-deux-poignees\/","url":"https:\/\/www.erresse-shop.it\/fr\/shop\/poeles-pots\/casseroles\/alessi-la-cintura-di-orione-casserole-16-cm-a-deux-poignees\/","name":"ALESSI La Cintura di Orione Casserole 16 cm \u00e0 deux poign\u00e9es - Erresse Shop","isPartOf":{"@id":"https:\/\/www.erresse-shop.it\/fr\/#website"},"datePublished":"2025-02-26T09:36:45+00:00","dateModified":"2026-02-23T09:52:08+00:00","description":"Caract\u00e9ris\u00e9e par sa forme essentielle, la cocotte de la s\u00e9rie La Cintura di Orione se distingue par la qualit\u00e9 de ses mat\u00e9riaux, ses hautes performances","breadcrumb":{"@id":"https:\/\/www.erresse-shop.it\/fr\/shop\/poeles-pots\/casseroles\/alessi-la-cintura-di-orione-casserole-16-cm-a-deux-poignees\/#breadcrumb"},"inLanguage":"fr-FR","potentialAction":[{"@type":"ReadAction","target":["https:\/\/www.erresse-shop.it\/fr\/shop\/poeles-pots\/casseroles\/alessi-la-cintura-di-orione-casserole-16-cm-a-deux-poignees\/"]}]},{"@type":"BreadcrumbList","@id":"https:\/\/www.erresse-shop.it\/fr\/shop\/poeles-pots\/casseroles\/alessi-la-cintura-di-orione-casserole-16-cm-a-deux-poignees\/#breadcrumb","itemListElement":[{"@type":"ListItem","position":1,"name":"Home","item":"https:\/\/www.erresse-shop.it\/fr\/"},{"@type":"ListItem","position":2,"name":"Shop","item":"https:\/\/www.erresse-shop.it\/fr\/shop\/"},{"@type":"ListItem","position":3,"name":"ALESSI La Cintura di Orione Casserole 16 cm \u00e0 deux poign\u00e9es"}]},{"@type":"WebSite","@id":"https:\/\/www.erresse-shop.it\/fr\/#website","url":"https:\/\/www.erresse-shop.it\/fr\/","name":"Erresse Shop","description":"Articoli di qualit\u00e0 per la casa","potentialAction":[{"@type":"SearchAction","target":{"@type":"EntryPoint","urlTemplate":"https:\/\/www.erresse-shop.it\/fr\/?s={search_term_string}"},"query-input":"required name=search_term_string"}],"inLanguage":"fr-FR"}]}},"df_price":89.95,"df_sale_price":89.95,"df_regular_price":145,"df_image_link":"https:\/\/www.erresse-shop.it\/wp-content\/uploads\/2025\/02\/ALESSI-La-Cintura-di-Orione-Casseruola-16-cm-Due-Manici-300x300.jpg","_links":{"self":[{"href":"https:\/\/www.erresse-shop.it\/fr\/wp-json\/wp\/v2\/product\/472176"}],"collection":[{"href":"https:\/\/www.erresse-shop.it\/fr\/wp-json\/wp\/v2\/product"}],"about":[{"href":"https:\/\/www.erresse-shop.it\/fr\/wp-json\/wp\/v2\/types\/product"}],"wp:featuredmedia":[{"embeddable":true,"href":"https:\/\/www.erresse-shop.it\/fr\/wp-json\/wp\/v2\/media\/472195"}],"wp:attachment":[{"href":"https:\/\/www.erresse-shop.it\/fr\/wp-json\/wp\/v2\/media?parent=472176"}],"wp:term":[{"taxonomy":"product_cat","embeddable":true,"href":"https:\/\/www.erresse-shop.it\/fr\/wp-json\/wp\/v2\/product_cat?post=472176"},{"taxonomy":"product_tag","embeddable":true,"href":"https:\/\/www.erresse-shop.it\/fr\/wp-json\/wp\/v2\/product_tag?post=472176"}],"curies":[{"name":"wp","href":"https:\/\/api.w.org\/{rel}","templated":true}]}}