{"id":472100,"date":"2025-02-26T08:33:30","date_gmt":"2025-02-26T08:33:32","guid":{"rendered":"https:\/\/www.erresse-shop.it\/?post_type=product&#038;p=472100"},"modified":"2025-02-27T08:40:02","modified_gmt":"2025-02-27T08:40:02","slug":"alessi-cactus-porte-fruits-blanc-29-cm-copia","status":"publish","type":"product","link":"https:\/\/www.erresse-shop.it\/fr\/shop\/table-fr-2\/recipients-et-bols\/alessi-cactus-porte-fruits-blanc-29-cm-copia\/","title":{"rendered":"ALESSI Cactus! Porte-serviette"},"content":{"rendered":"<p>Le porte-serviettes est un accessoire de table \u00e9l\u00e9gant fabriqu\u00e9 en acier inoxydable 18\/10, connu pour sa solidit\u00e9 et sa brillance. Son design raffin\u00e9 pr\u00e9sente un bord perfor\u00e9 qui lui conf\u00e8re une touche de style et de sophistication, ce qui le rend parfait pour toutes les occasions, des d\u00e9jeuners quotidiens aux d\u00eeners plus formels. Gr\u00e2ce \u00e0 la qualit\u00e9 de l&#8217;acier, il est facile \u00e0 nettoyer et r\u00e9sistera \u00e0 l&#8217;\u00e9preuve du temps sans perdre de sa beaut\u00e9.<\/p>\n<p>Caract\u00e9ristiques<br \/>\n&#8211; Mat\u00e9riau : acier<br \/>\n&#8211; Longueur : 20,5<br \/>\n&#8211; Largeur : 20,5 cm<br \/>\n&#8211; Hauteur : 5 cm<\/p>\n","protected":false},"excerpt":{"rendered":"<p>Le porte-serviettes est un accessoire de table \u00e9l\u00e9gant fabriqu\u00e9 en acier inoxydable 18\/10, connu pour sa solidit\u00e9 et sa brillance.<\/p>\n","protected":false},"featured_media":472117,"template":"","meta":{"_acf_changed":false,"inline_featured_image":false},"product_cat":[14244,12782],"product_tag":[14064,13052,15414,15901,12817],"acf":[],"yoast_head":"<!-- This site is optimized with the Yoast SEO Premium plugin v18.6 (Yoast SEO v19.13) - https:\/\/yoast.com\/wordpress\/plugins\/seo\/ -->\n<title>ALESSI Cactus! Porte-serviette - Erresse Shop<\/title>\n<meta name=\"description\" content=\"Le porte-serviettes est un accessoire de table \u00e9l\u00e9gant fabriqu\u00e9 en acier inoxydable 18\/10, connu pour sa solidit\u00e9 et sa brillance. Son design raffin\u00e9\" \/>\n<meta name=\"robots\" content=\"index, follow, max-snippet:-1, max-image-preview:large, max-video-preview:-1\" \/>\n<link rel=\"canonical\" href=\"https:\/\/www.erresse-shop.it\/fr\/shop\/table-fr-2\/recipients-et-bols\/alessi-cactus-porte-fruits-blanc-29-cm-copia\/\" \/>\n<meta property=\"og:locale\" content=\"fr_FR\" \/>\n<meta property=\"og:type\" content=\"article\" \/>\n<meta property=\"og:title\" content=\"ALESSI Cactus! Porte-serviette\" \/>\n<meta property=\"og:description\" content=\"Le porte-serviettes est un accessoire de table \u00e9l\u00e9gant fabriqu\u00e9 en acier inoxydable 18\/10, connu pour sa solidit\u00e9 et sa brillance. Son design raffin\u00e9\" \/>\n<meta property=\"og:url\" content=\"https:\/\/www.erresse-shop.it\/fr\/shop\/table-fr-2\/recipients-et-bols\/alessi-cactus-porte-fruits-blanc-29-cm-copia\/\" \/>\n<meta property=\"og:site_name\" content=\"Erresse Shop\" \/>\n<meta property=\"article:modified_time\" content=\"2025-02-27T08:40:02+00:00\" \/>\n<meta property=\"og:image\" content=\"https:\/\/www.erresse-shop.it\/wp-content\/uploads\/2025\/02\/ALESSI-Porta-Tovaglioli.jpg\" \/>\n\t<meta property=\"og:image:width\" content=\"1200\" \/>\n\t<meta property=\"og:image:height\" content=\"1200\" \/>\n\t<meta property=\"og:image:type\" content=\"image\/jpeg\" \/>\n<meta name=\"twitter:card\" content=\"summary_large_image\" \/>\n<script type=\"application\/ld+json\" class=\"yoast-schema-graph\">{\"@context\":\"https:\/\/schema.org\",\"@graph\":[{\"@type\":\"WebPage\",\"@id\":\"https:\/\/www.erresse-shop.it\/fr\/shop\/table-fr-2\/recipients-et-bols\/alessi-cactus-porte-fruits-blanc-29-cm-copia\/\",\"url\":\"https:\/\/www.erresse-shop.it\/fr\/shop\/table-fr-2\/recipients-et-bols\/alessi-cactus-porte-fruits-blanc-29-cm-copia\/\",\"name\":\"ALESSI Cactus! Porte-serviette - Erresse Shop\",\"isPartOf\":{\"@id\":\"https:\/\/www.erresse-shop.it\/fr\/#website\"},\"datePublished\":\"2025-02-26T08:33:32+00:00\",\"dateModified\":\"2025-02-27T08:40:02+00:00\",\"description\":\"Le porte-serviettes est un accessoire de table \u00e9l\u00e9gant fabriqu\u00e9 en acier inoxydable 18\/10, connu pour sa solidit\u00e9 et sa brillance. Son design raffin\u00e9\",\"breadcrumb\":{\"@id\":\"https:\/\/www.erresse-shop.it\/fr\/shop\/table-fr-2\/recipients-et-bols\/alessi-cactus-porte-fruits-blanc-29-cm-copia\/#breadcrumb\"},\"inLanguage\":\"fr-FR\",\"potentialAction\":[{\"@type\":\"ReadAction\",\"target\":[\"https:\/\/www.erresse-shop.it\/fr\/shop\/table-fr-2\/recipients-et-bols\/alessi-cactus-porte-fruits-blanc-29-cm-copia\/\"]}]},{\"@type\":\"BreadcrumbList\",\"@id\":\"https:\/\/www.erresse-shop.it\/fr\/shop\/table-fr-2\/recipients-et-bols\/alessi-cactus-porte-fruits-blanc-29-cm-copia\/#breadcrumb\",\"itemListElement\":[{\"@type\":\"ListItem\",\"position\":1,\"name\":\"Home\",\"item\":\"https:\/\/www.erresse-shop.it\/fr\/\"},{\"@type\":\"ListItem\",\"position\":2,\"name\":\"Shop\",\"item\":\"https:\/\/www.erresse-shop.it\/fr\/shop\/\"},{\"@type\":\"ListItem\",\"position\":3,\"name\":\"ALESSI Cactus! Porte-serviette\"}]},{\"@type\":\"WebSite\",\"@id\":\"https:\/\/www.erresse-shop.it\/fr\/#website\",\"url\":\"https:\/\/www.erresse-shop.it\/fr\/\",\"name\":\"Erresse Shop\",\"description\":\"Articoli di qualit\u00e0 per la casa\",\"potentialAction\":[{\"@type\":\"SearchAction\",\"target\":{\"@type\":\"EntryPoint\",\"urlTemplate\":\"https:\/\/www.erresse-shop.it\/fr\/?s={search_term_string}\"},\"query-input\":\"required name=search_term_string\"}],\"inLanguage\":\"fr-FR\"}]}<\/script>\n<!-- \/ Yoast SEO Premium plugin. -->","yoast_head_json":{"title":"ALESSI Cactus! Porte-serviette - Erresse Shop","description":"Le porte-serviettes est un accessoire de table \u00e9l\u00e9gant fabriqu\u00e9 en acier inoxydable 18\/10, connu pour sa solidit\u00e9 et sa brillance. Son design raffin\u00e9","robots":{"index":"index","follow":"follow","max-snippet":"max-snippet:-1","max-image-preview":"max-image-preview:large","max-video-preview":"max-video-preview:-1"},"canonical":"https:\/\/www.erresse-shop.it\/fr\/shop\/table-fr-2\/recipients-et-bols\/alessi-cactus-porte-fruits-blanc-29-cm-copia\/","og_locale":"fr_FR","og_type":"article","og_title":"ALESSI Cactus! Porte-serviette","og_description":"Le porte-serviettes est un accessoire de table \u00e9l\u00e9gant fabriqu\u00e9 en acier inoxydable 18\/10, connu pour sa solidit\u00e9 et sa brillance. Son design raffin\u00e9","og_url":"https:\/\/www.erresse-shop.it\/fr\/shop\/table-fr-2\/recipients-et-bols\/alessi-cactus-porte-fruits-blanc-29-cm-copia\/","og_site_name":"Erresse Shop","article_modified_time":"2025-02-27T08:40:02+00:00","og_image":[{"width":1200,"height":1200,"url":"https:\/\/www.erresse-shop.it\/wp-content\/uploads\/2025\/02\/ALESSI-Porta-Tovaglioli.jpg","type":"image\/jpeg"}],"twitter_card":"summary_large_image","schema":{"@context":"https:\/\/schema.org","@graph":[{"@type":"WebPage","@id":"https:\/\/www.erresse-shop.it\/fr\/shop\/table-fr-2\/recipients-et-bols\/alessi-cactus-porte-fruits-blanc-29-cm-copia\/","url":"https:\/\/www.erresse-shop.it\/fr\/shop\/table-fr-2\/recipients-et-bols\/alessi-cactus-porte-fruits-blanc-29-cm-copia\/","name":"ALESSI Cactus! Porte-serviette - Erresse Shop","isPartOf":{"@id":"https:\/\/www.erresse-shop.it\/fr\/#website"},"datePublished":"2025-02-26T08:33:32+00:00","dateModified":"2025-02-27T08:40:02+00:00","description":"Le porte-serviettes est un accessoire de table \u00e9l\u00e9gant fabriqu\u00e9 en acier inoxydable 18\/10, connu pour sa solidit\u00e9 et sa brillance. Son design raffin\u00e9","breadcrumb":{"@id":"https:\/\/www.erresse-shop.it\/fr\/shop\/table-fr-2\/recipients-et-bols\/alessi-cactus-porte-fruits-blanc-29-cm-copia\/#breadcrumb"},"inLanguage":"fr-FR","potentialAction":[{"@type":"ReadAction","target":["https:\/\/www.erresse-shop.it\/fr\/shop\/table-fr-2\/recipients-et-bols\/alessi-cactus-porte-fruits-blanc-29-cm-copia\/"]}]},{"@type":"BreadcrumbList","@id":"https:\/\/www.erresse-shop.it\/fr\/shop\/table-fr-2\/recipients-et-bols\/alessi-cactus-porte-fruits-blanc-29-cm-copia\/#breadcrumb","itemListElement":[{"@type":"ListItem","position":1,"name":"Home","item":"https:\/\/www.erresse-shop.it\/fr\/"},{"@type":"ListItem","position":2,"name":"Shop","item":"https:\/\/www.erresse-shop.it\/fr\/shop\/"},{"@type":"ListItem","position":3,"name":"ALESSI Cactus! Porte-serviette"}]},{"@type":"WebSite","@id":"https:\/\/www.erresse-shop.it\/fr\/#website","url":"https:\/\/www.erresse-shop.it\/fr\/","name":"Erresse Shop","description":"Articoli di qualit\u00e0 per la casa","potentialAction":[{"@type":"SearchAction","target":{"@type":"EntryPoint","urlTemplate":"https:\/\/www.erresse-shop.it\/fr\/?s={search_term_string}"},"query-input":"required name=search_term_string"}],"inLanguage":"fr-FR"}]}},"df_price":49.5,"df_sale_price":49.5,"df_regular_price":99,"df_image_link":"https:\/\/www.erresse-shop.it\/wp-content\/uploads\/2025\/02\/ALESSI-Porta-Tovaglioli-300x300.jpg","_links":{"self":[{"href":"https:\/\/www.erresse-shop.it\/fr\/wp-json\/wp\/v2\/product\/472100"}],"collection":[{"href":"https:\/\/www.erresse-shop.it\/fr\/wp-json\/wp\/v2\/product"}],"about":[{"href":"https:\/\/www.erresse-shop.it\/fr\/wp-json\/wp\/v2\/types\/product"}],"wp:featuredmedia":[{"embeddable":true,"href":"https:\/\/www.erresse-shop.it\/fr\/wp-json\/wp\/v2\/media\/472117"}],"wp:attachment":[{"href":"https:\/\/www.erresse-shop.it\/fr\/wp-json\/wp\/v2\/media?parent=472100"}],"wp:term":[{"taxonomy":"product_cat","embeddable":true,"href":"https:\/\/www.erresse-shop.it\/fr\/wp-json\/wp\/v2\/product_cat?post=472100"},{"taxonomy":"product_tag","embeddable":true,"href":"https:\/\/www.erresse-shop.it\/fr\/wp-json\/wp\/v2\/product_tag?post=472100"}],"curies":[{"name":"wp","href":"https:\/\/api.w.org\/{rel}","templated":true}]}}