{"id":471151,"date":"2025-02-24T08:33:55","date_gmt":"2025-02-24T08:33:59","guid":{"rendered":"https:\/\/www.erresse-shop.it\/?post_type=product&#038;p=471151"},"modified":"2025-02-24T09:08:00","modified_gmt":"2025-02-24T09:08:00","slug":"boska-set-a-fondue-electrique-pro-12-pieces-copia","status":"publish","type":"product","link":"https:\/\/www.erresse-shop.it\/fr\/shop\/cuisine\/boska-set-a-fondue-electrique-pro-12-pieces-copia\/","title":{"rendered":"STOCKLI Titlis Big Fondue Set 21 cm"},"content":{"rendered":"<p><strong>Partager ensemble, se sentir bien ensemble<\/strong><\/p>\n<p>Inspir\u00e9 du paysage alpin \u00e0 couper le souffle et du sommet enneig\u00e9 du mont Titlis en Suisse centrale, cet ensemble innovant porte son nom. A l&#8217;image du massif montagneux, il attire le regard et invite \u00e0 d\u00e9guster une d\u00e9licieuse fondue ! Ce n\u2019est pas seulement une exp\u00e9rience fantastique lorsque les flocons de neige dansent dehors. C\u00e9l\u00e9br\u00e9 en plein air lors d\u2019une chaude soir\u00e9e d\u2019\u00e9t\u00e9, il fait sourire tous les invit\u00e9s. Essayez-le, vous serez surpris !<\/p>\n<p>Caquelon et r\u00e9chaud \u00e9maill\u00e9s en fonte robuste. Poign\u00e9es et base en h\u00eatre massif. Ils cr\u00e9ent un contraste harmonieux avec l&#8217;\u00e9l\u00e9gante couleur noire et conf\u00e8rent \u00e0 l&#8217;ensemble un caract\u00e8re incomparable. La marmite compatible induction peut \u00eatre plac\u00e9e dans le r\u00e9chaud pour un gain de place, avec br\u00fbleur de s\u00e9curit\u00e9 en p\u00e2te. Comprend 6 fourchettes \u00e0 fondue au fromage avec manches en bois. Capacit\u00e9 3,2 litres pour 6 personnes.<\/p>\n<p><strong>Sp\u00e9cifications techniques<\/strong><\/p>\n<p><strong>Type de br\u00fbleur\u00a0:<\/strong> p\u00e2te combustible<br \/>\n<strong>Diam\u00e8tre<\/strong> : 21 cm<br \/>\n<strong>Type de fondue :<\/strong> Fromage<br \/>\n<strong>Couleur :<\/strong> Noir<br \/>\n<strong>Nombre maximum de personnes :<\/strong> 6<br \/>\n<strong>Poids\u00a0:<\/strong> 5,1 kg<\/p>\n","protected":false},"excerpt":{"rendered":"<p>Partager ensemble, se sentir bien ensemble Inspir\u00e9 du paysage alpin \u00e0 couper le souffle et du sommet enneig\u00e9 du mont<\/p>\n","protected":false},"featured_media":471168,"template":"","meta":{"_acf_changed":false,"inline_featured_image":false},"product_cat":[12748],"product_tag":[14106],"acf":[],"yoast_head":"<!-- This site is optimized with the Yoast SEO Premium plugin v18.6 (Yoast SEO v19.13) - https:\/\/yoast.com\/wordpress\/plugins\/seo\/ -->\n<title>BOSKA Set \u00e0 fondue \u00e9lectrique Pro 12 pi\u00e8ces<\/title>\n<meta name=\"description\" content=\"D\u00e9couvrez BOSKA Set \u00e0 fondue \u00e9lectrique Pro 12 pi\u00e8ces sur ErresseShop. Qualit\u00e9, prix r\u00e9duits et achat s\u00e9curis\u00e9 \u2013 commandez d\u00e8s maintenant en ligne !\" \/>\n<meta name=\"robots\" content=\"index, follow, max-snippet:-1, max-image-preview:large, max-video-preview:-1\" \/>\n<link rel=\"canonical\" href=\"https:\/\/www.erresse-shop.it\/fr\/shop\/cuisine\/boska-set-a-fondue-electrique-pro-12-pieces-copia\/\" \/>\n<meta property=\"og:locale\" content=\"fr_FR\" \/>\n<meta property=\"og:type\" content=\"article\" \/>\n<meta property=\"og:title\" content=\"STOCKLI Titlis Big Fondue Set 21 cm\" \/>\n<meta property=\"og:description\" content=\"D\u00e9couvrez BOSKA Set \u00e0 fondue \u00e9lectrique Pro 12 pi\u00e8ces sur ErresseShop. Qualit\u00e9, prix r\u00e9duits et achat s\u00e9curis\u00e9 \u2013 commandez d\u00e8s maintenant en ligne !\" \/>\n<meta property=\"og:url\" content=\"https:\/\/www.erresse-shop.it\/fr\/shop\/cuisine\/boska-set-a-fondue-electrique-pro-12-pieces-copia\/\" \/>\n<meta property=\"og:site_name\" content=\"Erresse Shop\" \/>\n<meta property=\"article:modified_time\" content=\"2025-02-24T09:08:00+00:00\" \/>\n<meta property=\"og:image\" content=\"https:\/\/www.erresse-shop.it\/wp-content\/uploads\/2025\/02\/STOCKLI-Set-Fonduta-di-Formaggio-Titlis-Big-21-cm.jpg\" \/>\n\t<meta property=\"og:image:width\" content=\"1200\" \/>\n\t<meta property=\"og:image:height\" content=\"1200\" \/>\n\t<meta property=\"og:image:type\" content=\"image\/jpeg\" \/>\n<meta name=\"twitter:card\" content=\"summary_large_image\" \/>\n<script type=\"application\/ld+json\" class=\"yoast-schema-graph\">{\"@context\":\"https:\/\/schema.org\",\"@graph\":[{\"@type\":\"WebPage\",\"@id\":\"https:\/\/www.erresse-shop.it\/fr\/shop\/cuisine\/boska-set-a-fondue-electrique-pro-12-pieces-copia\/\",\"url\":\"https:\/\/www.erresse-shop.it\/fr\/shop\/cuisine\/boska-set-a-fondue-electrique-pro-12-pieces-copia\/\",\"name\":\"BOSKA Set \u00e0 fondue \u00e9lectrique Pro 12 pi\u00e8ces\",\"isPartOf\":{\"@id\":\"https:\/\/www.erresse-shop.it\/fr\/#website\"},\"datePublished\":\"2025-02-24T08:33:59+00:00\",\"dateModified\":\"2025-02-24T09:08:00+00:00\",\"description\":\"D\u00e9couvrez BOSKA Set \u00e0 fondue \u00e9lectrique Pro 12 pi\u00e8ces sur ErresseShop. Qualit\u00e9, prix r\u00e9duits et achat s\u00e9curis\u00e9 \u2013 commandez d\u00e8s maintenant en ligne !\",\"breadcrumb\":{\"@id\":\"https:\/\/www.erresse-shop.it\/fr\/shop\/cuisine\/boska-set-a-fondue-electrique-pro-12-pieces-copia\/#breadcrumb\"},\"inLanguage\":\"fr-FR\",\"potentialAction\":[{\"@type\":\"ReadAction\",\"target\":[\"https:\/\/www.erresse-shop.it\/fr\/shop\/cuisine\/boska-set-a-fondue-electrique-pro-12-pieces-copia\/\"]}]},{\"@type\":\"BreadcrumbList\",\"@id\":\"https:\/\/www.erresse-shop.it\/fr\/shop\/cuisine\/boska-set-a-fondue-electrique-pro-12-pieces-copia\/#breadcrumb\",\"itemListElement\":[{\"@type\":\"ListItem\",\"position\":1,\"name\":\"Home\",\"item\":\"https:\/\/www.erresse-shop.it\/fr\/\"},{\"@type\":\"ListItem\",\"position\":2,\"name\":\"Shop\",\"item\":\"https:\/\/www.erresse-shop.it\/fr\/shop\/\"},{\"@type\":\"ListItem\",\"position\":3,\"name\":\"STOCKLI Titlis Big Fondue Set 21 cm\"}]},{\"@type\":\"WebSite\",\"@id\":\"https:\/\/www.erresse-shop.it\/fr\/#website\",\"url\":\"https:\/\/www.erresse-shop.it\/fr\/\",\"name\":\"Erresse Shop\",\"description\":\"Articoli di qualit\u00e0 per la casa\",\"potentialAction\":[{\"@type\":\"SearchAction\",\"target\":{\"@type\":\"EntryPoint\",\"urlTemplate\":\"https:\/\/www.erresse-shop.it\/fr\/?s={search_term_string}\"},\"query-input\":\"required name=search_term_string\"}],\"inLanguage\":\"fr-FR\"}]}<\/script>\n<!-- \/ Yoast SEO Premium plugin. -->","yoast_head_json":{"title":"BOSKA Set \u00e0 fondue \u00e9lectrique Pro 12 pi\u00e8ces","description":"D\u00e9couvrez BOSKA Set \u00e0 fondue \u00e9lectrique Pro 12 pi\u00e8ces sur ErresseShop. Qualit\u00e9, prix r\u00e9duits et achat s\u00e9curis\u00e9 \u2013 commandez d\u00e8s maintenant en ligne !","robots":{"index":"index","follow":"follow","max-snippet":"max-snippet:-1","max-image-preview":"max-image-preview:large","max-video-preview":"max-video-preview:-1"},"canonical":"https:\/\/www.erresse-shop.it\/fr\/shop\/cuisine\/boska-set-a-fondue-electrique-pro-12-pieces-copia\/","og_locale":"fr_FR","og_type":"article","og_title":"STOCKLI Titlis Big Fondue Set 21 cm","og_description":"D\u00e9couvrez BOSKA Set \u00e0 fondue \u00e9lectrique Pro 12 pi\u00e8ces sur ErresseShop. Qualit\u00e9, prix r\u00e9duits et achat s\u00e9curis\u00e9 \u2013 commandez d\u00e8s maintenant en ligne !","og_url":"https:\/\/www.erresse-shop.it\/fr\/shop\/cuisine\/boska-set-a-fondue-electrique-pro-12-pieces-copia\/","og_site_name":"Erresse Shop","article_modified_time":"2025-02-24T09:08:00+00:00","og_image":[{"width":1200,"height":1200,"url":"https:\/\/www.erresse-shop.it\/wp-content\/uploads\/2025\/02\/STOCKLI-Set-Fonduta-di-Formaggio-Titlis-Big-21-cm.jpg","type":"image\/jpeg"}],"twitter_card":"summary_large_image","schema":{"@context":"https:\/\/schema.org","@graph":[{"@type":"WebPage","@id":"https:\/\/www.erresse-shop.it\/fr\/shop\/cuisine\/boska-set-a-fondue-electrique-pro-12-pieces-copia\/","url":"https:\/\/www.erresse-shop.it\/fr\/shop\/cuisine\/boska-set-a-fondue-electrique-pro-12-pieces-copia\/","name":"BOSKA Set \u00e0 fondue \u00e9lectrique Pro 12 pi\u00e8ces","isPartOf":{"@id":"https:\/\/www.erresse-shop.it\/fr\/#website"},"datePublished":"2025-02-24T08:33:59+00:00","dateModified":"2025-02-24T09:08:00+00:00","description":"D\u00e9couvrez BOSKA Set \u00e0 fondue \u00e9lectrique Pro 12 pi\u00e8ces sur ErresseShop. Qualit\u00e9, prix r\u00e9duits et achat s\u00e9curis\u00e9 \u2013 commandez d\u00e8s maintenant en ligne !","breadcrumb":{"@id":"https:\/\/www.erresse-shop.it\/fr\/shop\/cuisine\/boska-set-a-fondue-electrique-pro-12-pieces-copia\/#breadcrumb"},"inLanguage":"fr-FR","potentialAction":[{"@type":"ReadAction","target":["https:\/\/www.erresse-shop.it\/fr\/shop\/cuisine\/boska-set-a-fondue-electrique-pro-12-pieces-copia\/"]}]},{"@type":"BreadcrumbList","@id":"https:\/\/www.erresse-shop.it\/fr\/shop\/cuisine\/boska-set-a-fondue-electrique-pro-12-pieces-copia\/#breadcrumb","itemListElement":[{"@type":"ListItem","position":1,"name":"Home","item":"https:\/\/www.erresse-shop.it\/fr\/"},{"@type":"ListItem","position":2,"name":"Shop","item":"https:\/\/www.erresse-shop.it\/fr\/shop\/"},{"@type":"ListItem","position":3,"name":"STOCKLI Titlis Big Fondue Set 21 cm"}]},{"@type":"WebSite","@id":"https:\/\/www.erresse-shop.it\/fr\/#website","url":"https:\/\/www.erresse-shop.it\/fr\/","name":"Erresse Shop","description":"Articoli di qualit\u00e0 per la casa","potentialAction":[{"@type":"SearchAction","target":{"@type":"EntryPoint","urlTemplate":"https:\/\/www.erresse-shop.it\/fr\/?s={search_term_string}"},"query-input":"required name=search_term_string"}],"inLanguage":"fr-FR"}]}},"df_price":159.3,"df_sale_price":159.3,"df_regular_price":177,"df_image_link":"https:\/\/www.erresse-shop.it\/wp-content\/uploads\/2025\/02\/STOCKLI-Set-Fonduta-di-Formaggio-Titlis-Big-21-cm-300x300.jpg","_links":{"self":[{"href":"https:\/\/www.erresse-shop.it\/fr\/wp-json\/wp\/v2\/product\/471151"}],"collection":[{"href":"https:\/\/www.erresse-shop.it\/fr\/wp-json\/wp\/v2\/product"}],"about":[{"href":"https:\/\/www.erresse-shop.it\/fr\/wp-json\/wp\/v2\/types\/product"}],"wp:featuredmedia":[{"embeddable":true,"href":"https:\/\/www.erresse-shop.it\/fr\/wp-json\/wp\/v2\/media\/471168"}],"wp:attachment":[{"href":"https:\/\/www.erresse-shop.it\/fr\/wp-json\/wp\/v2\/media?parent=471151"}],"wp:term":[{"taxonomy":"product_cat","embeddable":true,"href":"https:\/\/www.erresse-shop.it\/fr\/wp-json\/wp\/v2\/product_cat?post=471151"},{"taxonomy":"product_tag","embeddable":true,"href":"https:\/\/www.erresse-shop.it\/fr\/wp-json\/wp\/v2\/product_tag?post=471151"}],"curies":[{"name":"wp","href":"https:\/\/api.w.org\/{rel}","templated":true}]}}