{"id":471017,"date":"2025-02-24T06:55:23","date_gmt":"2025-02-24T06:55:26","guid":{"rendered":"https:\/\/www.erresse-shop.it\/?post_type=product&#038;p=471017"},"modified":"2025-02-24T07:17:42","modified_gmt":"2025-02-24T07:17:42","slug":"jura-machine-a-cafe-giga-x6-dark-inox-copia","status":"publish","type":"product","link":"https:\/\/www.erresse-shop.it\/fr\/shop\/petits-electromenagers\/machines-cafe\/automatique\/jura-machine-a-cafe-giga-x6-dark-inox-copia\/","title":{"rendered":"JURA Machine \u00e0 caf\u00e9 GIGA WE8 Dark Inox"},"content":{"rendered":"<div class=\"page-subtitle\">\n<p><span style=\"font-size: 14pt;\"><strong>Caf\u00e9 de sp\u00e9cialit\u00e9 pour le lieu de travail<\/strong><\/span><\/p>\n<p>L\u00e0 o\u00f9 les clients, les employ\u00e9s et les invit\u00e9s d\u00e9gustent un caf\u00e9, une atmosph\u00e8re agr\u00e9able est cr\u00e9\u00e9e : le caf\u00e9 contribue \u00e0 rendre l\u2019environnement serein, communicatif et productif.<\/p>\n<p>Ceux qui privil\u00e9gient le plaisir, la vari\u00e9t\u00e9 des sp\u00e9cialit\u00e9s de caf\u00e9 et l\u2019\u00e9l\u00e9gance esth\u00e9tique ne seront pas d\u00e9\u00e7us par le WE8. Le r\u00e9servoir d&#8217;eau d&#8217;une capacit\u00e9 de 3 l, le r\u00e9cipient \u00e0 caf\u00e9 pour 500 g de grains de caf\u00e9 et le r\u00e9cipient \u00e0 marc de caf\u00e9 d&#8217;une capacit\u00e9 de 25 portions font de cette \u00e9l\u00e9gante machine automatique professionnelle la solution id\u00e9ale pour les endroits o\u00f9 environ 30 sp\u00e9cialit\u00e9s de caf\u00e9.<\/p>\n<p>Les technologies innovantes r\u00e9volutionnent le plaisir du caf\u00e9. La fonction One-Touch vous permet de cr\u00e9er des sp\u00e9cialit\u00e9s tendance comme le latte macchiato, le flat white ou le cappuccino en appuyant simplement sur un bouton. Les boutons dispos\u00e9s sur le panneau avant et un \u00e9cran TFT moderne rendent l&#8217;utilisation simple et intuitive m\u00eame pour les utilisateurs inexp\u00e9riment\u00e9s.<\/p>\n<p>Le design simple et essentiel, accentu\u00e9 par d&#8217;\u00e9l\u00e9gants inserts chrom\u00e9s, fait du WE8 le joyau de la couronne de toute cuisine.<\/p>\n<\/div>\n<div class=\"page-info\">\n<p><span style=\"font-size: 14pt;\"><strong>Des technologies de pointe pour un plaisir parfait<\/strong><\/span><\/p>\n<p>Le moulin \u00e0 caf\u00e9 professionnel Aroma garantit 12,2 %* d&#8217;ar\u00f4me en plus et une qualit\u00e9 de mouture \u00e9lev\u00e9e qui reste inchang\u00e9e pendant toute la dur\u00e9e de vie de la machine. Sa g\u00e9om\u00e9trie perfectionn\u00e9e permet d&#8217;obtenir une courbe de broyage optimale. Cela signifie que le pourcentage plus \u00e9lev\u00e9 de particules fines permet aux ar\u00f4mes de se lib\u00e9rer dans toute leur intensit\u00e9.<\/p>\n<p>* Moulin \u00e0 caf\u00e9 Aroma professionnel compar\u00e9 aux moulins \u00e0 caf\u00e9 conventionnels<\/p>\n<p><span style=\"font-size: 14pt;\"><strong>Pour les amateurs de sp\u00e9cialit\u00e9s<\/strong><\/span><\/p>\n<p>La machine automatique de bureau \u00e0 succ\u00e8s a \u00e9t\u00e9 encore am\u00e9lior\u00e9e. Le WE8 pr\u00e9pare d\u00e9sormais 16 sp\u00e9cialit\u00e9s diff\u00e9rentes sur simple pression d&#8217;un bouton. La gamme s&#8217;\u00e9largit avec l&#8217;ajout d&#8217;espresso macchiato, d&#8217;espresso doppio, de caf\u00e9 de sp\u00e9cialit\u00e9 et d&#8217;eau au th\u00e9 vert sur simple pression d&#8217;un bouton.<\/p>\n<p><span style=\"font-size: 14pt;\"><strong>Buse \u00e0 micromousse G2<\/strong><\/span><\/p>\n<p>La nouvelle buse en micromousse G2 est fabriqu\u00e9e \u00e0 partir de mat\u00e9riaux de la plus haute qualit\u00e9 pour une beaut\u00e9 esth\u00e9tique maximale et un plaisir tactile. Le mousseur multifonctionnel a \u00e9t\u00e9 sp\u00e9cialement d\u00e9velopp\u00e9 pour la pr\u00e9paration de sp\u00e9cialit\u00e9s de caf\u00e9 avec de la mousse de lait et pr\u00e9pare comme par magie des cappuccinos et bien plus encore, garantissant \u00e0 chaque fois une micro-mousse d&#8217;excellente qualit\u00e9.<\/p>\n<p><span style=\"font-size: 14pt;\"><strong>Aussi individuel que vos besoins<\/strong><\/span><\/p>\n<p>Les exigences varient en fonction du domaine d&#8217;application : pour cette raison, le WE8 offre une programmation et une personnalisation polyvalentes. Par exemple, la quantit\u00e9 d\u2019eau et de caf\u00e9 en poudre peut \u00eatre parfaitement adapt\u00e9e aux pr\u00e9f\u00e9rences individuelles et aux plats utilis\u00e9s. De m\u00eame, en bloquant d\u2019autres sp\u00e9cialit\u00e9s, il est possible de privil\u00e9gier certaines sp\u00e9cialit\u00e9s de caf\u00e9. Si vous le souhaitez, diff\u00e9rents modes sont \u00e9galement disponibles, vous permettant de modifier les param\u00e8tres par d\u00e9faut ou la quantit\u00e9 de caf\u00e9 distribu\u00e9e dans la tasse uniquement apr\u00e8s avoir saisi une combinaison de touches sp\u00e9cifique.<\/p>\n<\/div>\n<p><span style=\"font-size: 14pt;\"><strong>Sp\u00e9cifications techniques<\/strong><\/span><\/p>\n<p><strong>Capacit\u00e9 du r\u00e9servoir d&#8217;eau :<\/strong> 3\u00a0l<br \/>\n<strong>Capacit\u00e9 du r\u00e9servoir \u00e0 grains de caf\u00e9 :<\/strong> 500 g<br \/>\n<strong>R\u00e9cipient \u00e0 marc de caf\u00e9\u00a0:<\/strong> (portions environ) 25<br \/>\n<strong>Longueur du c\u00e2ble\u00a0:<\/strong> 1,1 m<br \/>\n<strong>Tension \/ Puissance :<\/strong> 230 V ~ \/ 1450 W<br \/>\n<strong>Poids\u00a0:<\/strong> 10 kg<br \/>\n<strong>Dimensions (L \u00d7 H \u00d7 P) :<\/strong> 29,5 \u00d7 41,9 \u00d7 44,4 cm<\/p>\n","protected":false},"excerpt":{"rendered":"<p>Caf\u00e9 de sp\u00e9cialit\u00e9 pour le lieu de travail L\u00e0 o\u00f9 les clients, les employ\u00e9s et les invit\u00e9s d\u00e9gustent un caf\u00e9,<\/p>\n","protected":false},"featured_media":471046,"template":"","meta":{"_acf_changed":false,"inline_featured_image":false},"product_cat":[25360,12764,12449],"product_tag":[23563,20780,13254,23568],"acf":[],"yoast_head":"<!-- This site is optimized with the Yoast SEO Premium plugin v18.6 (Yoast SEO v19.13) - https:\/\/yoast.com\/wordpress\/plugins\/seo\/ -->\n<title>JURA Machine \u00e0 caf\u00e9 GIGA WE8 Dark Inox - Erresse Shop<\/title>\n<meta name=\"description\" content=\"Caf\u00e9 de sp\u00e9cialit\u00e9 pour le lieu de travail L\u00e0 o\u00f9 les clients, les employ\u00e9s et les invit\u00e9s d\u00e9gustent un caf\u00e9, une atmosph\u00e8re agr\u00e9able est cr\u00e9\u00e9e : le caf\u00e9\" \/>\n<meta name=\"robots\" content=\"index, follow, max-snippet:-1, max-image-preview:large, max-video-preview:-1\" \/>\n<link rel=\"canonical\" href=\"https:\/\/www.erresse-shop.it\/fr\/shop\/petits-electromenagers\/machines-cafe\/automatique\/jura-machine-a-cafe-giga-x6-dark-inox-copia\/\" \/>\n<meta property=\"og:locale\" content=\"fr_FR\" \/>\n<meta property=\"og:type\" content=\"article\" \/>\n<meta property=\"og:title\" content=\"JURA Machine \u00e0 caf\u00e9 GIGA WE8 Dark Inox\" \/>\n<meta property=\"og:description\" content=\"Caf\u00e9 de sp\u00e9cialit\u00e9 pour le lieu de travail L\u00e0 o\u00f9 les clients, les employ\u00e9s et les invit\u00e9s d\u00e9gustent un caf\u00e9, une atmosph\u00e8re agr\u00e9able est cr\u00e9\u00e9e : le caf\u00e9\" \/>\n<meta property=\"og:url\" content=\"https:\/\/www.erresse-shop.it\/fr\/shop\/petits-electromenagers\/machines-cafe\/automatique\/jura-machine-a-cafe-giga-x6-dark-inox-copia\/\" \/>\n<meta property=\"og:site_name\" content=\"Erresse Shop\" \/>\n<meta property=\"article:modified_time\" content=\"2025-02-24T07:17:42+00:00\" \/>\n<meta property=\"og:image\" content=\"https:\/\/www.erresse-shop.it\/wp-content\/uploads\/2025\/02\/JURA-Macchina-Da-Caffe-GIGA-WE8-Dark-Inox.jpg\" \/>\n\t<meta property=\"og:image:width\" content=\"1200\" \/>\n\t<meta property=\"og:image:height\" content=\"1200\" \/>\n\t<meta property=\"og:image:type\" content=\"image\/jpeg\" \/>\n<meta name=\"twitter:card\" content=\"summary_large_image\" \/>\n<script type=\"application\/ld+json\" class=\"yoast-schema-graph\">{\"@context\":\"https:\/\/schema.org\",\"@graph\":[{\"@type\":\"WebPage\",\"@id\":\"https:\/\/www.erresse-shop.it\/fr\/shop\/petits-electromenagers\/machines-cafe\/automatique\/jura-machine-a-cafe-giga-x6-dark-inox-copia\/\",\"url\":\"https:\/\/www.erresse-shop.it\/fr\/shop\/petits-electromenagers\/machines-cafe\/automatique\/jura-machine-a-cafe-giga-x6-dark-inox-copia\/\",\"name\":\"JURA Machine \u00e0 caf\u00e9 GIGA WE8 Dark Inox - Erresse Shop\",\"isPartOf\":{\"@id\":\"https:\/\/www.erresse-shop.it\/fr\/#website\"},\"datePublished\":\"2025-02-24T06:55:26+00:00\",\"dateModified\":\"2025-02-24T07:17:42+00:00\",\"description\":\"Caf\u00e9 de sp\u00e9cialit\u00e9 pour le lieu de travail L\u00e0 o\u00f9 les clients, les employ\u00e9s et les invit\u00e9s d\u00e9gustent un caf\u00e9, une atmosph\u00e8re agr\u00e9able est cr\u00e9\u00e9e : le caf\u00e9\",\"breadcrumb\":{\"@id\":\"https:\/\/www.erresse-shop.it\/fr\/shop\/petits-electromenagers\/machines-cafe\/automatique\/jura-machine-a-cafe-giga-x6-dark-inox-copia\/#breadcrumb\"},\"inLanguage\":\"fr-FR\",\"potentialAction\":[{\"@type\":\"ReadAction\",\"target\":[\"https:\/\/www.erresse-shop.it\/fr\/shop\/petits-electromenagers\/machines-cafe\/automatique\/jura-machine-a-cafe-giga-x6-dark-inox-copia\/\"]}]},{\"@type\":\"BreadcrumbList\",\"@id\":\"https:\/\/www.erresse-shop.it\/fr\/shop\/petits-electromenagers\/machines-cafe\/automatique\/jura-machine-a-cafe-giga-x6-dark-inox-copia\/#breadcrumb\",\"itemListElement\":[{\"@type\":\"ListItem\",\"position\":1,\"name\":\"Home\",\"item\":\"https:\/\/www.erresse-shop.it\/fr\/\"},{\"@type\":\"ListItem\",\"position\":2,\"name\":\"Shop\",\"item\":\"https:\/\/www.erresse-shop.it\/fr\/shop\/\"},{\"@type\":\"ListItem\",\"position\":3,\"name\":\"JURA Machine \u00e0 caf\u00e9 GIGA WE8 Dark Inox\"}]},{\"@type\":\"WebSite\",\"@id\":\"https:\/\/www.erresse-shop.it\/fr\/#website\",\"url\":\"https:\/\/www.erresse-shop.it\/fr\/\",\"name\":\"Erresse Shop\",\"description\":\"Articoli di qualit\u00e0 per la casa\",\"potentialAction\":[{\"@type\":\"SearchAction\",\"target\":{\"@type\":\"EntryPoint\",\"urlTemplate\":\"https:\/\/www.erresse-shop.it\/fr\/?s={search_term_string}\"},\"query-input\":\"required name=search_term_string\"}],\"inLanguage\":\"fr-FR\"}]}<\/script>\n<!-- \/ Yoast SEO Premium plugin. -->","yoast_head_json":{"title":"JURA Machine \u00e0 caf\u00e9 GIGA WE8 Dark Inox - Erresse Shop","description":"Caf\u00e9 de sp\u00e9cialit\u00e9 pour le lieu de travail L\u00e0 o\u00f9 les clients, les employ\u00e9s et les invit\u00e9s d\u00e9gustent un caf\u00e9, une atmosph\u00e8re agr\u00e9able est cr\u00e9\u00e9e : le caf\u00e9","robots":{"index":"index","follow":"follow","max-snippet":"max-snippet:-1","max-image-preview":"max-image-preview:large","max-video-preview":"max-video-preview:-1"},"canonical":"https:\/\/www.erresse-shop.it\/fr\/shop\/petits-electromenagers\/machines-cafe\/automatique\/jura-machine-a-cafe-giga-x6-dark-inox-copia\/","og_locale":"fr_FR","og_type":"article","og_title":"JURA Machine \u00e0 caf\u00e9 GIGA WE8 Dark Inox","og_description":"Caf\u00e9 de sp\u00e9cialit\u00e9 pour le lieu de travail L\u00e0 o\u00f9 les clients, les employ\u00e9s et les invit\u00e9s d\u00e9gustent un caf\u00e9, une atmosph\u00e8re agr\u00e9able est cr\u00e9\u00e9e : le caf\u00e9","og_url":"https:\/\/www.erresse-shop.it\/fr\/shop\/petits-electromenagers\/machines-cafe\/automatique\/jura-machine-a-cafe-giga-x6-dark-inox-copia\/","og_site_name":"Erresse Shop","article_modified_time":"2025-02-24T07:17:42+00:00","og_image":[{"width":1200,"height":1200,"url":"https:\/\/www.erresse-shop.it\/wp-content\/uploads\/2025\/02\/JURA-Macchina-Da-Caffe-GIGA-WE8-Dark-Inox.jpg","type":"image\/jpeg"}],"twitter_card":"summary_large_image","schema":{"@context":"https:\/\/schema.org","@graph":[{"@type":"WebPage","@id":"https:\/\/www.erresse-shop.it\/fr\/shop\/petits-electromenagers\/machines-cafe\/automatique\/jura-machine-a-cafe-giga-x6-dark-inox-copia\/","url":"https:\/\/www.erresse-shop.it\/fr\/shop\/petits-electromenagers\/machines-cafe\/automatique\/jura-machine-a-cafe-giga-x6-dark-inox-copia\/","name":"JURA Machine \u00e0 caf\u00e9 GIGA WE8 Dark Inox - Erresse Shop","isPartOf":{"@id":"https:\/\/www.erresse-shop.it\/fr\/#website"},"datePublished":"2025-02-24T06:55:26+00:00","dateModified":"2025-02-24T07:17:42+00:00","description":"Caf\u00e9 de sp\u00e9cialit\u00e9 pour le lieu de travail L\u00e0 o\u00f9 les clients, les employ\u00e9s et les invit\u00e9s d\u00e9gustent un caf\u00e9, une atmosph\u00e8re agr\u00e9able est cr\u00e9\u00e9e : le caf\u00e9","breadcrumb":{"@id":"https:\/\/www.erresse-shop.it\/fr\/shop\/petits-electromenagers\/machines-cafe\/automatique\/jura-machine-a-cafe-giga-x6-dark-inox-copia\/#breadcrumb"},"inLanguage":"fr-FR","potentialAction":[{"@type":"ReadAction","target":["https:\/\/www.erresse-shop.it\/fr\/shop\/petits-electromenagers\/machines-cafe\/automatique\/jura-machine-a-cafe-giga-x6-dark-inox-copia\/"]}]},{"@type":"BreadcrumbList","@id":"https:\/\/www.erresse-shop.it\/fr\/shop\/petits-electromenagers\/machines-cafe\/automatique\/jura-machine-a-cafe-giga-x6-dark-inox-copia\/#breadcrumb","itemListElement":[{"@type":"ListItem","position":1,"name":"Home","item":"https:\/\/www.erresse-shop.it\/fr\/"},{"@type":"ListItem","position":2,"name":"Shop","item":"https:\/\/www.erresse-shop.it\/fr\/shop\/"},{"@type":"ListItem","position":3,"name":"JURA Machine \u00e0 caf\u00e9 GIGA WE8 Dark Inox"}]},{"@type":"WebSite","@id":"https:\/\/www.erresse-shop.it\/fr\/#website","url":"https:\/\/www.erresse-shop.it\/fr\/","name":"Erresse Shop","description":"Articoli di qualit\u00e0 per la casa","potentialAction":[{"@type":"SearchAction","target":{"@type":"EntryPoint","urlTemplate":"https:\/\/www.erresse-shop.it\/fr\/?s={search_term_string}"},"query-input":"required name=search_term_string"}],"inLanguage":"fr-FR"}]}},"df_price":1799.1000000000001,"df_sale_price":1799.1000000000001,"df_regular_price":1999,"df_image_link":"https:\/\/www.erresse-shop.it\/wp-content\/uploads\/2025\/02\/JURA-Macchina-Da-Caffe-GIGA-WE8-Dark-Inox-300x300.jpg","_links":{"self":[{"href":"https:\/\/www.erresse-shop.it\/fr\/wp-json\/wp\/v2\/product\/471017"}],"collection":[{"href":"https:\/\/www.erresse-shop.it\/fr\/wp-json\/wp\/v2\/product"}],"about":[{"href":"https:\/\/www.erresse-shop.it\/fr\/wp-json\/wp\/v2\/types\/product"}],"wp:featuredmedia":[{"embeddable":true,"href":"https:\/\/www.erresse-shop.it\/fr\/wp-json\/wp\/v2\/media\/471046"}],"wp:attachment":[{"href":"https:\/\/www.erresse-shop.it\/fr\/wp-json\/wp\/v2\/media?parent=471017"}],"wp:term":[{"taxonomy":"product_cat","embeddable":true,"href":"https:\/\/www.erresse-shop.it\/fr\/wp-json\/wp\/v2\/product_cat?post=471017"},{"taxonomy":"product_tag","embeddable":true,"href":"https:\/\/www.erresse-shop.it\/fr\/wp-json\/wp\/v2\/product_tag?post=471017"}],"curies":[{"name":"wp","href":"https:\/\/api.w.org\/{rel}","templated":true}]}}