{"id":470924,"date":"2025-02-21T13:38:06","date_gmt":"2025-02-21T13:38:09","guid":{"rendered":"https:\/\/www.erresse-shop.it\/?post_type=product&#038;p=470924"},"modified":"2026-02-23T10:07:13","modified_gmt":"2026-02-23T10:07:13","slug":"villeroy-boch-set-de-6-assiettes-plates-toys-delight-special-23-cm","status":"publish","type":"product","link":"https:\/\/www.erresse-shop.it\/fr\/shop\/table-fr-2\/plats\/villeroy-boch-set-de-6-assiettes-plates-toys-delight-special-23-cm\/","title":{"rendered":"VILLEROY &#038; BOCH Set de 6 assiettes plates Toy&#8217;s Delight Special 23 cm"},"content":{"rendered":"<p><strong>LAVABLE AU LAVE-VAISSELLE<\/strong><br \/>\nMat\u00e9riau : Porcelaine de qualit\u00e9 sup\u00e9rieure<\/p>\n<p><strong>Assiette plate cr\u00e9\u00e9e avec amour avec des d\u00e9corations de No\u00ebl r\u00e9tro.<\/strong><br \/>\nAvec la collection Toy&#8217;s Delight, vous apporterez une atmosph\u00e8re de No\u00ebl nostalgique dans votre maison. Cette porcelaine est d\u00e9cor\u00e9e de jolis motifs rouges, verts et blancs et \u00e9voque des souvenirs d&#8217;enfance. Avec sa d\u00e9coration d\u00e9taill\u00e9e, l&#8217;assiette ajoute une touche sp\u00e9ciale inoubliable \u00e0 toute table de No\u00ebl. Fabriqu\u00e9e en Allemagne : d\u00e9corez votre maison et votre table avec style pour les f\u00eates de fin d&#8217;ann\u00e9e, pour les petits comme pour les grands.<\/p>\n","protected":false},"excerpt":{"rendered":"<p>LAVABLE AU LAVE-VAISSELLE Mat\u00e9riau : Porcelaine de qualit\u00e9 sup\u00e9rieure Assiette plate cr\u00e9\u00e9e avec amour avec des d\u00e9corations de No\u00ebl r\u00e9tro.<\/p>\n","protected":false},"featured_media":470935,"template":"","meta":{"_acf_changed":false,"inline_featured_image":false},"product_cat":[12788,12782],"product_tag":[25026,13169,14288,22041,25021,24397,19357,21968],"acf":[],"yoast_head":"<!-- This site is optimized with the Yoast SEO Premium plugin v18.6 (Yoast SEO v19.13) - https:\/\/yoast.com\/wordpress\/plugins\/seo\/ -->\n<title>VILLEROY &amp; BOCH Set de 6 assiettes plates Toy&#039;s Delight Special 23 cm - Erresse Shop<\/title>\n<meta name=\"description\" content=\"LAVABLE AU LAVE-VAISSELLE Mat\u00e9riau : Porcelaine de qualit\u00e9 sup\u00e9rieure Assiette plate cr\u00e9\u00e9e avec amour avec des d\u00e9corations de No\u00ebl r\u00e9tro. Avec la\" \/>\n<meta name=\"robots\" content=\"index, follow, max-snippet:-1, max-image-preview:large, max-video-preview:-1\" \/>\n<link rel=\"canonical\" href=\"https:\/\/www.erresse-shop.it\/fr\/shop\/table-fr-2\/plats\/villeroy-boch-set-de-6-assiettes-plates-toys-delight-special-23-cm\/\" \/>\n<meta property=\"og:locale\" content=\"fr_FR\" \/>\n<meta property=\"og:type\" content=\"article\" \/>\n<meta property=\"og:title\" content=\"VILLEROY &amp; BOCH Set de 6 assiettes plates Toy&#039;s Delight Special 23 cm\" \/>\n<meta property=\"og:description\" content=\"LAVABLE AU LAVE-VAISSELLE Mat\u00e9riau : Porcelaine de qualit\u00e9 sup\u00e9rieure Assiette plate cr\u00e9\u00e9e avec amour avec des d\u00e9corations de No\u00ebl r\u00e9tro. Avec la\" \/>\n<meta property=\"og:url\" content=\"https:\/\/www.erresse-shop.it\/fr\/shop\/table-fr-2\/plats\/villeroy-boch-set-de-6-assiettes-plates-toys-delight-special-23-cm\/\" \/>\n<meta property=\"og:site_name\" content=\"Erresse Shop\" \/>\n<meta property=\"article:modified_time\" content=\"2026-02-23T10:07:13+00:00\" \/>\n<meta property=\"og:image\" content=\"https:\/\/www.erresse-shop.it\/wp-content\/uploads\/2025\/02\/VILLEROY-BOCH-Set-6-Piatti-Fondi-Toys-Delight-23-cm.jpg\" \/>\n\t<meta property=\"og:image:width\" content=\"1200\" \/>\n\t<meta property=\"og:image:height\" content=\"1200\" \/>\n\t<meta property=\"og:image:type\" content=\"image\/jpeg\" \/>\n<meta name=\"twitter:card\" content=\"summary_large_image\" \/>\n<script type=\"application\/ld+json\" class=\"yoast-schema-graph\">{\"@context\":\"https:\/\/schema.org\",\"@graph\":[{\"@type\":\"WebPage\",\"@id\":\"https:\/\/www.erresse-shop.it\/fr\/shop\/table-fr-2\/plats\/villeroy-boch-set-de-6-assiettes-plates-toys-delight-special-23-cm\/\",\"url\":\"https:\/\/www.erresse-shop.it\/fr\/shop\/table-fr-2\/plats\/villeroy-boch-set-de-6-assiettes-plates-toys-delight-special-23-cm\/\",\"name\":\"VILLEROY & BOCH Set de 6 assiettes plates Toy's Delight Special 23 cm - Erresse Shop\",\"isPartOf\":{\"@id\":\"https:\/\/www.erresse-shop.it\/fr\/#website\"},\"datePublished\":\"2025-02-21T13:38:09+00:00\",\"dateModified\":\"2026-02-23T10:07:13+00:00\",\"description\":\"LAVABLE AU LAVE-VAISSELLE Mat\u00e9riau : Porcelaine de qualit\u00e9 sup\u00e9rieure Assiette plate cr\u00e9\u00e9e avec amour avec des d\u00e9corations de No\u00ebl r\u00e9tro. Avec la\",\"breadcrumb\":{\"@id\":\"https:\/\/www.erresse-shop.it\/fr\/shop\/table-fr-2\/plats\/villeroy-boch-set-de-6-assiettes-plates-toys-delight-special-23-cm\/#breadcrumb\"},\"inLanguage\":\"fr-FR\",\"potentialAction\":[{\"@type\":\"ReadAction\",\"target\":[\"https:\/\/www.erresse-shop.it\/fr\/shop\/table-fr-2\/plats\/villeroy-boch-set-de-6-assiettes-plates-toys-delight-special-23-cm\/\"]}]},{\"@type\":\"BreadcrumbList\",\"@id\":\"https:\/\/www.erresse-shop.it\/fr\/shop\/table-fr-2\/plats\/villeroy-boch-set-de-6-assiettes-plates-toys-delight-special-23-cm\/#breadcrumb\",\"itemListElement\":[{\"@type\":\"ListItem\",\"position\":1,\"name\":\"Home\",\"item\":\"https:\/\/www.erresse-shop.it\/fr\/\"},{\"@type\":\"ListItem\",\"position\":2,\"name\":\"Shop\",\"item\":\"https:\/\/www.erresse-shop.it\/fr\/shop\/\"},{\"@type\":\"ListItem\",\"position\":3,\"name\":\"VILLEROY &#038; BOCH Set de 6 assiettes plates Toy&#8217;s Delight Special 23 cm\"}]},{\"@type\":\"WebSite\",\"@id\":\"https:\/\/www.erresse-shop.it\/fr\/#website\",\"url\":\"https:\/\/www.erresse-shop.it\/fr\/\",\"name\":\"Erresse Shop\",\"description\":\"Articoli di qualit\u00e0 per la casa\",\"potentialAction\":[{\"@type\":\"SearchAction\",\"target\":{\"@type\":\"EntryPoint\",\"urlTemplate\":\"https:\/\/www.erresse-shop.it\/fr\/?s={search_term_string}\"},\"query-input\":\"required name=search_term_string\"}],\"inLanguage\":\"fr-FR\"}]}<\/script>\n<!-- \/ Yoast SEO Premium plugin. -->","yoast_head_json":{"title":"VILLEROY & BOCH Set de 6 assiettes plates Toy's Delight Special 23 cm - Erresse Shop","description":"LAVABLE AU LAVE-VAISSELLE Mat\u00e9riau : Porcelaine de qualit\u00e9 sup\u00e9rieure Assiette plate cr\u00e9\u00e9e avec amour avec des d\u00e9corations de No\u00ebl r\u00e9tro. Avec la","robots":{"index":"index","follow":"follow","max-snippet":"max-snippet:-1","max-image-preview":"max-image-preview:large","max-video-preview":"max-video-preview:-1"},"canonical":"https:\/\/www.erresse-shop.it\/fr\/shop\/table-fr-2\/plats\/villeroy-boch-set-de-6-assiettes-plates-toys-delight-special-23-cm\/","og_locale":"fr_FR","og_type":"article","og_title":"VILLEROY & BOCH Set de 6 assiettes plates Toy's Delight Special 23 cm","og_description":"LAVABLE AU LAVE-VAISSELLE Mat\u00e9riau : Porcelaine de qualit\u00e9 sup\u00e9rieure Assiette plate cr\u00e9\u00e9e avec amour avec des d\u00e9corations de No\u00ebl r\u00e9tro. Avec la","og_url":"https:\/\/www.erresse-shop.it\/fr\/shop\/table-fr-2\/plats\/villeroy-boch-set-de-6-assiettes-plates-toys-delight-special-23-cm\/","og_site_name":"Erresse Shop","article_modified_time":"2026-02-23T10:07:13+00:00","og_image":[{"width":1200,"height":1200,"url":"https:\/\/www.erresse-shop.it\/wp-content\/uploads\/2025\/02\/VILLEROY-BOCH-Set-6-Piatti-Fondi-Toys-Delight-23-cm.jpg","type":"image\/jpeg"}],"twitter_card":"summary_large_image","schema":{"@context":"https:\/\/schema.org","@graph":[{"@type":"WebPage","@id":"https:\/\/www.erresse-shop.it\/fr\/shop\/table-fr-2\/plats\/villeroy-boch-set-de-6-assiettes-plates-toys-delight-special-23-cm\/","url":"https:\/\/www.erresse-shop.it\/fr\/shop\/table-fr-2\/plats\/villeroy-boch-set-de-6-assiettes-plates-toys-delight-special-23-cm\/","name":"VILLEROY & BOCH Set de 6 assiettes plates Toy's Delight Special 23 cm - Erresse Shop","isPartOf":{"@id":"https:\/\/www.erresse-shop.it\/fr\/#website"},"datePublished":"2025-02-21T13:38:09+00:00","dateModified":"2026-02-23T10:07:13+00:00","description":"LAVABLE AU LAVE-VAISSELLE Mat\u00e9riau : Porcelaine de qualit\u00e9 sup\u00e9rieure Assiette plate cr\u00e9\u00e9e avec amour avec des d\u00e9corations de No\u00ebl r\u00e9tro. Avec la","breadcrumb":{"@id":"https:\/\/www.erresse-shop.it\/fr\/shop\/table-fr-2\/plats\/villeroy-boch-set-de-6-assiettes-plates-toys-delight-special-23-cm\/#breadcrumb"},"inLanguage":"fr-FR","potentialAction":[{"@type":"ReadAction","target":["https:\/\/www.erresse-shop.it\/fr\/shop\/table-fr-2\/plats\/villeroy-boch-set-de-6-assiettes-plates-toys-delight-special-23-cm\/"]}]},{"@type":"BreadcrumbList","@id":"https:\/\/www.erresse-shop.it\/fr\/shop\/table-fr-2\/plats\/villeroy-boch-set-de-6-assiettes-plates-toys-delight-special-23-cm\/#breadcrumb","itemListElement":[{"@type":"ListItem","position":1,"name":"Home","item":"https:\/\/www.erresse-shop.it\/fr\/"},{"@type":"ListItem","position":2,"name":"Shop","item":"https:\/\/www.erresse-shop.it\/fr\/shop\/"},{"@type":"ListItem","position":3,"name":"VILLEROY &#038; BOCH Set de 6 assiettes plates Toy&#8217;s Delight Special 23 cm"}]},{"@type":"WebSite","@id":"https:\/\/www.erresse-shop.it\/fr\/#website","url":"https:\/\/www.erresse-shop.it\/fr\/","name":"Erresse Shop","description":"Articoli di qualit\u00e0 per la casa","potentialAction":[{"@type":"SearchAction","target":{"@type":"EntryPoint","urlTemplate":"https:\/\/www.erresse-shop.it\/fr\/?s={search_term_string}"},"query-input":"required name=search_term_string"}],"inLanguage":"fr-FR"}]}},"df_price":89,"df_sale_price":89,"df_regular_price":149.4,"df_image_link":"https:\/\/www.erresse-shop.it\/wp-content\/uploads\/2025\/02\/VILLEROY-BOCH-Set-6-Piatti-Fondi-Toys-Delight-23-cm-300x300.jpg","_links":{"self":[{"href":"https:\/\/www.erresse-shop.it\/fr\/wp-json\/wp\/v2\/product\/470924"}],"collection":[{"href":"https:\/\/www.erresse-shop.it\/fr\/wp-json\/wp\/v2\/product"}],"about":[{"href":"https:\/\/www.erresse-shop.it\/fr\/wp-json\/wp\/v2\/types\/product"}],"wp:featuredmedia":[{"embeddable":true,"href":"https:\/\/www.erresse-shop.it\/fr\/wp-json\/wp\/v2\/media\/470935"}],"wp:attachment":[{"href":"https:\/\/www.erresse-shop.it\/fr\/wp-json\/wp\/v2\/media?parent=470924"}],"wp:term":[{"taxonomy":"product_cat","embeddable":true,"href":"https:\/\/www.erresse-shop.it\/fr\/wp-json\/wp\/v2\/product_cat?post=470924"},{"taxonomy":"product_tag","embeddable":true,"href":"https:\/\/www.erresse-shop.it\/fr\/wp-json\/wp\/v2\/product_tag?post=470924"}],"curies":[{"name":"wp","href":"https:\/\/api.w.org\/{rel}","templated":true}]}}