{"id":470911,"date":"2025-02-21T13:09:46","date_gmt":"2025-02-21T13:09:50","guid":{"rendered":"https:\/\/www.erresse-shop.it\/?post_type=product&#038;p=470911"},"modified":"2026-02-23T10:13:04","modified_gmt":"2026-02-23T10:13:04","slug":"victorinox-eplucheur-universel-noir","status":"publish","type":"product","link":"https:\/\/www.erresse-shop.it\/fr\/shop\/cuisine\/couteaux\/victorinox-eplucheur-universel-noir\/","title":{"rendered":"VICTORINOX \u00c9plucheur universel noir"},"content":{"rendered":"<p><span style=\"font-size: 14pt;\"><strong>\u00c9plucheur universel avec bord ultra-tranchant<\/strong><\/span><br \/>\nLa cuisine est un art dans lequel on dessine avec go\u00fbt et on d\u00e9core avec des couleurs. En tant que ma\u00eetre de votre cuisine, vous m\u00e9ritez les bons outils pour exprimer votre cr\u00e9ativit\u00e9. C&#8217;est l\u00e0 que l&#8217;\u00e9plucheur de pommes de terre universel Victorinox s&#8217;av\u00e8re utile. Son bord dentel\u00e9 est pr\u00eat \u00e0 s&#8217;attaquer aux pelures les plus tenaces tandis que sa poign\u00e9e ergonomique rend la cuisine amusante et facile.<\/p>\n<p><strong>Dimensions<\/strong><\/p>\n<ul>\n<li>Hauteur : 20 mm<\/li>\n<li>Longueur : 175 mm<\/li>\n<li>Largeur : 21 mm<\/li>\n<li>Poids : 21 g<\/li>\n<\/ul>\n<p><strong>Mati\u00e8re<\/strong> : \u00c9lastom\u00e8re et polypropyl\u00e8ne<\/p>\n","protected":false},"excerpt":{"rendered":"<p>\u00c9plucheur universel avec bord ultra-tranchant La cuisine est un art dans lequel on dessine avec go\u00fbt et on d\u00e9core avec<\/p>\n","protected":false},"featured_media":470916,"template":"","meta":{"_acf_changed":false,"inline_featured_image":false},"product_cat":[12742,14452,12748],"product_tag":[25036,15812,25021,24603],"acf":[],"yoast_head":"<!-- This site is optimized with the Yoast SEO Premium plugin v18.6 (Yoast SEO v19.13) - https:\/\/yoast.com\/wordpress\/plugins\/seo\/ -->\n<title>VICTORINOX \u00c9plucheur universel noir - Erresse Shop<\/title>\n<meta name=\"description\" content=\"\u00c9plucheur universel avec bord ultra-tranchant La cuisine est un art dans lequel on dessine avec go\u00fbt et on d\u00e9core avec des couleurs. En tant que ma\u00eetre de\" \/>\n<meta name=\"robots\" content=\"index, follow, max-snippet:-1, max-image-preview:large, max-video-preview:-1\" \/>\n<link rel=\"canonical\" href=\"https:\/\/www.erresse-shop.it\/fr\/shop\/cuisine\/couteaux\/victorinox-eplucheur-universel-noir\/\" \/>\n<meta property=\"og:locale\" content=\"fr_FR\" \/>\n<meta property=\"og:type\" content=\"article\" \/>\n<meta property=\"og:title\" content=\"VICTORINOX \u00c9plucheur universel noir\" \/>\n<meta property=\"og:description\" content=\"\u00c9plucheur universel avec bord ultra-tranchant La cuisine est un art dans lequel on dessine avec go\u00fbt et on d\u00e9core avec des couleurs. En tant que ma\u00eetre de\" \/>\n<meta property=\"og:url\" content=\"https:\/\/www.erresse-shop.it\/fr\/shop\/cuisine\/couteaux\/victorinox-eplucheur-universel-noir\/\" \/>\n<meta property=\"og:site_name\" content=\"Erresse Shop\" \/>\n<meta property=\"article:modified_time\" content=\"2026-02-23T10:13:04+00:00\" \/>\n<meta property=\"og:image\" content=\"https:\/\/www.erresse-shop.it\/wp-content\/uploads\/2025\/02\/VICTORINOX-Sbucciatore-Universale-Nero.jpg\" \/>\n\t<meta property=\"og:image:width\" content=\"1200\" \/>\n\t<meta property=\"og:image:height\" content=\"1200\" \/>\n\t<meta property=\"og:image:type\" content=\"image\/jpeg\" \/>\n<meta name=\"twitter:card\" content=\"summary_large_image\" \/>\n<script type=\"application\/ld+json\" class=\"yoast-schema-graph\">{\"@context\":\"https:\/\/schema.org\",\"@graph\":[{\"@type\":\"WebPage\",\"@id\":\"https:\/\/www.erresse-shop.it\/fr\/shop\/cuisine\/couteaux\/victorinox-eplucheur-universel-noir\/\",\"url\":\"https:\/\/www.erresse-shop.it\/fr\/shop\/cuisine\/couteaux\/victorinox-eplucheur-universel-noir\/\",\"name\":\"VICTORINOX \u00c9plucheur universel noir - Erresse Shop\",\"isPartOf\":{\"@id\":\"https:\/\/www.erresse-shop.it\/fr\/#website\"},\"datePublished\":\"2025-02-21T13:09:50+00:00\",\"dateModified\":\"2026-02-23T10:13:04+00:00\",\"description\":\"\u00c9plucheur universel avec bord ultra-tranchant La cuisine est un art dans lequel on dessine avec go\u00fbt et on d\u00e9core avec des couleurs. En tant que ma\u00eetre de\",\"breadcrumb\":{\"@id\":\"https:\/\/www.erresse-shop.it\/fr\/shop\/cuisine\/couteaux\/victorinox-eplucheur-universel-noir\/#breadcrumb\"},\"inLanguage\":\"fr-FR\",\"potentialAction\":[{\"@type\":\"ReadAction\",\"target\":[\"https:\/\/www.erresse-shop.it\/fr\/shop\/cuisine\/couteaux\/victorinox-eplucheur-universel-noir\/\"]}]},{\"@type\":\"BreadcrumbList\",\"@id\":\"https:\/\/www.erresse-shop.it\/fr\/shop\/cuisine\/couteaux\/victorinox-eplucheur-universel-noir\/#breadcrumb\",\"itemListElement\":[{\"@type\":\"ListItem\",\"position\":1,\"name\":\"Home\",\"item\":\"https:\/\/www.erresse-shop.it\/fr\/\"},{\"@type\":\"ListItem\",\"position\":2,\"name\":\"Shop\",\"item\":\"https:\/\/www.erresse-shop.it\/fr\/shop\/\"},{\"@type\":\"ListItem\",\"position\":3,\"name\":\"VICTORINOX \u00c9plucheur universel noir\"}]},{\"@type\":\"WebSite\",\"@id\":\"https:\/\/www.erresse-shop.it\/fr\/#website\",\"url\":\"https:\/\/www.erresse-shop.it\/fr\/\",\"name\":\"Erresse Shop\",\"description\":\"Articoli di qualit\u00e0 per la casa\",\"potentialAction\":[{\"@type\":\"SearchAction\",\"target\":{\"@type\":\"EntryPoint\",\"urlTemplate\":\"https:\/\/www.erresse-shop.it\/fr\/?s={search_term_string}\"},\"query-input\":\"required name=search_term_string\"}],\"inLanguage\":\"fr-FR\"}]}<\/script>\n<!-- \/ Yoast SEO Premium plugin. -->","yoast_head_json":{"title":"VICTORINOX \u00c9plucheur universel noir - Erresse Shop","description":"\u00c9plucheur universel avec bord ultra-tranchant La cuisine est un art dans lequel on dessine avec go\u00fbt et on d\u00e9core avec des couleurs. En tant que ma\u00eetre de","robots":{"index":"index","follow":"follow","max-snippet":"max-snippet:-1","max-image-preview":"max-image-preview:large","max-video-preview":"max-video-preview:-1"},"canonical":"https:\/\/www.erresse-shop.it\/fr\/shop\/cuisine\/couteaux\/victorinox-eplucheur-universel-noir\/","og_locale":"fr_FR","og_type":"article","og_title":"VICTORINOX \u00c9plucheur universel noir","og_description":"\u00c9plucheur universel avec bord ultra-tranchant La cuisine est un art dans lequel on dessine avec go\u00fbt et on d\u00e9core avec des couleurs. En tant que ma\u00eetre de","og_url":"https:\/\/www.erresse-shop.it\/fr\/shop\/cuisine\/couteaux\/victorinox-eplucheur-universel-noir\/","og_site_name":"Erresse Shop","article_modified_time":"2026-02-23T10:13:04+00:00","og_image":[{"width":1200,"height":1200,"url":"https:\/\/www.erresse-shop.it\/wp-content\/uploads\/2025\/02\/VICTORINOX-Sbucciatore-Universale-Nero.jpg","type":"image\/jpeg"}],"twitter_card":"summary_large_image","schema":{"@context":"https:\/\/schema.org","@graph":[{"@type":"WebPage","@id":"https:\/\/www.erresse-shop.it\/fr\/shop\/cuisine\/couteaux\/victorinox-eplucheur-universel-noir\/","url":"https:\/\/www.erresse-shop.it\/fr\/shop\/cuisine\/couteaux\/victorinox-eplucheur-universel-noir\/","name":"VICTORINOX \u00c9plucheur universel noir - Erresse Shop","isPartOf":{"@id":"https:\/\/www.erresse-shop.it\/fr\/#website"},"datePublished":"2025-02-21T13:09:50+00:00","dateModified":"2026-02-23T10:13:04+00:00","description":"\u00c9plucheur universel avec bord ultra-tranchant La cuisine est un art dans lequel on dessine avec go\u00fbt et on d\u00e9core avec des couleurs. En tant que ma\u00eetre de","breadcrumb":{"@id":"https:\/\/www.erresse-shop.it\/fr\/shop\/cuisine\/couteaux\/victorinox-eplucheur-universel-noir\/#breadcrumb"},"inLanguage":"fr-FR","potentialAction":[{"@type":"ReadAction","target":["https:\/\/www.erresse-shop.it\/fr\/shop\/cuisine\/couteaux\/victorinox-eplucheur-universel-noir\/"]}]},{"@type":"BreadcrumbList","@id":"https:\/\/www.erresse-shop.it\/fr\/shop\/cuisine\/couteaux\/victorinox-eplucheur-universel-noir\/#breadcrumb","itemListElement":[{"@type":"ListItem","position":1,"name":"Home","item":"https:\/\/www.erresse-shop.it\/fr\/"},{"@type":"ListItem","position":2,"name":"Shop","item":"https:\/\/www.erresse-shop.it\/fr\/shop\/"},{"@type":"ListItem","position":3,"name":"VICTORINOX \u00c9plucheur universel noir"}]},{"@type":"WebSite","@id":"https:\/\/www.erresse-shop.it\/fr\/#website","url":"https:\/\/www.erresse-shop.it\/fr\/","name":"Erresse Shop","description":"Articoli di qualit\u00e0 per la casa","potentialAction":[{"@type":"SearchAction","target":{"@type":"EntryPoint","urlTemplate":"https:\/\/www.erresse-shop.it\/fr\/?s={search_term_string}"},"query-input":"required name=search_term_string"}],"inLanguage":"fr-FR"}]}},"df_price":4.99,"df_sale_price":4.99,"df_regular_price":10,"df_image_link":"https:\/\/www.erresse-shop.it\/wp-content\/uploads\/2025\/02\/VICTORINOX-Sbucciatore-Universale-Nero-300x300.jpg","_links":{"self":[{"href":"https:\/\/www.erresse-shop.it\/fr\/wp-json\/wp\/v2\/product\/470911"}],"collection":[{"href":"https:\/\/www.erresse-shop.it\/fr\/wp-json\/wp\/v2\/product"}],"about":[{"href":"https:\/\/www.erresse-shop.it\/fr\/wp-json\/wp\/v2\/types\/product"}],"wp:featuredmedia":[{"embeddable":true,"href":"https:\/\/www.erresse-shop.it\/fr\/wp-json\/wp\/v2\/media\/470916"}],"wp:attachment":[{"href":"https:\/\/www.erresse-shop.it\/fr\/wp-json\/wp\/v2\/media?parent=470911"}],"wp:term":[{"taxonomy":"product_cat","embeddable":true,"href":"https:\/\/www.erresse-shop.it\/fr\/wp-json\/wp\/v2\/product_cat?post=470911"},{"taxonomy":"product_tag","embeddable":true,"href":"https:\/\/www.erresse-shop.it\/fr\/wp-json\/wp\/v2\/product_tag?post=470911"}],"curies":[{"name":"wp","href":"https:\/\/api.w.org\/{rel}","templated":true}]}}