{"id":470884,"date":"2025-02-21T11:46:55","date_gmt":"2025-02-21T11:46:58","guid":{"rendered":"https:\/\/www.erresse-shop.it\/?post_type=product&#038;p=470884"},"modified":"2025-02-21T11:58:30","modified_gmt":"2025-02-21T11:58:30","slug":"miyabi-5000-mcd-shotoh-13-cm-copia","status":"publish","type":"product","link":"https:\/\/www.erresse-shop.it\/fr\/shop\/cuisine\/couteaux\/miyabi-5000-mcd-shotoh-13-cm-copia\/","title":{"rendered":"MIYABI 5000 MCD Gyutoh 24 cm"},"content":{"rendered":"<p>Le couteau Miyabi Black 5000MCD est une v\u00e9ritable \u0153uvre d&#8217;art. La lame est fabriqu\u00e9e en acier \u00e0 poudre micro-carbure MC66, durci \u00e0 la glace jusqu&#8217;\u00e0 un impressionnant 66 HRC. De cette fa\u00e7on, vous obtenez un tranchant exceptionnellement tranchant et durable. La lame est envelopp\u00e9e de 132 couches d&#8217;acier suppl\u00e9mentaires, cr\u00e9ant un magnifique motif damass\u00e9 floral. Le manche de la s\u00e9rie Miyabi Black est fabriqu\u00e9 en bois de fr\u00eane noir unique en son genre. Le grain et la couleur du bois de fr\u00eane noir contrastent avec le motif damass\u00e9 de la lame. Le manche est r\u00e9alis\u00e9 en forme traditionnelle de \u00ab D \u00bb, qui offre une ergonomie optimale pour une coupe sans effort. Fabriqu\u00e9 \u00e0 la main \u00e0 Seki, Japon<\/p>\n<ul>\n<li>La lame est compos\u00e9e de 133 couches d&#8217;acier, qui cr\u00e9ent un motif damass\u00e9 floral<\/li>\n<li>L&#8217;acier micro-carbure MC66 est durci \u00e0 66 HRC<\/li>\n<li>Poign\u00e9e en D en beau bois de fr\u00eane noir<\/li>\n<li>Aff\u00fbt\u00e9 avec la m\u00e9thode traditionnelle Honbazuke en trois \u00e9tapes<\/li>\n<li>Fabriqu\u00e9 \u00e0 la main \u00e0 Seki, au Japon<\/li>\n<\/ul>\n<p><strong>CARACT\u00c9RISTIQUES<\/strong><\/p>\n<ul>\n<li>Couleur : Marron<\/li>\n<li>Mat\u00e9riau : MC63<\/li>\n<li>Type de manche : soie cach\u00e9e<\/li>\n<li>Type de bord : lisse<\/li>\n<li>Finition des bords : aff\u00fbtage Honbazuke<\/li>\n<li>M\u00e9thode de fabrication : soud\u00e9e<\/li>\n<li>Duret\u00e9 de la lame (HRC) : 63 HRC<\/li>\n<li>Couleur du manche : marron-noir<\/li>\n<li>Mat\u00e9riau du manche : \u00e9rable noir<\/li>\n<\/ul>\n<p><strong>DIMENSIONS<\/strong><\/p>\n<ul>\n<li class=\"attribute\"><span class=\"label\">Poids net\u00a0:<\/span><span class=\"value\">0,22 kg<\/span><\/li>\n<li class=\"attribute\"><span class=\"label\">Longueur du produit\u00a0:<\/span><span class=\"value\">37,70 cm<\/span><\/li>\n<li class=\"attribute\"><span class=\"label\">Largeur du produit\u00a0:<\/span><span class=\"value\">2,20 cm<\/span><\/li>\n<li class=\"attribute\"><span class=\"label\">Hauteur du produit\u00a0:<\/span><span class=\"value\">5,30 cm<\/span><\/li>\n<li class=\"attribute\"><span class=\"label\">Longueur de la lame :<\/span><span class=\"value\">24,00 cm<\/span><\/li>\n<li class=\"attribute\"><span class=\"label\">Longueur du manche :<\/span><span class=\"value\">13,70 cm<\/span><\/li>\n<li class=\"attribute\"><span class=\"label\">Largeur de la poign\u00e9e\u00a0:<\/span><span class=\"value\">2,30 cm<\/span><\/li>\n<li class=\"attribute\"><span class=\"label\">Largeur de la lame\u00a0:<\/span><span class=\"value\">0,20 cm<\/span><\/li>\n<li class=\"attribute\"><span class=\"label\">\u00c9paisseur de la lame\u00a0:<\/span><span class=\"value\">0,20 cm<\/span><\/li>\n<\/ul>\n","protected":false},"excerpt":{"rendered":"<p>Le couteau Miyabi Black 5000MCD est une v\u00e9ritable \u0153uvre d&#8217;art. La lame est fabriqu\u00e9e en acier \u00e0 poudre micro-carbure MC66,<\/p>\n","protected":false},"featured_media":470901,"template":"","meta":{"_acf_changed":false,"inline_featured_image":false},"product_cat":[12742,14452,12748],"product_tag":[25026,12838,12839,25021,15801,24680,12824],"acf":[],"yoast_head":"<!-- This site is optimized with the Yoast SEO Premium plugin v18.6 (Yoast SEO v19.13) - https:\/\/yoast.com\/wordpress\/plugins\/seo\/ -->\n<title>MIYABI 5000 MCD Shotoh 13 cm<\/title>\n<meta name=\"description\" content=\"D\u00e9couvrez MIYABI 5000 MCD Shotoh 13 cm sur ErresseShop. Qualit\u00e9, prix r\u00e9duits et achat s\u00e9curis\u00e9 \u2013 commandez d\u00e8s maintenant en ligne !\" \/>\n<meta name=\"robots\" content=\"index, follow, max-snippet:-1, max-image-preview:large, max-video-preview:-1\" \/>\n<link rel=\"canonical\" href=\"https:\/\/www.erresse-shop.it\/fr\/shop\/cuisine\/couteaux\/miyabi-5000-mcd-shotoh-13-cm-copia\/\" \/>\n<meta property=\"og:locale\" content=\"fr_FR\" \/>\n<meta property=\"og:type\" content=\"article\" \/>\n<meta property=\"og:title\" content=\"MIYABI 5000 MCD Gyutoh 24 cm\" \/>\n<meta property=\"og:description\" content=\"D\u00e9couvrez MIYABI 5000 MCD Shotoh 13 cm sur ErresseShop. Qualit\u00e9, prix r\u00e9duits et achat s\u00e9curis\u00e9 \u2013 commandez d\u00e8s maintenant en ligne !\" \/>\n<meta property=\"og:url\" content=\"https:\/\/www.erresse-shop.it\/fr\/shop\/cuisine\/couteaux\/miyabi-5000-mcd-shotoh-13-cm-copia\/\" \/>\n<meta property=\"og:site_name\" content=\"Erresse Shop\" \/>\n<meta property=\"article:modified_time\" content=\"2025-02-21T11:58:30+00:00\" \/>\n<meta property=\"og:image\" content=\"https:\/\/www.erresse-shop.it\/wp-content\/uploads\/2025\/02\/MIYABI-5000-MCD-Gyutoh-24-cm.jpg\" \/>\n\t<meta property=\"og:image:width\" content=\"1200\" \/>\n\t<meta property=\"og:image:height\" content=\"1200\" \/>\n\t<meta property=\"og:image:type\" content=\"image\/jpeg\" \/>\n<meta name=\"twitter:card\" content=\"summary_large_image\" \/>\n<script type=\"application\/ld+json\" class=\"yoast-schema-graph\">{\"@context\":\"https:\/\/schema.org\",\"@graph\":[{\"@type\":\"WebPage\",\"@id\":\"https:\/\/www.erresse-shop.it\/fr\/shop\/cuisine\/couteaux\/miyabi-5000-mcd-shotoh-13-cm-copia\/\",\"url\":\"https:\/\/www.erresse-shop.it\/fr\/shop\/cuisine\/couteaux\/miyabi-5000-mcd-shotoh-13-cm-copia\/\",\"name\":\"MIYABI 5000 MCD Shotoh 13 cm\",\"isPartOf\":{\"@id\":\"https:\/\/www.erresse-shop.it\/fr\/#website\"},\"datePublished\":\"2025-02-21T11:46:58+00:00\",\"dateModified\":\"2025-02-21T11:58:30+00:00\",\"description\":\"D\u00e9couvrez MIYABI 5000 MCD Shotoh 13 cm sur ErresseShop. Qualit\u00e9, prix r\u00e9duits et achat s\u00e9curis\u00e9 \u2013 commandez d\u00e8s maintenant en ligne !\",\"breadcrumb\":{\"@id\":\"https:\/\/www.erresse-shop.it\/fr\/shop\/cuisine\/couteaux\/miyabi-5000-mcd-shotoh-13-cm-copia\/#breadcrumb\"},\"inLanguage\":\"fr-FR\",\"potentialAction\":[{\"@type\":\"ReadAction\",\"target\":[\"https:\/\/www.erresse-shop.it\/fr\/shop\/cuisine\/couteaux\/miyabi-5000-mcd-shotoh-13-cm-copia\/\"]}]},{\"@type\":\"BreadcrumbList\",\"@id\":\"https:\/\/www.erresse-shop.it\/fr\/shop\/cuisine\/couteaux\/miyabi-5000-mcd-shotoh-13-cm-copia\/#breadcrumb\",\"itemListElement\":[{\"@type\":\"ListItem\",\"position\":1,\"name\":\"Home\",\"item\":\"https:\/\/www.erresse-shop.it\/fr\/\"},{\"@type\":\"ListItem\",\"position\":2,\"name\":\"Shop\",\"item\":\"https:\/\/www.erresse-shop.it\/fr\/shop\/\"},{\"@type\":\"ListItem\",\"position\":3,\"name\":\"MIYABI 5000 MCD Gyutoh 24 cm\"}]},{\"@type\":\"WebSite\",\"@id\":\"https:\/\/www.erresse-shop.it\/fr\/#website\",\"url\":\"https:\/\/www.erresse-shop.it\/fr\/\",\"name\":\"Erresse Shop\",\"description\":\"Articoli di qualit\u00e0 per la casa\",\"potentialAction\":[{\"@type\":\"SearchAction\",\"target\":{\"@type\":\"EntryPoint\",\"urlTemplate\":\"https:\/\/www.erresse-shop.it\/fr\/?s={search_term_string}\"},\"query-input\":\"required name=search_term_string\"}],\"inLanguage\":\"fr-FR\"}]}<\/script>\n<!-- \/ Yoast SEO Premium plugin. -->","yoast_head_json":{"title":"MIYABI 5000 MCD Shotoh 13 cm","description":"D\u00e9couvrez MIYABI 5000 MCD Shotoh 13 cm sur ErresseShop. Qualit\u00e9, prix r\u00e9duits et achat s\u00e9curis\u00e9 \u2013 commandez d\u00e8s maintenant en ligne !","robots":{"index":"index","follow":"follow","max-snippet":"max-snippet:-1","max-image-preview":"max-image-preview:large","max-video-preview":"max-video-preview:-1"},"canonical":"https:\/\/www.erresse-shop.it\/fr\/shop\/cuisine\/couteaux\/miyabi-5000-mcd-shotoh-13-cm-copia\/","og_locale":"fr_FR","og_type":"article","og_title":"MIYABI 5000 MCD Gyutoh 24 cm","og_description":"D\u00e9couvrez MIYABI 5000 MCD Shotoh 13 cm sur ErresseShop. Qualit\u00e9, prix r\u00e9duits et achat s\u00e9curis\u00e9 \u2013 commandez d\u00e8s maintenant en ligne !","og_url":"https:\/\/www.erresse-shop.it\/fr\/shop\/cuisine\/couteaux\/miyabi-5000-mcd-shotoh-13-cm-copia\/","og_site_name":"Erresse Shop","article_modified_time":"2025-02-21T11:58:30+00:00","og_image":[{"width":1200,"height":1200,"url":"https:\/\/www.erresse-shop.it\/wp-content\/uploads\/2025\/02\/MIYABI-5000-MCD-Gyutoh-24-cm.jpg","type":"image\/jpeg"}],"twitter_card":"summary_large_image","schema":{"@context":"https:\/\/schema.org","@graph":[{"@type":"WebPage","@id":"https:\/\/www.erresse-shop.it\/fr\/shop\/cuisine\/couteaux\/miyabi-5000-mcd-shotoh-13-cm-copia\/","url":"https:\/\/www.erresse-shop.it\/fr\/shop\/cuisine\/couteaux\/miyabi-5000-mcd-shotoh-13-cm-copia\/","name":"MIYABI 5000 MCD Shotoh 13 cm","isPartOf":{"@id":"https:\/\/www.erresse-shop.it\/fr\/#website"},"datePublished":"2025-02-21T11:46:58+00:00","dateModified":"2025-02-21T11:58:30+00:00","description":"D\u00e9couvrez MIYABI 5000 MCD Shotoh 13 cm sur ErresseShop. Qualit\u00e9, prix r\u00e9duits et achat s\u00e9curis\u00e9 \u2013 commandez d\u00e8s maintenant en ligne !","breadcrumb":{"@id":"https:\/\/www.erresse-shop.it\/fr\/shop\/cuisine\/couteaux\/miyabi-5000-mcd-shotoh-13-cm-copia\/#breadcrumb"},"inLanguage":"fr-FR","potentialAction":[{"@type":"ReadAction","target":["https:\/\/www.erresse-shop.it\/fr\/shop\/cuisine\/couteaux\/miyabi-5000-mcd-shotoh-13-cm-copia\/"]}]},{"@type":"BreadcrumbList","@id":"https:\/\/www.erresse-shop.it\/fr\/shop\/cuisine\/couteaux\/miyabi-5000-mcd-shotoh-13-cm-copia\/#breadcrumb","itemListElement":[{"@type":"ListItem","position":1,"name":"Home","item":"https:\/\/www.erresse-shop.it\/fr\/"},{"@type":"ListItem","position":2,"name":"Shop","item":"https:\/\/www.erresse-shop.it\/fr\/shop\/"},{"@type":"ListItem","position":3,"name":"MIYABI 5000 MCD Gyutoh 24 cm"}]},{"@type":"WebSite","@id":"https:\/\/www.erresse-shop.it\/fr\/#website","url":"https:\/\/www.erresse-shop.it\/fr\/","name":"Erresse Shop","description":"Articoli di qualit\u00e0 per la casa","potentialAction":[{"@type":"SearchAction","target":{"@type":"EntryPoint","urlTemplate":"https:\/\/www.erresse-shop.it\/fr\/?s={search_term_string}"},"query-input":"required name=search_term_string"}],"inLanguage":"fr-FR"}]}},"df_price":263.45000000000005,"df_sale_price":263.45000000000005,"df_regular_price":479,"df_image_link":"https:\/\/www.erresse-shop.it\/wp-content\/uploads\/2025\/02\/MIYABI-5000-MCD-Gyutoh-24-cm-300x300.jpg","_links":{"self":[{"href":"https:\/\/www.erresse-shop.it\/fr\/wp-json\/wp\/v2\/product\/470884"}],"collection":[{"href":"https:\/\/www.erresse-shop.it\/fr\/wp-json\/wp\/v2\/product"}],"about":[{"href":"https:\/\/www.erresse-shop.it\/fr\/wp-json\/wp\/v2\/types\/product"}],"wp:featuredmedia":[{"embeddable":true,"href":"https:\/\/www.erresse-shop.it\/fr\/wp-json\/wp\/v2\/media\/470901"}],"wp:attachment":[{"href":"https:\/\/www.erresse-shop.it\/fr\/wp-json\/wp\/v2\/media?parent=470884"}],"wp:term":[{"taxonomy":"product_cat","embeddable":true,"href":"https:\/\/www.erresse-shop.it\/fr\/wp-json\/wp\/v2\/product_cat?post=470884"},{"taxonomy":"product_tag","embeddable":true,"href":"https:\/\/www.erresse-shop.it\/fr\/wp-json\/wp\/v2\/product_tag?post=470884"}],"curies":[{"name":"wp","href":"https:\/\/api.w.org\/{rel}","templated":true}]}}