{"id":470849,"date":"2025-02-21T11:29:49","date_gmt":"2025-02-21T11:29:51","guid":{"rendered":"https:\/\/www.erresse-shop.it\/?post_type=product&#038;p=470849"},"modified":"2026-02-23T10:18:43","modified_gmt":"2026-02-23T10:18:43","slug":"zwilling-ciseaux-multifonctions-20-cm","status":"publish","type":"product","link":"https:\/\/www.erresse-shop.it\/fr\/shop\/cuisine\/outils\/zwilling-ciseaux-multifonctions-20-cm\/","title":{"rendered":"ZWILLING Ciseaux Multifonctions 20 cm"},"content":{"rendered":"<p>Les ciseaux de cuisine ZWILLING J.A. Henckels TWIN peut facilement effectuer tout type de d\u00e9coupe en cuisine. Que vous hachiez des herbes, coupiez diff\u00e9rents types d&#8217;aliments ou ouvriez des emballages, ces ciseaux sont toujours \u00e0 la hauteur de la t\u00e2che. Elles sont toutes fix\u00e9es par une vis qui garantit la pr\u00e9cision du mouvement des lames et la facilit\u00e9 d&#8217;aff\u00fbtage. Tous les ciseaux de cuisine ZWILLING J.A. Les Henckels passent au lave-vaisselle.<\/p>\n<ul>\n<li>La formule sp\u00e9ciale de l&#8217;acier inoxydable garantit la durabilit\u00e9 du produit.<\/li>\n<li>Lames FRIODUR\u00ae durcies par traitement cryog\u00e9nique pour une durabilit\u00e9 exceptionnelle des surfaces de coupe et une r\u00e9sistance \u00e0 la corrosion.<\/li>\n<li>Les lames robustes des ciseaux sont aff\u00fbt\u00e9es \u00e0 la main.<\/li>\n<li>La micro-dentelure saisit le mat\u00e9riau et coupe m\u00eame les mat\u00e9riaux les plus \u00e9pais avec facilit\u00e9<\/li>\n<li>L&#8217;outil int\u00e9gr\u00e9 est utile pour desserrer les couvercles particuli\u00e8rement difficiles \u00e0 ouvrir.<\/li>\n<\/ul>\n","protected":false},"excerpt":{"rendered":"<p>Les ciseaux de cuisine ZWILLING J.A. Henckels TWIN peut facilement effectuer tout type de d\u00e9coupe en cuisine. Que vous hachiez<\/p>\n","protected":false},"featured_media":470873,"template":"","meta":{"_acf_changed":false,"inline_featured_image":false},"product_cat":[12748,25333],"product_tag":[25036,17113,20076,25021],"acf":[],"yoast_head":"<!-- This site is optimized with the Yoast SEO Premium plugin v18.6 (Yoast SEO v19.13) - https:\/\/yoast.com\/wordpress\/plugins\/seo\/ -->\n<title>ZWILLING Ciseaux Multifonctions 20 cm - Erresse Shop<\/title>\n<meta name=\"description\" content=\"Les ciseaux de cuisine ZWILLING J.A. Henckels TWIN peut facilement effectuer tout type de d\u00e9coupe en cuisine. Que vous hachiez des herbes, coupiez\" \/>\n<meta name=\"robots\" content=\"index, follow, max-snippet:-1, max-image-preview:large, max-video-preview:-1\" \/>\n<link rel=\"canonical\" href=\"https:\/\/www.erresse-shop.it\/fr\/shop\/cuisine\/outils\/zwilling-ciseaux-multifonctions-20-cm\/\" \/>\n<meta property=\"og:locale\" content=\"fr_FR\" \/>\n<meta property=\"og:type\" content=\"article\" \/>\n<meta property=\"og:title\" content=\"ZWILLING Ciseaux Multifonctions 20 cm\" \/>\n<meta property=\"og:description\" content=\"Les ciseaux de cuisine ZWILLING J.A. Henckels TWIN peut facilement effectuer tout type de d\u00e9coupe en cuisine. Que vous hachiez des herbes, coupiez\" \/>\n<meta property=\"og:url\" content=\"https:\/\/www.erresse-shop.it\/fr\/shop\/cuisine\/outils\/zwilling-ciseaux-multifonctions-20-cm\/\" \/>\n<meta property=\"og:site_name\" content=\"Erresse Shop\" \/>\n<meta property=\"article:modified_time\" content=\"2026-02-23T10:18:43+00:00\" \/>\n<meta property=\"og:image\" content=\"https:\/\/www.erresse-shop.it\/wp-content\/uploads\/2025\/02\/ZWILLING-Forbici-Multifunzione-20-cm.jpg\" \/>\n\t<meta property=\"og:image:width\" content=\"1200\" \/>\n\t<meta property=\"og:image:height\" content=\"1200\" \/>\n\t<meta property=\"og:image:type\" content=\"image\/jpeg\" \/>\n<meta name=\"twitter:card\" content=\"summary_large_image\" \/>\n<script type=\"application\/ld+json\" class=\"yoast-schema-graph\">{\"@context\":\"https:\/\/schema.org\",\"@graph\":[{\"@type\":\"WebPage\",\"@id\":\"https:\/\/www.erresse-shop.it\/fr\/shop\/cuisine\/outils\/zwilling-ciseaux-multifonctions-20-cm\/\",\"url\":\"https:\/\/www.erresse-shop.it\/fr\/shop\/cuisine\/outils\/zwilling-ciseaux-multifonctions-20-cm\/\",\"name\":\"ZWILLING Ciseaux Multifonctions 20 cm - Erresse Shop\",\"isPartOf\":{\"@id\":\"https:\/\/www.erresse-shop.it\/fr\/#website\"},\"datePublished\":\"2025-02-21T11:29:51+00:00\",\"dateModified\":\"2026-02-23T10:18:43+00:00\",\"description\":\"Les ciseaux de cuisine ZWILLING J.A. Henckels TWIN peut facilement effectuer tout type de d\u00e9coupe en cuisine. Que vous hachiez des herbes, coupiez\",\"breadcrumb\":{\"@id\":\"https:\/\/www.erresse-shop.it\/fr\/shop\/cuisine\/outils\/zwilling-ciseaux-multifonctions-20-cm\/#breadcrumb\"},\"inLanguage\":\"fr-FR\",\"potentialAction\":[{\"@type\":\"ReadAction\",\"target\":[\"https:\/\/www.erresse-shop.it\/fr\/shop\/cuisine\/outils\/zwilling-ciseaux-multifonctions-20-cm\/\"]}]},{\"@type\":\"BreadcrumbList\",\"@id\":\"https:\/\/www.erresse-shop.it\/fr\/shop\/cuisine\/outils\/zwilling-ciseaux-multifonctions-20-cm\/#breadcrumb\",\"itemListElement\":[{\"@type\":\"ListItem\",\"position\":1,\"name\":\"Home\",\"item\":\"https:\/\/www.erresse-shop.it\/fr\/\"},{\"@type\":\"ListItem\",\"position\":2,\"name\":\"Shop\",\"item\":\"https:\/\/www.erresse-shop.it\/fr\/shop\/\"},{\"@type\":\"ListItem\",\"position\":3,\"name\":\"ZWILLING Ciseaux Multifonctions 20 cm\"}]},{\"@type\":\"WebSite\",\"@id\":\"https:\/\/www.erresse-shop.it\/fr\/#website\",\"url\":\"https:\/\/www.erresse-shop.it\/fr\/\",\"name\":\"Erresse Shop\",\"description\":\"Articoli di qualit\u00e0 per la casa\",\"potentialAction\":[{\"@type\":\"SearchAction\",\"target\":{\"@type\":\"EntryPoint\",\"urlTemplate\":\"https:\/\/www.erresse-shop.it\/fr\/?s={search_term_string}\"},\"query-input\":\"required name=search_term_string\"}],\"inLanguage\":\"fr-FR\"}]}<\/script>\n<!-- \/ Yoast SEO Premium plugin. -->","yoast_head_json":{"title":"ZWILLING Ciseaux Multifonctions 20 cm - Erresse Shop","description":"Les ciseaux de cuisine ZWILLING J.A. Henckels TWIN peut facilement effectuer tout type de d\u00e9coupe en cuisine. Que vous hachiez des herbes, coupiez","robots":{"index":"index","follow":"follow","max-snippet":"max-snippet:-1","max-image-preview":"max-image-preview:large","max-video-preview":"max-video-preview:-1"},"canonical":"https:\/\/www.erresse-shop.it\/fr\/shop\/cuisine\/outils\/zwilling-ciseaux-multifonctions-20-cm\/","og_locale":"fr_FR","og_type":"article","og_title":"ZWILLING Ciseaux Multifonctions 20 cm","og_description":"Les ciseaux de cuisine ZWILLING J.A. Henckels TWIN peut facilement effectuer tout type de d\u00e9coupe en cuisine. Que vous hachiez des herbes, coupiez","og_url":"https:\/\/www.erresse-shop.it\/fr\/shop\/cuisine\/outils\/zwilling-ciseaux-multifonctions-20-cm\/","og_site_name":"Erresse Shop","article_modified_time":"2026-02-23T10:18:43+00:00","og_image":[{"width":1200,"height":1200,"url":"https:\/\/www.erresse-shop.it\/wp-content\/uploads\/2025\/02\/ZWILLING-Forbici-Multifunzione-20-cm.jpg","type":"image\/jpeg"}],"twitter_card":"summary_large_image","schema":{"@context":"https:\/\/schema.org","@graph":[{"@type":"WebPage","@id":"https:\/\/www.erresse-shop.it\/fr\/shop\/cuisine\/outils\/zwilling-ciseaux-multifonctions-20-cm\/","url":"https:\/\/www.erresse-shop.it\/fr\/shop\/cuisine\/outils\/zwilling-ciseaux-multifonctions-20-cm\/","name":"ZWILLING Ciseaux Multifonctions 20 cm - Erresse Shop","isPartOf":{"@id":"https:\/\/www.erresse-shop.it\/fr\/#website"},"datePublished":"2025-02-21T11:29:51+00:00","dateModified":"2026-02-23T10:18:43+00:00","description":"Les ciseaux de cuisine ZWILLING J.A. Henckels TWIN peut facilement effectuer tout type de d\u00e9coupe en cuisine. Que vous hachiez des herbes, coupiez","breadcrumb":{"@id":"https:\/\/www.erresse-shop.it\/fr\/shop\/cuisine\/outils\/zwilling-ciseaux-multifonctions-20-cm\/#breadcrumb"},"inLanguage":"fr-FR","potentialAction":[{"@type":"ReadAction","target":["https:\/\/www.erresse-shop.it\/fr\/shop\/cuisine\/outils\/zwilling-ciseaux-multifonctions-20-cm\/"]}]},{"@type":"BreadcrumbList","@id":"https:\/\/www.erresse-shop.it\/fr\/shop\/cuisine\/outils\/zwilling-ciseaux-multifonctions-20-cm\/#breadcrumb","itemListElement":[{"@type":"ListItem","position":1,"name":"Home","item":"https:\/\/www.erresse-shop.it\/fr\/"},{"@type":"ListItem","position":2,"name":"Shop","item":"https:\/\/www.erresse-shop.it\/fr\/shop\/"},{"@type":"ListItem","position":3,"name":"ZWILLING Ciseaux Multifonctions 20 cm"}]},{"@type":"WebSite","@id":"https:\/\/www.erresse-shop.it\/fr\/#website","url":"https:\/\/www.erresse-shop.it\/fr\/","name":"Erresse Shop","description":"Articoli di qualit\u00e0 per la casa","potentialAction":[{"@type":"SearchAction","target":{"@type":"EntryPoint","urlTemplate":"https:\/\/www.erresse-shop.it\/fr\/?s={search_term_string}"},"query-input":"required name=search_term_string"}],"inLanguage":"fr-FR"}]}},"df_price":22,"df_sale_price":22,"df_regular_price":44.95,"df_image_link":"https:\/\/www.erresse-shop.it\/wp-content\/uploads\/2025\/02\/ZWILLING-Forbici-Multifunzione-20-cm-300x300.jpg","_links":{"self":[{"href":"https:\/\/www.erresse-shop.it\/fr\/wp-json\/wp\/v2\/product\/470849"}],"collection":[{"href":"https:\/\/www.erresse-shop.it\/fr\/wp-json\/wp\/v2\/product"}],"about":[{"href":"https:\/\/www.erresse-shop.it\/fr\/wp-json\/wp\/v2\/types\/product"}],"wp:featuredmedia":[{"embeddable":true,"href":"https:\/\/www.erresse-shop.it\/fr\/wp-json\/wp\/v2\/media\/470873"}],"wp:attachment":[{"href":"https:\/\/www.erresse-shop.it\/fr\/wp-json\/wp\/v2\/media?parent=470849"}],"wp:term":[{"taxonomy":"product_cat","embeddable":true,"href":"https:\/\/www.erresse-shop.it\/fr\/wp-json\/wp\/v2\/product_cat?post=470849"},{"taxonomy":"product_tag","embeddable":true,"href":"https:\/\/www.erresse-shop.it\/fr\/wp-json\/wp\/v2\/product_tag?post=470849"}],"curies":[{"name":"wp","href":"https:\/\/api.w.org\/{rel}","templated":true}]}}