{"id":470698,"date":"2025-02-21T09:23:46","date_gmt":"2025-02-21T09:23:50","guid":{"rendered":"https:\/\/www.erresse-shop.it\/?post_type=product&#038;p=470698"},"modified":"2025-02-21T09:48:27","modified_gmt":"2025-02-21T09:48:27","slug":"jura-machine-a-cafe-giga-x4-dark-inox-copia","status":"publish","type":"product","link":"https:\/\/www.erresse-shop.it\/fr\/shop\/petits-electromenagers\/machines-cafe\/automatique\/jura-machine-a-cafe-giga-x4-dark-inox-copia\/","title":{"rendered":"JURA Machine \u00e0 caf\u00e9 GIGA X6 Dark Inox"},"content":{"rendered":"<div class=\"page-subtitle\">\n<p><span style=\"font-size: 14pt;\"><strong>Le professionnel du caf\u00e9 noir et de l&#8217;eau chaude pour le th\u00e9<\/strong><\/span><\/p>\n<p>Le X6 est \u00e0 son meilleur lorsqu&#8217;il s&#8217;agit de pr\u00e9parer des sp\u00e9cialit\u00e9s de caf\u00e9 noir, de pr\u00e9parer de mani\u00e8re professionnelle des cafeti\u00e8res et de l&#8217;eau chaude pour le th\u00e9 \u00e0 deux niveaux de temp\u00e9rature diff\u00e9rents. Une innovation absolue : le moulin \u00e0 caf\u00e9 professionnel Aroma garantit \u00e0 chaque fois un r\u00e9sultat de mouture parfait et un ar\u00f4me 12,2 % plus intense*. La simplicit\u00e9 des commandes est particuli\u00e8rement avantageuse lorsqu&#8217;elles sont utilis\u00e9es par le personnel ou directement par les clients. Bien entendu, la position de toutes les sp\u00e9cialit\u00e9s de caf\u00e9 sur l\u2019\u00e9cran peut \u00eatre modifi\u00e9e \u00e0 volont\u00e9. Gr\u00e2ce \u00e0 son grand r\u00e9servoir d&#8217;eau et \u00e0 son kit d&#8217;eau douce robuste en option, le X6 est parfait pour une utilisation dans des emplacements fixes et variables.<\/p>\n<\/div>\n<div class=\"page-info\">\n<p><span style=\"font-size: 14pt;\"><strong>Des technologies de pointe pour un plaisir parfait<\/strong><\/span><\/p>\n<p>Le moulin \u00e0 caf\u00e9 professionnel Aroma garantit 12,2 %* d&#8217;ar\u00f4me en plus et une qualit\u00e9 de mouture \u00e9lev\u00e9e qui reste inchang\u00e9e pendant toute la dur\u00e9e de vie de la machine. Sa g\u00e9om\u00e9trie perfectionn\u00e9e permet d&#8217;obtenir une courbe de broyage optimale. Cela signifie que le pourcentage plus \u00e9lev\u00e9 de particules fines permet aux ar\u00f4mes de se lib\u00e9rer dans toute leur intensit\u00e9.<\/p>\n<p>Le proc\u00e9d\u00e9 d\u2019extraction puls\u00e9e (P.E.P.\u00ae) optimise le temps d\u2019extraction pour les sp\u00e9cialit\u00e9s courtes, faisant du ristretto et de l\u2019espresso un v\u00e9ritable r\u00e9gal pour le palais.<\/p>\n<p>Toutes les commandes du X6 sont dispos\u00e9es sur le panneau avant, clairement visibles au premier coup d&#8217;\u0153il et facilement accessibles. Le remplissage du r\u00e9servoir d&#8217;eau et du r\u00e9cipient \u00e0 grains de caf\u00e9 est \u00e9galement facile depuis l&#8217;avant. Le r\u00e9servoir d&#8217;eau et le r\u00e9cipient \u00e0 grains de caf\u00e9 sont \u00e9quip\u00e9s de s\u00e9rie d&#8217;un m\u00e9canisme de verrouillage qui permet de les verrouiller pour les prot\u00e9ger contre les interventions non autoris\u00e9es. Le bac de r\u00e9cup\u00e9ration d&#8217;eau et le bac \u00e0 marc de caf\u00e9 sont con\u00e7us selon des crit\u00e8res ergonomiques et peuvent \u00eatre retir\u00e9s d&#8217;une seule main pour un vidage rapide et hygi\u00e9nique.<\/p>\n<p>La coh\u00e9rence de la philosophie op\u00e9rationnelle est \u00e9vidente dans les \u00e9l\u00e9ments de contr\u00f4le. L&#8217;\u00e9cran couleur de 2,8 pouces au format portrait, associ\u00e9 aux grands boutons de pr\u00e9paration clairement d\u00e9finis, rend l&#8217;utilisation simple et intuitive m\u00eame pour les utilisateurs moins exp\u00e9riment\u00e9s. Les boutons (pr\u00e9paration ou entretien) peuvent \u00eatre verrouill\u00e9s si d\u00e9sir\u00e9 pour \u00e9viter une utilisation incorrecte, des modifications de programmation non autoris\u00e9es ou une activation accidentelle pendant les op\u00e9rations de nettoyage.<\/p>\n<p><span style=\"font-size: 14pt;\"><strong>Garantie d&#8217;hygi\u00e8ne certifi\u00e9e T\u00dcV<\/strong><\/span><\/p>\n<p>Le nouveau X6 est aussi intuitif \u00e0 entretenir qu\u2019\u00e0 utiliser. Les programmes de rin\u00e7age et de nettoyage int\u00e9gr\u00e9s associ\u00e9s aux produits d&#8217;entretien JURA d&#8217;origine garantissent une hygi\u00e8ne et une propret\u00e9 certifi\u00e9es T\u00dcV.<\/p>\n<p><span style=\"font-size: 14pt;\"><strong>Aussi individuel que vos besoins<\/strong><\/span><\/p>\n<p>Gr\u00e2ce aux accessoires sp\u00e9cialement d\u00e9velopp\u00e9s pour les machines automatiques professionnelles JURA, tels que le kit eau fra\u00eeche, le chauffe-tasses ou le syst\u00e8me de facturation, le X6 peut \u00eatre optimis\u00e9 pour cr\u00e9er des solutions compl\u00e8tes adapt\u00e9es \u00e0 des besoins sp\u00e9cifiques.<\/p>\n<\/div>\n<p><span style=\"font-size: 14pt;\"><strong>Sp\u00e9cifications techniques<\/strong><\/span><\/p>\n<p><strong>Capacit\u00e9 du r\u00e9servoir d&#8217;eau :<\/strong> 5 l<br \/>\n<strong>Capacit\u00e9 du r\u00e9servoir \u00e0 grains de caf\u00e9 :<\/strong> 500 g<br \/>\n<strong>R\u00e9cipient \u00e0 marc de caf\u00e9\u00a0:<\/strong> (portions environ) 40<br \/>\n<strong>Longueur du c\u00e2ble\u00a0:<\/strong> 1,2 m<br \/>\n<strong>Tension \/ Puissance\u00a0:<\/strong> 220\u00a0\u2013\u00a0240\u00a0V ~\u00a0\/\u00a01\u00a0450\u00a0W<br \/>\n<strong>Consommation en veille\u00a0:<\/strong> \u2264 0,5\u00a0W<br \/>\n<strong>Poids\u00a0:<\/strong> 12,9 kg<br \/>\n<strong>Dimensions (L \u00d7 H \u00d7 P)\u00a0:<\/strong>\u00a0 37,3\u00a0\u00d7\u00a047\u00a0\u00d7\u00a046,1 cm<\/p>\n","protected":false},"excerpt":{"rendered":"<p>Le professionnel du caf\u00e9 noir et de l&#8217;eau chaude pour le th\u00e9 Le X6 est \u00e0 son meilleur lorsqu&#8217;il s&#8217;agit<\/p>\n","protected":false},"featured_media":470724,"template":"","meta":{"_acf_changed":false,"inline_featured_image":false},"product_cat":[25360,12764,12449],"product_tag":[23563,20780,13254,23568],"acf":[],"yoast_head":"<!-- This site is optimized with the Yoast SEO Premium plugin v18.6 (Yoast SEO v19.13) - https:\/\/yoast.com\/wordpress\/plugins\/seo\/ -->\n<title>JURA Machine \u00e0 caf\u00e9 GIGA X6 Dark Inox - Erresse Shop<\/title>\n<meta name=\"description\" content=\"Le professionnel du caf\u00e9 noir et de l&#039;eau chaude pour le th\u00e9 Le X6 est \u00e0 son meilleur lorsqu&#039;il s&#039;agit de pr\u00e9parer des sp\u00e9cialit\u00e9s de caf\u00e9 noir, de\" \/>\n<meta name=\"robots\" content=\"index, follow, max-snippet:-1, max-image-preview:large, max-video-preview:-1\" \/>\n<link rel=\"canonical\" href=\"https:\/\/www.erresse-shop.it\/fr\/shop\/petits-electromenagers\/machines-cafe\/automatique\/jura-machine-a-cafe-giga-x4-dark-inox-copia\/\" \/>\n<meta property=\"og:locale\" content=\"fr_FR\" \/>\n<meta property=\"og:type\" content=\"article\" \/>\n<meta property=\"og:title\" content=\"JURA Machine \u00e0 caf\u00e9 GIGA X6 Dark Inox\" \/>\n<meta property=\"og:description\" content=\"Le professionnel du caf\u00e9 noir et de l&#039;eau chaude pour le th\u00e9 Le X6 est \u00e0 son meilleur lorsqu&#039;il s&#039;agit de pr\u00e9parer des sp\u00e9cialit\u00e9s de caf\u00e9 noir, de\" \/>\n<meta property=\"og:url\" content=\"https:\/\/www.erresse-shop.it\/fr\/shop\/petits-electromenagers\/machines-cafe\/automatique\/jura-machine-a-cafe-giga-x4-dark-inox-copia\/\" \/>\n<meta property=\"og:site_name\" content=\"Erresse Shop\" \/>\n<meta property=\"article:modified_time\" content=\"2025-02-21T09:48:27+00:00\" \/>\n<meta property=\"og:image\" content=\"https:\/\/www.erresse-shop.it\/wp-content\/uploads\/2025\/02\/JURA-Macchina-Da-Caffe-GIGA-X6-Dark-Inox.jpg\" \/>\n\t<meta property=\"og:image:width\" content=\"1200\" \/>\n\t<meta property=\"og:image:height\" content=\"1200\" \/>\n\t<meta property=\"og:image:type\" content=\"image\/jpeg\" \/>\n<meta name=\"twitter:card\" content=\"summary_large_image\" \/>\n<script type=\"application\/ld+json\" class=\"yoast-schema-graph\">{\"@context\":\"https:\/\/schema.org\",\"@graph\":[{\"@type\":\"WebPage\",\"@id\":\"https:\/\/www.erresse-shop.it\/fr\/shop\/petits-electromenagers\/machines-cafe\/automatique\/jura-machine-a-cafe-giga-x4-dark-inox-copia\/\",\"url\":\"https:\/\/www.erresse-shop.it\/fr\/shop\/petits-electromenagers\/machines-cafe\/automatique\/jura-machine-a-cafe-giga-x4-dark-inox-copia\/\",\"name\":\"JURA Machine \u00e0 caf\u00e9 GIGA X6 Dark Inox - Erresse Shop\",\"isPartOf\":{\"@id\":\"https:\/\/www.erresse-shop.it\/fr\/#website\"},\"datePublished\":\"2025-02-21T09:23:50+00:00\",\"dateModified\":\"2025-02-21T09:48:27+00:00\",\"description\":\"Le professionnel du caf\u00e9 noir et de l'eau chaude pour le th\u00e9 Le X6 est \u00e0 son meilleur lorsqu'il s'agit de pr\u00e9parer des sp\u00e9cialit\u00e9s de caf\u00e9 noir, de\",\"breadcrumb\":{\"@id\":\"https:\/\/www.erresse-shop.it\/fr\/shop\/petits-electromenagers\/machines-cafe\/automatique\/jura-machine-a-cafe-giga-x4-dark-inox-copia\/#breadcrumb\"},\"inLanguage\":\"fr-FR\",\"potentialAction\":[{\"@type\":\"ReadAction\",\"target\":[\"https:\/\/www.erresse-shop.it\/fr\/shop\/petits-electromenagers\/machines-cafe\/automatique\/jura-machine-a-cafe-giga-x4-dark-inox-copia\/\"]}]},{\"@type\":\"BreadcrumbList\",\"@id\":\"https:\/\/www.erresse-shop.it\/fr\/shop\/petits-electromenagers\/machines-cafe\/automatique\/jura-machine-a-cafe-giga-x4-dark-inox-copia\/#breadcrumb\",\"itemListElement\":[{\"@type\":\"ListItem\",\"position\":1,\"name\":\"Home\",\"item\":\"https:\/\/www.erresse-shop.it\/fr\/\"},{\"@type\":\"ListItem\",\"position\":2,\"name\":\"Shop\",\"item\":\"https:\/\/www.erresse-shop.it\/fr\/shop\/\"},{\"@type\":\"ListItem\",\"position\":3,\"name\":\"JURA Machine \u00e0 caf\u00e9 GIGA X6 Dark Inox\"}]},{\"@type\":\"WebSite\",\"@id\":\"https:\/\/www.erresse-shop.it\/fr\/#website\",\"url\":\"https:\/\/www.erresse-shop.it\/fr\/\",\"name\":\"Erresse Shop\",\"description\":\"Articoli di qualit\u00e0 per la casa\",\"potentialAction\":[{\"@type\":\"SearchAction\",\"target\":{\"@type\":\"EntryPoint\",\"urlTemplate\":\"https:\/\/www.erresse-shop.it\/fr\/?s={search_term_string}\"},\"query-input\":\"required name=search_term_string\"}],\"inLanguage\":\"fr-FR\"}]}<\/script>\n<!-- \/ Yoast SEO Premium plugin. -->","yoast_head_json":{"title":"JURA Machine \u00e0 caf\u00e9 GIGA X6 Dark Inox - Erresse Shop","description":"Le professionnel du caf\u00e9 noir et de l'eau chaude pour le th\u00e9 Le X6 est \u00e0 son meilleur lorsqu'il s'agit de pr\u00e9parer des sp\u00e9cialit\u00e9s de caf\u00e9 noir, de","robots":{"index":"index","follow":"follow","max-snippet":"max-snippet:-1","max-image-preview":"max-image-preview:large","max-video-preview":"max-video-preview:-1"},"canonical":"https:\/\/www.erresse-shop.it\/fr\/shop\/petits-electromenagers\/machines-cafe\/automatique\/jura-machine-a-cafe-giga-x4-dark-inox-copia\/","og_locale":"fr_FR","og_type":"article","og_title":"JURA Machine \u00e0 caf\u00e9 GIGA X6 Dark Inox","og_description":"Le professionnel du caf\u00e9 noir et de l'eau chaude pour le th\u00e9 Le X6 est \u00e0 son meilleur lorsqu'il s'agit de pr\u00e9parer des sp\u00e9cialit\u00e9s de caf\u00e9 noir, de","og_url":"https:\/\/www.erresse-shop.it\/fr\/shop\/petits-electromenagers\/machines-cafe\/automatique\/jura-machine-a-cafe-giga-x4-dark-inox-copia\/","og_site_name":"Erresse Shop","article_modified_time":"2025-02-21T09:48:27+00:00","og_image":[{"width":1200,"height":1200,"url":"https:\/\/www.erresse-shop.it\/wp-content\/uploads\/2025\/02\/JURA-Macchina-Da-Caffe-GIGA-X6-Dark-Inox.jpg","type":"image\/jpeg"}],"twitter_card":"summary_large_image","schema":{"@context":"https:\/\/schema.org","@graph":[{"@type":"WebPage","@id":"https:\/\/www.erresse-shop.it\/fr\/shop\/petits-electromenagers\/machines-cafe\/automatique\/jura-machine-a-cafe-giga-x4-dark-inox-copia\/","url":"https:\/\/www.erresse-shop.it\/fr\/shop\/petits-electromenagers\/machines-cafe\/automatique\/jura-machine-a-cafe-giga-x4-dark-inox-copia\/","name":"JURA Machine \u00e0 caf\u00e9 GIGA X6 Dark Inox - Erresse Shop","isPartOf":{"@id":"https:\/\/www.erresse-shop.it\/fr\/#website"},"datePublished":"2025-02-21T09:23:50+00:00","dateModified":"2025-02-21T09:48:27+00:00","description":"Le professionnel du caf\u00e9 noir et de l'eau chaude pour le th\u00e9 Le X6 est \u00e0 son meilleur lorsqu'il s'agit de pr\u00e9parer des sp\u00e9cialit\u00e9s de caf\u00e9 noir, de","breadcrumb":{"@id":"https:\/\/www.erresse-shop.it\/fr\/shop\/petits-electromenagers\/machines-cafe\/automatique\/jura-machine-a-cafe-giga-x4-dark-inox-copia\/#breadcrumb"},"inLanguage":"fr-FR","potentialAction":[{"@type":"ReadAction","target":["https:\/\/www.erresse-shop.it\/fr\/shop\/petits-electromenagers\/machines-cafe\/automatique\/jura-machine-a-cafe-giga-x4-dark-inox-copia\/"]}]},{"@type":"BreadcrumbList","@id":"https:\/\/www.erresse-shop.it\/fr\/shop\/petits-electromenagers\/machines-cafe\/automatique\/jura-machine-a-cafe-giga-x4-dark-inox-copia\/#breadcrumb","itemListElement":[{"@type":"ListItem","position":1,"name":"Home","item":"https:\/\/www.erresse-shop.it\/fr\/"},{"@type":"ListItem","position":2,"name":"Shop","item":"https:\/\/www.erresse-shop.it\/fr\/shop\/"},{"@type":"ListItem","position":3,"name":"JURA Machine \u00e0 caf\u00e9 GIGA X6 Dark Inox"}]},{"@type":"WebSite","@id":"https:\/\/www.erresse-shop.it\/fr\/#website","url":"https:\/\/www.erresse-shop.it\/fr\/","name":"Erresse Shop","description":"Articoli di qualit\u00e0 per la casa","potentialAction":[{"@type":"SearchAction","target":{"@type":"EntryPoint","urlTemplate":"https:\/\/www.erresse-shop.it\/fr\/?s={search_term_string}"},"query-input":"required name=search_term_string"}],"inLanguage":"fr-FR"}]}},"df_price":2199,"df_sale_price":2199,"df_regular_price":2449,"df_image_link":"https:\/\/www.erresse-shop.it\/wp-content\/uploads\/2025\/02\/JURA-Macchina-Da-Caffe-GIGA-X6-Dark-Inox-300x300.jpg","_links":{"self":[{"href":"https:\/\/www.erresse-shop.it\/fr\/wp-json\/wp\/v2\/product\/470698"}],"collection":[{"href":"https:\/\/www.erresse-shop.it\/fr\/wp-json\/wp\/v2\/product"}],"about":[{"href":"https:\/\/www.erresse-shop.it\/fr\/wp-json\/wp\/v2\/types\/product"}],"wp:featuredmedia":[{"embeddable":true,"href":"https:\/\/www.erresse-shop.it\/fr\/wp-json\/wp\/v2\/media\/470724"}],"wp:attachment":[{"href":"https:\/\/www.erresse-shop.it\/fr\/wp-json\/wp\/v2\/media?parent=470698"}],"wp:term":[{"taxonomy":"product_cat","embeddable":true,"href":"https:\/\/www.erresse-shop.it\/fr\/wp-json\/wp\/v2\/product_cat?post=470698"},{"taxonomy":"product_tag","embeddable":true,"href":"https:\/\/www.erresse-shop.it\/fr\/wp-json\/wp\/v2\/product_tag?post=470698"}],"curies":[{"name":"wp","href":"https:\/\/api.w.org\/{rel}","templated":true}]}}