{"id":470658,"date":"2025-02-21T08:47:01","date_gmt":"2025-02-21T08:47:06","guid":{"rendered":"https:\/\/www.erresse-shop.it\/?post_type=product&#038;p=470658"},"modified":"2025-02-21T09:10:00","modified_gmt":"2025-02-21T09:10:00","slug":"berkel-extracteur-de-lames-home-line-250-copia","status":"publish","type":"product","link":"https:\/\/www.erresse-shop.it\/fr\/shop\/petits-electromenagers\/trancheuses\/berkel-extracteur-de-lames-home-line-250-copia\/","title":{"rendered":"BERKEL Kit de lames pour Home Line Plus 200"},"content":{"rendered":"<p>Avec le kit de lames dentel\u00e9es Berkel pour Home Line PLUS 200, il est possible de trancher diff\u00e9rents types de produits en toute s\u00e9curit\u00e9 en quelques \u00e9tapes simples. Gr\u00e2ce au nouveau kit, il sera possible de passer d&#8217;une lame lisse \u00e0 une lame dentel\u00e9e en peu de temps, facilitant ainsi un nettoyage en profondeur de la lame et du dos de la lame.<\/p>\n<p><strong>Le kit est compos\u00e9 et d\u00e9j\u00e0 assembl\u00e9 par :<\/strong><\/p>\n<p>&#8211; Lame en acier tremp\u00e9 fabriqu\u00e9e en Italie avec dentelure invers\u00e9e pour une coupe plus d\u00e9licate<\/p>\n<p>&#8211; Extracteur de lame, qui permet de retirer la lame de la trancheuse en toute s\u00e9curit\u00e9 puis de la replacer \u00e0 l&#8217;int\u00e9rieur de l&#8217;emballage<\/p>\n<p><strong>La lame dentel\u00e9e cr\u00e9e des tranches tr\u00e8s fines, sans ruiner la qualit\u00e9. Id\u00e9al pour couper les produits les plus durs, tels que\u00a0:<\/strong><\/p>\n<p>&#8211; Saucisses assaisonn\u00e9es<\/p>\n<p>&#8211; Diff\u00e9rents types de pain avec la cro\u00fbte la plus croustillante<\/p>\n<p>&#8211; Certains types de fruits \u00e0 peau plus dure et \u00e0 peau plus fine comme les tomates<\/p>\n<p><span style=\"font-size: 14pt;\"><strong>Non compatible avec la ligne domestique<\/strong><\/span><\/p>\n","protected":false},"excerpt":{"rendered":"<p>Avec le kit de lames dentel\u00e9es Berkel pour Home Line PLUS 200, il est possible de trancher diff\u00e9rents types de<\/p>\n","protected":false},"featured_media":470669,"template":"","meta":{"_acf_changed":false,"inline_featured_image":false},"product_cat":[12449,17347],"product_tag":[17288,12856],"acf":[],"yoast_head":"<!-- This site is optimized with the Yoast SEO Premium plugin v18.6 (Yoast SEO v19.13) - https:\/\/yoast.com\/wordpress\/plugins\/seo\/ -->\n<title>BERKEL Extracteur de lames Home Line 250<\/title>\n<meta name=\"description\" content=\"D\u00e9couvrez BERKEL Extracteur de lames Home Line 250 sur ErresseShop. Qualit\u00e9, prix r\u00e9duits et achat s\u00e9curis\u00e9 \u2013 commandez d\u00e8s maintenant en ligne !\" \/>\n<meta name=\"robots\" content=\"index, follow, max-snippet:-1, max-image-preview:large, max-video-preview:-1\" \/>\n<link rel=\"canonical\" href=\"https:\/\/www.erresse-shop.it\/fr\/shop\/petits-electromenagers\/trancheuses\/berkel-extracteur-de-lames-home-line-250-copia\/\" \/>\n<meta property=\"og:locale\" content=\"fr_FR\" \/>\n<meta property=\"og:type\" content=\"article\" \/>\n<meta property=\"og:title\" content=\"BERKEL Kit de lames pour Home Line Plus 200\" \/>\n<meta property=\"og:description\" content=\"D\u00e9couvrez BERKEL Extracteur de lames Home Line 250 sur ErresseShop. Qualit\u00e9, prix r\u00e9duits et achat s\u00e9curis\u00e9 \u2013 commandez d\u00e8s maintenant en ligne !\" \/>\n<meta property=\"og:url\" content=\"https:\/\/www.erresse-shop.it\/fr\/shop\/petits-electromenagers\/trancheuses\/berkel-extracteur-de-lames-home-line-250-copia\/\" \/>\n<meta property=\"og:site_name\" content=\"Erresse Shop\" \/>\n<meta property=\"article:modified_time\" content=\"2025-02-21T09:10:00+00:00\" \/>\n<meta property=\"og:image\" content=\"https:\/\/www.erresse-shop.it\/wp-content\/uploads\/2025\/02\/BERKEL-Kit-Lama-Per-Home-Line-Plus-200.jpg\" \/>\n\t<meta property=\"og:image:width\" content=\"1200\" \/>\n\t<meta property=\"og:image:height\" content=\"1200\" \/>\n\t<meta property=\"og:image:type\" content=\"image\/jpeg\" \/>\n<meta name=\"twitter:card\" content=\"summary_large_image\" \/>\n<script type=\"application\/ld+json\" class=\"yoast-schema-graph\">{\"@context\":\"https:\/\/schema.org\",\"@graph\":[{\"@type\":\"WebPage\",\"@id\":\"https:\/\/www.erresse-shop.it\/fr\/shop\/petits-electromenagers\/trancheuses\/berkel-extracteur-de-lames-home-line-250-copia\/\",\"url\":\"https:\/\/www.erresse-shop.it\/fr\/shop\/petits-electromenagers\/trancheuses\/berkel-extracteur-de-lames-home-line-250-copia\/\",\"name\":\"BERKEL Extracteur de lames Home Line 250\",\"isPartOf\":{\"@id\":\"https:\/\/www.erresse-shop.it\/fr\/#website\"},\"datePublished\":\"2025-02-21T08:47:06+00:00\",\"dateModified\":\"2025-02-21T09:10:00+00:00\",\"description\":\"D\u00e9couvrez BERKEL Extracteur de lames Home Line 250 sur ErresseShop. Qualit\u00e9, prix r\u00e9duits et achat s\u00e9curis\u00e9 \u2013 commandez d\u00e8s maintenant en ligne !\",\"breadcrumb\":{\"@id\":\"https:\/\/www.erresse-shop.it\/fr\/shop\/petits-electromenagers\/trancheuses\/berkel-extracteur-de-lames-home-line-250-copia\/#breadcrumb\"},\"inLanguage\":\"fr-FR\",\"potentialAction\":[{\"@type\":\"ReadAction\",\"target\":[\"https:\/\/www.erresse-shop.it\/fr\/shop\/petits-electromenagers\/trancheuses\/berkel-extracteur-de-lames-home-line-250-copia\/\"]}]},{\"@type\":\"BreadcrumbList\",\"@id\":\"https:\/\/www.erresse-shop.it\/fr\/shop\/petits-electromenagers\/trancheuses\/berkel-extracteur-de-lames-home-line-250-copia\/#breadcrumb\",\"itemListElement\":[{\"@type\":\"ListItem\",\"position\":1,\"name\":\"Home\",\"item\":\"https:\/\/www.erresse-shop.it\/fr\/\"},{\"@type\":\"ListItem\",\"position\":2,\"name\":\"Shop\",\"item\":\"https:\/\/www.erresse-shop.it\/fr\/shop\/\"},{\"@type\":\"ListItem\",\"position\":3,\"name\":\"BERKEL Kit de lames pour Home Line Plus 200\"}]},{\"@type\":\"WebSite\",\"@id\":\"https:\/\/www.erresse-shop.it\/fr\/#website\",\"url\":\"https:\/\/www.erresse-shop.it\/fr\/\",\"name\":\"Erresse Shop\",\"description\":\"Articoli di qualit\u00e0 per la casa\",\"potentialAction\":[{\"@type\":\"SearchAction\",\"target\":{\"@type\":\"EntryPoint\",\"urlTemplate\":\"https:\/\/www.erresse-shop.it\/fr\/?s={search_term_string}\"},\"query-input\":\"required name=search_term_string\"}],\"inLanguage\":\"fr-FR\"}]}<\/script>\n<!-- \/ Yoast SEO Premium plugin. -->","yoast_head_json":{"title":"BERKEL Extracteur de lames Home Line 250","description":"D\u00e9couvrez BERKEL Extracteur de lames Home Line 250 sur ErresseShop. Qualit\u00e9, prix r\u00e9duits et achat s\u00e9curis\u00e9 \u2013 commandez d\u00e8s maintenant en ligne !","robots":{"index":"index","follow":"follow","max-snippet":"max-snippet:-1","max-image-preview":"max-image-preview:large","max-video-preview":"max-video-preview:-1"},"canonical":"https:\/\/www.erresse-shop.it\/fr\/shop\/petits-electromenagers\/trancheuses\/berkel-extracteur-de-lames-home-line-250-copia\/","og_locale":"fr_FR","og_type":"article","og_title":"BERKEL Kit de lames pour Home Line Plus 200","og_description":"D\u00e9couvrez BERKEL Extracteur de lames Home Line 250 sur ErresseShop. Qualit\u00e9, prix r\u00e9duits et achat s\u00e9curis\u00e9 \u2013 commandez d\u00e8s maintenant en ligne !","og_url":"https:\/\/www.erresse-shop.it\/fr\/shop\/petits-electromenagers\/trancheuses\/berkel-extracteur-de-lames-home-line-250-copia\/","og_site_name":"Erresse Shop","article_modified_time":"2025-02-21T09:10:00+00:00","og_image":[{"width":1200,"height":1200,"url":"https:\/\/www.erresse-shop.it\/wp-content\/uploads\/2025\/02\/BERKEL-Kit-Lama-Per-Home-Line-Plus-200.jpg","type":"image\/jpeg"}],"twitter_card":"summary_large_image","schema":{"@context":"https:\/\/schema.org","@graph":[{"@type":"WebPage","@id":"https:\/\/www.erresse-shop.it\/fr\/shop\/petits-electromenagers\/trancheuses\/berkel-extracteur-de-lames-home-line-250-copia\/","url":"https:\/\/www.erresse-shop.it\/fr\/shop\/petits-electromenagers\/trancheuses\/berkel-extracteur-de-lames-home-line-250-copia\/","name":"BERKEL Extracteur de lames Home Line 250","isPartOf":{"@id":"https:\/\/www.erresse-shop.it\/fr\/#website"},"datePublished":"2025-02-21T08:47:06+00:00","dateModified":"2025-02-21T09:10:00+00:00","description":"D\u00e9couvrez BERKEL Extracteur de lames Home Line 250 sur ErresseShop. Qualit\u00e9, prix r\u00e9duits et achat s\u00e9curis\u00e9 \u2013 commandez d\u00e8s maintenant en ligne !","breadcrumb":{"@id":"https:\/\/www.erresse-shop.it\/fr\/shop\/petits-electromenagers\/trancheuses\/berkel-extracteur-de-lames-home-line-250-copia\/#breadcrumb"},"inLanguage":"fr-FR","potentialAction":[{"@type":"ReadAction","target":["https:\/\/www.erresse-shop.it\/fr\/shop\/petits-electromenagers\/trancheuses\/berkel-extracteur-de-lames-home-line-250-copia\/"]}]},{"@type":"BreadcrumbList","@id":"https:\/\/www.erresse-shop.it\/fr\/shop\/petits-electromenagers\/trancheuses\/berkel-extracteur-de-lames-home-line-250-copia\/#breadcrumb","itemListElement":[{"@type":"ListItem","position":1,"name":"Home","item":"https:\/\/www.erresse-shop.it\/fr\/"},{"@type":"ListItem","position":2,"name":"Shop","item":"https:\/\/www.erresse-shop.it\/fr\/shop\/"},{"@type":"ListItem","position":3,"name":"BERKEL Kit de lames pour Home Line Plus 200"}]},{"@type":"WebSite","@id":"https:\/\/www.erresse-shop.it\/fr\/#website","url":"https:\/\/www.erresse-shop.it\/fr\/","name":"Erresse Shop","description":"Articoli di qualit\u00e0 per la casa","potentialAction":[{"@type":"SearchAction","target":{"@type":"EntryPoint","urlTemplate":"https:\/\/www.erresse-shop.it\/fr\/?s={search_term_string}"},"query-input":"required name=search_term_string"}],"inLanguage":"fr-FR"}]}},"df_price":69.5,"df_sale_price":69.5,"df_regular_price":139,"df_image_link":"https:\/\/www.erresse-shop.it\/wp-content\/uploads\/2025\/02\/BERKEL-Kit-Lama-Per-Home-Line-Plus-200-300x300.jpg","_links":{"self":[{"href":"https:\/\/www.erresse-shop.it\/fr\/wp-json\/wp\/v2\/product\/470658"}],"collection":[{"href":"https:\/\/www.erresse-shop.it\/fr\/wp-json\/wp\/v2\/product"}],"about":[{"href":"https:\/\/www.erresse-shop.it\/fr\/wp-json\/wp\/v2\/types\/product"}],"wp:featuredmedia":[{"embeddable":true,"href":"https:\/\/www.erresse-shop.it\/fr\/wp-json\/wp\/v2\/media\/470669"}],"wp:attachment":[{"href":"https:\/\/www.erresse-shop.it\/fr\/wp-json\/wp\/v2\/media?parent=470658"}],"wp:term":[{"taxonomy":"product_cat","embeddable":true,"href":"https:\/\/www.erresse-shop.it\/fr\/wp-json\/wp\/v2\/product_cat?post=470658"},{"taxonomy":"product_tag","embeddable":true,"href":"https:\/\/www.erresse-shop.it\/fr\/wp-json\/wp\/v2\/product_tag?post=470658"}],"curies":[{"name":"wp","href":"https:\/\/api.w.org\/{rel}","templated":true}]}}