{"id":470560,"date":"2025-02-21T07:38:14","date_gmt":"2025-02-21T07:38:17","guid":{"rendered":"https:\/\/www.erresse-shop.it\/?post_type=product&#038;p=470560"},"modified":"2025-02-21T07:52:05","modified_gmt":"2025-02-21T07:52:05","slug":"jura-machine-a-cafe-giga-x8-platine-copia","status":"publish","type":"product","link":"https:\/\/www.erresse-shop.it\/fr\/shop\/petits-electromenagers\/machines-cafe\/automatique\/jura-machine-a-cafe-giga-x8-platine-copia\/","title":{"rendered":"JURA Machine \u00e0 caf\u00e9 GIGA X4 Dark Inox"},"content":{"rendered":"<div class=\"page-subtitle\"><span style=\"font-size: 14pt;\"><strong>Pour mieux d\u00e9guster les sp\u00e9cialit\u00e9s de caf\u00e9 noir<\/strong><\/span><\/div>\n<div class=\"page-info\">\n<p>Le X4 offre un plaisir de caf\u00e9 in\u00e9gal\u00e9. Broie les grains de caf\u00e9 avec le broyeur aromatique professionnel (P.A.G.2) et combine trois proc\u00e9d\u00e9s de brassage innovants de JURA. Avec la fonction One-Touch Lungo, vous obtenez des sp\u00e9cialit\u00e9s Americano et Lungo aromatiques avec une note caract\u00e9ristique. Le caf\u00e9 cr\u00e8me tant appr\u00e9ci\u00e9 b\u00e9n\u00e9ficie de la technologie d&#8217;infusion 3D, tandis que l&#8217;espresso est fort et velout\u00e9 gr\u00e2ce au proc\u00e9d\u00e9 d&#8217;extraction puls\u00e9e (P.E.P.<sup>\u00ae<\/sup>).<\/p>\n<p><span style=\"font-size: 14pt;\"><strong>Qualit\u00e9 de caf\u00e9 exceptionnelle<\/strong><\/span><\/p>\n<p>Le moulin \u00e0 caf\u00e9 moderne Professional Aroma Grinder (P.A.G.2) est con\u00e7u pour une mouture parfaite et apporte toute la vari\u00e9t\u00e9 d&#8217;ar\u00f4mes de caf\u00e9 de toute vari\u00e9t\u00e9 et de toute torr\u00e9faction dans votre tasse. Entre une pr\u00e9paration et une autre, le moulin \u00e0 caf\u00e9 reste en veille afin de le pr\u00e9server et d&#8217;augmenter sa dur\u00e9e de vie. Trois processus de brassage diff\u00e9rents garantissent un r\u00e9sultat parfait, conf\u00e9rant automatiquement \u00e0 la sp\u00e9cialit\u00e9 s\u00e9lectionn\u00e9e son caract\u00e8re distinctif par simple pression sur un bouton.<\/p>\n<p><span style=\"font-size: 14pt;\"><strong>Facilit\u00e9 d&#8217;utilisation maximale<\/strong><\/span><\/p>\n<p>Le X4 se distingue par son double professionnalisme, car il prend en compte \u00e0 la fois les besoins des gestionnaires et ceux des utilisateurs. Dot\u00e9 d&#8217;un \u00e9cran de 3,5 pouces et de boutons de s\u00e9lection directe, il offre un acc\u00e8s pratique au monde du plaisir. D&#8217;un point de vue op\u00e9rationnel, il convainc par ses possibilit\u00e9s de configuration et de verrouillage. Gr\u00e2ce au r\u00e9servoir d&#8217;eau verrouillable et au r\u00e9cipient \u00e0 grains de caf\u00e9, le X4 est prot\u00e9g\u00e9 des interventions ext\u00e9rieures. Il est \u00e9quip\u00e9 de composants ergonomiques tels que le bac de r\u00e9cup\u00e9ration d&#8217;eau et le bac \u00e0 marc de caf\u00e9 qui garantissent une manipulation ais\u00e9e lors de l&#8217;utilisation quotidienne.<\/p>\n<p><span style=\"font-size: 14pt;\"><strong>Look professionnel intemporel<\/strong><\/span><\/p>\n<p>Le X4 est dot\u00e9 du design classique JURA avec la couleur Dark Inox et un langage des formes lin\u00e9aire qui attire le regard et s&#8217;int\u00e8gre parfaitement dans les environnements design et sur le comptoir de restauration. Le design du X4 est le r\u00e9sultat de l&#8217;\u00e9quilibre parfait entre esth\u00e9tique et fonctionnalit\u00e9.<\/p>\n<p><span style=\"font-size: 14pt;\"><strong>Prend en charge les m\u00e9thodes de paiement modernes<\/strong><\/span><\/p>\n<p>Le X4 prend en charge la norme MDB et permet la connexion \u00e0 diff\u00e9rents syst\u00e8mes de paiement. Qu&#8217;il s&#8217;agisse de paiements par carte de cr\u00e9dit, par badge ou par paiement mobile, avec le kit d&#8217;interface JURA MDB 2.0, le X4 offre une flexibilit\u00e9 maximale. Le JURA Pocket Pilot 2.0 s&#8217;av\u00e8re \u00e9galement \u00eatre une solution convaincante. En combinant le paiement sans contact avec un syst\u00e8me de facturation et de gestion, ce logiciel gratuit devient un outil Web.<\/p>\n<\/div>\n<p><span style=\"font-size: 14pt;\"><strong>Sp\u00e9cifications techniques<\/strong><\/span><\/p>\n<p>Capacit\u00e9 du r\u00e9servoir d&#8217;eau : 5 l<br \/>\nCapacit\u00e9 du r\u00e9servoir \u00e0 grains de caf\u00e9 : 500 g<br \/>\n<strong>R\u00e9cipient \u00e0 marc de caf\u00e9\u00a0:<\/strong> (portions environ) 40<br \/>\n<strong>Longueur du c\u00e2ble\u00a0:<\/strong> 1,2 m<br \/>\n<strong>Tension \/ Puissance\u00a0:<\/strong> 230 V ~\u2009\/\u20091\u00a0450 W<br \/>\n<strong>Consommation en veille\u00a0:<\/strong> \u2264 0,5\u00a0W<br \/>\n<strong>Poids\u00a0:<\/strong> 13,5 kg<br \/>\n<strong>Dimensions (L \u00d7 H \u00d7 P)\u00a0:<\/strong>\u00a0 37,3\u00a0\u00d7\u00a047\u00a0\u00d7\u00a046,1 cm<\/p>\n","protected":false},"excerpt":{"rendered":"<p>Pour mieux d\u00e9guster les sp\u00e9cialit\u00e9s de caf\u00e9 noir Le X4 offre un plaisir de caf\u00e9 in\u00e9gal\u00e9. Broie les grains de<\/p>\n","protected":false},"featured_media":470583,"template":"","meta":{"_acf_changed":false,"inline_featured_image":false},"product_cat":[25360,12764,12449],"product_tag":[23563,20780,13254,23568],"acf":[],"yoast_head":"<!-- This site is optimized with the Yoast SEO Premium plugin v18.6 (Yoast SEO v19.13) - https:\/\/yoast.com\/wordpress\/plugins\/seo\/ -->\n<title>JURA Machine \u00e0 caf\u00e9 GIGA X4 Dark Inox - Erresse Shop<\/title>\n<meta name=\"description\" content=\"Pour mieux d\u00e9guster les sp\u00e9cialit\u00e9s de caf\u00e9 noir Le X4 offre un plaisir de caf\u00e9 in\u00e9gal\u00e9. Broie les grains de caf\u00e9 avec le broyeur aromatique professionnel\" \/>\n<meta name=\"robots\" content=\"index, follow, max-snippet:-1, max-image-preview:large, max-video-preview:-1\" \/>\n<link rel=\"canonical\" href=\"https:\/\/www.erresse-shop.it\/fr\/shop\/petits-electromenagers\/machines-cafe\/automatique\/jura-machine-a-cafe-giga-x8-platine-copia\/\" \/>\n<meta property=\"og:locale\" content=\"fr_FR\" \/>\n<meta property=\"og:type\" content=\"article\" \/>\n<meta property=\"og:title\" content=\"JURA Machine \u00e0 caf\u00e9 GIGA X4 Dark Inox\" \/>\n<meta property=\"og:description\" content=\"Pour mieux d\u00e9guster les sp\u00e9cialit\u00e9s de caf\u00e9 noir Le X4 offre un plaisir de caf\u00e9 in\u00e9gal\u00e9. Broie les grains de caf\u00e9 avec le broyeur aromatique professionnel\" \/>\n<meta property=\"og:url\" content=\"https:\/\/www.erresse-shop.it\/fr\/shop\/petits-electromenagers\/machines-cafe\/automatique\/jura-machine-a-cafe-giga-x8-platine-copia\/\" \/>\n<meta property=\"og:site_name\" content=\"Erresse Shop\" \/>\n<meta property=\"article:modified_time\" content=\"2025-02-21T07:52:05+00:00\" \/>\n<meta property=\"og:image\" content=\"https:\/\/www.erresse-shop.it\/wp-content\/uploads\/2025\/02\/JURA-Macchina-Da-Caffe-GIGA-X4-Dark-Inox.jpg\" \/>\n\t<meta property=\"og:image:width\" content=\"1200\" \/>\n\t<meta property=\"og:image:height\" content=\"1200\" \/>\n\t<meta property=\"og:image:type\" content=\"image\/jpeg\" \/>\n<meta name=\"twitter:card\" content=\"summary_large_image\" \/>\n<script type=\"application\/ld+json\" class=\"yoast-schema-graph\">{\"@context\":\"https:\/\/schema.org\",\"@graph\":[{\"@type\":\"WebPage\",\"@id\":\"https:\/\/www.erresse-shop.it\/fr\/shop\/petits-electromenagers\/machines-cafe\/automatique\/jura-machine-a-cafe-giga-x8-platine-copia\/\",\"url\":\"https:\/\/www.erresse-shop.it\/fr\/shop\/petits-electromenagers\/machines-cafe\/automatique\/jura-machine-a-cafe-giga-x8-platine-copia\/\",\"name\":\"JURA Machine \u00e0 caf\u00e9 GIGA X4 Dark Inox - Erresse Shop\",\"isPartOf\":{\"@id\":\"https:\/\/www.erresse-shop.it\/fr\/#website\"},\"datePublished\":\"2025-02-21T07:38:17+00:00\",\"dateModified\":\"2025-02-21T07:52:05+00:00\",\"description\":\"Pour mieux d\u00e9guster les sp\u00e9cialit\u00e9s de caf\u00e9 noir Le X4 offre un plaisir de caf\u00e9 in\u00e9gal\u00e9. Broie les grains de caf\u00e9 avec le broyeur aromatique professionnel\",\"breadcrumb\":{\"@id\":\"https:\/\/www.erresse-shop.it\/fr\/shop\/petits-electromenagers\/machines-cafe\/automatique\/jura-machine-a-cafe-giga-x8-platine-copia\/#breadcrumb\"},\"inLanguage\":\"fr-FR\",\"potentialAction\":[{\"@type\":\"ReadAction\",\"target\":[\"https:\/\/www.erresse-shop.it\/fr\/shop\/petits-electromenagers\/machines-cafe\/automatique\/jura-machine-a-cafe-giga-x8-platine-copia\/\"]}]},{\"@type\":\"BreadcrumbList\",\"@id\":\"https:\/\/www.erresse-shop.it\/fr\/shop\/petits-electromenagers\/machines-cafe\/automatique\/jura-machine-a-cafe-giga-x8-platine-copia\/#breadcrumb\",\"itemListElement\":[{\"@type\":\"ListItem\",\"position\":1,\"name\":\"Home\",\"item\":\"https:\/\/www.erresse-shop.it\/fr\/\"},{\"@type\":\"ListItem\",\"position\":2,\"name\":\"Shop\",\"item\":\"https:\/\/www.erresse-shop.it\/fr\/shop\/\"},{\"@type\":\"ListItem\",\"position\":3,\"name\":\"JURA Machine \u00e0 caf\u00e9 GIGA X4 Dark Inox\"}]},{\"@type\":\"WebSite\",\"@id\":\"https:\/\/www.erresse-shop.it\/fr\/#website\",\"url\":\"https:\/\/www.erresse-shop.it\/fr\/\",\"name\":\"Erresse Shop\",\"description\":\"Articoli di qualit\u00e0 per la casa\",\"potentialAction\":[{\"@type\":\"SearchAction\",\"target\":{\"@type\":\"EntryPoint\",\"urlTemplate\":\"https:\/\/www.erresse-shop.it\/fr\/?s={search_term_string}\"},\"query-input\":\"required name=search_term_string\"}],\"inLanguage\":\"fr-FR\"}]}<\/script>\n<!-- \/ Yoast SEO Premium plugin. -->","yoast_head_json":{"title":"JURA Machine \u00e0 caf\u00e9 GIGA X4 Dark Inox - Erresse Shop","description":"Pour mieux d\u00e9guster les sp\u00e9cialit\u00e9s de caf\u00e9 noir Le X4 offre un plaisir de caf\u00e9 in\u00e9gal\u00e9. Broie les grains de caf\u00e9 avec le broyeur aromatique professionnel","robots":{"index":"index","follow":"follow","max-snippet":"max-snippet:-1","max-image-preview":"max-image-preview:large","max-video-preview":"max-video-preview:-1"},"canonical":"https:\/\/www.erresse-shop.it\/fr\/shop\/petits-electromenagers\/machines-cafe\/automatique\/jura-machine-a-cafe-giga-x8-platine-copia\/","og_locale":"fr_FR","og_type":"article","og_title":"JURA Machine \u00e0 caf\u00e9 GIGA X4 Dark Inox","og_description":"Pour mieux d\u00e9guster les sp\u00e9cialit\u00e9s de caf\u00e9 noir Le X4 offre un plaisir de caf\u00e9 in\u00e9gal\u00e9. Broie les grains de caf\u00e9 avec le broyeur aromatique professionnel","og_url":"https:\/\/www.erresse-shop.it\/fr\/shop\/petits-electromenagers\/machines-cafe\/automatique\/jura-machine-a-cafe-giga-x8-platine-copia\/","og_site_name":"Erresse Shop","article_modified_time":"2025-02-21T07:52:05+00:00","og_image":[{"width":1200,"height":1200,"url":"https:\/\/www.erresse-shop.it\/wp-content\/uploads\/2025\/02\/JURA-Macchina-Da-Caffe-GIGA-X4-Dark-Inox.jpg","type":"image\/jpeg"}],"twitter_card":"summary_large_image","schema":{"@context":"https:\/\/schema.org","@graph":[{"@type":"WebPage","@id":"https:\/\/www.erresse-shop.it\/fr\/shop\/petits-electromenagers\/machines-cafe\/automatique\/jura-machine-a-cafe-giga-x8-platine-copia\/","url":"https:\/\/www.erresse-shop.it\/fr\/shop\/petits-electromenagers\/machines-cafe\/automatique\/jura-machine-a-cafe-giga-x8-platine-copia\/","name":"JURA Machine \u00e0 caf\u00e9 GIGA X4 Dark Inox - Erresse Shop","isPartOf":{"@id":"https:\/\/www.erresse-shop.it\/fr\/#website"},"datePublished":"2025-02-21T07:38:17+00:00","dateModified":"2025-02-21T07:52:05+00:00","description":"Pour mieux d\u00e9guster les sp\u00e9cialit\u00e9s de caf\u00e9 noir Le X4 offre un plaisir de caf\u00e9 in\u00e9gal\u00e9. Broie les grains de caf\u00e9 avec le broyeur aromatique professionnel","breadcrumb":{"@id":"https:\/\/www.erresse-shop.it\/fr\/shop\/petits-electromenagers\/machines-cafe\/automatique\/jura-machine-a-cafe-giga-x8-platine-copia\/#breadcrumb"},"inLanguage":"fr-FR","potentialAction":[{"@type":"ReadAction","target":["https:\/\/www.erresse-shop.it\/fr\/shop\/petits-electromenagers\/machines-cafe\/automatique\/jura-machine-a-cafe-giga-x8-platine-copia\/"]}]},{"@type":"BreadcrumbList","@id":"https:\/\/www.erresse-shop.it\/fr\/shop\/petits-electromenagers\/machines-cafe\/automatique\/jura-machine-a-cafe-giga-x8-platine-copia\/#breadcrumb","itemListElement":[{"@type":"ListItem","position":1,"name":"Home","item":"https:\/\/www.erresse-shop.it\/fr\/"},{"@type":"ListItem","position":2,"name":"Shop","item":"https:\/\/www.erresse-shop.it\/fr\/shop\/"},{"@type":"ListItem","position":3,"name":"JURA Machine \u00e0 caf\u00e9 GIGA X4 Dark Inox"}]},{"@type":"WebSite","@id":"https:\/\/www.erresse-shop.it\/fr\/#website","url":"https:\/\/www.erresse-shop.it\/fr\/","name":"Erresse Shop","description":"Articoli di qualit\u00e0 per la casa","potentialAction":[{"@type":"SearchAction","target":{"@type":"EntryPoint","urlTemplate":"https:\/\/www.erresse-shop.it\/fr\/?s={search_term_string}"},"query-input":"required name=search_term_string"}],"inLanguage":"fr-FR"}]}},"df_price":2899.95,"df_sale_price":2899.95,"df_regular_price":3279,"df_image_link":"https:\/\/www.erresse-shop.it\/wp-content\/uploads\/2025\/02\/JURA-Macchina-Da-Caffe-GIGA-X4-Dark-Inox-300x300.jpg","_links":{"self":[{"href":"https:\/\/www.erresse-shop.it\/fr\/wp-json\/wp\/v2\/product\/470560"}],"collection":[{"href":"https:\/\/www.erresse-shop.it\/fr\/wp-json\/wp\/v2\/product"}],"about":[{"href":"https:\/\/www.erresse-shop.it\/fr\/wp-json\/wp\/v2\/types\/product"}],"wp:featuredmedia":[{"embeddable":true,"href":"https:\/\/www.erresse-shop.it\/fr\/wp-json\/wp\/v2\/media\/470583"}],"wp:attachment":[{"href":"https:\/\/www.erresse-shop.it\/fr\/wp-json\/wp\/v2\/media?parent=470560"}],"wp:term":[{"taxonomy":"product_cat","embeddable":true,"href":"https:\/\/www.erresse-shop.it\/fr\/wp-json\/wp\/v2\/product_cat?post=470560"},{"taxonomy":"product_tag","embeddable":true,"href":"https:\/\/www.erresse-shop.it\/fr\/wp-json\/wp\/v2\/product_tag?post=470560"}],"curies":[{"name":"wp","href":"https:\/\/api.w.org\/{rel}","templated":true}]}}