{"id":470248,"date":"2025-02-20T07:58:04","date_gmt":"2025-02-20T07:58:08","guid":{"rendered":"https:\/\/www.erresse-shop.it\/?post_type=product&#038;p=470248"},"modified":"2025-07-06T17:37:28","modified_gmt":"2025-07-06T17:37:28","slug":"staub-cocotte-rond-24-cm-eucalyptus-copia-2","status":"publish","type":"product","link":"https:\/\/www.erresse-shop.it\/fr\/shop\/poeles-pots\/marmites-et-cocottes-poeles-pots\/staub-cocotte-rond-24-cm-eucalyptus-copia-2\/","title":{"rendered":"STAUB Cocotte Rond 24 cm Fleur de cerisier"},"content":{"rendered":"<p>La cocotte Staub est id\u00e9ale pour cuire lentement la viande et les l\u00e9gumes jusqu&#8217;\u00e0 ce qu&#8217;ils soient tendres \u00e0 souhait et pour pr\u00e9parer des rago\u00fbts et des soupes copieux. La fonte offre d&#8217;excellentes propri\u00e9t\u00e9s de r\u00e9tention de la chaleur, chauffant uniform\u00e9ment. Le couvercle innovant comporte de petites pointes \u00e0 l&#8217;int\u00e9rieur qui versent en continu du liquide condens\u00e9 sur les aliments, garantissant des r\u00e9sultats juteux et savoureux. L&#8217;int\u00e9rieur sp\u00e9cial en \u00e9mail noir mat et le couvercle avec buses de pulv\u00e9risation continues favorisent un brunissement et un braisage parfaits, pour des plats au go\u00fbt exceptionnel. Dot\u00e9e d&#8217;une finition \u00e9maill\u00e9e, chaque pi\u00e8ce passe magnifiquement de la cuisine \u00e0 la table, parfaite pour tout, de la cuisine r\u00e9confortante aux d\u00eeners \u00e9l\u00e9gants. Les ustensiles de cuisine en fonte \u00e9maill\u00e9e Staub sont le choix des grands chefs. D&#8217;une durabilit\u00e9 exceptionnelle, il est id\u00e9al pour une utilisation quotidienne dans les cuisines gastronomiques ou les restaurants raffin\u00e9s. Con\u00e7us pour durer toute une vie, ces objets de famille peuvent \u00eatre transmis de g\u00e9n\u00e9ration en g\u00e9n\u00e9ration.<\/p>\n<ul>\n<li>Id\u00e9al pour sceller et cuire lentement de la viande, du poisson ou des l\u00e9gumes<\/li>\n<li>Pour une cuisson juteuse et tendre gr\u00e2ce au couvercle<\/li>\n<li>L&#8217;\u00e9mail int\u00e9rieur noir mat est id\u00e9al pour un brunissement particuli\u00e8rement croustillant et est tr\u00e8s r\u00e9sistant<\/li>\n<li>Convient \u00e0 tous les types de plaques de cuisson, y compris \u00e0 induction, peut \u00e9galement \u00eatre plac\u00e9 au four\/grill<\/li>\n<\/ul>\n<p>Caract\u00e9ristiques<\/p>\n<ul>\n<li>R\u00e9sistance \u00e0 la chaleur : 240 \u00baC<\/li>\n<li>R\u00e9sistance au froid : -20 \u00baC<\/li>\n<li>Mat\u00e9riau : fonte<\/li>\n<li>Rev\u00eatement int\u00e9rieur : \u00e9mail<\/li>\n<li>Induction : Oui<\/li>\n<li>Passe au four\u00a0: Oui<\/li>\n<li>Passe au cong\u00e9lateur\u00a0: Oui<\/li>\n<li>Passe au four : Oui<\/li>\n<li>Passe au lave-vaisselle : Oui<\/li>\n<\/ul>\n<p>Taille<\/p>\n<ul>\n<li>Poids net : 4,74 kg<\/li>\n<li>Capacit\u00e9 : 3,70 l<\/li>\n<li>Longueur du produit : 30,30 cm<\/li>\n<li>Largeur du produit : 24,00 cm<\/li>\n<li>Hauteur du produit : 15,30 cm<\/li>\n<li>Hauteur sans couvercle : 10,50 cm<\/li>\n<li>Diam\u00e8tre sup\u00e9rieur : 24,00 cm<\/li>\n<li>Diam\u00e8tre du fond : 19,20 cm<\/li>\n<li>Longueur du manche : 3,00 cm<\/li>\n<\/ul>\n","protected":false},"excerpt":{"rendered":"<p>La cocotte Staub est id\u00e9ale pour cuire lentement la viande et les l\u00e9gumes jusqu&#8217;\u00e0 ce qu&#8217;ils soient tendres \u00e0 souhait<\/p>\n","protected":false},"featured_media":470284,"template":"","meta":{"_acf_changed":false,"inline_featured_image":false},"product_cat":[12458,14792],"product_tag":[25086,21529,25021,12994,12461,12465,12466,12468],"acf":[],"yoast_head":"<!-- This site is optimized with the Yoast SEO Premium plugin v18.6 (Yoast SEO v19.13) - https:\/\/yoast.com\/wordpress\/plugins\/seo\/ -->\n<title>STAUB Cocotte Rond 24 cm Cannelle<\/title>\n<meta name=\"description\" content=\"D\u00e9couvrez STAUB Cocotte Rond 24 cm Cannelle sur ErresseShop. Qualit\u00e9, prix r\u00e9duits et achat s\u00e9curis\u00e9 \u2013 commandez d\u00e8s maintenant en ligne !\" \/>\n<meta name=\"robots\" content=\"index, follow, max-snippet:-1, max-image-preview:large, max-video-preview:-1\" \/>\n<link rel=\"canonical\" href=\"https:\/\/www.erresse-shop.it\/fr\/shop\/poeles-pots\/marmites-et-cocottes-poeles-pots\/staub-cocotte-rond-24-cm-eucalyptus-copia-2\/\" \/>\n<meta property=\"og:locale\" content=\"fr_FR\" \/>\n<meta property=\"og:type\" content=\"article\" \/>\n<meta property=\"og:title\" content=\"STAUB Cocotte Rond 24 cm Fleur de cerisier\" \/>\n<meta property=\"og:description\" content=\"D\u00e9couvrez STAUB Cocotte Rond 24 cm Cannelle sur ErresseShop. Qualit\u00e9, prix r\u00e9duits et achat s\u00e9curis\u00e9 \u2013 commandez d\u00e8s maintenant en ligne !\" \/>\n<meta property=\"og:url\" content=\"https:\/\/www.erresse-shop.it\/fr\/shop\/poeles-pots\/marmites-et-cocottes-poeles-pots\/staub-cocotte-rond-24-cm-eucalyptus-copia-2\/\" \/>\n<meta property=\"og:site_name\" content=\"Erresse Shop\" \/>\n<meta property=\"article:modified_time\" content=\"2025-07-06T17:37:28+00:00\" \/>\n<meta property=\"og:image\" content=\"https:\/\/www.erresse-shop.it\/wp-content\/uploads\/2025\/02\/STAUB-Cocotte-Tonda-24-cm-Fiore-di-ciliegio.jpg\" \/>\n\t<meta property=\"og:image:width\" content=\"1200\" \/>\n\t<meta property=\"og:image:height\" content=\"1200\" \/>\n\t<meta property=\"og:image:type\" content=\"image\/jpeg\" \/>\n<meta name=\"twitter:card\" content=\"summary_large_image\" \/>\n<script type=\"application\/ld+json\" class=\"yoast-schema-graph\">{\"@context\":\"https:\/\/schema.org\",\"@graph\":[{\"@type\":\"WebPage\",\"@id\":\"https:\/\/www.erresse-shop.it\/fr\/shop\/poeles-pots\/marmites-et-cocottes-poeles-pots\/staub-cocotte-rond-24-cm-eucalyptus-copia-2\/\",\"url\":\"https:\/\/www.erresse-shop.it\/fr\/shop\/poeles-pots\/marmites-et-cocottes-poeles-pots\/staub-cocotte-rond-24-cm-eucalyptus-copia-2\/\",\"name\":\"STAUB Cocotte Rond 24 cm Cannelle\",\"isPartOf\":{\"@id\":\"https:\/\/www.erresse-shop.it\/fr\/#website\"},\"datePublished\":\"2025-02-20T07:58:08+00:00\",\"dateModified\":\"2025-07-06T17:37:28+00:00\",\"description\":\"D\u00e9couvrez STAUB Cocotte Rond 24 cm Cannelle sur ErresseShop. Qualit\u00e9, prix r\u00e9duits et achat s\u00e9curis\u00e9 \u2013 commandez d\u00e8s maintenant en ligne !\",\"breadcrumb\":{\"@id\":\"https:\/\/www.erresse-shop.it\/fr\/shop\/poeles-pots\/marmites-et-cocottes-poeles-pots\/staub-cocotte-rond-24-cm-eucalyptus-copia-2\/#breadcrumb\"},\"inLanguage\":\"fr-FR\",\"potentialAction\":[{\"@type\":\"ReadAction\",\"target\":[\"https:\/\/www.erresse-shop.it\/fr\/shop\/poeles-pots\/marmites-et-cocottes-poeles-pots\/staub-cocotte-rond-24-cm-eucalyptus-copia-2\/\"]}]},{\"@type\":\"BreadcrumbList\",\"@id\":\"https:\/\/www.erresse-shop.it\/fr\/shop\/poeles-pots\/marmites-et-cocottes-poeles-pots\/staub-cocotte-rond-24-cm-eucalyptus-copia-2\/#breadcrumb\",\"itemListElement\":[{\"@type\":\"ListItem\",\"position\":1,\"name\":\"Home\",\"item\":\"https:\/\/www.erresse-shop.it\/fr\/\"},{\"@type\":\"ListItem\",\"position\":2,\"name\":\"Shop\",\"item\":\"https:\/\/www.erresse-shop.it\/fr\/shop\/\"},{\"@type\":\"ListItem\",\"position\":3,\"name\":\"STAUB Cocotte Rond 24 cm Fleur de cerisier\"}]},{\"@type\":\"WebSite\",\"@id\":\"https:\/\/www.erresse-shop.it\/fr\/#website\",\"url\":\"https:\/\/www.erresse-shop.it\/fr\/\",\"name\":\"Erresse Shop\",\"description\":\"Articoli di qualit\u00e0 per la casa\",\"potentialAction\":[{\"@type\":\"SearchAction\",\"target\":{\"@type\":\"EntryPoint\",\"urlTemplate\":\"https:\/\/www.erresse-shop.it\/fr\/?s={search_term_string}\"},\"query-input\":\"required name=search_term_string\"}],\"inLanguage\":\"fr-FR\"}]}<\/script>\n<!-- \/ Yoast SEO Premium plugin. -->","yoast_head_json":{"title":"STAUB Cocotte Rond 24 cm Cannelle","description":"D\u00e9couvrez STAUB Cocotte Rond 24 cm Cannelle sur ErresseShop. Qualit\u00e9, prix r\u00e9duits et achat s\u00e9curis\u00e9 \u2013 commandez d\u00e8s maintenant en ligne !","robots":{"index":"index","follow":"follow","max-snippet":"max-snippet:-1","max-image-preview":"max-image-preview:large","max-video-preview":"max-video-preview:-1"},"canonical":"https:\/\/www.erresse-shop.it\/fr\/shop\/poeles-pots\/marmites-et-cocottes-poeles-pots\/staub-cocotte-rond-24-cm-eucalyptus-copia-2\/","og_locale":"fr_FR","og_type":"article","og_title":"STAUB Cocotte Rond 24 cm Fleur de cerisier","og_description":"D\u00e9couvrez STAUB Cocotte Rond 24 cm Cannelle sur ErresseShop. Qualit\u00e9, prix r\u00e9duits et achat s\u00e9curis\u00e9 \u2013 commandez d\u00e8s maintenant en ligne !","og_url":"https:\/\/www.erresse-shop.it\/fr\/shop\/poeles-pots\/marmites-et-cocottes-poeles-pots\/staub-cocotte-rond-24-cm-eucalyptus-copia-2\/","og_site_name":"Erresse Shop","article_modified_time":"2025-07-06T17:37:28+00:00","og_image":[{"width":1200,"height":1200,"url":"https:\/\/www.erresse-shop.it\/wp-content\/uploads\/2025\/02\/STAUB-Cocotte-Tonda-24-cm-Fiore-di-ciliegio.jpg","type":"image\/jpeg"}],"twitter_card":"summary_large_image","schema":{"@context":"https:\/\/schema.org","@graph":[{"@type":"WebPage","@id":"https:\/\/www.erresse-shop.it\/fr\/shop\/poeles-pots\/marmites-et-cocottes-poeles-pots\/staub-cocotte-rond-24-cm-eucalyptus-copia-2\/","url":"https:\/\/www.erresse-shop.it\/fr\/shop\/poeles-pots\/marmites-et-cocottes-poeles-pots\/staub-cocotte-rond-24-cm-eucalyptus-copia-2\/","name":"STAUB Cocotte Rond 24 cm Cannelle","isPartOf":{"@id":"https:\/\/www.erresse-shop.it\/fr\/#website"},"datePublished":"2025-02-20T07:58:08+00:00","dateModified":"2025-07-06T17:37:28+00:00","description":"D\u00e9couvrez STAUB Cocotte Rond 24 cm Cannelle sur ErresseShop. Qualit\u00e9, prix r\u00e9duits et achat s\u00e9curis\u00e9 \u2013 commandez d\u00e8s maintenant en ligne !","breadcrumb":{"@id":"https:\/\/www.erresse-shop.it\/fr\/shop\/poeles-pots\/marmites-et-cocottes-poeles-pots\/staub-cocotte-rond-24-cm-eucalyptus-copia-2\/#breadcrumb"},"inLanguage":"fr-FR","potentialAction":[{"@type":"ReadAction","target":["https:\/\/www.erresse-shop.it\/fr\/shop\/poeles-pots\/marmites-et-cocottes-poeles-pots\/staub-cocotte-rond-24-cm-eucalyptus-copia-2\/"]}]},{"@type":"BreadcrumbList","@id":"https:\/\/www.erresse-shop.it\/fr\/shop\/poeles-pots\/marmites-et-cocottes-poeles-pots\/staub-cocotte-rond-24-cm-eucalyptus-copia-2\/#breadcrumb","itemListElement":[{"@type":"ListItem","position":1,"name":"Home","item":"https:\/\/www.erresse-shop.it\/fr\/"},{"@type":"ListItem","position":2,"name":"Shop","item":"https:\/\/www.erresse-shop.it\/fr\/shop\/"},{"@type":"ListItem","position":3,"name":"STAUB Cocotte Rond 24 cm Fleur de cerisier"}]},{"@type":"WebSite","@id":"https:\/\/www.erresse-shop.it\/fr\/#website","url":"https:\/\/www.erresse-shop.it\/fr\/","name":"Erresse Shop","description":"Articoli di qualit\u00e0 per la casa","potentialAction":[{"@type":"SearchAction","target":{"@type":"EntryPoint","urlTemplate":"https:\/\/www.erresse-shop.it\/fr\/?s={search_term_string}"},"query-input":"required name=search_term_string"}],"inLanguage":"fr-FR"}]}},"df_price":179.95,"df_sale_price":179.95,"df_regular_price":279,"df_image_link":"https:\/\/www.erresse-shop.it\/wp-content\/uploads\/2025\/02\/STAUB-Cocotte-Tonda-24-cm-Fiore-di-ciliegio-300x300.jpg","_links":{"self":[{"href":"https:\/\/www.erresse-shop.it\/fr\/wp-json\/wp\/v2\/product\/470248"}],"collection":[{"href":"https:\/\/www.erresse-shop.it\/fr\/wp-json\/wp\/v2\/product"}],"about":[{"href":"https:\/\/www.erresse-shop.it\/fr\/wp-json\/wp\/v2\/types\/product"}],"wp:featuredmedia":[{"embeddable":true,"href":"https:\/\/www.erresse-shop.it\/fr\/wp-json\/wp\/v2\/media\/470284"}],"wp:attachment":[{"href":"https:\/\/www.erresse-shop.it\/fr\/wp-json\/wp\/v2\/media?parent=470248"}],"wp:term":[{"taxonomy":"product_cat","embeddable":true,"href":"https:\/\/www.erresse-shop.it\/fr\/wp-json\/wp\/v2\/product_cat?post=470248"},{"taxonomy":"product_tag","embeddable":true,"href":"https:\/\/www.erresse-shop.it\/fr\/wp-json\/wp\/v2\/product_tag?post=470248"}],"curies":[{"name":"wp","href":"https:\/\/api.w.org\/{rel}","templated":true}]}}