{"id":470152,"date":"2025-02-20T07:16:57","date_gmt":"2025-02-20T07:17:01","guid":{"rendered":"https:\/\/www.erresse-shop.it\/?post_type=product&#038;p=470152"},"modified":"2025-03-26T20:40:08","modified_gmt":"2025-03-26T20:40:08","slug":"staub-cocotte-rond-24-cm-cannelle-copia","status":"publish","type":"product","link":"https:\/\/www.erresse-shop.it\/fr\/shop\/poeles-pots\/marmites-et-cocottes-poeles-pots\/staub-cocotte-rond-24-cm-cannelle-copia\/","title":{"rendered":"STAUB Cocotte Rond 24 cm Eucalyptus"},"content":{"rendered":"<p>Ajoutez une touche de dynamisme \u00e0 votre cuisine avec la nouvelle couleur Eucalyptus. Frais et extraordinaire, il s\u2019adapte \u00e0 de nombreux styles d\u2019ameublement. D&#8217;une capacit\u00e9 de 3,8 litres et d&#8217;un diam\u00e8tre de 24 cm, la cocotte ronde est parfaite pour cuisiner en famille. Il est \u00e9galement id\u00e9al pour la cuisson du pain, permettant d&#8217;obtenir un pain parfaitement rond. Fabriqu\u00e9 en fonte de haute qualit\u00e9, il distribue et retient la chaleur uniform\u00e9ment. Le couvercle herm\u00e9tique, avec sa structure en pluie aromatique, recueille la condensation et la lib\u00e8re sur les aliments, garantissant des plats juteux et savoureux. Pour rehausser encore davantage vos plats, ajoutez des herbes fra\u00eeches comme de la sauge, du laurier ou du thym. Polyvalente, la cocotte est compatible avec tous les types de cuisson, y compris le four. Vous pouvez saisir un filet de porc sur la cuisini\u00e8re et le transf\u00e9rer au four pour un brunissement parfait. Utilisable de -20\u00b0C \u00e0 250\u00b0C, en le chauffant lentement, il est conseill\u00e9 de le manipuler avec des gants de cuisine et des ustensiles en bois ou en silicone.<\/p>\n<ul>\n<li>Id\u00e9al pour sceller et cuire lentement de la viande, du poisson ou des l\u00e9gumes<\/li>\n<li>Pour une cuisson juteuse et tendre gr\u00e2ce au couvercle<\/li>\n<li>L&#8217;\u00e9mail int\u00e9rieur noir mat est id\u00e9al pour un brunissement particuli\u00e8rement croustillant et est tr\u00e8s r\u00e9sistant<\/li>\n<li>Convient \u00e0 tous les types de plaques de cuisson, y compris \u00e0 induction, peut \u00e9galement \u00eatre plac\u00e9 au four\/grill<\/li>\n<\/ul>\n<p>Caract\u00e9ristiques<\/p>\n<ul>\n<li>R\u00e9sistance \u00e0 la chaleur : 240 \u00baC<\/li>\n<li>R\u00e9sistance au froid : -20 \u00baC<\/li>\n<li>Mat\u00e9riau : fonte<\/li>\n<li>Rev\u00eatement int\u00e9rieur : \u00e9mail<\/li>\n<li>Induction : Oui<\/li>\n<li>Passe au four\u00a0: Oui<\/li>\n<li>Passe au cong\u00e9lateur\u00a0: Oui<\/li>\n<li>Passe au four : Oui<\/li>\n<li>Passe au lave-vaisselle : Oui<\/li>\n<\/ul>\n<p>Taille<\/p>\n<ul>\n<li>Poids net : 4,74 kg<\/li>\n<li>Capacit\u00e9 : 3,70 l<\/li>\n<li>Longueur du produit : 30,30 cm<\/li>\n<li>Largeur du produit : 24,00 cm<\/li>\n<li>Hauteur du produit : 15,30 cm<\/li>\n<li>Hauteur sans couvercle : 10,50 cm<\/li>\n<li>Diam\u00e8tre sup\u00e9rieur : 24,00 cm<\/li>\n<li>Diam\u00e8tre du fond : 19,20 cm<\/li>\n<li>Longueur du manche : 3,00 cm<\/li>\n<\/ul>\n","protected":false},"excerpt":{"rendered":"<p>Ajoutez une touche de dynamisme \u00e0 votre cuisine avec la nouvelle couleur Eucalyptus. Frais et extraordinaire, il s\u2019adapte \u00e0 de<\/p>\n","protected":false},"featured_media":470187,"template":"","meta":{"_acf_changed":false,"inline_featured_image":false},"product_cat":[12458,14792],"product_tag":[25086,21529,25021,12994,12461,12465,12466,12468],"acf":[],"yoast_head":"<!-- This site is optimized with the Yoast SEO Premium plugin v18.6 (Yoast SEO v19.13) - https:\/\/yoast.com\/wordpress\/plugins\/seo\/ -->\n<title>STAUB Cocotte Rond 24 cm Cannelle<\/title>\n<meta name=\"description\" content=\"D\u00e9couvrez STAUB Cocotte Rond 24 cm Cannelle sur ErresseShop. Qualit\u00e9, prix r\u00e9duits et achat s\u00e9curis\u00e9 \u2013 commandez d\u00e8s maintenant en ligne !\" \/>\n<meta name=\"robots\" content=\"index, follow, max-snippet:-1, max-image-preview:large, max-video-preview:-1\" \/>\n<link rel=\"canonical\" href=\"https:\/\/www.erresse-shop.it\/fr\/shop\/poeles-pots\/marmites-et-cocottes-poeles-pots\/staub-cocotte-rond-24-cm-cannelle-copia\/\" \/>\n<meta property=\"og:locale\" content=\"fr_FR\" \/>\n<meta property=\"og:type\" content=\"article\" \/>\n<meta property=\"og:title\" content=\"STAUB Cocotte Rond 24 cm Eucalyptus\" \/>\n<meta property=\"og:description\" content=\"D\u00e9couvrez STAUB Cocotte Rond 24 cm Cannelle sur ErresseShop. Qualit\u00e9, prix r\u00e9duits et achat s\u00e9curis\u00e9 \u2013 commandez d\u00e8s maintenant en ligne !\" \/>\n<meta property=\"og:url\" content=\"https:\/\/www.erresse-shop.it\/fr\/shop\/poeles-pots\/marmites-et-cocottes-poeles-pots\/staub-cocotte-rond-24-cm-cannelle-copia\/\" \/>\n<meta property=\"og:site_name\" content=\"Erresse Shop\" \/>\n<meta property=\"article:modified_time\" content=\"2025-03-26T20:40:08+00:00\" \/>\n<meta property=\"og:image\" content=\"https:\/\/www.erresse-shop.it\/wp-content\/uploads\/2025\/02\/STAUB-Cocotte-Tonda-24-cm-Eucalipto.jpg\" \/>\n\t<meta property=\"og:image:width\" content=\"1200\" \/>\n\t<meta property=\"og:image:height\" content=\"1200\" \/>\n\t<meta property=\"og:image:type\" content=\"image\/jpeg\" \/>\n<meta name=\"twitter:card\" content=\"summary_large_image\" \/>\n<script type=\"application\/ld+json\" class=\"yoast-schema-graph\">{\"@context\":\"https:\/\/schema.org\",\"@graph\":[{\"@type\":\"WebPage\",\"@id\":\"https:\/\/www.erresse-shop.it\/fr\/shop\/poeles-pots\/marmites-et-cocottes-poeles-pots\/staub-cocotte-rond-24-cm-cannelle-copia\/\",\"url\":\"https:\/\/www.erresse-shop.it\/fr\/shop\/poeles-pots\/marmites-et-cocottes-poeles-pots\/staub-cocotte-rond-24-cm-cannelle-copia\/\",\"name\":\"STAUB Cocotte Rond 24 cm Cannelle\",\"isPartOf\":{\"@id\":\"https:\/\/www.erresse-shop.it\/fr\/#website\"},\"datePublished\":\"2025-02-20T07:17:01+00:00\",\"dateModified\":\"2025-03-26T20:40:08+00:00\",\"description\":\"D\u00e9couvrez STAUB Cocotte Rond 24 cm Cannelle sur ErresseShop. Qualit\u00e9, prix r\u00e9duits et achat s\u00e9curis\u00e9 \u2013 commandez d\u00e8s maintenant en ligne !\",\"breadcrumb\":{\"@id\":\"https:\/\/www.erresse-shop.it\/fr\/shop\/poeles-pots\/marmites-et-cocottes-poeles-pots\/staub-cocotte-rond-24-cm-cannelle-copia\/#breadcrumb\"},\"inLanguage\":\"fr-FR\",\"potentialAction\":[{\"@type\":\"ReadAction\",\"target\":[\"https:\/\/www.erresse-shop.it\/fr\/shop\/poeles-pots\/marmites-et-cocottes-poeles-pots\/staub-cocotte-rond-24-cm-cannelle-copia\/\"]}]},{\"@type\":\"BreadcrumbList\",\"@id\":\"https:\/\/www.erresse-shop.it\/fr\/shop\/poeles-pots\/marmites-et-cocottes-poeles-pots\/staub-cocotte-rond-24-cm-cannelle-copia\/#breadcrumb\",\"itemListElement\":[{\"@type\":\"ListItem\",\"position\":1,\"name\":\"Home\",\"item\":\"https:\/\/www.erresse-shop.it\/fr\/\"},{\"@type\":\"ListItem\",\"position\":2,\"name\":\"Shop\",\"item\":\"https:\/\/www.erresse-shop.it\/fr\/shop\/\"},{\"@type\":\"ListItem\",\"position\":3,\"name\":\"STAUB Cocotte Rond 24 cm Eucalyptus\"}]},{\"@type\":\"WebSite\",\"@id\":\"https:\/\/www.erresse-shop.it\/fr\/#website\",\"url\":\"https:\/\/www.erresse-shop.it\/fr\/\",\"name\":\"Erresse Shop\",\"description\":\"Articoli di qualit\u00e0 per la casa\",\"potentialAction\":[{\"@type\":\"SearchAction\",\"target\":{\"@type\":\"EntryPoint\",\"urlTemplate\":\"https:\/\/www.erresse-shop.it\/fr\/?s={search_term_string}\"},\"query-input\":\"required name=search_term_string\"}],\"inLanguage\":\"fr-FR\"}]}<\/script>\n<!-- \/ Yoast SEO Premium plugin. -->","yoast_head_json":{"title":"STAUB Cocotte Rond 24 cm Cannelle","description":"D\u00e9couvrez STAUB Cocotte Rond 24 cm Cannelle sur ErresseShop. Qualit\u00e9, prix r\u00e9duits et achat s\u00e9curis\u00e9 \u2013 commandez d\u00e8s maintenant en ligne !","robots":{"index":"index","follow":"follow","max-snippet":"max-snippet:-1","max-image-preview":"max-image-preview:large","max-video-preview":"max-video-preview:-1"},"canonical":"https:\/\/www.erresse-shop.it\/fr\/shop\/poeles-pots\/marmites-et-cocottes-poeles-pots\/staub-cocotte-rond-24-cm-cannelle-copia\/","og_locale":"fr_FR","og_type":"article","og_title":"STAUB Cocotte Rond 24 cm Eucalyptus","og_description":"D\u00e9couvrez STAUB Cocotte Rond 24 cm Cannelle sur ErresseShop. Qualit\u00e9, prix r\u00e9duits et achat s\u00e9curis\u00e9 \u2013 commandez d\u00e8s maintenant en ligne !","og_url":"https:\/\/www.erresse-shop.it\/fr\/shop\/poeles-pots\/marmites-et-cocottes-poeles-pots\/staub-cocotte-rond-24-cm-cannelle-copia\/","og_site_name":"Erresse Shop","article_modified_time":"2025-03-26T20:40:08+00:00","og_image":[{"width":1200,"height":1200,"url":"https:\/\/www.erresse-shop.it\/wp-content\/uploads\/2025\/02\/STAUB-Cocotte-Tonda-24-cm-Eucalipto.jpg","type":"image\/jpeg"}],"twitter_card":"summary_large_image","schema":{"@context":"https:\/\/schema.org","@graph":[{"@type":"WebPage","@id":"https:\/\/www.erresse-shop.it\/fr\/shop\/poeles-pots\/marmites-et-cocottes-poeles-pots\/staub-cocotte-rond-24-cm-cannelle-copia\/","url":"https:\/\/www.erresse-shop.it\/fr\/shop\/poeles-pots\/marmites-et-cocottes-poeles-pots\/staub-cocotte-rond-24-cm-cannelle-copia\/","name":"STAUB Cocotte Rond 24 cm Cannelle","isPartOf":{"@id":"https:\/\/www.erresse-shop.it\/fr\/#website"},"datePublished":"2025-02-20T07:17:01+00:00","dateModified":"2025-03-26T20:40:08+00:00","description":"D\u00e9couvrez STAUB Cocotte Rond 24 cm Cannelle sur ErresseShop. Qualit\u00e9, prix r\u00e9duits et achat s\u00e9curis\u00e9 \u2013 commandez d\u00e8s maintenant en ligne !","breadcrumb":{"@id":"https:\/\/www.erresse-shop.it\/fr\/shop\/poeles-pots\/marmites-et-cocottes-poeles-pots\/staub-cocotte-rond-24-cm-cannelle-copia\/#breadcrumb"},"inLanguage":"fr-FR","potentialAction":[{"@type":"ReadAction","target":["https:\/\/www.erresse-shop.it\/fr\/shop\/poeles-pots\/marmites-et-cocottes-poeles-pots\/staub-cocotte-rond-24-cm-cannelle-copia\/"]}]},{"@type":"BreadcrumbList","@id":"https:\/\/www.erresse-shop.it\/fr\/shop\/poeles-pots\/marmites-et-cocottes-poeles-pots\/staub-cocotte-rond-24-cm-cannelle-copia\/#breadcrumb","itemListElement":[{"@type":"ListItem","position":1,"name":"Home","item":"https:\/\/www.erresse-shop.it\/fr\/"},{"@type":"ListItem","position":2,"name":"Shop","item":"https:\/\/www.erresse-shop.it\/fr\/shop\/"},{"@type":"ListItem","position":3,"name":"STAUB Cocotte Rond 24 cm Eucalyptus"}]},{"@type":"WebSite","@id":"https:\/\/www.erresse-shop.it\/fr\/#website","url":"https:\/\/www.erresse-shop.it\/fr\/","name":"Erresse Shop","description":"Articoli di qualit\u00e0 per la casa","potentialAction":[{"@type":"SearchAction","target":{"@type":"EntryPoint","urlTemplate":"https:\/\/www.erresse-shop.it\/fr\/?s={search_term_string}"},"query-input":"required name=search_term_string"}],"inLanguage":"fr-FR"}]}},"df_price":139.5,"df_sale_price":139.5,"df_regular_price":279,"df_image_link":"https:\/\/www.erresse-shop.it\/wp-content\/uploads\/2025\/02\/STAUB-Cocotte-Tonda-24-cm-Eucalipto-300x300.jpg","_links":{"self":[{"href":"https:\/\/www.erresse-shop.it\/fr\/wp-json\/wp\/v2\/product\/470152"}],"collection":[{"href":"https:\/\/www.erresse-shop.it\/fr\/wp-json\/wp\/v2\/product"}],"about":[{"href":"https:\/\/www.erresse-shop.it\/fr\/wp-json\/wp\/v2\/types\/product"}],"wp:featuredmedia":[{"embeddable":true,"href":"https:\/\/www.erresse-shop.it\/fr\/wp-json\/wp\/v2\/media\/470187"}],"wp:attachment":[{"href":"https:\/\/www.erresse-shop.it\/fr\/wp-json\/wp\/v2\/media?parent=470152"}],"wp:term":[{"taxonomy":"product_cat","embeddable":true,"href":"https:\/\/www.erresse-shop.it\/fr\/wp-json\/wp\/v2\/product_cat?post=470152"},{"taxonomy":"product_tag","embeddable":true,"href":"https:\/\/www.erresse-shop.it\/fr\/wp-json\/wp\/v2\/product_tag?post=470152"}],"curies":[{"name":"wp","href":"https:\/\/api.w.org\/{rel}","templated":true}]}}