{"id":470130,"date":"2025-02-20T06:53:31","date_gmt":"2025-02-20T06:53:34","guid":{"rendered":"https:\/\/www.erresse-shop.it\/?post_type=product&#038;p=470130"},"modified":"2025-02-20T07:10:45","modified_gmt":"2025-02-20T07:10:45","slug":"zwilling-set-de-couteaux-gourmet-2-copia","status":"publish","type":"product","link":"https:\/\/www.erresse-shop.it\/fr\/shop\/cuisine\/couteaux\/zwilling-set-de-couteaux-gourmet-2-copia\/","title":{"rendered":"ZWILLING Coffret de couteaux Gourmet avec bloc marron"},"content":{"rendered":"<p>Les couteaux bien aiguis\u00e9s sont des couteaux s\u00fbrs. C&#8217;est pourquoi le bloc \u00e0 couteaux ZWILLING SharpBlock de la s\u00e9rie GOURMET, dot\u00e9 de la technologie KIS (Keep It Sharp), garantit un tranchant optimal \u00e0 chaque utilisation. De cette fa\u00e7on, ils n\u00e9cessitent moins de force et ne glissent pas. Le bloc auto-aff\u00fbtant vous lib\u00e8re de la n\u00e9cessit\u00e9 d&#8217;aff\u00fbter \u00e0 la main et prot\u00e8ge les couteaux des dommages. Le secret du bloc est gard\u00e9 \u00e0 l&#8217;int\u00e9rieur : dans les compartiments pour les couteaux \u00e0 lames lisses (couteau d&#8217;office, couteau \u00e0 d\u00e9couper et couteau de chef) sont int\u00e9gr\u00e9es deux roues en c\u00e9ramique, positionn\u00e9es \u00e0 l&#8217;angle d&#8217;aff\u00fbtage optimal. A chaque fois que vous ins\u00e9rez ou retirez un couteau GOURMET du bloc, la lame retrouve automatiquement son tranchant, pour des couteaux toujours aiguis\u00e9s et pr\u00eats \u00e0 l&#8217;emploi. Gr\u00e2ce \u00e0 son design \u00e9l\u00e9gant en fr\u00eane avec un grain caract\u00e9ristique et une finition en acier inoxydable pour une durabilit\u00e9 accrue, le bloc \u00e0 couteaux 7 pi\u00e8ces attire l&#8217;attention dans n&#8217;importe quelle cuisine.<\/p>\n<div class=\"dimensions-content\">\n<div class=\"attributs-principaux-du-produit\">\n<div id=\"js-pdp-accordion\" class=\"pdp-accordion mt-4 ui-accordion ui-widget ui-helper-reset\" role=\"tablist\">\n<div id=\"ui-id-4\" class=\"ui-accordion-content ui-corner-bottom ui-helper-reset ui-widget-content ui-accordion-content-active\" role=\"tabpanel\" aria-labelledby=\"ui-id-3\" aria-hidden=\"false\">\n<div class=\"dimensions-content\">\n<p><span class=\"dimensions\">Caract\u00e9ristiques<\/span><\/p>\n<div class=\"attributs-principaux-du-produit\">\n<ul>\n<li class=\"attribute\"><span class=\"label\">Mat\u00e9riau de base : bois<\/span><\/li>\n<li class=\"attribute\"><span class=\"label\">M\u00e9thode de production :<\/span><span class=\"value\">d\u00e9coupe laser<\/span><\/li>\n<li class=\"attribute\"><span class=\"label\">Nombre de pi\u00e8ces : 7<\/span><\/li>\n<li class=\"attribute\"><span class=\"label\">Couleur de la poign\u00e9e\u00a0:<\/span><span class=\"value\">noir<\/span><\/li>\n<li class=\"attribute\"><span class=\"label\">Mat\u00e9riau du manche :<\/span><span class=\"value\">plastique<\/span><\/li>\n<\/ul>\n<\/div>\n<\/div>\n<div class=\"dimensions-content\">\n<p><span class=\"dimensions\">TAILLE<\/span><\/p>\n<div class=\"attributs-principaux-du-produit\">\n<ul>\n<li class=\"attribute\"><span class=\"label\">Poids net : 2,51 kg<\/span><\/li>\n<li class=\"attribute\"><span class=\"label\">Longueur du produit\u00a0: <\/span><span class=\"value\">41 cm<\/span><\/li>\n<li class=\"attribute\"><span class=\"label\">Largeur du produit : 17<\/span><span class=\"value\">,50 cm<\/span><\/li>\n<li class=\"attribute\"><span class=\"label\">Hauteur du produit\u00a0: 20<\/span><span class=\"value\">,00 cm<\/span><\/li>\n<\/ul>\n<\/div>\n<\/div>\n<\/div>\n<\/div>\n<\/div>\n<\/div>\n","protected":false},"excerpt":{"rendered":"<p>Pionnier dans le domaine de la coutellerie haut de gamme, ZWILLING J.A. Henckels fabrique des couteaux d&#8217;une qualit\u00e9 de fabrication exceptionnelle depuis 1731. Consid\u00e9r\u00e9e comme l&#8217;un des innovateurs de l&#8217;industrie, l&#8217;entreprise reste fid\u00e8le \u00e0 ses racines : un engagement fort pour la qualit\u00e9 et l&#8217;excellence<\/p>\n","protected":false},"featured_media":470142,"template":"","meta":{"_acf_changed":false,"inline_featured_image":false},"product_cat":[12745,12742,12748],"product_tag":[12838,15838,14045,12839,17315,13621,15400,15772,15401],"acf":[],"yoast_head":"<!-- This site is optimized with the Yoast SEO Premium plugin v18.6 (Yoast SEO v19.13) - https:\/\/yoast.com\/wordpress\/plugins\/seo\/ -->\n<title>ZWILLING Coffret de couteaux Gourmet avec bloc marron - Erresse Shop<\/title>\n<meta name=\"description\" content=\"Pionnier dans le domaine de la coutellerie haut de gamme, ZWILLING J.A. Henckels fabrique des couteaux d&#039;une qualit\u00e9 de fabrication exceptionnelle depuis 1731. Consid\u00e9r\u00e9e comme l&#039;un des innovateurs de l&#039;industrie, l&#039;entreprise reste fid\u00e8le \u00e0 ses racines : un engagement fort pour la qualit\u00e9 et l&#039;excellence\" \/>\n<meta name=\"robots\" content=\"index, follow, max-snippet:-1, max-image-preview:large, max-video-preview:-1\" \/>\n<link rel=\"canonical\" href=\"https:\/\/www.erresse-shop.it\/fr\/shop\/cuisine\/couteaux\/zwilling-set-de-couteaux-gourmet-2-copia\/\" \/>\n<meta property=\"og:locale\" content=\"fr_FR\" \/>\n<meta property=\"og:type\" content=\"article\" \/>\n<meta property=\"og:title\" content=\"ZWILLING Coffret de couteaux Gourmet avec bloc marron\" \/>\n<meta property=\"og:description\" content=\"Pionnier dans le domaine de la coutellerie haut de gamme, ZWILLING J.A. Henckels fabrique des couteaux d&#039;une qualit\u00e9 de fabrication exceptionnelle depuis 1731. Consid\u00e9r\u00e9e comme l&#039;un des innovateurs de l&#039;industrie, l&#039;entreprise reste fid\u00e8le \u00e0 ses racines : un engagement fort pour la qualit\u00e9 et l&#039;excellence\" \/>\n<meta property=\"og:url\" content=\"https:\/\/www.erresse-shop.it\/fr\/shop\/cuisine\/couteaux\/zwilling-set-de-couteaux-gourmet-2-copia\/\" \/>\n<meta property=\"og:site_name\" content=\"Erresse Shop\" \/>\n<meta property=\"article:modified_time\" content=\"2025-02-20T07:10:45+00:00\" \/>\n<meta property=\"og:image\" content=\"https:\/\/www.erresse-shop.it\/wp-content\/uploads\/2025\/02\/ZWILLING-Set-Coltelli-Gourmet-con-Ceppo-Marrone.jpg\" \/>\n\t<meta property=\"og:image:width\" content=\"1200\" \/>\n\t<meta property=\"og:image:height\" content=\"1200\" \/>\n\t<meta property=\"og:image:type\" content=\"image\/jpeg\" \/>\n<meta name=\"twitter:card\" content=\"summary_large_image\" \/>\n<script type=\"application\/ld+json\" class=\"yoast-schema-graph\">{\"@context\":\"https:\/\/schema.org\",\"@graph\":[{\"@type\":\"WebPage\",\"@id\":\"https:\/\/www.erresse-shop.it\/fr\/shop\/cuisine\/couteaux\/zwilling-set-de-couteaux-gourmet-2-copia\/\",\"url\":\"https:\/\/www.erresse-shop.it\/fr\/shop\/cuisine\/couteaux\/zwilling-set-de-couteaux-gourmet-2-copia\/\",\"name\":\"ZWILLING Coffret de couteaux Gourmet avec bloc marron - Erresse Shop\",\"isPartOf\":{\"@id\":\"https:\/\/www.erresse-shop.it\/fr\/#website\"},\"datePublished\":\"2025-02-20T06:53:34+00:00\",\"dateModified\":\"2025-02-20T07:10:45+00:00\",\"description\":\"Pionnier dans le domaine de la coutellerie haut de gamme, ZWILLING J.A. Henckels fabrique des couteaux d'une qualit\u00e9 de fabrication exceptionnelle depuis 1731. Consid\u00e9r\u00e9e comme l'un des innovateurs de l'industrie, l'entreprise reste fid\u00e8le \u00e0 ses racines : un engagement fort pour la qualit\u00e9 et l'excellence\",\"breadcrumb\":{\"@id\":\"https:\/\/www.erresse-shop.it\/fr\/shop\/cuisine\/couteaux\/zwilling-set-de-couteaux-gourmet-2-copia\/#breadcrumb\"},\"inLanguage\":\"fr-FR\",\"potentialAction\":[{\"@type\":\"ReadAction\",\"target\":[\"https:\/\/www.erresse-shop.it\/fr\/shop\/cuisine\/couteaux\/zwilling-set-de-couteaux-gourmet-2-copia\/\"]}]},{\"@type\":\"BreadcrumbList\",\"@id\":\"https:\/\/www.erresse-shop.it\/fr\/shop\/cuisine\/couteaux\/zwilling-set-de-couteaux-gourmet-2-copia\/#breadcrumb\",\"itemListElement\":[{\"@type\":\"ListItem\",\"position\":1,\"name\":\"Home\",\"item\":\"https:\/\/www.erresse-shop.it\/fr\/\"},{\"@type\":\"ListItem\",\"position\":2,\"name\":\"Shop\",\"item\":\"https:\/\/www.erresse-shop.it\/fr\/shop\/\"},{\"@type\":\"ListItem\",\"position\":3,\"name\":\"ZWILLING Coffret de couteaux Gourmet avec bloc marron\"}]},{\"@type\":\"WebSite\",\"@id\":\"https:\/\/www.erresse-shop.it\/fr\/#website\",\"url\":\"https:\/\/www.erresse-shop.it\/fr\/\",\"name\":\"Erresse Shop\",\"description\":\"Articoli di qualit\u00e0 per la casa\",\"potentialAction\":[{\"@type\":\"SearchAction\",\"target\":{\"@type\":\"EntryPoint\",\"urlTemplate\":\"https:\/\/www.erresse-shop.it\/fr\/?s={search_term_string}\"},\"query-input\":\"required name=search_term_string\"}],\"inLanguage\":\"fr-FR\"}]}<\/script>\n<!-- \/ Yoast SEO Premium plugin. -->","yoast_head_json":{"title":"ZWILLING Coffret de couteaux Gourmet avec bloc marron - Erresse Shop","description":"Pionnier dans le domaine de la coutellerie haut de gamme, ZWILLING J.A. Henckels fabrique des couteaux d'une qualit\u00e9 de fabrication exceptionnelle depuis 1731. Consid\u00e9r\u00e9e comme l'un des innovateurs de l'industrie, l'entreprise reste fid\u00e8le \u00e0 ses racines : un engagement fort pour la qualit\u00e9 et l'excellence","robots":{"index":"index","follow":"follow","max-snippet":"max-snippet:-1","max-image-preview":"max-image-preview:large","max-video-preview":"max-video-preview:-1"},"canonical":"https:\/\/www.erresse-shop.it\/fr\/shop\/cuisine\/couteaux\/zwilling-set-de-couteaux-gourmet-2-copia\/","og_locale":"fr_FR","og_type":"article","og_title":"ZWILLING Coffret de couteaux Gourmet avec bloc marron","og_description":"Pionnier dans le domaine de la coutellerie haut de gamme, ZWILLING J.A. Henckels fabrique des couteaux d'une qualit\u00e9 de fabrication exceptionnelle depuis 1731. Consid\u00e9r\u00e9e comme l'un des innovateurs de l'industrie, l'entreprise reste fid\u00e8le \u00e0 ses racines : un engagement fort pour la qualit\u00e9 et l'excellence","og_url":"https:\/\/www.erresse-shop.it\/fr\/shop\/cuisine\/couteaux\/zwilling-set-de-couteaux-gourmet-2-copia\/","og_site_name":"Erresse Shop","article_modified_time":"2025-02-20T07:10:45+00:00","og_image":[{"width":1200,"height":1200,"url":"https:\/\/www.erresse-shop.it\/wp-content\/uploads\/2025\/02\/ZWILLING-Set-Coltelli-Gourmet-con-Ceppo-Marrone.jpg","type":"image\/jpeg"}],"twitter_card":"summary_large_image","schema":{"@context":"https:\/\/schema.org","@graph":[{"@type":"WebPage","@id":"https:\/\/www.erresse-shop.it\/fr\/shop\/cuisine\/couteaux\/zwilling-set-de-couteaux-gourmet-2-copia\/","url":"https:\/\/www.erresse-shop.it\/fr\/shop\/cuisine\/couteaux\/zwilling-set-de-couteaux-gourmet-2-copia\/","name":"ZWILLING Coffret de couteaux Gourmet avec bloc marron - Erresse Shop","isPartOf":{"@id":"https:\/\/www.erresse-shop.it\/fr\/#website"},"datePublished":"2025-02-20T06:53:34+00:00","dateModified":"2025-02-20T07:10:45+00:00","description":"Pionnier dans le domaine de la coutellerie haut de gamme, ZWILLING J.A. Henckels fabrique des couteaux d'une qualit\u00e9 de fabrication exceptionnelle depuis 1731. Consid\u00e9r\u00e9e comme l'un des innovateurs de l'industrie, l'entreprise reste fid\u00e8le \u00e0 ses racines : un engagement fort pour la qualit\u00e9 et l'excellence","breadcrumb":{"@id":"https:\/\/www.erresse-shop.it\/fr\/shop\/cuisine\/couteaux\/zwilling-set-de-couteaux-gourmet-2-copia\/#breadcrumb"},"inLanguage":"fr-FR","potentialAction":[{"@type":"ReadAction","target":["https:\/\/www.erresse-shop.it\/fr\/shop\/cuisine\/couteaux\/zwilling-set-de-couteaux-gourmet-2-copia\/"]}]},{"@type":"BreadcrumbList","@id":"https:\/\/www.erresse-shop.it\/fr\/shop\/cuisine\/couteaux\/zwilling-set-de-couteaux-gourmet-2-copia\/#breadcrumb","itemListElement":[{"@type":"ListItem","position":1,"name":"Home","item":"https:\/\/www.erresse-shop.it\/fr\/"},{"@type":"ListItem","position":2,"name":"Shop","item":"https:\/\/www.erresse-shop.it\/fr\/shop\/"},{"@type":"ListItem","position":3,"name":"ZWILLING Coffret de couteaux Gourmet avec bloc marron"}]},{"@type":"WebSite","@id":"https:\/\/www.erresse-shop.it\/fr\/#website","url":"https:\/\/www.erresse-shop.it\/fr\/","name":"Erresse Shop","description":"Articoli di qualit\u00e0 per la casa","potentialAction":[{"@type":"SearchAction","target":{"@type":"EntryPoint","urlTemplate":"https:\/\/www.erresse-shop.it\/fr\/?s={search_term_string}"},"query-input":"required name=search_term_string"}],"inLanguage":"fr-FR"}]}},"df_price":139.5,"df_sale_price":139.5,"df_regular_price":279,"df_image_link":"https:\/\/www.erresse-shop.it\/wp-content\/uploads\/2025\/02\/ZWILLING-Set-Coltelli-Gourmet-con-Ceppo-Marrone-300x300.jpg","_links":{"self":[{"href":"https:\/\/www.erresse-shop.it\/fr\/wp-json\/wp\/v2\/product\/470130"}],"collection":[{"href":"https:\/\/www.erresse-shop.it\/fr\/wp-json\/wp\/v2\/product"}],"about":[{"href":"https:\/\/www.erresse-shop.it\/fr\/wp-json\/wp\/v2\/types\/product"}],"wp:featuredmedia":[{"embeddable":true,"href":"https:\/\/www.erresse-shop.it\/fr\/wp-json\/wp\/v2\/media\/470142"}],"wp:attachment":[{"href":"https:\/\/www.erresse-shop.it\/fr\/wp-json\/wp\/v2\/media?parent=470130"}],"wp:term":[{"taxonomy":"product_cat","embeddable":true,"href":"https:\/\/www.erresse-shop.it\/fr\/wp-json\/wp\/v2\/product_cat?post=470130"},{"taxonomy":"product_tag","embeddable":true,"href":"https:\/\/www.erresse-shop.it\/fr\/wp-json\/wp\/v2\/product_tag?post=470130"}],"curies":[{"name":"wp","href":"https:\/\/api.w.org\/{rel}","templated":true}]}}