{"id":470076,"date":"2025-02-19T11:11:02","date_gmt":"2025-02-19T11:11:06","guid":{"rendered":"https:\/\/www.erresse-shop.it\/?post_type=product&#038;p=470076"},"modified":"2025-05-13T15:40:44","modified_gmt":"2025-05-13T15:40:44","slug":"bordallo-pinheiro-lot-de-3-vases-insectes-volants-copia","status":"publish","type":"product","link":"https:\/\/www.erresse-shop.it\/fr\/shop\/table-fr-2\/plats\/bordallo-pinheiro-lot-de-3-vases-insectes-volants-copia\/","title":{"rendered":"BORDALLO PINHEIRO Assiette d&#8217;ap\u00e9ritif Cin\u00e9raire"},"content":{"rendered":"<p>Cineraria est une esp\u00e8ce de plante originaire des A\u00e7ores, cette collection met en valeur la beaut\u00e9 naturelle de ses feuilles. Peint \u00e0 la main, fabriqu\u00e9 au Portugal.<\/p>\n<p><strong>Mat\u00e9riau :<\/strong> terre cuite<\/p>\n","protected":false},"excerpt":{"rendered":"<p>Cineraria est une esp\u00e8ce de plante originaire des A\u00e7ores, cette collection met en valeur la beaut\u00e9 naturelle de ses feuilles.<\/p>\n","protected":false},"featured_media":470081,"template":"","meta":{"_acf_changed":false,"inline_featured_image":false},"product_cat":[12788,12782],"product_tag":[25036,23910,25021,24403,20808,22590,13849,22235],"acf":[],"yoast_head":"<!-- This site is optimized with the Yoast SEO Premium plugin v18.6 (Yoast SEO v19.13) - https:\/\/yoast.com\/wordpress\/plugins\/seo\/ -->\n<title>BORDALLO PINHEIRO Plateau de G\u00e9raniums avec Grenouille 13 cm<\/title>\n<meta name=\"description\" content=\"D\u00e9couvrez BORDALLO PINHEIRO Plateau de G\u00e9raniums avec Grenouille 13 cm sur ErresseShop. Qualit\u00e9, prix r\u00e9duits et achat s\u00e9curis\u00e9 \u2013 commandez d\u00e8s maintenant en ligne !\" \/>\n<meta name=\"robots\" content=\"index, follow, max-snippet:-1, max-image-preview:large, max-video-preview:-1\" \/>\n<link rel=\"canonical\" href=\"https:\/\/www.erresse-shop.it\/fr\/shop\/table-fr-2\/plats\/bordallo-pinheiro-lot-de-3-vases-insectes-volants-copia\/\" \/>\n<meta property=\"og:locale\" content=\"fr_FR\" \/>\n<meta property=\"og:type\" content=\"article\" \/>\n<meta property=\"og:title\" content=\"BORDALLO PINHEIRO Assiette d&#039;ap\u00e9ritif Cin\u00e9raire\" \/>\n<meta property=\"og:description\" content=\"D\u00e9couvrez BORDALLO PINHEIRO Plateau de G\u00e9raniums avec Grenouille 13 cm sur ErresseShop. Qualit\u00e9, prix r\u00e9duits et achat s\u00e9curis\u00e9 \u2013 commandez d\u00e8s maintenant en ligne !\" \/>\n<meta property=\"og:url\" content=\"https:\/\/www.erresse-shop.it\/fr\/shop\/table-fr-2\/plats\/bordallo-pinheiro-lot-de-3-vases-insectes-volants-copia\/\" \/>\n<meta property=\"og:site_name\" content=\"Erresse Shop\" \/>\n<meta property=\"article:modified_time\" content=\"2025-05-13T15:40:44+00:00\" \/>\n<meta property=\"og:image\" content=\"https:\/\/www.erresse-shop.it\/wp-content\/uploads\/2025\/02\/BORDALLO-PINHEIRO-Piatto-per-Antipasti-Cineraria.jpg\" \/>\n\t<meta property=\"og:image:width\" content=\"1200\" \/>\n\t<meta property=\"og:image:height\" content=\"1200\" \/>\n\t<meta property=\"og:image:type\" content=\"image\/jpeg\" \/>\n<meta name=\"twitter:card\" content=\"summary_large_image\" \/>\n<script type=\"application\/ld+json\" class=\"yoast-schema-graph\">{\"@context\":\"https:\/\/schema.org\",\"@graph\":[{\"@type\":\"WebPage\",\"@id\":\"https:\/\/www.erresse-shop.it\/fr\/shop\/table-fr-2\/plats\/bordallo-pinheiro-lot-de-3-vases-insectes-volants-copia\/\",\"url\":\"https:\/\/www.erresse-shop.it\/fr\/shop\/table-fr-2\/plats\/bordallo-pinheiro-lot-de-3-vases-insectes-volants-copia\/\",\"name\":\"BORDALLO PINHEIRO Plateau de G\u00e9raniums avec Grenouille 13 cm\",\"isPartOf\":{\"@id\":\"https:\/\/www.erresse-shop.it\/fr\/#website\"},\"datePublished\":\"2025-02-19T11:11:06+00:00\",\"dateModified\":\"2025-05-13T15:40:44+00:00\",\"description\":\"D\u00e9couvrez BORDALLO PINHEIRO Plateau de G\u00e9raniums avec Grenouille 13 cm sur ErresseShop. Qualit\u00e9, prix r\u00e9duits et achat s\u00e9curis\u00e9 \u2013 commandez d\u00e8s maintenant en ligne !\",\"breadcrumb\":{\"@id\":\"https:\/\/www.erresse-shop.it\/fr\/shop\/table-fr-2\/plats\/bordallo-pinheiro-lot-de-3-vases-insectes-volants-copia\/#breadcrumb\"},\"inLanguage\":\"fr-FR\",\"potentialAction\":[{\"@type\":\"ReadAction\",\"target\":[\"https:\/\/www.erresse-shop.it\/fr\/shop\/table-fr-2\/plats\/bordallo-pinheiro-lot-de-3-vases-insectes-volants-copia\/\"]}]},{\"@type\":\"BreadcrumbList\",\"@id\":\"https:\/\/www.erresse-shop.it\/fr\/shop\/table-fr-2\/plats\/bordallo-pinheiro-lot-de-3-vases-insectes-volants-copia\/#breadcrumb\",\"itemListElement\":[{\"@type\":\"ListItem\",\"position\":1,\"name\":\"Home\",\"item\":\"https:\/\/www.erresse-shop.it\/fr\/\"},{\"@type\":\"ListItem\",\"position\":2,\"name\":\"Shop\",\"item\":\"https:\/\/www.erresse-shop.it\/fr\/shop\/\"},{\"@type\":\"ListItem\",\"position\":3,\"name\":\"BORDALLO PINHEIRO Assiette d&#8217;ap\u00e9ritif Cin\u00e9raire\"}]},{\"@type\":\"WebSite\",\"@id\":\"https:\/\/www.erresse-shop.it\/fr\/#website\",\"url\":\"https:\/\/www.erresse-shop.it\/fr\/\",\"name\":\"Erresse Shop\",\"description\":\"Articoli di qualit\u00e0 per la casa\",\"potentialAction\":[{\"@type\":\"SearchAction\",\"target\":{\"@type\":\"EntryPoint\",\"urlTemplate\":\"https:\/\/www.erresse-shop.it\/fr\/?s={search_term_string}\"},\"query-input\":\"required name=search_term_string\"}],\"inLanguage\":\"fr-FR\"}]}<\/script>\n<!-- \/ Yoast SEO Premium plugin. -->","yoast_head_json":{"title":"BORDALLO PINHEIRO Plateau de G\u00e9raniums avec Grenouille 13 cm","description":"D\u00e9couvrez BORDALLO PINHEIRO Plateau de G\u00e9raniums avec Grenouille 13 cm sur ErresseShop. Qualit\u00e9, prix r\u00e9duits et achat s\u00e9curis\u00e9 \u2013 commandez d\u00e8s maintenant en ligne !","robots":{"index":"index","follow":"follow","max-snippet":"max-snippet:-1","max-image-preview":"max-image-preview:large","max-video-preview":"max-video-preview:-1"},"canonical":"https:\/\/www.erresse-shop.it\/fr\/shop\/table-fr-2\/plats\/bordallo-pinheiro-lot-de-3-vases-insectes-volants-copia\/","og_locale":"fr_FR","og_type":"article","og_title":"BORDALLO PINHEIRO Assiette d'ap\u00e9ritif Cin\u00e9raire","og_description":"D\u00e9couvrez BORDALLO PINHEIRO Plateau de G\u00e9raniums avec Grenouille 13 cm sur ErresseShop. Qualit\u00e9, prix r\u00e9duits et achat s\u00e9curis\u00e9 \u2013 commandez d\u00e8s maintenant en ligne !","og_url":"https:\/\/www.erresse-shop.it\/fr\/shop\/table-fr-2\/plats\/bordallo-pinheiro-lot-de-3-vases-insectes-volants-copia\/","og_site_name":"Erresse Shop","article_modified_time":"2025-05-13T15:40:44+00:00","og_image":[{"width":1200,"height":1200,"url":"https:\/\/www.erresse-shop.it\/wp-content\/uploads\/2025\/02\/BORDALLO-PINHEIRO-Piatto-per-Antipasti-Cineraria.jpg","type":"image\/jpeg"}],"twitter_card":"summary_large_image","schema":{"@context":"https:\/\/schema.org","@graph":[{"@type":"WebPage","@id":"https:\/\/www.erresse-shop.it\/fr\/shop\/table-fr-2\/plats\/bordallo-pinheiro-lot-de-3-vases-insectes-volants-copia\/","url":"https:\/\/www.erresse-shop.it\/fr\/shop\/table-fr-2\/plats\/bordallo-pinheiro-lot-de-3-vases-insectes-volants-copia\/","name":"BORDALLO PINHEIRO Plateau de G\u00e9raniums avec Grenouille 13 cm","isPartOf":{"@id":"https:\/\/www.erresse-shop.it\/fr\/#website"},"datePublished":"2025-02-19T11:11:06+00:00","dateModified":"2025-05-13T15:40:44+00:00","description":"D\u00e9couvrez BORDALLO PINHEIRO Plateau de G\u00e9raniums avec Grenouille 13 cm sur ErresseShop. Qualit\u00e9, prix r\u00e9duits et achat s\u00e9curis\u00e9 \u2013 commandez d\u00e8s maintenant en ligne !","breadcrumb":{"@id":"https:\/\/www.erresse-shop.it\/fr\/shop\/table-fr-2\/plats\/bordallo-pinheiro-lot-de-3-vases-insectes-volants-copia\/#breadcrumb"},"inLanguage":"fr-FR","potentialAction":[{"@type":"ReadAction","target":["https:\/\/www.erresse-shop.it\/fr\/shop\/table-fr-2\/plats\/bordallo-pinheiro-lot-de-3-vases-insectes-volants-copia\/"]}]},{"@type":"BreadcrumbList","@id":"https:\/\/www.erresse-shop.it\/fr\/shop\/table-fr-2\/plats\/bordallo-pinheiro-lot-de-3-vases-insectes-volants-copia\/#breadcrumb","itemListElement":[{"@type":"ListItem","position":1,"name":"Home","item":"https:\/\/www.erresse-shop.it\/fr\/"},{"@type":"ListItem","position":2,"name":"Shop","item":"https:\/\/www.erresse-shop.it\/fr\/shop\/"},{"@type":"ListItem","position":3,"name":"BORDALLO PINHEIRO Assiette d&#8217;ap\u00e9ritif Cin\u00e9raire"}]},{"@type":"WebSite","@id":"https:\/\/www.erresse-shop.it\/fr\/#website","url":"https:\/\/www.erresse-shop.it\/fr\/","name":"Erresse Shop","description":"Articoli di qualit\u00e0 per la casa","potentialAction":[{"@type":"SearchAction","target":{"@type":"EntryPoint","urlTemplate":"https:\/\/www.erresse-shop.it\/fr\/?s={search_term_string}"},"query-input":"required name=search_term_string"}],"inLanguage":"fr-FR"}]}},"df_price":36.9,"df_sale_price":36.9,"df_regular_price":82,"df_image_link":"https:\/\/www.erresse-shop.it\/wp-content\/uploads\/2025\/02\/BORDALLO-PINHEIRO-Piatto-per-Antipasti-Cineraria-300x300.jpg","_links":{"self":[{"href":"https:\/\/www.erresse-shop.it\/fr\/wp-json\/wp\/v2\/product\/470076"}],"collection":[{"href":"https:\/\/www.erresse-shop.it\/fr\/wp-json\/wp\/v2\/product"}],"about":[{"href":"https:\/\/www.erresse-shop.it\/fr\/wp-json\/wp\/v2\/types\/product"}],"wp:featuredmedia":[{"embeddable":true,"href":"https:\/\/www.erresse-shop.it\/fr\/wp-json\/wp\/v2\/media\/470081"}],"wp:attachment":[{"href":"https:\/\/www.erresse-shop.it\/fr\/wp-json\/wp\/v2\/media?parent=470076"}],"wp:term":[{"taxonomy":"product_cat","embeddable":true,"href":"https:\/\/www.erresse-shop.it\/fr\/wp-json\/wp\/v2\/product_cat?post=470076"},{"taxonomy":"product_tag","embeddable":true,"href":"https:\/\/www.erresse-shop.it\/fr\/wp-json\/wp\/v2\/product_tag?post=470076"}],"curies":[{"name":"wp","href":"https:\/\/api.w.org\/{rel}","templated":true}]}}