{"id":470062,"date":"2025-02-19T10:51:23","date_gmt":"2025-02-19T10:51:26","guid":{"rendered":"https:\/\/www.erresse-shop.it\/?post_type=product&#038;p=470062"},"modified":"2026-02-23T10:48:14","modified_gmt":"2026-02-23T10:48:14","slug":"bordallo-pinheiro-lot-de-2-bols-feuille-de-chou","status":"publish","type":"product","link":"https:\/\/www.erresse-shop.it\/fr\/shop\/table-fr-2\/recipients-et-bols\/bordallo-pinheiro-lot-de-2-bols-feuille-de-chou\/","title":{"rendered":"BORDALLO PINHEIRO Lot de 2 bols Feuille de chou"},"content":{"rendered":"<p>Le chou, dans sa forme rugueuse et plate, pourrait \u00eatre utilis\u00e9 comme m\u00e9taphore des coutumes rustiques du Portugal, que Bordallo avait si souvent caricatur\u00e9es. C&#8217;\u00e9tait une mani\u00e8re astucieuse de lui rendre hommage, en le pla\u00e7ant sur les tables des bourgeois, o\u00f9 il n&#8217;avait autrement pas \u00e9t\u00e9 invit\u00e9.<\/p>\n<p><strong>Mat\u00e9riau :<\/strong> terre cuite<\/p>\n","protected":false},"excerpt":{"rendered":"<p>Le chou, dans sa forme rugueuse et plate, pourrait \u00eatre utilis\u00e9 comme m\u00e9taphore des coutumes rustiques du Portugal, que Bordallo<\/p>\n","protected":false},"featured_media":470067,"template":"","meta":{"_acf_changed":false,"inline_featured_image":false},"product_cat":[14244,12782],"product_tag":[25036,23910,15414,18167,25021,24603],"acf":[],"yoast_head":"<!-- This site is optimized with the Yoast SEO Premium plugin v18.6 (Yoast SEO v19.13) - https:\/\/yoast.com\/wordpress\/plugins\/seo\/ -->\n<title>BORDALLO PINHEIRO Lot de 2 bols Feuille de chou - Erresse Shop<\/title>\n<meta name=\"description\" content=\"Le chou, dans sa forme rugueuse et plate, pourrait \u00eatre utilis\u00e9 comme m\u00e9taphore des coutumes rustiques du Portugal, que Bordallo avait si souvent\" \/>\n<meta name=\"robots\" content=\"index, follow, max-snippet:-1, max-image-preview:large, max-video-preview:-1\" \/>\n<link rel=\"canonical\" href=\"https:\/\/www.erresse-shop.it\/fr\/shop\/table-fr-2\/recipients-et-bols\/bordallo-pinheiro-lot-de-2-bols-feuille-de-chou\/\" \/>\n<meta property=\"og:locale\" content=\"fr_FR\" \/>\n<meta property=\"og:type\" content=\"article\" \/>\n<meta property=\"og:title\" content=\"BORDALLO PINHEIRO Lot de 2 bols Feuille de chou\" \/>\n<meta property=\"og:description\" content=\"Le chou, dans sa forme rugueuse et plate, pourrait \u00eatre utilis\u00e9 comme m\u00e9taphore des coutumes rustiques du Portugal, que Bordallo avait si souvent\" \/>\n<meta property=\"og:url\" content=\"https:\/\/www.erresse-shop.it\/fr\/shop\/table-fr-2\/recipients-et-bols\/bordallo-pinheiro-lot-de-2-bols-feuille-de-chou\/\" \/>\n<meta property=\"og:site_name\" content=\"Erresse Shop\" \/>\n<meta property=\"article:modified_time\" content=\"2026-02-23T10:48:14+00:00\" \/>\n<meta property=\"og:image\" content=\"https:\/\/www.erresse-shop.it\/wp-content\/uploads\/2025\/02\/BORDALLO-PINHEIRO-Set-2-Ciotole-Foglia-Cavolo.jpg\" \/>\n\t<meta property=\"og:image:width\" content=\"1200\" \/>\n\t<meta property=\"og:image:height\" content=\"1200\" \/>\n\t<meta property=\"og:image:type\" content=\"image\/jpeg\" \/>\n<meta name=\"twitter:card\" content=\"summary_large_image\" \/>\n<script type=\"application\/ld+json\" class=\"yoast-schema-graph\">{\"@context\":\"https:\/\/schema.org\",\"@graph\":[{\"@type\":\"WebPage\",\"@id\":\"https:\/\/www.erresse-shop.it\/fr\/shop\/table-fr-2\/recipients-et-bols\/bordallo-pinheiro-lot-de-2-bols-feuille-de-chou\/\",\"url\":\"https:\/\/www.erresse-shop.it\/fr\/shop\/table-fr-2\/recipients-et-bols\/bordallo-pinheiro-lot-de-2-bols-feuille-de-chou\/\",\"name\":\"BORDALLO PINHEIRO Lot de 2 bols Feuille de chou - Erresse Shop\",\"isPartOf\":{\"@id\":\"https:\/\/www.erresse-shop.it\/fr\/#website\"},\"datePublished\":\"2025-02-19T10:51:26+00:00\",\"dateModified\":\"2026-02-23T10:48:14+00:00\",\"description\":\"Le chou, dans sa forme rugueuse et plate, pourrait \u00eatre utilis\u00e9 comme m\u00e9taphore des coutumes rustiques du Portugal, que Bordallo avait si souvent\",\"breadcrumb\":{\"@id\":\"https:\/\/www.erresse-shop.it\/fr\/shop\/table-fr-2\/recipients-et-bols\/bordallo-pinheiro-lot-de-2-bols-feuille-de-chou\/#breadcrumb\"},\"inLanguage\":\"fr-FR\",\"potentialAction\":[{\"@type\":\"ReadAction\",\"target\":[\"https:\/\/www.erresse-shop.it\/fr\/shop\/table-fr-2\/recipients-et-bols\/bordallo-pinheiro-lot-de-2-bols-feuille-de-chou\/\"]}]},{\"@type\":\"BreadcrumbList\",\"@id\":\"https:\/\/www.erresse-shop.it\/fr\/shop\/table-fr-2\/recipients-et-bols\/bordallo-pinheiro-lot-de-2-bols-feuille-de-chou\/#breadcrumb\",\"itemListElement\":[{\"@type\":\"ListItem\",\"position\":1,\"name\":\"Home\",\"item\":\"https:\/\/www.erresse-shop.it\/fr\/\"},{\"@type\":\"ListItem\",\"position\":2,\"name\":\"Shop\",\"item\":\"https:\/\/www.erresse-shop.it\/fr\/shop\/\"},{\"@type\":\"ListItem\",\"position\":3,\"name\":\"BORDALLO PINHEIRO Lot de 2 bols Feuille de chou\"}]},{\"@type\":\"WebSite\",\"@id\":\"https:\/\/www.erresse-shop.it\/fr\/#website\",\"url\":\"https:\/\/www.erresse-shop.it\/fr\/\",\"name\":\"Erresse Shop\",\"description\":\"Articoli di qualit\u00e0 per la casa\",\"potentialAction\":[{\"@type\":\"SearchAction\",\"target\":{\"@type\":\"EntryPoint\",\"urlTemplate\":\"https:\/\/www.erresse-shop.it\/fr\/?s={search_term_string}\"},\"query-input\":\"required name=search_term_string\"}],\"inLanguage\":\"fr-FR\"}]}<\/script>\n<!-- \/ Yoast SEO Premium plugin. -->","yoast_head_json":{"title":"BORDALLO PINHEIRO Lot de 2 bols Feuille de chou - Erresse Shop","description":"Le chou, dans sa forme rugueuse et plate, pourrait \u00eatre utilis\u00e9 comme m\u00e9taphore des coutumes rustiques du Portugal, que Bordallo avait si souvent","robots":{"index":"index","follow":"follow","max-snippet":"max-snippet:-1","max-image-preview":"max-image-preview:large","max-video-preview":"max-video-preview:-1"},"canonical":"https:\/\/www.erresse-shop.it\/fr\/shop\/table-fr-2\/recipients-et-bols\/bordallo-pinheiro-lot-de-2-bols-feuille-de-chou\/","og_locale":"fr_FR","og_type":"article","og_title":"BORDALLO PINHEIRO Lot de 2 bols Feuille de chou","og_description":"Le chou, dans sa forme rugueuse et plate, pourrait \u00eatre utilis\u00e9 comme m\u00e9taphore des coutumes rustiques du Portugal, que Bordallo avait si souvent","og_url":"https:\/\/www.erresse-shop.it\/fr\/shop\/table-fr-2\/recipients-et-bols\/bordallo-pinheiro-lot-de-2-bols-feuille-de-chou\/","og_site_name":"Erresse Shop","article_modified_time":"2026-02-23T10:48:14+00:00","og_image":[{"width":1200,"height":1200,"url":"https:\/\/www.erresse-shop.it\/wp-content\/uploads\/2025\/02\/BORDALLO-PINHEIRO-Set-2-Ciotole-Foglia-Cavolo.jpg","type":"image\/jpeg"}],"twitter_card":"summary_large_image","schema":{"@context":"https:\/\/schema.org","@graph":[{"@type":"WebPage","@id":"https:\/\/www.erresse-shop.it\/fr\/shop\/table-fr-2\/recipients-et-bols\/bordallo-pinheiro-lot-de-2-bols-feuille-de-chou\/","url":"https:\/\/www.erresse-shop.it\/fr\/shop\/table-fr-2\/recipients-et-bols\/bordallo-pinheiro-lot-de-2-bols-feuille-de-chou\/","name":"BORDALLO PINHEIRO Lot de 2 bols Feuille de chou - Erresse Shop","isPartOf":{"@id":"https:\/\/www.erresse-shop.it\/fr\/#website"},"datePublished":"2025-02-19T10:51:26+00:00","dateModified":"2026-02-23T10:48:14+00:00","description":"Le chou, dans sa forme rugueuse et plate, pourrait \u00eatre utilis\u00e9 comme m\u00e9taphore des coutumes rustiques du Portugal, que Bordallo avait si souvent","breadcrumb":{"@id":"https:\/\/www.erresse-shop.it\/fr\/shop\/table-fr-2\/recipients-et-bols\/bordallo-pinheiro-lot-de-2-bols-feuille-de-chou\/#breadcrumb"},"inLanguage":"fr-FR","potentialAction":[{"@type":"ReadAction","target":["https:\/\/www.erresse-shop.it\/fr\/shop\/table-fr-2\/recipients-et-bols\/bordallo-pinheiro-lot-de-2-bols-feuille-de-chou\/"]}]},{"@type":"BreadcrumbList","@id":"https:\/\/www.erresse-shop.it\/fr\/shop\/table-fr-2\/recipients-et-bols\/bordallo-pinheiro-lot-de-2-bols-feuille-de-chou\/#breadcrumb","itemListElement":[{"@type":"ListItem","position":1,"name":"Home","item":"https:\/\/www.erresse-shop.it\/fr\/"},{"@type":"ListItem","position":2,"name":"Shop","item":"https:\/\/www.erresse-shop.it\/fr\/shop\/"},{"@type":"ListItem","position":3,"name":"BORDALLO PINHEIRO Lot de 2 bols Feuille de chou"}]},{"@type":"WebSite","@id":"https:\/\/www.erresse-shop.it\/fr\/#website","url":"https:\/\/www.erresse-shop.it\/fr\/","name":"Erresse Shop","description":"Articoli di qualit\u00e0 per la casa","potentialAction":[{"@type":"SearchAction","target":{"@type":"EntryPoint","urlTemplate":"https:\/\/www.erresse-shop.it\/fr\/?s={search_term_string}"},"query-input":"required name=search_term_string"}],"inLanguage":"fr-FR"}]}},"df_price":18.99,"df_sale_price":18.99,"df_regular_price":20,"df_image_link":"https:\/\/www.erresse-shop.it\/wp-content\/uploads\/2025\/02\/BORDALLO-PINHEIRO-Set-2-Ciotole-Foglia-Cavolo-300x300.jpg","_links":{"self":[{"href":"https:\/\/www.erresse-shop.it\/fr\/wp-json\/wp\/v2\/product\/470062"}],"collection":[{"href":"https:\/\/www.erresse-shop.it\/fr\/wp-json\/wp\/v2\/product"}],"about":[{"href":"https:\/\/www.erresse-shop.it\/fr\/wp-json\/wp\/v2\/types\/product"}],"wp:featuredmedia":[{"embeddable":true,"href":"https:\/\/www.erresse-shop.it\/fr\/wp-json\/wp\/v2\/media\/470067"}],"wp:attachment":[{"href":"https:\/\/www.erresse-shop.it\/fr\/wp-json\/wp\/v2\/media?parent=470062"}],"wp:term":[{"taxonomy":"product_cat","embeddable":true,"href":"https:\/\/www.erresse-shop.it\/fr\/wp-json\/wp\/v2\/product_cat?post=470062"},{"taxonomy":"product_tag","embeddable":true,"href":"https:\/\/www.erresse-shop.it\/fr\/wp-json\/wp\/v2\/product_tag?post=470062"}],"curies":[{"name":"wp","href":"https:\/\/api.w.org\/{rel}","templated":true}]}}