{"id":469891,"date":"2025-02-19T08:42:25","date_gmt":"2025-02-19T08:42:27","guid":{"rendered":"https:\/\/www.erresse-shop.it\/?post_type=product&#038;p=469891"},"modified":"2026-02-23T10:54:29","modified_gmt":"2026-02-23T10:54:29","slug":"bordallo-pinheiro-saladier-maria-flor-33-cm","status":"publish","type":"product","link":"https:\/\/www.erresse-shop.it\/fr\/shop\/table-fr-2\/saladiers-et-soupieres\/bordallo-pinheiro-saladier-maria-flor-33-cm\/","title":{"rendered":"BORDALLO PINHEIRO Saladier Maria Flor 33 cm"},"content":{"rendered":"<p>Avec la collection Maria Flor, les fleurs s&#8217;invitent \u00e0 votre table. Dahlias, roses et marguerites, les pi\u00e8ces sont minutieusement travaill\u00e9es pour reproduire chaque d\u00e9tail, \u00e0 la mani\u00e8re de v\u00e9ritables compositions florales. Bordallo Pinheiro parvient \u00e0 allier couleur, nature et raffinement avec des pi\u00e8ces en terre cuite utiles au quotidien, mais qui sont aussi de v\u00e9ritables \u0153uvres d&#8217;art. Cette collection contemporaine, inspir\u00e9e du printemps et de la campagne, comprend des assiettes, des saladiers mais aussi de grandes assiettes et bols.<\/p>\n<p><strong>Dimensions<\/strong> : 33 x 32, H. 9 cm<br \/>\n<strong>Mat\u00e9riau<\/strong> : Terre cuite<\/p>\n","protected":false},"excerpt":{"rendered":"<p>Avec la collection Maria Flor, les fleurs s&#8217;invitent \u00e0 votre table. Dahlias, roses et marguerites, les pi\u00e8ces sont minutieusement travaill\u00e9es<\/p>\n","protected":false},"featured_media":469897,"template":"","meta":{"_acf_changed":false,"inline_featured_image":false},"product_cat":[12787,12782],"product_tag":[25036,23910,14257,13040],"acf":[],"yoast_head":"<!-- This site is optimized with the Yoast SEO Premium plugin v18.6 (Yoast SEO v19.13) - https:\/\/yoast.com\/wordpress\/plugins\/seo\/ -->\n<title>BORDALLO PINHEIRO Saladier Maria Flor 33 cm - Erresse Shop<\/title>\n<meta name=\"description\" content=\"Avec la collection Maria Flor, les fleurs s&#039;invitent \u00e0 votre table. Dahlias, roses et marguerites, les pi\u00e8ces sont minutieusement travaill\u00e9es pour\" \/>\n<meta name=\"robots\" content=\"index, follow, max-snippet:-1, max-image-preview:large, max-video-preview:-1\" \/>\n<link rel=\"canonical\" href=\"https:\/\/www.erresse-shop.it\/fr\/shop\/table-fr-2\/saladiers-et-soupieres\/bordallo-pinheiro-saladier-maria-flor-33-cm\/\" \/>\n<meta property=\"og:locale\" content=\"fr_FR\" \/>\n<meta property=\"og:type\" content=\"article\" \/>\n<meta property=\"og:title\" content=\"BORDALLO PINHEIRO Saladier Maria Flor 33 cm\" \/>\n<meta property=\"og:description\" content=\"Avec la collection Maria Flor, les fleurs s&#039;invitent \u00e0 votre table. Dahlias, roses et marguerites, les pi\u00e8ces sont minutieusement travaill\u00e9es pour\" \/>\n<meta property=\"og:url\" content=\"https:\/\/www.erresse-shop.it\/fr\/shop\/table-fr-2\/saladiers-et-soupieres\/bordallo-pinheiro-saladier-maria-flor-33-cm\/\" \/>\n<meta property=\"og:site_name\" content=\"Erresse Shop\" \/>\n<meta property=\"article:modified_time\" content=\"2026-02-23T10:54:29+00:00\" \/>\n<meta property=\"og:image\" content=\"https:\/\/www.erresse-shop.it\/wp-content\/uploads\/2025\/02\/BORDALLO-PINHEIRO-Insalatiera-Maria-Flor-33-cm.jpg\" \/>\n\t<meta property=\"og:image:width\" content=\"1200\" \/>\n\t<meta property=\"og:image:height\" content=\"1200\" \/>\n\t<meta property=\"og:image:type\" content=\"image\/jpeg\" \/>\n<meta name=\"twitter:card\" content=\"summary_large_image\" \/>\n<script type=\"application\/ld+json\" class=\"yoast-schema-graph\">{\"@context\":\"https:\/\/schema.org\",\"@graph\":[{\"@type\":\"WebPage\",\"@id\":\"https:\/\/www.erresse-shop.it\/fr\/shop\/table-fr-2\/saladiers-et-soupieres\/bordallo-pinheiro-saladier-maria-flor-33-cm\/\",\"url\":\"https:\/\/www.erresse-shop.it\/fr\/shop\/table-fr-2\/saladiers-et-soupieres\/bordallo-pinheiro-saladier-maria-flor-33-cm\/\",\"name\":\"BORDALLO PINHEIRO Saladier Maria Flor 33 cm - Erresse Shop\",\"isPartOf\":{\"@id\":\"https:\/\/www.erresse-shop.it\/fr\/#website\"},\"datePublished\":\"2025-02-19T08:42:27+00:00\",\"dateModified\":\"2026-02-23T10:54:29+00:00\",\"description\":\"Avec la collection Maria Flor, les fleurs s'invitent \u00e0 votre table. Dahlias, roses et marguerites, les pi\u00e8ces sont minutieusement travaill\u00e9es pour\",\"breadcrumb\":{\"@id\":\"https:\/\/www.erresse-shop.it\/fr\/shop\/table-fr-2\/saladiers-et-soupieres\/bordallo-pinheiro-saladier-maria-flor-33-cm\/#breadcrumb\"},\"inLanguage\":\"fr-FR\",\"potentialAction\":[{\"@type\":\"ReadAction\",\"target\":[\"https:\/\/www.erresse-shop.it\/fr\/shop\/table-fr-2\/saladiers-et-soupieres\/bordallo-pinheiro-saladier-maria-flor-33-cm\/\"]}]},{\"@type\":\"BreadcrumbList\",\"@id\":\"https:\/\/www.erresse-shop.it\/fr\/shop\/table-fr-2\/saladiers-et-soupieres\/bordallo-pinheiro-saladier-maria-flor-33-cm\/#breadcrumb\",\"itemListElement\":[{\"@type\":\"ListItem\",\"position\":1,\"name\":\"Home\",\"item\":\"https:\/\/www.erresse-shop.it\/fr\/\"},{\"@type\":\"ListItem\",\"position\":2,\"name\":\"Shop\",\"item\":\"https:\/\/www.erresse-shop.it\/fr\/shop\/\"},{\"@type\":\"ListItem\",\"position\":3,\"name\":\"BORDALLO PINHEIRO Saladier Maria Flor 33 cm\"}]},{\"@type\":\"WebSite\",\"@id\":\"https:\/\/www.erresse-shop.it\/fr\/#website\",\"url\":\"https:\/\/www.erresse-shop.it\/fr\/\",\"name\":\"Erresse Shop\",\"description\":\"Articoli di qualit\u00e0 per la casa\",\"potentialAction\":[{\"@type\":\"SearchAction\",\"target\":{\"@type\":\"EntryPoint\",\"urlTemplate\":\"https:\/\/www.erresse-shop.it\/fr\/?s={search_term_string}\"},\"query-input\":\"required name=search_term_string\"}],\"inLanguage\":\"fr-FR\"}]}<\/script>\n<!-- \/ Yoast SEO Premium plugin. -->","yoast_head_json":{"title":"BORDALLO PINHEIRO Saladier Maria Flor 33 cm - Erresse Shop","description":"Avec la collection Maria Flor, les fleurs s'invitent \u00e0 votre table. Dahlias, roses et marguerites, les pi\u00e8ces sont minutieusement travaill\u00e9es pour","robots":{"index":"index","follow":"follow","max-snippet":"max-snippet:-1","max-image-preview":"max-image-preview:large","max-video-preview":"max-video-preview:-1"},"canonical":"https:\/\/www.erresse-shop.it\/fr\/shop\/table-fr-2\/saladiers-et-soupieres\/bordallo-pinheiro-saladier-maria-flor-33-cm\/","og_locale":"fr_FR","og_type":"article","og_title":"BORDALLO PINHEIRO Saladier Maria Flor 33 cm","og_description":"Avec la collection Maria Flor, les fleurs s'invitent \u00e0 votre table. Dahlias, roses et marguerites, les pi\u00e8ces sont minutieusement travaill\u00e9es pour","og_url":"https:\/\/www.erresse-shop.it\/fr\/shop\/table-fr-2\/saladiers-et-soupieres\/bordallo-pinheiro-saladier-maria-flor-33-cm\/","og_site_name":"Erresse Shop","article_modified_time":"2026-02-23T10:54:29+00:00","og_image":[{"width":1200,"height":1200,"url":"https:\/\/www.erresse-shop.it\/wp-content\/uploads\/2025\/02\/BORDALLO-PINHEIRO-Insalatiera-Maria-Flor-33-cm.jpg","type":"image\/jpeg"}],"twitter_card":"summary_large_image","schema":{"@context":"https:\/\/schema.org","@graph":[{"@type":"WebPage","@id":"https:\/\/www.erresse-shop.it\/fr\/shop\/table-fr-2\/saladiers-et-soupieres\/bordallo-pinheiro-saladier-maria-flor-33-cm\/","url":"https:\/\/www.erresse-shop.it\/fr\/shop\/table-fr-2\/saladiers-et-soupieres\/bordallo-pinheiro-saladier-maria-flor-33-cm\/","name":"BORDALLO PINHEIRO Saladier Maria Flor 33 cm - Erresse Shop","isPartOf":{"@id":"https:\/\/www.erresse-shop.it\/fr\/#website"},"datePublished":"2025-02-19T08:42:27+00:00","dateModified":"2026-02-23T10:54:29+00:00","description":"Avec la collection Maria Flor, les fleurs s'invitent \u00e0 votre table. Dahlias, roses et marguerites, les pi\u00e8ces sont minutieusement travaill\u00e9es pour","breadcrumb":{"@id":"https:\/\/www.erresse-shop.it\/fr\/shop\/table-fr-2\/saladiers-et-soupieres\/bordallo-pinheiro-saladier-maria-flor-33-cm\/#breadcrumb"},"inLanguage":"fr-FR","potentialAction":[{"@type":"ReadAction","target":["https:\/\/www.erresse-shop.it\/fr\/shop\/table-fr-2\/saladiers-et-soupieres\/bordallo-pinheiro-saladier-maria-flor-33-cm\/"]}]},{"@type":"BreadcrumbList","@id":"https:\/\/www.erresse-shop.it\/fr\/shop\/table-fr-2\/saladiers-et-soupieres\/bordallo-pinheiro-saladier-maria-flor-33-cm\/#breadcrumb","itemListElement":[{"@type":"ListItem","position":1,"name":"Home","item":"https:\/\/www.erresse-shop.it\/fr\/"},{"@type":"ListItem","position":2,"name":"Shop","item":"https:\/\/www.erresse-shop.it\/fr\/shop\/"},{"@type":"ListItem","position":3,"name":"BORDALLO PINHEIRO Saladier Maria Flor 33 cm"}]},{"@type":"WebSite","@id":"https:\/\/www.erresse-shop.it\/fr\/#website","url":"https:\/\/www.erresse-shop.it\/fr\/","name":"Erresse Shop","description":"Articoli di qualit\u00e0 per la casa","potentialAction":[{"@type":"SearchAction","target":{"@type":"EntryPoint","urlTemplate":"https:\/\/www.erresse-shop.it\/fr\/?s={search_term_string}"},"query-input":"required name=search_term_string"}],"inLanguage":"fr-FR"}]}},"df_price":46.95,"df_sale_price":46.95,"df_regular_price":66,"df_image_link":"https:\/\/www.erresse-shop.it\/wp-content\/uploads\/2025\/02\/BORDALLO-PINHEIRO-Insalatiera-Maria-Flor-33-cm-300x300.jpg","_links":{"self":[{"href":"https:\/\/www.erresse-shop.it\/fr\/wp-json\/wp\/v2\/product\/469891"}],"collection":[{"href":"https:\/\/www.erresse-shop.it\/fr\/wp-json\/wp\/v2\/product"}],"about":[{"href":"https:\/\/www.erresse-shop.it\/fr\/wp-json\/wp\/v2\/types\/product"}],"wp:featuredmedia":[{"embeddable":true,"href":"https:\/\/www.erresse-shop.it\/fr\/wp-json\/wp\/v2\/media\/469897"}],"wp:attachment":[{"href":"https:\/\/www.erresse-shop.it\/fr\/wp-json\/wp\/v2\/media?parent=469891"}],"wp:term":[{"taxonomy":"product_cat","embeddable":true,"href":"https:\/\/www.erresse-shop.it\/fr\/wp-json\/wp\/v2\/product_cat?post=469891"},{"taxonomy":"product_tag","embeddable":true,"href":"https:\/\/www.erresse-shop.it\/fr\/wp-json\/wp\/v2\/product_tag?post=469891"}],"curies":[{"name":"wp","href":"https:\/\/api.w.org\/{rel}","templated":true}]}}