{"id":469702,"date":"2025-02-18T11:47:16","date_gmt":"2025-02-18T11:47:19","guid":{"rendered":"https:\/\/www.erresse-shop.it\/?post_type=product&#038;p=469702"},"modified":"2025-02-18T13:11:38","modified_gmt":"2025-02-18T13:11:38","slug":"jura-machine-a-cafe-giga-x3-aluminium-copia","status":"publish","type":"product","link":"https:\/\/www.erresse-shop.it\/fr\/shop\/petits-electromenagers\/machines-cafe\/automatique\/jura-machine-a-cafe-giga-x3-aluminium-copia\/","title":{"rendered":"JURA Machine \u00e0 caf\u00e9 GIGA W10 Diamond Silver"},"content":{"rendered":"<p><span style=\"font-size: 14pt;\"><strong>La machine automatique haut de gamme pour les environnements haut de gamme<\/strong><\/span><br \/>\nL&#8217;innovation, la performance et le design sont les caract\u00e9ristiques typiques des environnements de travail ou de loisirs \u00e9l\u00e9gants et repr\u00e9sentatifs ainsi que des espaces de d\u00e9tente. JURA a cr\u00e9\u00e9 le GIGA W10 sp\u00e9cialement pour ces espaces.<\/p>\n<p>Machine \u00e0 caf\u00e9 automatique de sp\u00e9cialit\u00e9s par excellence, elle associe des technologies r\u00e9volutionnaires telles que le proc\u00e9d\u00e9 d&#8217;extraction \u00e0 froid ou le panneau caf\u00e9 panoramique \u00e0 la puissance de deux moulins en c\u00e9ramique et \u00e0 une vari\u00e9t\u00e9 de sp\u00e9cialit\u00e9s qui ne laisse rien \u00e0 d\u00e9sirer. Tout cela, combin\u00e9 au design expressif, fait du GIGA W10 non seulement le meilleur choix pour r\u00e9pondre aux normes les plus \u00e9lev\u00e9es, mais aussi un meuble embl\u00e9matique.<\/p>\n<p>Il est parfait pour tout environnement haut de gamme o\u00f9 jusqu&#8217;\u00e0 50 sp\u00e9cialit\u00e9s de caf\u00e9 sont c\u00e9l\u00e9br\u00e9es par jour.<\/p>\n<p><strong><span style=\"font-size: 14pt;\">Des sp\u00e9cialit\u00e9s authentiques de caf\u00e9 infus\u00e9 \u00e0 froid en appuyant sur un bouton<br \/>\n<\/span><\/strong><br \/>\nElles sont populaires, tendances et \u00e0 la mode : les sp\u00e9cialit\u00e9s Cold Brew. Gr\u00e2ce au proc\u00e9d\u00e9 d&#8217;extraction \u00e0 froid, le GIGA W10 les pr\u00e9pare en un temps record et en toute simplicit\u00e9 par simple pression sur un bouton. Alors que de nombreuses boissons au caf\u00e9 froides conventionnelles sont pr\u00e9par\u00e9es avec du caf\u00e9 chaud que l&#8217;on laisse ensuite refroidir, dans le GIGA W10, l&#8217;extraction s&#8217;effectue avec de l&#8217;eau froide \u00e0 haute pression, en utilisant un processus puls\u00e9 selon la m\u00e9thode expresso. Le r\u00e9sultat est une authentique cr\u00e9ation Cold Brew, une boisson rafra\u00eechissante, naturelle et \u00e9nergisante, dans laquelle les ar\u00f4mes fruit\u00e9s du caf\u00e9 se d\u00e9veloppent pleinement sans l\u2019influence n\u00e9gative des substances am\u00e8res. Tout sauf un simple caf\u00e9 froid.<\/p>\n<p><span style=\"font-size: 14pt;\"><strong>Une gamme in\u00e9puisable de sp\u00e9cialit\u00e9s de caf\u00e9<\/strong><\/span><\/p>\n<p>Avec ses 35 sp\u00e9cialit\u00e9s de caf\u00e9, la GIGA W10 offre une vari\u00e9t\u00e9 qui satisfait toutes les envies. Mais ce n\u2019est pas tout : vous pouvez adapter le GIGA W10 aux pr\u00e9f\u00e9rences de vos clients, invit\u00e9s et employ\u00e9s. La commande innovante permet des possibilit\u00e9s de personnalisation infinies. D\u00e9gustez par exemple un flat white au go\u00fbt particuli\u00e8rement intense en activant la fonction Extra Shot. Le proc\u00e9d\u00e9 r\u00e9volutionnaire d&#8217;extraction \u00e0 froid double les nombreuses vari\u00e9t\u00e9s de saveurs, vous permettant de pr\u00e9parer toutes les sp\u00e9cialit\u00e9s de caf\u00e9 m\u00eame avec de l&#8217;eau froide. Gr\u00e2ce au nouveau bypass d&#8217;eau, il est \u00e9galement possible de pr\u00e9parer des sp\u00e9cialit\u00e9s Barista longues, chaudes et froides.<\/p>\n<p><span style=\"font-size: 14pt;\"><strong>Deux moulins \u00e0 caf\u00e9 avec meules en c\u00e9ramique, deux r\u00e9cipients \u00e0 grains de caf\u00e9<br \/>\n<\/strong><\/span><br \/>\nPour garantir un professionnalisme maximal, le GIGA W10 dispose de deux moulins \u00e0 caf\u00e9 avec meules circulaires en c\u00e9ramique de haute qualit\u00e9 et durable. Les deux r\u00e9cipients \u00e0 grains de caf\u00e9 qui y sont reli\u00e9s ont une capacit\u00e9 de 650 grammes chacun. Cette configuration vous permet de choisir le m\u00e9lange de caf\u00e9 id\u00e9al pour chaque tasse. Ainsi, d\u00e9gustez par exemple des sp\u00e9cialit\u00e9s chaudes pr\u00e9par\u00e9es avec une torr\u00e9faction intense classique et des boissons Cold Brew avec une qualit\u00e9 de caf\u00e9 aux agr\u00e9ables notes fruit\u00e9es. Tout cela, bien s\u00fbr, toujours selon la devise JURA \u00ab fra\u00eechement moulu, pas en capsule \u00bb.<\/p>\n<p><strong><span style=\"font-size: 14pt;\">Paiement sans esp\u00e8ces et gestion centralis\u00e9e pratique<\/span><br \/>\n<\/strong><br \/>\nLe GIGA W10 dispose du nouveau syst\u00e8me de paiement et de gestion Pocket Pilot 2.0. Avec Pocket Pilot 2.0, le paiement sans esp\u00e8ces et la surveillance centralis\u00e9e des machines s&#8217;effectuent sans infrastructure suppl\u00e9mentaire gr\u00e2ce \u00e0 \u00ab Payment Connect \u00bb, qui peut \u00eatre utilis\u00e9 facilement dans le GIGA W10. Le syst\u00e8me bas\u00e9 sur le Web est gratuit et ne n\u00e9cessite aucune installation de logiciel. Cr\u00e9ez simplement un compte JURA Pocket Pilot 2.0 pour disposer d&#8217;un syst\u00e8me de gestion de machine enti\u00e8rement automatique qui r\u00e9pond \u00e0 tous vos besoins.<\/p>\n<p><span style=\"font-size: 14pt;\"><strong>Sp\u00e9cifications techniques<\/strong><\/span><\/p>\n<p><strong>Capacit\u00e9 du r\u00e9servoir d&#8217;eau :<\/strong> 5 l<br \/>\n<strong>Capacit\u00e9 du r\u00e9servoir \u00e0 grains de caf\u00e9 :<\/strong> 1 kg<br \/>\n<strong>R\u00e9cipient \u00e0 marc de caf\u00e9\u00a0:<\/strong> (portions environ) 40<br \/>\n<strong>Longueur du c\u00e2ble\u00a0:<\/strong> 1,1 m<br \/>\n<strong>Tension \/ Puissance :<\/strong> 230 V ~ \/ 2700 W<br \/>\n<strong>Consommation en veille\u00a0:<\/strong> \u2264 0,5\u00a0W<br \/>\n<strong>Poids\u00a0:<\/strong> 19 kg<br \/>\n<strong>Dimensions (L \u00d7 H \u00d7 P) :<\/strong> 37 \u00d7 55,5 \u00d7 49,7 cm<\/p>\n","protected":false},"excerpt":{"rendered":"<p>La machine automatique haut de gamme pour les environnements haut de gamme L&#8217;innovation, la performance et le design sont les<\/p>\n","protected":false},"featured_media":469725,"template":"","meta":{"_acf_changed":false,"inline_featured_image":false},"product_cat":[25360,12764,12449],"product_tag":[23563,20780,13254,23568],"acf":[],"yoast_head":"<!-- This site is optimized with the Yoast SEO Premium plugin v18.6 (Yoast SEO v19.13) - https:\/\/yoast.com\/wordpress\/plugins\/seo\/ -->\n<title>JURA Machine \u00e0 caf\u00e9 GIGA W10 Diamond Silver - Erresse Shop<\/title>\n<meta name=\"description\" content=\"La machine automatique haut de gamme pour les environnements haut de gamme L&#039;innovation, la performance et le design sont les caract\u00e9ristiques typiques\" \/>\n<meta name=\"robots\" content=\"index, follow, max-snippet:-1, max-image-preview:large, max-video-preview:-1\" \/>\n<link rel=\"canonical\" href=\"https:\/\/www.erresse-shop.it\/fr\/shop\/petits-electromenagers\/machines-cafe\/automatique\/jura-machine-a-cafe-giga-x3-aluminium-copia\/\" \/>\n<meta property=\"og:locale\" content=\"fr_FR\" \/>\n<meta property=\"og:type\" content=\"article\" \/>\n<meta property=\"og:title\" content=\"JURA Machine \u00e0 caf\u00e9 GIGA W10 Diamond Silver\" \/>\n<meta property=\"og:description\" content=\"La machine automatique haut de gamme pour les environnements haut de gamme L&#039;innovation, la performance et le design sont les caract\u00e9ristiques typiques\" \/>\n<meta property=\"og:url\" content=\"https:\/\/www.erresse-shop.it\/fr\/shop\/petits-electromenagers\/machines-cafe\/automatique\/jura-machine-a-cafe-giga-x3-aluminium-copia\/\" \/>\n<meta property=\"og:site_name\" content=\"Erresse Shop\" \/>\n<meta property=\"article:modified_time\" content=\"2025-02-18T13:11:38+00:00\" \/>\n<meta property=\"og:image\" content=\"https:\/\/www.erresse-shop.it\/wp-content\/uploads\/2025\/02\/JURA-Macchina-Da-Caffe-GIGA-W10-Diamond-Silver.jpg\" \/>\n\t<meta property=\"og:image:width\" content=\"1200\" \/>\n\t<meta property=\"og:image:height\" content=\"1200\" \/>\n\t<meta property=\"og:image:type\" content=\"image\/jpeg\" \/>\n<meta name=\"twitter:card\" content=\"summary_large_image\" \/>\n<script type=\"application\/ld+json\" class=\"yoast-schema-graph\">{\"@context\":\"https:\/\/schema.org\",\"@graph\":[{\"@type\":\"WebPage\",\"@id\":\"https:\/\/www.erresse-shop.it\/fr\/shop\/petits-electromenagers\/machines-cafe\/automatique\/jura-machine-a-cafe-giga-x3-aluminium-copia\/\",\"url\":\"https:\/\/www.erresse-shop.it\/fr\/shop\/petits-electromenagers\/machines-cafe\/automatique\/jura-machine-a-cafe-giga-x3-aluminium-copia\/\",\"name\":\"JURA Machine \u00e0 caf\u00e9 GIGA W10 Diamond Silver - Erresse Shop\",\"isPartOf\":{\"@id\":\"https:\/\/www.erresse-shop.it\/fr\/#website\"},\"datePublished\":\"2025-02-18T11:47:19+00:00\",\"dateModified\":\"2025-02-18T13:11:38+00:00\",\"description\":\"La machine automatique haut de gamme pour les environnements haut de gamme L'innovation, la performance et le design sont les caract\u00e9ristiques typiques\",\"breadcrumb\":{\"@id\":\"https:\/\/www.erresse-shop.it\/fr\/shop\/petits-electromenagers\/machines-cafe\/automatique\/jura-machine-a-cafe-giga-x3-aluminium-copia\/#breadcrumb\"},\"inLanguage\":\"fr-FR\",\"potentialAction\":[{\"@type\":\"ReadAction\",\"target\":[\"https:\/\/www.erresse-shop.it\/fr\/shop\/petits-electromenagers\/machines-cafe\/automatique\/jura-machine-a-cafe-giga-x3-aluminium-copia\/\"]}]},{\"@type\":\"BreadcrumbList\",\"@id\":\"https:\/\/www.erresse-shop.it\/fr\/shop\/petits-electromenagers\/machines-cafe\/automatique\/jura-machine-a-cafe-giga-x3-aluminium-copia\/#breadcrumb\",\"itemListElement\":[{\"@type\":\"ListItem\",\"position\":1,\"name\":\"Home\",\"item\":\"https:\/\/www.erresse-shop.it\/fr\/\"},{\"@type\":\"ListItem\",\"position\":2,\"name\":\"Shop\",\"item\":\"https:\/\/www.erresse-shop.it\/fr\/shop\/\"},{\"@type\":\"ListItem\",\"position\":3,\"name\":\"JURA Machine \u00e0 caf\u00e9 GIGA W10 Diamond Silver\"}]},{\"@type\":\"WebSite\",\"@id\":\"https:\/\/www.erresse-shop.it\/fr\/#website\",\"url\":\"https:\/\/www.erresse-shop.it\/fr\/\",\"name\":\"Erresse Shop\",\"description\":\"Articoli di qualit\u00e0 per la casa\",\"potentialAction\":[{\"@type\":\"SearchAction\",\"target\":{\"@type\":\"EntryPoint\",\"urlTemplate\":\"https:\/\/www.erresse-shop.it\/fr\/?s={search_term_string}\"},\"query-input\":\"required name=search_term_string\"}],\"inLanguage\":\"fr-FR\"}]}<\/script>\n<!-- \/ Yoast SEO Premium plugin. -->","yoast_head_json":{"title":"JURA Machine \u00e0 caf\u00e9 GIGA W10 Diamond Silver - Erresse Shop","description":"La machine automatique haut de gamme pour les environnements haut de gamme L'innovation, la performance et le design sont les caract\u00e9ristiques typiques","robots":{"index":"index","follow":"follow","max-snippet":"max-snippet:-1","max-image-preview":"max-image-preview:large","max-video-preview":"max-video-preview:-1"},"canonical":"https:\/\/www.erresse-shop.it\/fr\/shop\/petits-electromenagers\/machines-cafe\/automatique\/jura-machine-a-cafe-giga-x3-aluminium-copia\/","og_locale":"fr_FR","og_type":"article","og_title":"JURA Machine \u00e0 caf\u00e9 GIGA W10 Diamond Silver","og_description":"La machine automatique haut de gamme pour les environnements haut de gamme L'innovation, la performance et le design sont les caract\u00e9ristiques typiques","og_url":"https:\/\/www.erresse-shop.it\/fr\/shop\/petits-electromenagers\/machines-cafe\/automatique\/jura-machine-a-cafe-giga-x3-aluminium-copia\/","og_site_name":"Erresse Shop","article_modified_time":"2025-02-18T13:11:38+00:00","og_image":[{"width":1200,"height":1200,"url":"https:\/\/www.erresse-shop.it\/wp-content\/uploads\/2025\/02\/JURA-Macchina-Da-Caffe-GIGA-W10-Diamond-Silver.jpg","type":"image\/jpeg"}],"twitter_card":"summary_large_image","schema":{"@context":"https:\/\/schema.org","@graph":[{"@type":"WebPage","@id":"https:\/\/www.erresse-shop.it\/fr\/shop\/petits-electromenagers\/machines-cafe\/automatique\/jura-machine-a-cafe-giga-x3-aluminium-copia\/","url":"https:\/\/www.erresse-shop.it\/fr\/shop\/petits-electromenagers\/machines-cafe\/automatique\/jura-machine-a-cafe-giga-x3-aluminium-copia\/","name":"JURA Machine \u00e0 caf\u00e9 GIGA W10 Diamond Silver - Erresse Shop","isPartOf":{"@id":"https:\/\/www.erresse-shop.it\/fr\/#website"},"datePublished":"2025-02-18T11:47:19+00:00","dateModified":"2025-02-18T13:11:38+00:00","description":"La machine automatique haut de gamme pour les environnements haut de gamme L'innovation, la performance et le design sont les caract\u00e9ristiques typiques","breadcrumb":{"@id":"https:\/\/www.erresse-shop.it\/fr\/shop\/petits-electromenagers\/machines-cafe\/automatique\/jura-machine-a-cafe-giga-x3-aluminium-copia\/#breadcrumb"},"inLanguage":"fr-FR","potentialAction":[{"@type":"ReadAction","target":["https:\/\/www.erresse-shop.it\/fr\/shop\/petits-electromenagers\/machines-cafe\/automatique\/jura-machine-a-cafe-giga-x3-aluminium-copia\/"]}]},{"@type":"BreadcrumbList","@id":"https:\/\/www.erresse-shop.it\/fr\/shop\/petits-electromenagers\/machines-cafe\/automatique\/jura-machine-a-cafe-giga-x3-aluminium-copia\/#breadcrumb","itemListElement":[{"@type":"ListItem","position":1,"name":"Home","item":"https:\/\/www.erresse-shop.it\/fr\/"},{"@type":"ListItem","position":2,"name":"Shop","item":"https:\/\/www.erresse-shop.it\/fr\/shop\/"},{"@type":"ListItem","position":3,"name":"JURA Machine \u00e0 caf\u00e9 GIGA W10 Diamond Silver"}]},{"@type":"WebSite","@id":"https:\/\/www.erresse-shop.it\/fr\/#website","url":"https:\/\/www.erresse-shop.it\/fr\/","name":"Erresse Shop","description":"Articoli di qualit\u00e0 per la casa","potentialAction":[{"@type":"SearchAction","target":{"@type":"EntryPoint","urlTemplate":"https:\/\/www.erresse-shop.it\/fr\/?s={search_term_string}"},"query-input":"required name=search_term_string"}],"inLanguage":"fr-FR"}]}},"df_price":4139.1,"df_sale_price":4139.1,"df_regular_price":4599,"df_image_link":"https:\/\/www.erresse-shop.it\/wp-content\/uploads\/2025\/02\/JURA-Macchina-Da-Caffe-GIGA-W10-Diamond-Silver-300x300.jpg","_links":{"self":[{"href":"https:\/\/www.erresse-shop.it\/fr\/wp-json\/wp\/v2\/product\/469702"}],"collection":[{"href":"https:\/\/www.erresse-shop.it\/fr\/wp-json\/wp\/v2\/product"}],"about":[{"href":"https:\/\/www.erresse-shop.it\/fr\/wp-json\/wp\/v2\/types\/product"}],"wp:featuredmedia":[{"embeddable":true,"href":"https:\/\/www.erresse-shop.it\/fr\/wp-json\/wp\/v2\/media\/469725"}],"wp:attachment":[{"href":"https:\/\/www.erresse-shop.it\/fr\/wp-json\/wp\/v2\/media?parent=469702"}],"wp:term":[{"taxonomy":"product_cat","embeddable":true,"href":"https:\/\/www.erresse-shop.it\/fr\/wp-json\/wp\/v2\/product_cat?post=469702"},{"taxonomy":"product_tag","embeddable":true,"href":"https:\/\/www.erresse-shop.it\/fr\/wp-json\/wp\/v2\/product_tag?post=469702"}],"curies":[{"name":"wp","href":"https:\/\/api.w.org\/{rel}","templated":true}]}}