{"id":469626,"date":"2025-02-18T10:48:43","date_gmt":"2025-02-18T10:48:46","guid":{"rendered":"https:\/\/www.erresse-shop.it\/?post_type=product&#038;p=469626"},"modified":"2025-02-18T13:20:56","modified_gmt":"2025-02-18T13:20:56","slug":"jura-machine-a-cafe-c8-piano-black-copia","status":"publish","type":"product","link":"https:\/\/www.erresse-shop.it\/fr\/shop\/petits-electromenagers\/machines-cafe\/automatique\/jura-machine-a-cafe-c8-piano-black-copia\/","title":{"rendered":"JURA Machine \u00e0 caf\u00e9 GIGA X8 Aluminium Black"},"content":{"rendered":"<p><span style=\"font-size: 14pt;\"><strong>Cr\u00e9\u00e9 pour offrir le nec plus ultra en mati\u00e8re de performances<\/strong><\/span><\/p>\n<p>La GIGA X8 est l&#8217;expression tangible de la force d&#8217;innovation suisse et du professionnalisme de JURA jusque dans les moindres d\u00e9tails. Il se distingue par sa qualit\u00e9, sa fonctionnalit\u00e9 et sa fiabilit\u00e9 partout o\u00f9 des capacit\u00e9s quotidiennes allant jusqu&#8217;\u00e0 200 tasses sont requises. A cela s&#8217;ajoutent d&#8217;excellentes performances \u00e0 tous \u00e9gards, qui font de la GIGA X8 une machine automatique de haute technologie id\u00e9ale pour les solutions dans les b\u00e2timents \u00e0 plusieurs \u00e9tages, les s\u00e9minaires, la restauration ou le Coffee to Go.<\/p>\n<p><strong><span style=\"font-size: 14pt;\">Des technologies de pointe pour un plaisir parfait<\/span><br \/>\n<\/strong><br \/>\nLe nouveau GIGA X8 \u2013 des performances record : deux moulins \u00e0 caf\u00e9 avec lames en c\u00e9ramique hautes performances garantissent une mouture pr\u00e9cise, constante et uniforme pendant des ann\u00e9es gr\u00e2ce \u00e0 une innovation extraordinaire : l&#8217;A.G.A. (Automatic Grinder Adjustment), le r\u00e9glage automatique \u00e0 commande \u00e9lectronique. Le proc\u00e9d\u00e9 d&#8217;extraction puls\u00e9e (P.E.P.\u00ae) optimise le temps d&#8217;extraction pour les sp\u00e9cialit\u00e9s courtes et CLARIS Pro Smart, en combinaison avec le syst\u00e8me d&#8217;eau intelligent (I.W.S.), garantit une qualit\u00e9 d&#8217;eau parfaite pour un go\u00fbt authentique.<\/p>\n<p>Le GIGA X8 est \u00e9quip\u00e9 d&#8217;un bec combin\u00e9 r\u00e9glable en hauteur et soigneusement con\u00e7u qui, gr\u00e2ce \u00e0 la technologie de micro-mousse, permet de pr\u00e9parer des sp\u00e9cialit\u00e9s tendance avec du lait et de la mousse de lait in\u00e9gal\u00e9s. La fonction Speed \u200b\u200bgarantit la pr\u00e9paration de sp\u00e9cialit\u00e9s de caf\u00e9 en un temps record.<\/p>\n<p>Des performances accrues et une optimisation simultan\u00e9e de la qualit\u00e9 distinguent le nouveau GIGA X8. L&#8217;\u00e9cran tactile couleur haute r\u00e9solution de 4,3&#8243; permet une utilisation simple et totalement intuitive. Le bac de r\u00e9cup\u00e9ration d&#8217;eau, lavable au lave-vaisselle, peut \u00eatre facilement retir\u00e9, vid\u00e9 et remplac\u00e9 d&#8217;une seule main. La position optimale du centre de gravit\u00e9 emp\u00eache le d\u00e9bordement de l&#8217;eau. Simplicit\u00e9, hygi\u00e8ne, rapidit\u00e9, confort \u2013 le concept cinq \u00e9toiles est appliqu\u00e9 jusque dans les moindres d\u00e9tails.<\/p>\n<p><strong><span style=\"font-size: 14pt;\">Garantie d&#8217;hygi\u00e8ne certifi\u00e9e T\u00dcV<\/span><br \/>\n<\/strong><br \/>\nL&#8217;entretien du nouveau GIGA X8, ainsi que son utilisation, sont simples, logiques et intuitifs. Les programmes de rin\u00e7age et de nettoyage int\u00e9gr\u00e9s, associ\u00e9s aux produits d&#8217;entretien JURA d&#8217;origine, garantissent une hygi\u00e8ne certifi\u00e9e T\u00dcV par simple pression sur un bouton. M\u00eame le nettoyage du syst\u00e8me de lait a \u00e9t\u00e9 \u00e9tudi\u00e9 dans les moindres d\u00e9tails. Enti\u00e8rement automatique et fonctionnant par simple pression sur l&#8217;\u00e9cran, il garantit un nettoyage impeccable dans le traitement du lait. Le distributeur combin\u00e9 massif peut \u00eatre d\u00e9mont\u00e9 en quelques \u00e9tapes simples. Les distributeurs de lait positionn\u00e9s \u00e0 l&#8217;avant \u00e0 l&#8217;int\u00e9rieur sont facilement accessibles et peuvent \u00eatre remplac\u00e9s sans probl\u00e8me si n\u00e9cessaire.<\/p>\n<p><strong><span style=\"font-size: 14pt;\">Aussi individuel que vos besoins<\/span><br \/>\n<\/strong><br \/>\nUtilis\u00e9 individuellement ou avec des accessoires tels que chauffe-tasses, syst\u00e8me de facturation, etc., le GIGA X8 vous permet de configurer la solution caf\u00e9 compl\u00e8te, id\u00e9ale pour n&#8217;importe quel domaine d&#8217;application et, si n\u00e9cessaire, adaptable aux besoins changeants.<\/p>\n<p><span style=\"font-size: 14pt;\"><strong>Solution de paiement mobile JURA<br \/>\n<\/strong><\/span><br \/>\nLe GIGA X8 dispose du nouveau syst\u00e8me de paiement et de gestion Pocket Pilot 2.0. Avec Pocket Pilot 2.0, le paiement sans esp\u00e8ces et la surveillance centralis\u00e9e des machines s&#8217;effectuent sans infrastructure suppl\u00e9mentaire gr\u00e2ce \u00e0 \u00ab Payment Connect \u00bb, qui peut \u00eatre utilis\u00e9 facilement dans le GIGA X8. Le syst\u00e8me bas\u00e9 sur le Web est gratuit et ne n\u00e9cessite aucune installation de logiciel. Cr\u00e9ez simplement un compte JURA Pocket Pilot 2.0 pour disposer d&#8217;un syst\u00e8me de gestion de machine enti\u00e8rement automatique qui r\u00e9pond \u00e0 tous vos besoins.<\/p>\n<p><span style=\"font-size: 14pt;\"><strong>Sp\u00e9cifications techniques<\/strong><\/span><\/p>\n<p><strong>Capacit\u00e9 du r\u00e9servoir d&#8217;eau :<\/strong> 5 l<br \/>\n<strong>Capacit\u00e9 du r\u00e9servoir \u00e0 grains de caf\u00e9 :<\/strong> 650 g<br \/>\n<strong>R\u00e9cipient \u00e0 marc de caf\u00e9\u00a0:<\/strong> (portions environ) 40<br \/>\n<strong>Longueur du c\u00e2ble\u00a0:<\/strong> 1,1 m<br \/>\n<strong>Tension \/ Puissance :<\/strong> 220 \u2013 240 V<br \/>\n<strong>Consommation en veille\u00a0:<\/strong> \u2264 0,5\u00a0W<br \/>\n<strong>Poids\u00a0:<\/strong> 19 kg<br \/>\n<strong>Dimensions (L \u00d7 H \u00d7 P) :<\/strong> 37 \u00d7 49,5 \u00d7 56,5 cm<\/p>\n","protected":false},"excerpt":{"rendered":"<p>Cr\u00e9\u00e9 pour offrir le nec plus ultra en mati\u00e8re de performances La GIGA X8 est l&#8217;expression tangible de la force<\/p>\n","protected":false},"featured_media":469650,"template":"","meta":{"_acf_changed":false,"inline_featured_image":false},"product_cat":[25360,12764,12449],"product_tag":[23563,20780,13254,23568],"acf":[],"yoast_head":"<!-- This site is optimized with the Yoast SEO Premium plugin v18.6 (Yoast SEO v19.13) - https:\/\/yoast.com\/wordpress\/plugins\/seo\/ -->\n<title>JURA Machine \u00e0 caf\u00e9 GIGA X8 Aluminium Black - Erresse Shop<\/title>\n<meta name=\"description\" content=\"Cr\u00e9\u00e9 pour offrir le nec plus ultra en mati\u00e8re de performances La GIGA X8 est l&#039;expression tangible de la force d&#039;innovation suisse et du professionnalisme\" \/>\n<meta name=\"robots\" content=\"index, follow, max-snippet:-1, max-image-preview:large, max-video-preview:-1\" \/>\n<link rel=\"canonical\" href=\"https:\/\/www.erresse-shop.it\/fr\/shop\/petits-electromenagers\/machines-cafe\/automatique\/jura-machine-a-cafe-c8-piano-black-copia\/\" \/>\n<meta property=\"og:locale\" content=\"fr_FR\" \/>\n<meta property=\"og:type\" content=\"article\" \/>\n<meta property=\"og:title\" content=\"JURA Machine \u00e0 caf\u00e9 GIGA X8 Aluminium Black\" \/>\n<meta property=\"og:description\" content=\"Cr\u00e9\u00e9 pour offrir le nec plus ultra en mati\u00e8re de performances La GIGA X8 est l&#039;expression tangible de la force d&#039;innovation suisse et du professionnalisme\" \/>\n<meta property=\"og:url\" content=\"https:\/\/www.erresse-shop.it\/fr\/shop\/petits-electromenagers\/machines-cafe\/automatique\/jura-machine-a-cafe-c8-piano-black-copia\/\" \/>\n<meta property=\"og:site_name\" content=\"Erresse Shop\" \/>\n<meta property=\"article:modified_time\" content=\"2025-02-18T13:20:56+00:00\" \/>\n<meta property=\"og:image\" content=\"https:\/\/www.erresse-shop.it\/wp-content\/uploads\/2025\/02\/JURA-Macchina-Da-Caffe-GIGA-X8-Aluminium-Black.jpg\" \/>\n\t<meta property=\"og:image:width\" content=\"1200\" \/>\n\t<meta property=\"og:image:height\" content=\"1200\" \/>\n\t<meta property=\"og:image:type\" content=\"image\/jpeg\" \/>\n<meta name=\"twitter:card\" content=\"summary_large_image\" \/>\n<script type=\"application\/ld+json\" class=\"yoast-schema-graph\">{\"@context\":\"https:\/\/schema.org\",\"@graph\":[{\"@type\":\"WebPage\",\"@id\":\"https:\/\/www.erresse-shop.it\/fr\/shop\/petits-electromenagers\/machines-cafe\/automatique\/jura-machine-a-cafe-c8-piano-black-copia\/\",\"url\":\"https:\/\/www.erresse-shop.it\/fr\/shop\/petits-electromenagers\/machines-cafe\/automatique\/jura-machine-a-cafe-c8-piano-black-copia\/\",\"name\":\"JURA Machine \u00e0 caf\u00e9 GIGA X8 Aluminium Black - Erresse Shop\",\"isPartOf\":{\"@id\":\"https:\/\/www.erresse-shop.it\/fr\/#website\"},\"datePublished\":\"2025-02-18T10:48:46+00:00\",\"dateModified\":\"2025-02-18T13:20:56+00:00\",\"description\":\"Cr\u00e9\u00e9 pour offrir le nec plus ultra en mati\u00e8re de performances La GIGA X8 est l'expression tangible de la force d'innovation suisse et du professionnalisme\",\"breadcrumb\":{\"@id\":\"https:\/\/www.erresse-shop.it\/fr\/shop\/petits-electromenagers\/machines-cafe\/automatique\/jura-machine-a-cafe-c8-piano-black-copia\/#breadcrumb\"},\"inLanguage\":\"fr-FR\",\"potentialAction\":[{\"@type\":\"ReadAction\",\"target\":[\"https:\/\/www.erresse-shop.it\/fr\/shop\/petits-electromenagers\/machines-cafe\/automatique\/jura-machine-a-cafe-c8-piano-black-copia\/\"]}]},{\"@type\":\"BreadcrumbList\",\"@id\":\"https:\/\/www.erresse-shop.it\/fr\/shop\/petits-electromenagers\/machines-cafe\/automatique\/jura-machine-a-cafe-c8-piano-black-copia\/#breadcrumb\",\"itemListElement\":[{\"@type\":\"ListItem\",\"position\":1,\"name\":\"Home\",\"item\":\"https:\/\/www.erresse-shop.it\/fr\/\"},{\"@type\":\"ListItem\",\"position\":2,\"name\":\"Shop\",\"item\":\"https:\/\/www.erresse-shop.it\/fr\/shop\/\"},{\"@type\":\"ListItem\",\"position\":3,\"name\":\"JURA Machine \u00e0 caf\u00e9 GIGA X8 Aluminium Black\"}]},{\"@type\":\"WebSite\",\"@id\":\"https:\/\/www.erresse-shop.it\/fr\/#website\",\"url\":\"https:\/\/www.erresse-shop.it\/fr\/\",\"name\":\"Erresse Shop\",\"description\":\"Articoli di qualit\u00e0 per la casa\",\"potentialAction\":[{\"@type\":\"SearchAction\",\"target\":{\"@type\":\"EntryPoint\",\"urlTemplate\":\"https:\/\/www.erresse-shop.it\/fr\/?s={search_term_string}\"},\"query-input\":\"required name=search_term_string\"}],\"inLanguage\":\"fr-FR\"}]}<\/script>\n<!-- \/ Yoast SEO Premium plugin. -->","yoast_head_json":{"title":"JURA Machine \u00e0 caf\u00e9 GIGA X8 Aluminium Black - Erresse Shop","description":"Cr\u00e9\u00e9 pour offrir le nec plus ultra en mati\u00e8re de performances La GIGA X8 est l'expression tangible de la force d'innovation suisse et du professionnalisme","robots":{"index":"index","follow":"follow","max-snippet":"max-snippet:-1","max-image-preview":"max-image-preview:large","max-video-preview":"max-video-preview:-1"},"canonical":"https:\/\/www.erresse-shop.it\/fr\/shop\/petits-electromenagers\/machines-cafe\/automatique\/jura-machine-a-cafe-c8-piano-black-copia\/","og_locale":"fr_FR","og_type":"article","og_title":"JURA Machine \u00e0 caf\u00e9 GIGA X8 Aluminium Black","og_description":"Cr\u00e9\u00e9 pour offrir le nec plus ultra en mati\u00e8re de performances La GIGA X8 est l'expression tangible de la force d'innovation suisse et du professionnalisme","og_url":"https:\/\/www.erresse-shop.it\/fr\/shop\/petits-electromenagers\/machines-cafe\/automatique\/jura-machine-a-cafe-c8-piano-black-copia\/","og_site_name":"Erresse Shop","article_modified_time":"2025-02-18T13:20:56+00:00","og_image":[{"width":1200,"height":1200,"url":"https:\/\/www.erresse-shop.it\/wp-content\/uploads\/2025\/02\/JURA-Macchina-Da-Caffe-GIGA-X8-Aluminium-Black.jpg","type":"image\/jpeg"}],"twitter_card":"summary_large_image","schema":{"@context":"https:\/\/schema.org","@graph":[{"@type":"WebPage","@id":"https:\/\/www.erresse-shop.it\/fr\/shop\/petits-electromenagers\/machines-cafe\/automatique\/jura-machine-a-cafe-c8-piano-black-copia\/","url":"https:\/\/www.erresse-shop.it\/fr\/shop\/petits-electromenagers\/machines-cafe\/automatique\/jura-machine-a-cafe-c8-piano-black-copia\/","name":"JURA Machine \u00e0 caf\u00e9 GIGA X8 Aluminium Black - Erresse Shop","isPartOf":{"@id":"https:\/\/www.erresse-shop.it\/fr\/#website"},"datePublished":"2025-02-18T10:48:46+00:00","dateModified":"2025-02-18T13:20:56+00:00","description":"Cr\u00e9\u00e9 pour offrir le nec plus ultra en mati\u00e8re de performances La GIGA X8 est l'expression tangible de la force d'innovation suisse et du professionnalisme","breadcrumb":{"@id":"https:\/\/www.erresse-shop.it\/fr\/shop\/petits-electromenagers\/machines-cafe\/automatique\/jura-machine-a-cafe-c8-piano-black-copia\/#breadcrumb"},"inLanguage":"fr-FR","potentialAction":[{"@type":"ReadAction","target":["https:\/\/www.erresse-shop.it\/fr\/shop\/petits-electromenagers\/machines-cafe\/automatique\/jura-machine-a-cafe-c8-piano-black-copia\/"]}]},{"@type":"BreadcrumbList","@id":"https:\/\/www.erresse-shop.it\/fr\/shop\/petits-electromenagers\/machines-cafe\/automatique\/jura-machine-a-cafe-c8-piano-black-copia\/#breadcrumb","itemListElement":[{"@type":"ListItem","position":1,"name":"Home","item":"https:\/\/www.erresse-shop.it\/fr\/"},{"@type":"ListItem","position":2,"name":"Shop","item":"https:\/\/www.erresse-shop.it\/fr\/shop\/"},{"@type":"ListItem","position":3,"name":"JURA Machine \u00e0 caf\u00e9 GIGA X8 Aluminium Black"}]},{"@type":"WebSite","@id":"https:\/\/www.erresse-shop.it\/fr\/#website","url":"https:\/\/www.erresse-shop.it\/fr\/","name":"Erresse Shop","description":"Articoli di qualit\u00e0 per la casa","potentialAction":[{"@type":"SearchAction","target":{"@type":"EntryPoint","urlTemplate":"https:\/\/www.erresse-shop.it\/fr\/?s={search_term_string}"},"query-input":"required name=search_term_string"}],"inLanguage":"fr-FR"}]}},"df_price":6595,"df_sale_price":6595,"df_regular_price":7599,"df_image_link":"https:\/\/www.erresse-shop.it\/wp-content\/uploads\/2025\/02\/JURA-Macchina-Da-Caffe-GIGA-X8-Aluminium-Black-300x300.jpg","_links":{"self":[{"href":"https:\/\/www.erresse-shop.it\/fr\/wp-json\/wp\/v2\/product\/469626"}],"collection":[{"href":"https:\/\/www.erresse-shop.it\/fr\/wp-json\/wp\/v2\/product"}],"about":[{"href":"https:\/\/www.erresse-shop.it\/fr\/wp-json\/wp\/v2\/types\/product"}],"wp:featuredmedia":[{"embeddable":true,"href":"https:\/\/www.erresse-shop.it\/fr\/wp-json\/wp\/v2\/media\/469650"}],"wp:attachment":[{"href":"https:\/\/www.erresse-shop.it\/fr\/wp-json\/wp\/v2\/media?parent=469626"}],"wp:term":[{"taxonomy":"product_cat","embeddable":true,"href":"https:\/\/www.erresse-shop.it\/fr\/wp-json\/wp\/v2\/product_cat?post=469626"},{"taxonomy":"product_tag","embeddable":true,"href":"https:\/\/www.erresse-shop.it\/fr\/wp-json\/wp\/v2\/product_tag?post=469626"}],"curies":[{"name":"wp","href":"https:\/\/api.w.org\/{rel}","templated":true}]}}