{"id":469452,"date":"2025-02-18T08:09:51","date_gmt":"2025-02-18T08:09:54","guid":{"rendered":"https:\/\/www.erresse-shop.it\/?post_type=product&#038;p=469452"},"modified":"2025-02-18T08:26:25","modified_gmt":"2025-02-18T08:26:25","slug":"toms-drag-table-basse-versailles-gold-copia","status":"publish","type":"product","link":"https:\/\/www.erresse-shop.it\/fr\/shop\/ameublement-maison\/tables-et-tables-basses\/toms-drag-table-basse-versailles-gold-copia\/","title":{"rendered":"TOM&#8217;S DRAG Tableau Drag Bottes"},"content":{"rendered":"<p><strong>Mat\u00e9riau :<\/strong> MDF<\/p>\n<p><strong>Tableau Drag Bottes<br \/>\n<\/strong>Une table de salon en forme de rein, mais avec des bottes de cow-boy ? Il ne peut s&#8217;agir que d&#8217;une table Tom&#8217;s Drag. Quiconque ajoute une touche de couleur audacieuse \u00e0 un meuble \u00ab drag \u00bb fait \u00e9videmment une d\u00e9claration confiante sur son style. Les meubles \u00ab Drag \u00bb sont fabriqu\u00e9s \u00e0 la main \u00e0 partir de panneaux de fibres de bois (MDF) puis chaque mod\u00e8le est soigneusement peint jusque dans les moindres d\u00e9tails.<\/p>\n<p>Dimensions : 120 x 56, H. 40 cm<\/p>\n","protected":false},"excerpt":{"rendered":"<p>Mat\u00e9riau : MDF Tableau Drag Bottes Une table de salon en forme de rein, mais avec des bottes de cow-boy<\/p>\n","protected":false},"featured_media":469469,"template":"","meta":{"_acf_changed":false,"inline_featured_image":false},"product_cat":[12738,24385],"product_tag":[17133],"acf":[],"yoast_head":"<!-- This site is optimized with the Yoast SEO Premium plugin v18.6 (Yoast SEO v19.13) - https:\/\/yoast.com\/wordpress\/plugins\/seo\/ -->\n<title>TOM&#039;S DRAG Armoire 9 Tiroirs<\/title>\n<meta name=\"description\" content=\"D\u00e9couvrez TOM&#039;S DRAG Armoire 9 Tiroirs sur ErresseShop. Qualit\u00e9, prix r\u00e9duits et achat s\u00e9curis\u00e9 \u2013 commandez d\u00e8s maintenant en ligne !\" \/>\n<meta name=\"robots\" content=\"index, follow, max-snippet:-1, max-image-preview:large, max-video-preview:-1\" \/>\n<link rel=\"canonical\" href=\"https:\/\/www.erresse-shop.it\/fr\/shop\/ameublement-maison\/tables-et-tables-basses\/toms-drag-table-basse-versailles-gold-copia\/\" \/>\n<meta property=\"og:locale\" content=\"fr_FR\" \/>\n<meta property=\"og:type\" content=\"article\" \/>\n<meta property=\"og:title\" content=\"TOM&#039;S DRAG Tableau Drag Bottes\" \/>\n<meta property=\"og:description\" content=\"D\u00e9couvrez TOM&#039;S DRAG Armoire 9 Tiroirs sur ErresseShop. Qualit\u00e9, prix r\u00e9duits et achat s\u00e9curis\u00e9 \u2013 commandez d\u00e8s maintenant en ligne !\" \/>\n<meta property=\"og:url\" content=\"https:\/\/www.erresse-shop.it\/fr\/shop\/ameublement-maison\/tables-et-tables-basses\/toms-drag-table-basse-versailles-gold-copia\/\" \/>\n<meta property=\"og:site_name\" content=\"Erresse Shop\" \/>\n<meta property=\"article:modified_time\" content=\"2025-02-18T08:26:25+00:00\" \/>\n<meta property=\"og:image\" content=\"https:\/\/www.erresse-shop.it\/wp-content\/uploads\/2025\/02\/TOMS-DRAG-Tavolo-Drag-Stivali.jpg\" \/>\n\t<meta property=\"og:image:width\" content=\"1200\" \/>\n\t<meta property=\"og:image:height\" content=\"1200\" \/>\n\t<meta property=\"og:image:type\" content=\"image\/jpeg\" \/>\n<meta name=\"twitter:card\" content=\"summary_large_image\" \/>\n<script type=\"application\/ld+json\" class=\"yoast-schema-graph\">{\"@context\":\"https:\/\/schema.org\",\"@graph\":[{\"@type\":\"WebPage\",\"@id\":\"https:\/\/www.erresse-shop.it\/fr\/shop\/ameublement-maison\/tables-et-tables-basses\/toms-drag-table-basse-versailles-gold-copia\/\",\"url\":\"https:\/\/www.erresse-shop.it\/fr\/shop\/ameublement-maison\/tables-et-tables-basses\/toms-drag-table-basse-versailles-gold-copia\/\",\"name\":\"TOM'S DRAG Armoire 9 Tiroirs\",\"isPartOf\":{\"@id\":\"https:\/\/www.erresse-shop.it\/fr\/#website\"},\"datePublished\":\"2025-02-18T08:09:54+00:00\",\"dateModified\":\"2025-02-18T08:26:25+00:00\",\"description\":\"D\u00e9couvrez TOM'S DRAG Armoire 9 Tiroirs sur ErresseShop. Qualit\u00e9, prix r\u00e9duits et achat s\u00e9curis\u00e9 \u2013 commandez d\u00e8s maintenant en ligne !\",\"breadcrumb\":{\"@id\":\"https:\/\/www.erresse-shop.it\/fr\/shop\/ameublement-maison\/tables-et-tables-basses\/toms-drag-table-basse-versailles-gold-copia\/#breadcrumb\"},\"inLanguage\":\"fr-FR\",\"potentialAction\":[{\"@type\":\"ReadAction\",\"target\":[\"https:\/\/www.erresse-shop.it\/fr\/shop\/ameublement-maison\/tables-et-tables-basses\/toms-drag-table-basse-versailles-gold-copia\/\"]}]},{\"@type\":\"BreadcrumbList\",\"@id\":\"https:\/\/www.erresse-shop.it\/fr\/shop\/ameublement-maison\/tables-et-tables-basses\/toms-drag-table-basse-versailles-gold-copia\/#breadcrumb\",\"itemListElement\":[{\"@type\":\"ListItem\",\"position\":1,\"name\":\"Home\",\"item\":\"https:\/\/www.erresse-shop.it\/fr\/\"},{\"@type\":\"ListItem\",\"position\":2,\"name\":\"Shop\",\"item\":\"https:\/\/www.erresse-shop.it\/fr\/shop\/\"},{\"@type\":\"ListItem\",\"position\":3,\"name\":\"TOM&#8217;S DRAG Tableau Drag Bottes\"}]},{\"@type\":\"WebSite\",\"@id\":\"https:\/\/www.erresse-shop.it\/fr\/#website\",\"url\":\"https:\/\/www.erresse-shop.it\/fr\/\",\"name\":\"Erresse Shop\",\"description\":\"Articoli di qualit\u00e0 per la casa\",\"potentialAction\":[{\"@type\":\"SearchAction\",\"target\":{\"@type\":\"EntryPoint\",\"urlTemplate\":\"https:\/\/www.erresse-shop.it\/fr\/?s={search_term_string}\"},\"query-input\":\"required name=search_term_string\"}],\"inLanguage\":\"fr-FR\"}]}<\/script>\n<!-- \/ Yoast SEO Premium plugin. -->","yoast_head_json":{"title":"TOM'S DRAG Armoire 9 Tiroirs","description":"D\u00e9couvrez TOM'S DRAG Armoire 9 Tiroirs sur ErresseShop. Qualit\u00e9, prix r\u00e9duits et achat s\u00e9curis\u00e9 \u2013 commandez d\u00e8s maintenant en ligne !","robots":{"index":"index","follow":"follow","max-snippet":"max-snippet:-1","max-image-preview":"max-image-preview:large","max-video-preview":"max-video-preview:-1"},"canonical":"https:\/\/www.erresse-shop.it\/fr\/shop\/ameublement-maison\/tables-et-tables-basses\/toms-drag-table-basse-versailles-gold-copia\/","og_locale":"fr_FR","og_type":"article","og_title":"TOM'S DRAG Tableau Drag Bottes","og_description":"D\u00e9couvrez TOM'S DRAG Armoire 9 Tiroirs sur ErresseShop. Qualit\u00e9, prix r\u00e9duits et achat s\u00e9curis\u00e9 \u2013 commandez d\u00e8s maintenant en ligne !","og_url":"https:\/\/www.erresse-shop.it\/fr\/shop\/ameublement-maison\/tables-et-tables-basses\/toms-drag-table-basse-versailles-gold-copia\/","og_site_name":"Erresse Shop","article_modified_time":"2025-02-18T08:26:25+00:00","og_image":[{"width":1200,"height":1200,"url":"https:\/\/www.erresse-shop.it\/wp-content\/uploads\/2025\/02\/TOMS-DRAG-Tavolo-Drag-Stivali.jpg","type":"image\/jpeg"}],"twitter_card":"summary_large_image","schema":{"@context":"https:\/\/schema.org","@graph":[{"@type":"WebPage","@id":"https:\/\/www.erresse-shop.it\/fr\/shop\/ameublement-maison\/tables-et-tables-basses\/toms-drag-table-basse-versailles-gold-copia\/","url":"https:\/\/www.erresse-shop.it\/fr\/shop\/ameublement-maison\/tables-et-tables-basses\/toms-drag-table-basse-versailles-gold-copia\/","name":"TOM'S DRAG Armoire 9 Tiroirs","isPartOf":{"@id":"https:\/\/www.erresse-shop.it\/fr\/#website"},"datePublished":"2025-02-18T08:09:54+00:00","dateModified":"2025-02-18T08:26:25+00:00","description":"D\u00e9couvrez TOM'S DRAG Armoire 9 Tiroirs sur ErresseShop. Qualit\u00e9, prix r\u00e9duits et achat s\u00e9curis\u00e9 \u2013 commandez d\u00e8s maintenant en ligne !","breadcrumb":{"@id":"https:\/\/www.erresse-shop.it\/fr\/shop\/ameublement-maison\/tables-et-tables-basses\/toms-drag-table-basse-versailles-gold-copia\/#breadcrumb"},"inLanguage":"fr-FR","potentialAction":[{"@type":"ReadAction","target":["https:\/\/www.erresse-shop.it\/fr\/shop\/ameublement-maison\/tables-et-tables-basses\/toms-drag-table-basse-versailles-gold-copia\/"]}]},{"@type":"BreadcrumbList","@id":"https:\/\/www.erresse-shop.it\/fr\/shop\/ameublement-maison\/tables-et-tables-basses\/toms-drag-table-basse-versailles-gold-copia\/#breadcrumb","itemListElement":[{"@type":"ListItem","position":1,"name":"Home","item":"https:\/\/www.erresse-shop.it\/fr\/"},{"@type":"ListItem","position":2,"name":"Shop","item":"https:\/\/www.erresse-shop.it\/fr\/shop\/"},{"@type":"ListItem","position":3,"name":"TOM&#8217;S DRAG Tableau Drag Bottes"}]},{"@type":"WebSite","@id":"https:\/\/www.erresse-shop.it\/fr\/#website","url":"https:\/\/www.erresse-shop.it\/fr\/","name":"Erresse Shop","description":"Articoli di qualit\u00e0 per la casa","potentialAction":[{"@type":"SearchAction","target":{"@type":"EntryPoint","urlTemplate":"https:\/\/www.erresse-shop.it\/fr\/?s={search_term_string}"},"query-input":"required name=search_term_string"}],"inLanguage":"fr-FR"}]}},"df_price":598,"df_sale_price":598,"df_regular_price":1150,"df_image_link":"https:\/\/www.erresse-shop.it\/wp-content\/uploads\/2025\/02\/TOMS-DRAG-Tavolo-Drag-Stivali-300x300.jpg","_links":{"self":[{"href":"https:\/\/www.erresse-shop.it\/fr\/wp-json\/wp\/v2\/product\/469452"}],"collection":[{"href":"https:\/\/www.erresse-shop.it\/fr\/wp-json\/wp\/v2\/product"}],"about":[{"href":"https:\/\/www.erresse-shop.it\/fr\/wp-json\/wp\/v2\/types\/product"}],"wp:featuredmedia":[{"embeddable":true,"href":"https:\/\/www.erresse-shop.it\/fr\/wp-json\/wp\/v2\/media\/469469"}],"wp:attachment":[{"href":"https:\/\/www.erresse-shop.it\/fr\/wp-json\/wp\/v2\/media?parent=469452"}],"wp:term":[{"taxonomy":"product_cat","embeddable":true,"href":"https:\/\/www.erresse-shop.it\/fr\/wp-json\/wp\/v2\/product_cat?post=469452"},{"taxonomy":"product_tag","embeddable":true,"href":"https:\/\/www.erresse-shop.it\/fr\/wp-json\/wp\/v2\/product_tag?post=469452"}],"curies":[{"name":"wp","href":"https:\/\/api.w.org\/{rel}","templated":true}]}}