{"id":469216,"date":"2025-02-18T07:01:26","date_gmt":"2025-02-18T07:01:28","guid":{"rendered":"https:\/\/www.erresse-shop.it\/?post_type=product&#038;p=469216"},"modified":"2026-02-23T11:05:15","modified_gmt":"2026-02-23T11:05:15","slug":"mr-wattson-lampe-led-norbitt-3-0-squid-black","status":"publish","type":"product","link":"https:\/\/www.erresse-shop.it\/fr\/shop\/ameublement-maison\/lampes\/mr-wattson-lampe-led-norbitt-3-0-squid-black\/","title":{"rendered":"MR. WATTSON Lampe LED Norbitt 3.0 Squid Black"},"content":{"rendered":"<p>Squid Black est plus sombre que le sens de l&#8217;humour de votre ex et plus doux qu&#8217;un smoking de James Bond. Ce type est aussi noir qu&#8217;une nuit sans lune au c\u0153ur des profondeurs marines, o\u00f9 m\u00eame les calmars envient son opulence d&#8217;encre ! Que vous \u00e9clairiez votre maison ou que vous complotiez pour dominer le monde, Squid Black Norbitt est le compagnon \u00e9l\u00e9gant dont vous ne saviez pas avoir besoin.<\/p>\n<p>Votre compagnon stellaire qui est l\u00e0 pour illuminer votre univers. Cet explorateur \u00e9cologique rechargeable est compact mais puissant, \u00e9clairant n&#8217;importe quel coin avec une rotation \u00e0 360 degr\u00e9s. Norbitt propose trois r\u00e9glages de gradation pour cr\u00e9er l\u2019ambiance, de \u00ab la lumi\u00e8re subtile des \u00e9toiles \u00bb \u00e0 la \u00ab disco interstellaire \u00bb. Norbitt peut \u00e9galement vous accompagner dans vos aventures en plein air, que vous fassiez griller des guimauves ou que vous observiez les \u00e9toiles, son pr\u00e9f\u00e9r\u00e9. Avec six couleurs au choix, il a plus de nuances qu&#8217;une supernova.<\/p>\n<p><strong>Sp\u00e9cifications\u00a0:<\/strong><\/p>\n<ul>\n<li>Le c\u00e2ble mesure 1 m de long.<\/li>\n<li>Equip\u00e9 d&#8217;un interrupteur et d&#8217;une prise europ\u00e9enne.<\/li>\n<li>Dimensions (L x l x H) : 8,3 x 10 x 12,5 cm<\/li>\n<li>LED 1,2 W<\/li>\n<\/ul>\n","protected":false},"excerpt":{"rendered":"<p>Squid Black est plus sombre que le sens de l&#8217;humour de votre ex et plus doux qu&#8217;un smoking de James<\/p>\n","protected":false},"featured_media":469228,"template":"","meta":{"_acf_changed":false,"inline_featured_image":false},"product_cat":[12738,12741],"product_tag":[25026,23910,25021,12793,22879,13222],"acf":[],"yoast_head":"<!-- This site is optimized with the Yoast SEO Premium plugin v18.6 (Yoast SEO v19.13) - https:\/\/yoast.com\/wordpress\/plugins\/seo\/ -->\n<title>MR. WATTSON Lampe LED Norbitt 3.0 Squid Black - Erresse Shop<\/title>\n<meta name=\"description\" content=\"Squid Black est plus sombre que le sens de l&#039;humour de votre ex et plus doux qu&#039;un smoking de James Bond. Ce type est aussi noir qu&#039;une nuit sans lune au\" \/>\n<meta name=\"robots\" content=\"index, follow, max-snippet:-1, max-image-preview:large, max-video-preview:-1\" \/>\n<link rel=\"canonical\" href=\"https:\/\/www.erresse-shop.it\/fr\/shop\/ameublement-maison\/lampes\/mr-wattson-lampe-led-norbitt-3-0-squid-black\/\" \/>\n<meta property=\"og:locale\" content=\"fr_FR\" \/>\n<meta property=\"og:type\" content=\"article\" \/>\n<meta property=\"og:title\" content=\"MR. WATTSON Lampe LED Norbitt 3.0 Squid Black\" \/>\n<meta property=\"og:description\" content=\"Squid Black est plus sombre que le sens de l&#039;humour de votre ex et plus doux qu&#039;un smoking de James Bond. Ce type est aussi noir qu&#039;une nuit sans lune au\" \/>\n<meta property=\"og:url\" content=\"https:\/\/www.erresse-shop.it\/fr\/shop\/ameublement-maison\/lampes\/mr-wattson-lampe-led-norbitt-3-0-squid-black\/\" \/>\n<meta property=\"og:site_name\" content=\"Erresse Shop\" \/>\n<meta property=\"article:modified_time\" content=\"2026-02-23T11:05:15+00:00\" \/>\n<meta property=\"og:image\" content=\"https:\/\/www.erresse-shop.it\/wp-content\/uploads\/2025\/02\/MR.-WATTSON-Norbitt-3.0-Lampada-LED-Squid-Black.jpg\" \/>\n\t<meta property=\"og:image:width\" content=\"1200\" \/>\n\t<meta property=\"og:image:height\" content=\"1200\" \/>\n\t<meta property=\"og:image:type\" content=\"image\/jpeg\" \/>\n<meta name=\"twitter:card\" content=\"summary_large_image\" \/>\n<script type=\"application\/ld+json\" class=\"yoast-schema-graph\">{\"@context\":\"https:\/\/schema.org\",\"@graph\":[{\"@type\":\"WebPage\",\"@id\":\"https:\/\/www.erresse-shop.it\/fr\/shop\/ameublement-maison\/lampes\/mr-wattson-lampe-led-norbitt-3-0-squid-black\/\",\"url\":\"https:\/\/www.erresse-shop.it\/fr\/shop\/ameublement-maison\/lampes\/mr-wattson-lampe-led-norbitt-3-0-squid-black\/\",\"name\":\"MR. WATTSON Lampe LED Norbitt 3.0 Squid Black - Erresse Shop\",\"isPartOf\":{\"@id\":\"https:\/\/www.erresse-shop.it\/fr\/#website\"},\"datePublished\":\"2025-02-18T07:01:28+00:00\",\"dateModified\":\"2026-02-23T11:05:15+00:00\",\"description\":\"Squid Black est plus sombre que le sens de l'humour de votre ex et plus doux qu'un smoking de James Bond. Ce type est aussi noir qu'une nuit sans lune au\",\"breadcrumb\":{\"@id\":\"https:\/\/www.erresse-shop.it\/fr\/shop\/ameublement-maison\/lampes\/mr-wattson-lampe-led-norbitt-3-0-squid-black\/#breadcrumb\"},\"inLanguage\":\"fr-FR\",\"potentialAction\":[{\"@type\":\"ReadAction\",\"target\":[\"https:\/\/www.erresse-shop.it\/fr\/shop\/ameublement-maison\/lampes\/mr-wattson-lampe-led-norbitt-3-0-squid-black\/\"]}]},{\"@type\":\"BreadcrumbList\",\"@id\":\"https:\/\/www.erresse-shop.it\/fr\/shop\/ameublement-maison\/lampes\/mr-wattson-lampe-led-norbitt-3-0-squid-black\/#breadcrumb\",\"itemListElement\":[{\"@type\":\"ListItem\",\"position\":1,\"name\":\"Home\",\"item\":\"https:\/\/www.erresse-shop.it\/fr\/\"},{\"@type\":\"ListItem\",\"position\":2,\"name\":\"Shop\",\"item\":\"https:\/\/www.erresse-shop.it\/fr\/shop\/\"},{\"@type\":\"ListItem\",\"position\":3,\"name\":\"MR. WATTSON Lampe LED Norbitt 3.0 Squid Black\"}]},{\"@type\":\"WebSite\",\"@id\":\"https:\/\/www.erresse-shop.it\/fr\/#website\",\"url\":\"https:\/\/www.erresse-shop.it\/fr\/\",\"name\":\"Erresse Shop\",\"description\":\"Articoli di qualit\u00e0 per la casa\",\"potentialAction\":[{\"@type\":\"SearchAction\",\"target\":{\"@type\":\"EntryPoint\",\"urlTemplate\":\"https:\/\/www.erresse-shop.it\/fr\/?s={search_term_string}\"},\"query-input\":\"required name=search_term_string\"}],\"inLanguage\":\"fr-FR\"}]}<\/script>\n<!-- \/ Yoast SEO Premium plugin. -->","yoast_head_json":{"title":"MR. WATTSON Lampe LED Norbitt 3.0 Squid Black - Erresse Shop","description":"Squid Black est plus sombre que le sens de l'humour de votre ex et plus doux qu'un smoking de James Bond. Ce type est aussi noir qu'une nuit sans lune au","robots":{"index":"index","follow":"follow","max-snippet":"max-snippet:-1","max-image-preview":"max-image-preview:large","max-video-preview":"max-video-preview:-1"},"canonical":"https:\/\/www.erresse-shop.it\/fr\/shop\/ameublement-maison\/lampes\/mr-wattson-lampe-led-norbitt-3-0-squid-black\/","og_locale":"fr_FR","og_type":"article","og_title":"MR. WATTSON Lampe LED Norbitt 3.0 Squid Black","og_description":"Squid Black est plus sombre que le sens de l'humour de votre ex et plus doux qu'un smoking de James Bond. Ce type est aussi noir qu'une nuit sans lune au","og_url":"https:\/\/www.erresse-shop.it\/fr\/shop\/ameublement-maison\/lampes\/mr-wattson-lampe-led-norbitt-3-0-squid-black\/","og_site_name":"Erresse Shop","article_modified_time":"2026-02-23T11:05:15+00:00","og_image":[{"width":1200,"height":1200,"url":"https:\/\/www.erresse-shop.it\/wp-content\/uploads\/2025\/02\/MR.-WATTSON-Norbitt-3.0-Lampada-LED-Squid-Black.jpg","type":"image\/jpeg"}],"twitter_card":"summary_large_image","schema":{"@context":"https:\/\/schema.org","@graph":[{"@type":"WebPage","@id":"https:\/\/www.erresse-shop.it\/fr\/shop\/ameublement-maison\/lampes\/mr-wattson-lampe-led-norbitt-3-0-squid-black\/","url":"https:\/\/www.erresse-shop.it\/fr\/shop\/ameublement-maison\/lampes\/mr-wattson-lampe-led-norbitt-3-0-squid-black\/","name":"MR. WATTSON Lampe LED Norbitt 3.0 Squid Black - Erresse Shop","isPartOf":{"@id":"https:\/\/www.erresse-shop.it\/fr\/#website"},"datePublished":"2025-02-18T07:01:28+00:00","dateModified":"2026-02-23T11:05:15+00:00","description":"Squid Black est plus sombre que le sens de l'humour de votre ex et plus doux qu'un smoking de James Bond. Ce type est aussi noir qu'une nuit sans lune au","breadcrumb":{"@id":"https:\/\/www.erresse-shop.it\/fr\/shop\/ameublement-maison\/lampes\/mr-wattson-lampe-led-norbitt-3-0-squid-black\/#breadcrumb"},"inLanguage":"fr-FR","potentialAction":[{"@type":"ReadAction","target":["https:\/\/www.erresse-shop.it\/fr\/shop\/ameublement-maison\/lampes\/mr-wattson-lampe-led-norbitt-3-0-squid-black\/"]}]},{"@type":"BreadcrumbList","@id":"https:\/\/www.erresse-shop.it\/fr\/shop\/ameublement-maison\/lampes\/mr-wattson-lampe-led-norbitt-3-0-squid-black\/#breadcrumb","itemListElement":[{"@type":"ListItem","position":1,"name":"Home","item":"https:\/\/www.erresse-shop.it\/fr\/"},{"@type":"ListItem","position":2,"name":"Shop","item":"https:\/\/www.erresse-shop.it\/fr\/shop\/"},{"@type":"ListItem","position":3,"name":"MR. WATTSON Lampe LED Norbitt 3.0 Squid Black"}]},{"@type":"WebSite","@id":"https:\/\/www.erresse-shop.it\/fr\/#website","url":"https:\/\/www.erresse-shop.it\/fr\/","name":"Erresse Shop","description":"Articoli di qualit\u00e0 per la casa","potentialAction":[{"@type":"SearchAction","target":{"@type":"EntryPoint","urlTemplate":"https:\/\/www.erresse-shop.it\/fr\/?s={search_term_string}"},"query-input":"required name=search_term_string"}],"inLanguage":"fr-FR"}]}},"df_price":69.95,"df_sale_price":69.95,"df_regular_price":99,"df_image_link":"https:\/\/www.erresse-shop.it\/wp-content\/uploads\/2025\/02\/MR.-WATTSON-Norbitt-3.0-Lampada-LED-Squid-Black-300x300.jpg","_links":{"self":[{"href":"https:\/\/www.erresse-shop.it\/fr\/wp-json\/wp\/v2\/product\/469216"}],"collection":[{"href":"https:\/\/www.erresse-shop.it\/fr\/wp-json\/wp\/v2\/product"}],"about":[{"href":"https:\/\/www.erresse-shop.it\/fr\/wp-json\/wp\/v2\/types\/product"}],"wp:featuredmedia":[{"embeddable":true,"href":"https:\/\/www.erresse-shop.it\/fr\/wp-json\/wp\/v2\/media\/469228"}],"wp:attachment":[{"href":"https:\/\/www.erresse-shop.it\/fr\/wp-json\/wp\/v2\/media?parent=469216"}],"wp:term":[{"taxonomy":"product_cat","embeddable":true,"href":"https:\/\/www.erresse-shop.it\/fr\/wp-json\/wp\/v2\/product_cat?post=469216"},{"taxonomy":"product_tag","embeddable":true,"href":"https:\/\/www.erresse-shop.it\/fr\/wp-json\/wp\/v2\/product_tag?post=469216"}],"curies":[{"name":"wp","href":"https:\/\/api.w.org\/{rel}","templated":true}]}}