{"id":468983,"date":"2025-02-14T13:03:44","date_gmt":"2025-02-14T13:03:46","guid":{"rendered":"https:\/\/www.erresse-shop.it\/?post_type=product&#038;p=468983"},"modified":"2025-02-14T13:32:48","modified_gmt":"2025-02-14T13:32:48","slug":"mr-wattson-lampe-led-norbitt-2-0-cosmic-chrome-copia","status":"publish","type":"product","link":"https:\/\/www.erresse-shop.it\/fr\/shop\/ameublement-maison\/lampes\/mr-wattson-lampe-led-norbitt-2-0-cosmic-chrome-copia\/","title":{"rendered":"MR. WATTSON Lampe LED Norbitt Cloudy Blue"},"content":{"rendered":"<p>Cloudy Blue Norbitt est en fait un r\u00eave \u00e9veill\u00e9 d\u00e9guis\u00e9. C&#8217;est comme le ciel d&#8217;un dimanche tranquille, quand m\u00eame les nuages \u200b\u200bne prennent pas la peine de courir. \u00ab Ce n\u2019est pas un \u00e9lectrochoc de couleur classique ; c\u2019est un soupir apaisant \u00e0 la fin d\u2019une journ\u00e9e charg\u00e9e \u00bb, dit-elle. Il ajoute qu&#8217;il n&#8217;\u00e9claire pas seulement la pi\u00e8ce, &#8220;il la transforme en une oasis de calme, un endroit o\u00f9 vous pouvez laisser vos soucis flotter sur un doux monticule animal&#8221;. Nous aimons le son de cette phrase.<\/p>\n<p>Votre compagnon stellaire qui est l\u00e0 pour illuminer votre univers. Cet explorateur \u00e9cologique rechargeable est compact mais puissant, \u00e9clairant n&#8217;importe quel coin avec une rotation \u00e0 360 degr\u00e9s. Norbitt propose trois r\u00e9glages de gradation pour cr\u00e9er l\u2019ambiance, de \u00ab la lumi\u00e8re subtile des \u00e9toiles \u00bb \u00e0 la \u00ab disco interstellaire \u00bb. Norbitt peut \u00e9galement vous accompagner dans vos aventures en plein air, que vous fassiez griller des guimauves ou que vous observiez les \u00e9toiles, son pr\u00e9f\u00e9r\u00e9.<\/p>\n<p><strong>Sp\u00e9cifications\u00a0:<\/strong><\/p>\n<ul>\n<li>Le c\u00e2ble mesure 1 m de long.<\/li>\n<li>Equip\u00e9 d&#8217;un interrupteur et d&#8217;une prise europ\u00e9enne.<\/li>\n<li>Dimensions (L x l x H) : 8,3 x 10 x 12,5 cm<\/li>\n<li>LED 1,3 W<\/li>\n<\/ul>\n","protected":false},"excerpt":{"rendered":"<p>Cloudy Blue Norbitt est en fait un r\u00eave \u00e9veill\u00e9 d\u00e9guis\u00e9. C&#8217;est comme le ciel d&#8217;un dimanche tranquille, quand m\u00eame les<\/p>\n","protected":false},"featured_media":469020,"template":"","meta":{"_acf_changed":false,"inline_featured_image":false},"product_cat":[12738,12741],"product_tag":[25026,23910,25021,12793,22879,13222],"acf":[],"yoast_head":"<!-- This site is optimized with the Yoast SEO Premium plugin v18.6 (Yoast SEO v19.13) - https:\/\/yoast.com\/wordpress\/plugins\/seo\/ -->\n<title>MR. WATTSON Lampe de Table LED Mini Lava Grey<\/title>\n<meta name=\"description\" content=\"D\u00e9couvrez MR. WATTSON Lampe de Table LED Mini Lava Grey sur ErresseShop. Qualit\u00e9, prix r\u00e9duits et achat s\u00e9curis\u00e9 \u2013 commandez d\u00e8s maintenant en ligne !\" \/>\n<meta name=\"robots\" content=\"index, follow, max-snippet:-1, max-image-preview:large, max-video-preview:-1\" \/>\n<link rel=\"canonical\" href=\"https:\/\/www.erresse-shop.it\/fr\/shop\/ameublement-maison\/lampes\/mr-wattson-lampe-led-norbitt-2-0-cosmic-chrome-copia\/\" \/>\n<meta property=\"og:locale\" content=\"fr_FR\" \/>\n<meta property=\"og:type\" content=\"article\" \/>\n<meta property=\"og:title\" content=\"MR. WATTSON Lampe LED Norbitt Cloudy Blue\" \/>\n<meta property=\"og:description\" content=\"D\u00e9couvrez MR. WATTSON Lampe de Table LED Mini Lava Grey sur ErresseShop. Qualit\u00e9, prix r\u00e9duits et achat s\u00e9curis\u00e9 \u2013 commandez d\u00e8s maintenant en ligne !\" \/>\n<meta property=\"og:url\" content=\"https:\/\/www.erresse-shop.it\/fr\/shop\/ameublement-maison\/lampes\/mr-wattson-lampe-led-norbitt-2-0-cosmic-chrome-copia\/\" \/>\n<meta property=\"og:site_name\" content=\"Erresse Shop\" \/>\n<meta property=\"article:modified_time\" content=\"2025-02-14T13:32:48+00:00\" \/>\n<meta property=\"og:image\" content=\"https:\/\/www.erresse-shop.it\/wp-content\/uploads\/2025\/02\/MR.-WATTSON-Norbitt-Lampada-LED-Cloudy-Blue.jpg\" \/>\n\t<meta property=\"og:image:width\" content=\"1200\" \/>\n\t<meta property=\"og:image:height\" content=\"1200\" \/>\n\t<meta property=\"og:image:type\" content=\"image\/jpeg\" \/>\n<meta name=\"twitter:card\" content=\"summary_large_image\" \/>\n<script type=\"application\/ld+json\" class=\"yoast-schema-graph\">{\"@context\":\"https:\/\/schema.org\",\"@graph\":[{\"@type\":\"WebPage\",\"@id\":\"https:\/\/www.erresse-shop.it\/fr\/shop\/ameublement-maison\/lampes\/mr-wattson-lampe-led-norbitt-2-0-cosmic-chrome-copia\/\",\"url\":\"https:\/\/www.erresse-shop.it\/fr\/shop\/ameublement-maison\/lampes\/mr-wattson-lampe-led-norbitt-2-0-cosmic-chrome-copia\/\",\"name\":\"MR. WATTSON Lampe de Table LED Mini Lava Grey\",\"isPartOf\":{\"@id\":\"https:\/\/www.erresse-shop.it\/fr\/#website\"},\"datePublished\":\"2025-02-14T13:03:46+00:00\",\"dateModified\":\"2025-02-14T13:32:48+00:00\",\"description\":\"D\u00e9couvrez MR. WATTSON Lampe de Table LED Mini Lava Grey sur ErresseShop. Qualit\u00e9, prix r\u00e9duits et achat s\u00e9curis\u00e9 \u2013 commandez d\u00e8s maintenant en ligne !\",\"breadcrumb\":{\"@id\":\"https:\/\/www.erresse-shop.it\/fr\/shop\/ameublement-maison\/lampes\/mr-wattson-lampe-led-norbitt-2-0-cosmic-chrome-copia\/#breadcrumb\"},\"inLanguage\":\"fr-FR\",\"potentialAction\":[{\"@type\":\"ReadAction\",\"target\":[\"https:\/\/www.erresse-shop.it\/fr\/shop\/ameublement-maison\/lampes\/mr-wattson-lampe-led-norbitt-2-0-cosmic-chrome-copia\/\"]}]},{\"@type\":\"BreadcrumbList\",\"@id\":\"https:\/\/www.erresse-shop.it\/fr\/shop\/ameublement-maison\/lampes\/mr-wattson-lampe-led-norbitt-2-0-cosmic-chrome-copia\/#breadcrumb\",\"itemListElement\":[{\"@type\":\"ListItem\",\"position\":1,\"name\":\"Home\",\"item\":\"https:\/\/www.erresse-shop.it\/fr\/\"},{\"@type\":\"ListItem\",\"position\":2,\"name\":\"Shop\",\"item\":\"https:\/\/www.erresse-shop.it\/fr\/shop\/\"},{\"@type\":\"ListItem\",\"position\":3,\"name\":\"MR. WATTSON Lampe LED Norbitt Cloudy Blue\"}]},{\"@type\":\"WebSite\",\"@id\":\"https:\/\/www.erresse-shop.it\/fr\/#website\",\"url\":\"https:\/\/www.erresse-shop.it\/fr\/\",\"name\":\"Erresse Shop\",\"description\":\"Articoli di qualit\u00e0 per la casa\",\"potentialAction\":[{\"@type\":\"SearchAction\",\"target\":{\"@type\":\"EntryPoint\",\"urlTemplate\":\"https:\/\/www.erresse-shop.it\/fr\/?s={search_term_string}\"},\"query-input\":\"required name=search_term_string\"}],\"inLanguage\":\"fr-FR\"}]}<\/script>\n<!-- \/ Yoast SEO Premium plugin. -->","yoast_head_json":{"title":"MR. WATTSON Lampe de Table LED Mini Lava Grey","description":"D\u00e9couvrez MR. WATTSON Lampe de Table LED Mini Lava Grey sur ErresseShop. Qualit\u00e9, prix r\u00e9duits et achat s\u00e9curis\u00e9 \u2013 commandez d\u00e8s maintenant en ligne !","robots":{"index":"index","follow":"follow","max-snippet":"max-snippet:-1","max-image-preview":"max-image-preview:large","max-video-preview":"max-video-preview:-1"},"canonical":"https:\/\/www.erresse-shop.it\/fr\/shop\/ameublement-maison\/lampes\/mr-wattson-lampe-led-norbitt-2-0-cosmic-chrome-copia\/","og_locale":"fr_FR","og_type":"article","og_title":"MR. WATTSON Lampe LED Norbitt Cloudy Blue","og_description":"D\u00e9couvrez MR. WATTSON Lampe de Table LED Mini Lava Grey sur ErresseShop. Qualit\u00e9, prix r\u00e9duits et achat s\u00e9curis\u00e9 \u2013 commandez d\u00e8s maintenant en ligne !","og_url":"https:\/\/www.erresse-shop.it\/fr\/shop\/ameublement-maison\/lampes\/mr-wattson-lampe-led-norbitt-2-0-cosmic-chrome-copia\/","og_site_name":"Erresse Shop","article_modified_time":"2025-02-14T13:32:48+00:00","og_image":[{"width":1200,"height":1200,"url":"https:\/\/www.erresse-shop.it\/wp-content\/uploads\/2025\/02\/MR.-WATTSON-Norbitt-Lampada-LED-Cloudy-Blue.jpg","type":"image\/jpeg"}],"twitter_card":"summary_large_image","schema":{"@context":"https:\/\/schema.org","@graph":[{"@type":"WebPage","@id":"https:\/\/www.erresse-shop.it\/fr\/shop\/ameublement-maison\/lampes\/mr-wattson-lampe-led-norbitt-2-0-cosmic-chrome-copia\/","url":"https:\/\/www.erresse-shop.it\/fr\/shop\/ameublement-maison\/lampes\/mr-wattson-lampe-led-norbitt-2-0-cosmic-chrome-copia\/","name":"MR. WATTSON Lampe de Table LED Mini Lava Grey","isPartOf":{"@id":"https:\/\/www.erresse-shop.it\/fr\/#website"},"datePublished":"2025-02-14T13:03:46+00:00","dateModified":"2025-02-14T13:32:48+00:00","description":"D\u00e9couvrez MR. WATTSON Lampe de Table LED Mini Lava Grey sur ErresseShop. Qualit\u00e9, prix r\u00e9duits et achat s\u00e9curis\u00e9 \u2013 commandez d\u00e8s maintenant en ligne !","breadcrumb":{"@id":"https:\/\/www.erresse-shop.it\/fr\/shop\/ameublement-maison\/lampes\/mr-wattson-lampe-led-norbitt-2-0-cosmic-chrome-copia\/#breadcrumb"},"inLanguage":"fr-FR","potentialAction":[{"@type":"ReadAction","target":["https:\/\/www.erresse-shop.it\/fr\/shop\/ameublement-maison\/lampes\/mr-wattson-lampe-led-norbitt-2-0-cosmic-chrome-copia\/"]}]},{"@type":"BreadcrumbList","@id":"https:\/\/www.erresse-shop.it\/fr\/shop\/ameublement-maison\/lampes\/mr-wattson-lampe-led-norbitt-2-0-cosmic-chrome-copia\/#breadcrumb","itemListElement":[{"@type":"ListItem","position":1,"name":"Home","item":"https:\/\/www.erresse-shop.it\/fr\/"},{"@type":"ListItem","position":2,"name":"Shop","item":"https:\/\/www.erresse-shop.it\/fr\/shop\/"},{"@type":"ListItem","position":3,"name":"MR. WATTSON Lampe LED Norbitt Cloudy Blue"}]},{"@type":"WebSite","@id":"https:\/\/www.erresse-shop.it\/fr\/#website","url":"https:\/\/www.erresse-shop.it\/fr\/","name":"Erresse Shop","description":"Articoli di qualit\u00e0 per la casa","potentialAction":[{"@type":"SearchAction","target":{"@type":"EntryPoint","urlTemplate":"https:\/\/www.erresse-shop.it\/fr\/?s={search_term_string}"},"query-input":"required name=search_term_string"}],"inLanguage":"fr-FR"}]}},"df_price":59.4,"df_sale_price":59.4,"df_regular_price":99,"df_image_link":"https:\/\/www.erresse-shop.it\/wp-content\/uploads\/2025\/02\/MR.-WATTSON-Norbitt-Lampada-LED-Cloudy-Blue-300x300.jpg","_links":{"self":[{"href":"https:\/\/www.erresse-shop.it\/fr\/wp-json\/wp\/v2\/product\/468983"}],"collection":[{"href":"https:\/\/www.erresse-shop.it\/fr\/wp-json\/wp\/v2\/product"}],"about":[{"href":"https:\/\/www.erresse-shop.it\/fr\/wp-json\/wp\/v2\/types\/product"}],"wp:featuredmedia":[{"embeddable":true,"href":"https:\/\/www.erresse-shop.it\/fr\/wp-json\/wp\/v2\/media\/469020"}],"wp:attachment":[{"href":"https:\/\/www.erresse-shop.it\/fr\/wp-json\/wp\/v2\/media?parent=468983"}],"wp:term":[{"taxonomy":"product_cat","embeddable":true,"href":"https:\/\/www.erresse-shop.it\/fr\/wp-json\/wp\/v2\/product_cat?post=468983"},{"taxonomy":"product_tag","embeddable":true,"href":"https:\/\/www.erresse-shop.it\/fr\/wp-json\/wp\/v2\/product_tag?post=468983"}],"curies":[{"name":"wp","href":"https:\/\/api.w.org\/{rel}","templated":true}]}}