{"id":468960,"date":"2025-02-14T11:24:55","date_gmt":"2025-02-14T11:24:56","guid":{"rendered":"https:\/\/www.erresse-shop.it\/?post_type=product&#038;p=468960"},"modified":"2026-02-23T11:15:18","modified_gmt":"2026-02-23T11:15:18","slug":"mr-wattson-lampe-led-norbitt-2-0-cosmic-chrome","status":"publish","type":"product","link":"https:\/\/www.erresse-shop.it\/fr\/shop\/ameublement-maison\/lampes\/mr-wattson-lampe-led-norbitt-2-0-cosmic-chrome\/","title":{"rendered":"MR. WATTSON Lampe LED Norbitt 2.0 Cosmic Chrome"},"content":{"rendered":"<p>Pr\u00e9parez-vous \u00e0 d\u00e9coller avec Norbitt dans son nouveau costume \u00e9blouissant : Cosmic Chrome ! C&#8217;est comme si ce Norbitt sortait tout droit d&#8217;un film de science-fiction ou empruntait un peu de faste \u00e0 un vaisseau spatial futuriste. C&#8217;est \u00e9l\u00e9gant, c&#8217;est tendance, c&#8217;est du glamour intergalactique ! Attachez vos ceintures, car votre spectacle de lumi\u00e8re est sur le point de passer \u00e0 une vitesse fulgurante !<\/p>\n<p>Cet explorateur rechargeable est compact mais puissant, \u00e9clairant n&#8217;importe quel angle avec une rotation \u00e0 360 degr\u00e9s. Norbitt propose trois r\u00e9glages de gradation pour cr\u00e9er l\u2019ambiance, de \u00ab la lumi\u00e8re subtile des \u00e9toiles \u00bb \u00e0 la \u00ab disco interstellaire \u00bb. Norbitt peut \u00e9galement vous accompagner dans vos aventures en plein air, que vous fassiez griller des guimauves ou que vous observiez les \u00e9toiles, son pr\u00e9f\u00e9r\u00e9.<\/p>\n<p><strong>Sp\u00e9cifications\u00a0:<\/strong><\/p>\n<ul>\n<li>Le c\u00e2ble mesure 1,5 m de long.<\/li>\n<li>Equip\u00e9 d&#8217;un interrupteur et d&#8217;une prise europ\u00e9enne.<\/li>\n<li>Dimensions (L x l x H) : 8,3 x 10 x 12 cm<\/li>\n<li>LED 1,3 W<\/li>\n<\/ul>\n","protected":false},"excerpt":{"rendered":"<p>Pr\u00e9parez-vous \u00e0 d\u00e9coller avec Norbitt dans son nouveau costume \u00e9blouissant : Cosmic Chrome ! C&#8217;est comme si ce Norbitt sortait<\/p>\n","protected":false},"featured_media":468978,"template":"","meta":{"_acf_changed":false,"inline_featured_image":false},"product_cat":[12738,12741],"product_tag":[25026,23910,25021,12793,22879,13222],"acf":[],"yoast_head":"<!-- This site is optimized with the Yoast SEO Premium plugin v18.6 (Yoast SEO v19.13) - https:\/\/yoast.com\/wordpress\/plugins\/seo\/ -->\n<title>MR. WATTSON Lampe LED Norbitt 2.0 Cosmic Chrome - Erresse Shop<\/title>\n<meta name=\"description\" content=\"Pr\u00e9parez-vous \u00e0 d\u00e9coller avec Norbitt dans son nouveau costume \u00e9blouissant : Cosmic Chrome ! C&#039;est comme si ce Norbitt sortait tout droit d&#039;un film de\" \/>\n<meta name=\"robots\" content=\"index, follow, max-snippet:-1, max-image-preview:large, max-video-preview:-1\" \/>\n<link rel=\"canonical\" href=\"https:\/\/www.erresse-shop.it\/fr\/shop\/ameublement-maison\/lampes\/mr-wattson-lampe-led-norbitt-2-0-cosmic-chrome\/\" \/>\n<meta property=\"og:locale\" content=\"fr_FR\" \/>\n<meta property=\"og:type\" content=\"article\" \/>\n<meta property=\"og:title\" content=\"MR. WATTSON Lampe LED Norbitt 2.0 Cosmic Chrome\" \/>\n<meta property=\"og:description\" content=\"Pr\u00e9parez-vous \u00e0 d\u00e9coller avec Norbitt dans son nouveau costume \u00e9blouissant : Cosmic Chrome ! C&#039;est comme si ce Norbitt sortait tout droit d&#039;un film de\" \/>\n<meta property=\"og:url\" content=\"https:\/\/www.erresse-shop.it\/fr\/shop\/ameublement-maison\/lampes\/mr-wattson-lampe-led-norbitt-2-0-cosmic-chrome\/\" \/>\n<meta property=\"og:site_name\" content=\"Erresse Shop\" \/>\n<meta property=\"article:modified_time\" content=\"2026-02-23T11:15:18+00:00\" \/>\n<meta property=\"og:image\" content=\"https:\/\/www.erresse-shop.it\/wp-content\/uploads\/2025\/02\/MR.-WATTSON-Norbit-2.0-Lampada-LED-Cosmic-Chrome.jpg\" \/>\n\t<meta property=\"og:image:width\" content=\"1200\" \/>\n\t<meta property=\"og:image:height\" content=\"1200\" \/>\n\t<meta property=\"og:image:type\" content=\"image\/jpeg\" \/>\n<meta name=\"twitter:card\" content=\"summary_large_image\" \/>\n<script type=\"application\/ld+json\" class=\"yoast-schema-graph\">{\"@context\":\"https:\/\/schema.org\",\"@graph\":[{\"@type\":\"WebPage\",\"@id\":\"https:\/\/www.erresse-shop.it\/fr\/shop\/ameublement-maison\/lampes\/mr-wattson-lampe-led-norbitt-2-0-cosmic-chrome\/\",\"url\":\"https:\/\/www.erresse-shop.it\/fr\/shop\/ameublement-maison\/lampes\/mr-wattson-lampe-led-norbitt-2-0-cosmic-chrome\/\",\"name\":\"MR. WATTSON Lampe LED Norbitt 2.0 Cosmic Chrome - Erresse Shop\",\"isPartOf\":{\"@id\":\"https:\/\/www.erresse-shop.it\/fr\/#website\"},\"datePublished\":\"2025-02-14T11:24:56+00:00\",\"dateModified\":\"2026-02-23T11:15:18+00:00\",\"description\":\"Pr\u00e9parez-vous \u00e0 d\u00e9coller avec Norbitt dans son nouveau costume \u00e9blouissant : Cosmic Chrome ! C'est comme si ce Norbitt sortait tout droit d'un film de\",\"breadcrumb\":{\"@id\":\"https:\/\/www.erresse-shop.it\/fr\/shop\/ameublement-maison\/lampes\/mr-wattson-lampe-led-norbitt-2-0-cosmic-chrome\/#breadcrumb\"},\"inLanguage\":\"fr-FR\",\"potentialAction\":[{\"@type\":\"ReadAction\",\"target\":[\"https:\/\/www.erresse-shop.it\/fr\/shop\/ameublement-maison\/lampes\/mr-wattson-lampe-led-norbitt-2-0-cosmic-chrome\/\"]}]},{\"@type\":\"BreadcrumbList\",\"@id\":\"https:\/\/www.erresse-shop.it\/fr\/shop\/ameublement-maison\/lampes\/mr-wattson-lampe-led-norbitt-2-0-cosmic-chrome\/#breadcrumb\",\"itemListElement\":[{\"@type\":\"ListItem\",\"position\":1,\"name\":\"Home\",\"item\":\"https:\/\/www.erresse-shop.it\/fr\/\"},{\"@type\":\"ListItem\",\"position\":2,\"name\":\"Shop\",\"item\":\"https:\/\/www.erresse-shop.it\/fr\/shop\/\"},{\"@type\":\"ListItem\",\"position\":3,\"name\":\"MR. WATTSON Lampe LED Norbitt 2.0 Cosmic Chrome\"}]},{\"@type\":\"WebSite\",\"@id\":\"https:\/\/www.erresse-shop.it\/fr\/#website\",\"url\":\"https:\/\/www.erresse-shop.it\/fr\/\",\"name\":\"Erresse Shop\",\"description\":\"Articoli di qualit\u00e0 per la casa\",\"potentialAction\":[{\"@type\":\"SearchAction\",\"target\":{\"@type\":\"EntryPoint\",\"urlTemplate\":\"https:\/\/www.erresse-shop.it\/fr\/?s={search_term_string}\"},\"query-input\":\"required name=search_term_string\"}],\"inLanguage\":\"fr-FR\"}]}<\/script>\n<!-- \/ Yoast SEO Premium plugin. -->","yoast_head_json":{"title":"MR. WATTSON Lampe LED Norbitt 2.0 Cosmic Chrome - Erresse Shop","description":"Pr\u00e9parez-vous \u00e0 d\u00e9coller avec Norbitt dans son nouveau costume \u00e9blouissant : Cosmic Chrome ! C'est comme si ce Norbitt sortait tout droit d'un film de","robots":{"index":"index","follow":"follow","max-snippet":"max-snippet:-1","max-image-preview":"max-image-preview:large","max-video-preview":"max-video-preview:-1"},"canonical":"https:\/\/www.erresse-shop.it\/fr\/shop\/ameublement-maison\/lampes\/mr-wattson-lampe-led-norbitt-2-0-cosmic-chrome\/","og_locale":"fr_FR","og_type":"article","og_title":"MR. WATTSON Lampe LED Norbitt 2.0 Cosmic Chrome","og_description":"Pr\u00e9parez-vous \u00e0 d\u00e9coller avec Norbitt dans son nouveau costume \u00e9blouissant : Cosmic Chrome ! C'est comme si ce Norbitt sortait tout droit d'un film de","og_url":"https:\/\/www.erresse-shop.it\/fr\/shop\/ameublement-maison\/lampes\/mr-wattson-lampe-led-norbitt-2-0-cosmic-chrome\/","og_site_name":"Erresse Shop","article_modified_time":"2026-02-23T11:15:18+00:00","og_image":[{"width":1200,"height":1200,"url":"https:\/\/www.erresse-shop.it\/wp-content\/uploads\/2025\/02\/MR.-WATTSON-Norbit-2.0-Lampada-LED-Cosmic-Chrome.jpg","type":"image\/jpeg"}],"twitter_card":"summary_large_image","schema":{"@context":"https:\/\/schema.org","@graph":[{"@type":"WebPage","@id":"https:\/\/www.erresse-shop.it\/fr\/shop\/ameublement-maison\/lampes\/mr-wattson-lampe-led-norbitt-2-0-cosmic-chrome\/","url":"https:\/\/www.erresse-shop.it\/fr\/shop\/ameublement-maison\/lampes\/mr-wattson-lampe-led-norbitt-2-0-cosmic-chrome\/","name":"MR. WATTSON Lampe LED Norbitt 2.0 Cosmic Chrome - Erresse Shop","isPartOf":{"@id":"https:\/\/www.erresse-shop.it\/fr\/#website"},"datePublished":"2025-02-14T11:24:56+00:00","dateModified":"2026-02-23T11:15:18+00:00","description":"Pr\u00e9parez-vous \u00e0 d\u00e9coller avec Norbitt dans son nouveau costume \u00e9blouissant : Cosmic Chrome ! C'est comme si ce Norbitt sortait tout droit d'un film de","breadcrumb":{"@id":"https:\/\/www.erresse-shop.it\/fr\/shop\/ameublement-maison\/lampes\/mr-wattson-lampe-led-norbitt-2-0-cosmic-chrome\/#breadcrumb"},"inLanguage":"fr-FR","potentialAction":[{"@type":"ReadAction","target":["https:\/\/www.erresse-shop.it\/fr\/shop\/ameublement-maison\/lampes\/mr-wattson-lampe-led-norbitt-2-0-cosmic-chrome\/"]}]},{"@type":"BreadcrumbList","@id":"https:\/\/www.erresse-shop.it\/fr\/shop\/ameublement-maison\/lampes\/mr-wattson-lampe-led-norbitt-2-0-cosmic-chrome\/#breadcrumb","itemListElement":[{"@type":"ListItem","position":1,"name":"Home","item":"https:\/\/www.erresse-shop.it\/fr\/"},{"@type":"ListItem","position":2,"name":"Shop","item":"https:\/\/www.erresse-shop.it\/fr\/shop\/"},{"@type":"ListItem","position":3,"name":"MR. WATTSON Lampe LED Norbitt 2.0 Cosmic Chrome"}]},{"@type":"WebSite","@id":"https:\/\/www.erresse-shop.it\/fr\/#website","url":"https:\/\/www.erresse-shop.it\/fr\/","name":"Erresse Shop","description":"Articoli di qualit\u00e0 per la casa","potentialAction":[{"@type":"SearchAction","target":{"@type":"EntryPoint","urlTemplate":"https:\/\/www.erresse-shop.it\/fr\/?s={search_term_string}"},"query-input":"required name=search_term_string"}],"inLanguage":"fr-FR"}]}},"df_price":69.95,"df_sale_price":69.95,"df_regular_price":119,"df_image_link":"https:\/\/www.erresse-shop.it\/wp-content\/uploads\/2025\/02\/MR.-WATTSON-Norbit-2.0-Lampada-LED-Cosmic-Chrome-300x300.jpg","_links":{"self":[{"href":"https:\/\/www.erresse-shop.it\/fr\/wp-json\/wp\/v2\/product\/468960"}],"collection":[{"href":"https:\/\/www.erresse-shop.it\/fr\/wp-json\/wp\/v2\/product"}],"about":[{"href":"https:\/\/www.erresse-shop.it\/fr\/wp-json\/wp\/v2\/types\/product"}],"wp:featuredmedia":[{"embeddable":true,"href":"https:\/\/www.erresse-shop.it\/fr\/wp-json\/wp\/v2\/media\/468978"}],"wp:attachment":[{"href":"https:\/\/www.erresse-shop.it\/fr\/wp-json\/wp\/v2\/media?parent=468960"}],"wp:term":[{"taxonomy":"product_cat","embeddable":true,"href":"https:\/\/www.erresse-shop.it\/fr\/wp-json\/wp\/v2\/product_cat?post=468960"},{"taxonomy":"product_tag","embeddable":true,"href":"https:\/\/www.erresse-shop.it\/fr\/wp-json\/wp\/v2\/product_tag?post=468960"}],"curies":[{"name":"wp","href":"https:\/\/api.w.org\/{rel}","templated":true}]}}