{"id":468821,"date":"2025-02-14T08:06:13","date_gmt":"2025-02-14T08:06:18","guid":{"rendered":"https:\/\/www.erresse-shop.it\/?post_type=product&#038;p=468821"},"modified":"2025-02-14T08:31:10","modified_gmt":"2025-02-14T08:31:10","slug":"baci-milano-gli-inseparabili-buste-de-mr-black-32cm-copia","status":"publish","type":"product","link":"https:\/\/www.erresse-shop.it\/fr\/shop\/ameublement-maison\/objets-de-decoration\/baci-milano-gli-inseparabili-buste-de-mr-black-32cm-copia\/","title":{"rendered":"BACI MILANO Gli Inseparabili Serre-livres M. Black &#038; Mme White 26 cm"},"content":{"rendered":"<section class=\"\u00e9l\u00e9mentou-section\u00e9l\u00e9mentou-top-section\u00e9l\u00e9mentou-element\u00e9l\u00e9mentou-element-b5abae8\u00e9l\u00e9mentou-section-boxed\u00e9l\u00e9mentou-section-height-default\u00e9l\u00e9mentou-section-height-default\" data-id=\"b5abae8\" data-element_type=\"section\">\n<div class=\"elementor-containerelementor-column-gap-default\">\n<div class=\"\u00e9l\u00e9mentor-columnelementor-col-100\u00e9l\u00e9mentor-top-columnelementor-elementelementor-element-cf64e8a\" data-id=\"cf64e8a\" data-element_type=\"column\">\n<div class=\"elementor-widget-wrapelementor-element-populated\">\n<div class=\"\u00e9l\u00e9mentor-\u00e9l\u00e9ment\u00e9l\u00e9mentor-\u00e9l\u00e9ment-5be263felementor-widget\u00e9l\u00e9mentor-widget-heading\" data-id=\"5be263f\" data-element_type=\"widget\" data-widget_type=\"heading.default\">\n<div class=\"elementor-widget-container\">\n<p>Affichez votre personnalit\u00e9 unique avec les Ins\u00e9parables Mrs. White &amp; Monsieur Black de Baci Milano.<\/p>\n<p>Combinez fonctionnalit\u00e9 et style avec ces deux amis ins\u00e9parables pour former un design unique. Une touche de joie et de style \u00e0 votre espace personnel. (Montrez qui est le vrai patron de la biblioth\u00e8que !<\/p>\n<p>L&#8217;art du contraste noir et blanc prend vie avec la paire de serre-livres &#8220;Gli Inseparabili&#8221; Mme White et M. Black de Baci Milano.<\/p>\n<p>Une combinaison parfaite d&#8217;\u00e9l\u00e9gance et de modernit\u00e9, avec des lignes \u00e9pur\u00e9es et sophistiqu\u00e9es. Laissez-vous inspirer par ces deux protagonistes qui incarnent le style contemporain et ajoutent une touche de sophistication \u00e0 votre collection.<\/p>\n<\/div>\n<\/div>\n<\/div>\n<\/div>\n<p><strong>Mat\u00e9riau<\/strong> : R\u00e9sine<br \/>\n<strong>Dimensions<\/strong> : H 26 cm<\/p>\n<\/div>\n<\/section>\n","protected":false},"excerpt":{"rendered":"<p>Affichez votre personnalit\u00e9 unique avec les Ins\u00e9parables Mrs. White &amp; Monsieur Black de Baci Milano. Combinez fonctionnalit\u00e9 et style avec<\/p>\n","protected":false},"featured_media":468832,"template":"","meta":{"_acf_changed":false,"inline_featured_image":false},"product_cat":[12738,14441],"product_tag":[25026,25021,12856,13014,19376],"acf":[],"yoast_head":"<!-- This site is optimized with the Yoast SEO Premium plugin v18.6 (Yoast SEO v19.13) - https:\/\/yoast.com\/wordpress\/plugins\/seo\/ -->\n<title>BACI MILANO Couple de t\u00eate blanc 32cm<\/title>\n<meta name=\"description\" content=\"D\u00e9couvrez BACI MILANO Couple de t\u00eate blanc 32cm sur ErresseShop. Qualit\u00e9, prix r\u00e9duits et achat s\u00e9curis\u00e9 \u2013 commandez d\u00e8s maintenant en ligne !\" \/>\n<meta name=\"robots\" content=\"index, follow, max-snippet:-1, max-image-preview:large, max-video-preview:-1\" \/>\n<link rel=\"canonical\" href=\"https:\/\/www.erresse-shop.it\/fr\/shop\/ameublement-maison\/objets-de-decoration\/baci-milano-gli-inseparabili-buste-de-mr-black-32cm-copia\/\" \/>\n<meta property=\"og:locale\" content=\"fr_FR\" \/>\n<meta property=\"og:type\" content=\"article\" \/>\n<meta property=\"og:title\" content=\"BACI MILANO Gli Inseparabili Serre-livres M. Black &amp; Mme White 26 cm\" \/>\n<meta property=\"og:description\" content=\"D\u00e9couvrez BACI MILANO Couple de t\u00eate blanc 32cm sur ErresseShop. Qualit\u00e9, prix r\u00e9duits et achat s\u00e9curis\u00e9 \u2013 commandez d\u00e8s maintenant en ligne !\" \/>\n<meta property=\"og:url\" content=\"https:\/\/www.erresse-shop.it\/fr\/shop\/ameublement-maison\/objets-de-decoration\/baci-milano-gli-inseparabili-buste-de-mr-black-32cm-copia\/\" \/>\n<meta property=\"og:site_name\" content=\"Erresse Shop\" \/>\n<meta property=\"article:modified_time\" content=\"2025-02-14T08:31:10+00:00\" \/>\n<meta property=\"og:image\" content=\"https:\/\/www.erresse-shop.it\/wp-content\/uploads\/2025\/02\/BACI-MILANO-Gli-Inseparabili-Fermalibro-Mr.-Black-Mrs.-White-26-cm.jpg\" \/>\n\t<meta property=\"og:image:width\" content=\"1200\" \/>\n\t<meta property=\"og:image:height\" content=\"1200\" \/>\n\t<meta property=\"og:image:type\" content=\"image\/jpeg\" \/>\n<meta name=\"twitter:card\" content=\"summary_large_image\" \/>\n<script type=\"application\/ld+json\" class=\"yoast-schema-graph\">{\"@context\":\"https:\/\/schema.org\",\"@graph\":[{\"@type\":\"WebPage\",\"@id\":\"https:\/\/www.erresse-shop.it\/fr\/shop\/ameublement-maison\/objets-de-decoration\/baci-milano-gli-inseparabili-buste-de-mr-black-32cm-copia\/\",\"url\":\"https:\/\/www.erresse-shop.it\/fr\/shop\/ameublement-maison\/objets-de-decoration\/baci-milano-gli-inseparabili-buste-de-mr-black-32cm-copia\/\",\"name\":\"BACI MILANO Couple de t\u00eate blanc 32cm\",\"isPartOf\":{\"@id\":\"https:\/\/www.erresse-shop.it\/fr\/#website\"},\"datePublished\":\"2025-02-14T08:06:18+00:00\",\"dateModified\":\"2025-02-14T08:31:10+00:00\",\"description\":\"D\u00e9couvrez BACI MILANO Couple de t\u00eate blanc 32cm sur ErresseShop. Qualit\u00e9, prix r\u00e9duits et achat s\u00e9curis\u00e9 \u2013 commandez d\u00e8s maintenant en ligne !\",\"breadcrumb\":{\"@id\":\"https:\/\/www.erresse-shop.it\/fr\/shop\/ameublement-maison\/objets-de-decoration\/baci-milano-gli-inseparabili-buste-de-mr-black-32cm-copia\/#breadcrumb\"},\"inLanguage\":\"fr-FR\",\"potentialAction\":[{\"@type\":\"ReadAction\",\"target\":[\"https:\/\/www.erresse-shop.it\/fr\/shop\/ameublement-maison\/objets-de-decoration\/baci-milano-gli-inseparabili-buste-de-mr-black-32cm-copia\/\"]}]},{\"@type\":\"BreadcrumbList\",\"@id\":\"https:\/\/www.erresse-shop.it\/fr\/shop\/ameublement-maison\/objets-de-decoration\/baci-milano-gli-inseparabili-buste-de-mr-black-32cm-copia\/#breadcrumb\",\"itemListElement\":[{\"@type\":\"ListItem\",\"position\":1,\"name\":\"Home\",\"item\":\"https:\/\/www.erresse-shop.it\/fr\/\"},{\"@type\":\"ListItem\",\"position\":2,\"name\":\"Shop\",\"item\":\"https:\/\/www.erresse-shop.it\/fr\/shop\/\"},{\"@type\":\"ListItem\",\"position\":3,\"name\":\"BACI MILANO Gli Inseparabili Serre-livres M. Black &#038; Mme White 26 cm\"}]},{\"@type\":\"WebSite\",\"@id\":\"https:\/\/www.erresse-shop.it\/fr\/#website\",\"url\":\"https:\/\/www.erresse-shop.it\/fr\/\",\"name\":\"Erresse Shop\",\"description\":\"Articoli di qualit\u00e0 per la casa\",\"potentialAction\":[{\"@type\":\"SearchAction\",\"target\":{\"@type\":\"EntryPoint\",\"urlTemplate\":\"https:\/\/www.erresse-shop.it\/fr\/?s={search_term_string}\"},\"query-input\":\"required name=search_term_string\"}],\"inLanguage\":\"fr-FR\"}]}<\/script>\n<!-- \/ Yoast SEO Premium plugin. -->","yoast_head_json":{"title":"BACI MILANO Couple de t\u00eate blanc 32cm","description":"D\u00e9couvrez BACI MILANO Couple de t\u00eate blanc 32cm sur ErresseShop. Qualit\u00e9, prix r\u00e9duits et achat s\u00e9curis\u00e9 \u2013 commandez d\u00e8s maintenant en ligne !","robots":{"index":"index","follow":"follow","max-snippet":"max-snippet:-1","max-image-preview":"max-image-preview:large","max-video-preview":"max-video-preview:-1"},"canonical":"https:\/\/www.erresse-shop.it\/fr\/shop\/ameublement-maison\/objets-de-decoration\/baci-milano-gli-inseparabili-buste-de-mr-black-32cm-copia\/","og_locale":"fr_FR","og_type":"article","og_title":"BACI MILANO Gli Inseparabili Serre-livres M. Black & Mme White 26 cm","og_description":"D\u00e9couvrez BACI MILANO Couple de t\u00eate blanc 32cm sur ErresseShop. Qualit\u00e9, prix r\u00e9duits et achat s\u00e9curis\u00e9 \u2013 commandez d\u00e8s maintenant en ligne !","og_url":"https:\/\/www.erresse-shop.it\/fr\/shop\/ameublement-maison\/objets-de-decoration\/baci-milano-gli-inseparabili-buste-de-mr-black-32cm-copia\/","og_site_name":"Erresse Shop","article_modified_time":"2025-02-14T08:31:10+00:00","og_image":[{"width":1200,"height":1200,"url":"https:\/\/www.erresse-shop.it\/wp-content\/uploads\/2025\/02\/BACI-MILANO-Gli-Inseparabili-Fermalibro-Mr.-Black-Mrs.-White-26-cm.jpg","type":"image\/jpeg"}],"twitter_card":"summary_large_image","schema":{"@context":"https:\/\/schema.org","@graph":[{"@type":"WebPage","@id":"https:\/\/www.erresse-shop.it\/fr\/shop\/ameublement-maison\/objets-de-decoration\/baci-milano-gli-inseparabili-buste-de-mr-black-32cm-copia\/","url":"https:\/\/www.erresse-shop.it\/fr\/shop\/ameublement-maison\/objets-de-decoration\/baci-milano-gli-inseparabili-buste-de-mr-black-32cm-copia\/","name":"BACI MILANO Couple de t\u00eate blanc 32cm","isPartOf":{"@id":"https:\/\/www.erresse-shop.it\/fr\/#website"},"datePublished":"2025-02-14T08:06:18+00:00","dateModified":"2025-02-14T08:31:10+00:00","description":"D\u00e9couvrez BACI MILANO Couple de t\u00eate blanc 32cm sur ErresseShop. Qualit\u00e9, prix r\u00e9duits et achat s\u00e9curis\u00e9 \u2013 commandez d\u00e8s maintenant en ligne !","breadcrumb":{"@id":"https:\/\/www.erresse-shop.it\/fr\/shop\/ameublement-maison\/objets-de-decoration\/baci-milano-gli-inseparabili-buste-de-mr-black-32cm-copia\/#breadcrumb"},"inLanguage":"fr-FR","potentialAction":[{"@type":"ReadAction","target":["https:\/\/www.erresse-shop.it\/fr\/shop\/ameublement-maison\/objets-de-decoration\/baci-milano-gli-inseparabili-buste-de-mr-black-32cm-copia\/"]}]},{"@type":"BreadcrumbList","@id":"https:\/\/www.erresse-shop.it\/fr\/shop\/ameublement-maison\/objets-de-decoration\/baci-milano-gli-inseparabili-buste-de-mr-black-32cm-copia\/#breadcrumb","itemListElement":[{"@type":"ListItem","position":1,"name":"Home","item":"https:\/\/www.erresse-shop.it\/fr\/"},{"@type":"ListItem","position":2,"name":"Shop","item":"https:\/\/www.erresse-shop.it\/fr\/shop\/"},{"@type":"ListItem","position":3,"name":"BACI MILANO Gli Inseparabili Serre-livres M. Black &#038; Mme White 26 cm"}]},{"@type":"WebSite","@id":"https:\/\/www.erresse-shop.it\/fr\/#website","url":"https:\/\/www.erresse-shop.it\/fr\/","name":"Erresse Shop","description":"Articoli di qualit\u00e0 per la casa","potentialAction":[{"@type":"SearchAction","target":{"@type":"EntryPoint","urlTemplate":"https:\/\/www.erresse-shop.it\/fr\/?s={search_term_string}"},"query-input":"required name=search_term_string"}],"inLanguage":"fr-FR"}]}},"df_price":62,"df_sale_price":62,"df_regular_price":124,"df_image_link":"https:\/\/www.erresse-shop.it\/wp-content\/uploads\/2025\/02\/BACI-MILANO-Gli-Inseparabili-Fermalibro-Mr.-Black-Mrs.-White-26-cm-300x300.jpg","_links":{"self":[{"href":"https:\/\/www.erresse-shop.it\/fr\/wp-json\/wp\/v2\/product\/468821"}],"collection":[{"href":"https:\/\/www.erresse-shop.it\/fr\/wp-json\/wp\/v2\/product"}],"about":[{"href":"https:\/\/www.erresse-shop.it\/fr\/wp-json\/wp\/v2\/types\/product"}],"wp:featuredmedia":[{"embeddable":true,"href":"https:\/\/www.erresse-shop.it\/fr\/wp-json\/wp\/v2\/media\/468832"}],"wp:attachment":[{"href":"https:\/\/www.erresse-shop.it\/fr\/wp-json\/wp\/v2\/media?parent=468821"}],"wp:term":[{"taxonomy":"product_cat","embeddable":true,"href":"https:\/\/www.erresse-shop.it\/fr\/wp-json\/wp\/v2\/product_cat?post=468821"},{"taxonomy":"product_tag","embeddable":true,"href":"https:\/\/www.erresse-shop.it\/fr\/wp-json\/wp\/v2\/product_tag?post=468821"}],"curies":[{"name":"wp","href":"https:\/\/api.w.org\/{rel}","templated":true}]}}