{"id":468807,"date":"2025-02-14T07:50:16","date_gmt":"2025-02-14T07:50:21","guid":{"rendered":"https:\/\/www.erresse-shop.it\/?post_type=product&#038;p=468807"},"modified":"2026-02-23T11:17:43","modified_gmt":"2026-02-23T11:17:43","slug":"baci-milano-gli-inseparabili-buste-de-mr-black-32cm","status":"publish","type":"product","link":"https:\/\/www.erresse-shop.it\/fr\/shop\/ameublement-maison\/objets-de-decoration\/baci-milano-gli-inseparabili-buste-de-mr-black-32cm\/","title":{"rendered":"BACI MILANO Gli Inseparabili Buste de Mr Black 32cm"},"content":{"rendered":"<section class=\"\u00e9l\u00e9mentou-section\u00e9l\u00e9mentou-top-section\u00e9l\u00e9mentou-element\u00e9l\u00e9mentou-element-b5abae8\u00e9l\u00e9mentou-section-boxed\u00e9l\u00e9mentou-section-height-default\u00e9l\u00e9mentou-section-height-default\" data-id=\"b5abae8\" data-element_type=\"section\">\n<div class=\"elementor-containerelementor-column-gap-default\">\n<div class=\"\u00e9l\u00e9mentor-columnelementor-col-100\u00e9l\u00e9mentor-top-columnelementor-elementelementor-element-cf64e8a\" data-id=\"cf64e8a\" data-element_type=\"column\">\n<div class=\"elementor-widget-wrapelementor-element-populated\">\n<div class=\"\u00e9l\u00e9mentor-\u00e9l\u00e9ment\u00e9l\u00e9mentor-\u00e9l\u00e9ment-5be263felementor-widget\u00e9l\u00e9mentor-widget-heading\" data-id=\"5be263f\" data-element_type=\"widget\" data-widget_type=\"heading.default\">\n<div class=\"elementor-widget-container\">\n<p>Le buste d\u00e9coratif Gli Inseparabili Mr. Black de Baci Milano ajoutera une touche d&#8217;\u00e9l\u00e9gance et d&#8217;originalit\u00e9 \u00e0 votre int\u00e9rieur.<\/p>\n<p>Ce buste repr\u00e9sente l&#8217;union parfaite entre le noir et le blanc, symbole d&#8217;\u00e9quilibre et de compr\u00e9hension dans la relation de couple.<\/p>\n<p>Rehaussez l&#8217;art du contraste avec le buste d\u00e9coratif Baci Milano Les Ins\u00e9parables Mme White &amp; Monsieur Noir. L&#8217;\u00e9l\u00e9gance du blanc se marie harmonieusement \u00e0 la profondeur du noir, cr\u00e9ant un jeu de nuances raffin\u00e9es et modernes.<\/p>\n<p>Les designs raffin\u00e9s de cette collection expriment un style contemporain, tandis que Mrs White et Mr Black symbolisent l&#8217;harmonie parfaite entre les deux couleurs oppos\u00e9es.<\/p>\n<\/div>\n<\/div>\n<\/div>\n<\/div>\n<p><strong>Mat\u00e9riau<\/strong> : R\u00e9sine<br \/>\n<strong>Dimensions<\/strong> : H 32 cm<\/p>\n<\/div>\n<\/section>\n","protected":false},"excerpt":{"rendered":"<p>Le buste d\u00e9coratif Gli Inseparabili Mr. Black de Baci Milano ajoutera une touche d&#8217;\u00e9l\u00e9gance et d&#8217;originalit\u00e9 \u00e0 votre int\u00e9rieur. Ce<\/p>\n","protected":false},"featured_media":468812,"template":"","meta":{"_acf_changed":false,"inline_featured_image":false},"product_cat":[12738,14441],"product_tag":[25026,25021,12856,13014,19376,13849],"acf":[],"yoast_head":"<!-- This site is optimized with the Yoast SEO Premium plugin v18.6 (Yoast SEO v19.13) - https:\/\/yoast.com\/wordpress\/plugins\/seo\/ -->\n<title>BACI MILANO Gli Inseparabili Buste de Mr Black 32cm - Erresse Shop<\/title>\n<meta name=\"description\" content=\"Le buste d\u00e9coratif Gli Inseparabili Mr. Black de Baci Milano ajoutera une touche d&#039;\u00e9l\u00e9gance et d&#039;originalit\u00e9 \u00e0 votre int\u00e9rieur. Ce buste repr\u00e9sente\" \/>\n<meta name=\"robots\" content=\"index, follow, max-snippet:-1, max-image-preview:large, max-video-preview:-1\" \/>\n<link rel=\"canonical\" href=\"https:\/\/www.erresse-shop.it\/fr\/shop\/ameublement-maison\/objets-de-decoration\/baci-milano-gli-inseparabili-buste-de-mr-black-32cm\/\" \/>\n<meta property=\"og:locale\" content=\"fr_FR\" \/>\n<meta property=\"og:type\" content=\"article\" \/>\n<meta property=\"og:title\" content=\"BACI MILANO Gli Inseparabili Buste de Mr Black 32cm\" \/>\n<meta property=\"og:description\" content=\"Le buste d\u00e9coratif Gli Inseparabili Mr. Black de Baci Milano ajoutera une touche d&#039;\u00e9l\u00e9gance et d&#039;originalit\u00e9 \u00e0 votre int\u00e9rieur. Ce buste repr\u00e9sente\" \/>\n<meta property=\"og:url\" content=\"https:\/\/www.erresse-shop.it\/fr\/shop\/ameublement-maison\/objets-de-decoration\/baci-milano-gli-inseparabili-buste-de-mr-black-32cm\/\" \/>\n<meta property=\"og:site_name\" content=\"Erresse Shop\" \/>\n<meta property=\"article:modified_time\" content=\"2026-02-23T11:17:43+00:00\" \/>\n<meta property=\"og:image\" content=\"https:\/\/www.erresse-shop.it\/wp-content\/uploads\/2025\/02\/BACI-MILANO-Gli-Inseparabili-Busto-Mr-Black-32-cm.jpg\" \/>\n\t<meta property=\"og:image:width\" content=\"1200\" \/>\n\t<meta property=\"og:image:height\" content=\"1200\" \/>\n\t<meta property=\"og:image:type\" content=\"image\/jpeg\" \/>\n<meta name=\"twitter:card\" content=\"summary_large_image\" \/>\n<script type=\"application\/ld+json\" class=\"yoast-schema-graph\">{\"@context\":\"https:\/\/schema.org\",\"@graph\":[{\"@type\":\"WebPage\",\"@id\":\"https:\/\/www.erresse-shop.it\/fr\/shop\/ameublement-maison\/objets-de-decoration\/baci-milano-gli-inseparabili-buste-de-mr-black-32cm\/\",\"url\":\"https:\/\/www.erresse-shop.it\/fr\/shop\/ameublement-maison\/objets-de-decoration\/baci-milano-gli-inseparabili-buste-de-mr-black-32cm\/\",\"name\":\"BACI MILANO Gli Inseparabili Buste de Mr Black 32cm - Erresse Shop\",\"isPartOf\":{\"@id\":\"https:\/\/www.erresse-shop.it\/fr\/#website\"},\"datePublished\":\"2025-02-14T07:50:21+00:00\",\"dateModified\":\"2026-02-23T11:17:43+00:00\",\"description\":\"Le buste d\u00e9coratif Gli Inseparabili Mr. Black de Baci Milano ajoutera une touche d'\u00e9l\u00e9gance et d'originalit\u00e9 \u00e0 votre int\u00e9rieur. Ce buste repr\u00e9sente\",\"breadcrumb\":{\"@id\":\"https:\/\/www.erresse-shop.it\/fr\/shop\/ameublement-maison\/objets-de-decoration\/baci-milano-gli-inseparabili-buste-de-mr-black-32cm\/#breadcrumb\"},\"inLanguage\":\"fr-FR\",\"potentialAction\":[{\"@type\":\"ReadAction\",\"target\":[\"https:\/\/www.erresse-shop.it\/fr\/shop\/ameublement-maison\/objets-de-decoration\/baci-milano-gli-inseparabili-buste-de-mr-black-32cm\/\"]}]},{\"@type\":\"BreadcrumbList\",\"@id\":\"https:\/\/www.erresse-shop.it\/fr\/shop\/ameublement-maison\/objets-de-decoration\/baci-milano-gli-inseparabili-buste-de-mr-black-32cm\/#breadcrumb\",\"itemListElement\":[{\"@type\":\"ListItem\",\"position\":1,\"name\":\"Home\",\"item\":\"https:\/\/www.erresse-shop.it\/fr\/\"},{\"@type\":\"ListItem\",\"position\":2,\"name\":\"Shop\",\"item\":\"https:\/\/www.erresse-shop.it\/fr\/shop\/\"},{\"@type\":\"ListItem\",\"position\":3,\"name\":\"BACI MILANO Gli Inseparabili Buste de Mr Black 32cm\"}]},{\"@type\":\"WebSite\",\"@id\":\"https:\/\/www.erresse-shop.it\/fr\/#website\",\"url\":\"https:\/\/www.erresse-shop.it\/fr\/\",\"name\":\"Erresse Shop\",\"description\":\"Articoli di qualit\u00e0 per la casa\",\"potentialAction\":[{\"@type\":\"SearchAction\",\"target\":{\"@type\":\"EntryPoint\",\"urlTemplate\":\"https:\/\/www.erresse-shop.it\/fr\/?s={search_term_string}\"},\"query-input\":\"required name=search_term_string\"}],\"inLanguage\":\"fr-FR\"}]}<\/script>\n<!-- \/ Yoast SEO Premium plugin. -->","yoast_head_json":{"title":"BACI MILANO Gli Inseparabili Buste de Mr Black 32cm - Erresse Shop","description":"Le buste d\u00e9coratif Gli Inseparabili Mr. Black de Baci Milano ajoutera une touche d'\u00e9l\u00e9gance et d'originalit\u00e9 \u00e0 votre int\u00e9rieur. Ce buste repr\u00e9sente","robots":{"index":"index","follow":"follow","max-snippet":"max-snippet:-1","max-image-preview":"max-image-preview:large","max-video-preview":"max-video-preview:-1"},"canonical":"https:\/\/www.erresse-shop.it\/fr\/shop\/ameublement-maison\/objets-de-decoration\/baci-milano-gli-inseparabili-buste-de-mr-black-32cm\/","og_locale":"fr_FR","og_type":"article","og_title":"BACI MILANO Gli Inseparabili Buste de Mr Black 32cm","og_description":"Le buste d\u00e9coratif Gli Inseparabili Mr. Black de Baci Milano ajoutera une touche d'\u00e9l\u00e9gance et d'originalit\u00e9 \u00e0 votre int\u00e9rieur. Ce buste repr\u00e9sente","og_url":"https:\/\/www.erresse-shop.it\/fr\/shop\/ameublement-maison\/objets-de-decoration\/baci-milano-gli-inseparabili-buste-de-mr-black-32cm\/","og_site_name":"Erresse Shop","article_modified_time":"2026-02-23T11:17:43+00:00","og_image":[{"width":1200,"height":1200,"url":"https:\/\/www.erresse-shop.it\/wp-content\/uploads\/2025\/02\/BACI-MILANO-Gli-Inseparabili-Busto-Mr-Black-32-cm.jpg","type":"image\/jpeg"}],"twitter_card":"summary_large_image","schema":{"@context":"https:\/\/schema.org","@graph":[{"@type":"WebPage","@id":"https:\/\/www.erresse-shop.it\/fr\/shop\/ameublement-maison\/objets-de-decoration\/baci-milano-gli-inseparabili-buste-de-mr-black-32cm\/","url":"https:\/\/www.erresse-shop.it\/fr\/shop\/ameublement-maison\/objets-de-decoration\/baci-milano-gli-inseparabili-buste-de-mr-black-32cm\/","name":"BACI MILANO Gli Inseparabili Buste de Mr Black 32cm - Erresse Shop","isPartOf":{"@id":"https:\/\/www.erresse-shop.it\/fr\/#website"},"datePublished":"2025-02-14T07:50:21+00:00","dateModified":"2026-02-23T11:17:43+00:00","description":"Le buste d\u00e9coratif Gli Inseparabili Mr. Black de Baci Milano ajoutera une touche d'\u00e9l\u00e9gance et d'originalit\u00e9 \u00e0 votre int\u00e9rieur. Ce buste repr\u00e9sente","breadcrumb":{"@id":"https:\/\/www.erresse-shop.it\/fr\/shop\/ameublement-maison\/objets-de-decoration\/baci-milano-gli-inseparabili-buste-de-mr-black-32cm\/#breadcrumb"},"inLanguage":"fr-FR","potentialAction":[{"@type":"ReadAction","target":["https:\/\/www.erresse-shop.it\/fr\/shop\/ameublement-maison\/objets-de-decoration\/baci-milano-gli-inseparabili-buste-de-mr-black-32cm\/"]}]},{"@type":"BreadcrumbList","@id":"https:\/\/www.erresse-shop.it\/fr\/shop\/ameublement-maison\/objets-de-decoration\/baci-milano-gli-inseparabili-buste-de-mr-black-32cm\/#breadcrumb","itemListElement":[{"@type":"ListItem","position":1,"name":"Home","item":"https:\/\/www.erresse-shop.it\/fr\/"},{"@type":"ListItem","position":2,"name":"Shop","item":"https:\/\/www.erresse-shop.it\/fr\/shop\/"},{"@type":"ListItem","position":3,"name":"BACI MILANO Gli Inseparabili Buste de Mr Black 32cm"}]},{"@type":"WebSite","@id":"https:\/\/www.erresse-shop.it\/fr\/#website","url":"https:\/\/www.erresse-shop.it\/fr\/","name":"Erresse Shop","description":"Articoli di qualit\u00e0 per la casa","potentialAction":[{"@type":"SearchAction","target":{"@type":"EntryPoint","urlTemplate":"https:\/\/www.erresse-shop.it\/fr\/?s={search_term_string}"},"query-input":"required name=search_term_string"}],"inLanguage":"fr-FR"}]}},"df_price":99.95,"df_sale_price":99.95,"df_regular_price":150,"df_image_link":"https:\/\/www.erresse-shop.it\/wp-content\/uploads\/2025\/02\/BACI-MILANO-Gli-Inseparabili-Busto-Mr-Black-32-cm-300x300.jpg","_links":{"self":[{"href":"https:\/\/www.erresse-shop.it\/fr\/wp-json\/wp\/v2\/product\/468807"}],"collection":[{"href":"https:\/\/www.erresse-shop.it\/fr\/wp-json\/wp\/v2\/product"}],"about":[{"href":"https:\/\/www.erresse-shop.it\/fr\/wp-json\/wp\/v2\/types\/product"}],"wp:featuredmedia":[{"embeddable":true,"href":"https:\/\/www.erresse-shop.it\/fr\/wp-json\/wp\/v2\/media\/468812"}],"wp:attachment":[{"href":"https:\/\/www.erresse-shop.it\/fr\/wp-json\/wp\/v2\/media?parent=468807"}],"wp:term":[{"taxonomy":"product_cat","embeddable":true,"href":"https:\/\/www.erresse-shop.it\/fr\/wp-json\/wp\/v2\/product_cat?post=468807"},{"taxonomy":"product_tag","embeddable":true,"href":"https:\/\/www.erresse-shop.it\/fr\/wp-json\/wp\/v2\/product_tag?post=468807"}],"curies":[{"name":"wp","href":"https:\/\/api.w.org\/{rel}","templated":true}]}}