{"id":468698,"date":"2025-02-13T14:42:39","date_gmt":"2025-02-13T14:42:42","guid":{"rendered":"https:\/\/www.erresse-shop.it\/?post_type=product&#038;p=468698"},"modified":"2025-02-13T14:53:26","modified_gmt":"2025-02-13T14:53:26","slug":"wd-lifestyle-pichet-en-verre-avec-inscription-decorative-copia","status":"publish","type":"product","link":"https:\/\/www.erresse-shop.it\/fr\/shop\/table-fr-2\/carafes-bouteilles\/wd-lifestyle-pichet-en-verre-avec-inscription-decorative-copia\/","title":{"rendered":"BACI MILANO Acqua Pichet 2,25 L Orange"},"content":{"rendered":"<p>Pichet en acrylique de 2,25 l de la d\u00e9licate collection Aqua. Les lignes classiques parfaites trouvent place et expression dans des objets capables de combiner la s\u00e9duction d&#8217;un design raffin\u00e9 avec l&#8217;harmonie d&#8217;un mat\u00e9riau fonctionnel comme l&#8217;acrylique.<\/p>\n<p>Capacit\u00e9 : 2,25 L<br \/>\nDimensions : \u00d8 18 cm, H 24,6 cm<\/p>\n<p>Passe au lave-vaisselle \u00e0 moins de 50\u00b0. Laver avec des produits de rin\u00e7age non agressifs.<br \/>\nNe convient pas au micro-ondes.<\/p>\n<p>&nbsp;<\/p>\n","protected":false},"excerpt":{"rendered":"<p>Pichet en acrylique de 2,25 l de la d\u00e9licate collection Aqua. Les lignes classiques parfaites trouvent place et expression dans<\/p>\n","protected":false},"featured_media":468710,"template":"","meta":{"_acf_changed":false,"inline_featured_image":false},"product_cat":[12785,12782],"product_tag":[13846,14893,15739,24603],"acf":[],"yoast_head":"<!-- This site is optimized with the Yoast SEO Premium plugin v18.6 (Yoast SEO v19.13) - https:\/\/yoast.com\/wordpress\/plugins\/seo\/ -->\n<title>BACI MILANO Acqua Pichet 2,25 L Orange - Erresse Shop<\/title>\n<meta name=\"description\" content=\"Pichet en acrylique de 2,25 l de la d\u00e9licate collection Aqua. Les lignes classiques parfaites trouvent place et expression dans des objets capables de\" \/>\n<meta name=\"robots\" content=\"index, follow, max-snippet:-1, max-image-preview:large, max-video-preview:-1\" \/>\n<link rel=\"canonical\" href=\"https:\/\/www.erresse-shop.it\/fr\/shop\/table-fr-2\/carafes-bouteilles\/wd-lifestyle-pichet-en-verre-avec-inscription-decorative-copia\/\" \/>\n<meta property=\"og:locale\" content=\"fr_FR\" \/>\n<meta property=\"og:type\" content=\"article\" \/>\n<meta property=\"og:title\" content=\"BACI MILANO Acqua Pichet 2,25 L Orange\" \/>\n<meta property=\"og:description\" content=\"Pichet en acrylique de 2,25 l de la d\u00e9licate collection Aqua. Les lignes classiques parfaites trouvent place et expression dans des objets capables de\" \/>\n<meta property=\"og:url\" content=\"https:\/\/www.erresse-shop.it\/fr\/shop\/table-fr-2\/carafes-bouteilles\/wd-lifestyle-pichet-en-verre-avec-inscription-decorative-copia\/\" \/>\n<meta property=\"og:site_name\" content=\"Erresse Shop\" \/>\n<meta property=\"article:modified_time\" content=\"2025-02-13T14:53:26+00:00\" \/>\n<meta property=\"og:image\" content=\"https:\/\/www.erresse-shop.it\/wp-content\/uploads\/2025\/02\/BACI-MILANO-Acqua-Brocca-225-L-Arancio.jpg\" \/>\n\t<meta property=\"og:image:width\" content=\"1200\" \/>\n\t<meta property=\"og:image:height\" content=\"1200\" \/>\n\t<meta property=\"og:image:type\" content=\"image\/jpeg\" \/>\n<meta name=\"twitter:card\" content=\"summary_large_image\" \/>\n<script type=\"application\/ld+json\" class=\"yoast-schema-graph\">{\"@context\":\"https:\/\/schema.org\",\"@graph\":[{\"@type\":\"WebPage\",\"@id\":\"https:\/\/www.erresse-shop.it\/fr\/shop\/table-fr-2\/carafes-bouteilles\/wd-lifestyle-pichet-en-verre-avec-inscription-decorative-copia\/\",\"url\":\"https:\/\/www.erresse-shop.it\/fr\/shop\/table-fr-2\/carafes-bouteilles\/wd-lifestyle-pichet-en-verre-avec-inscription-decorative-copia\/\",\"name\":\"BACI MILANO Acqua Pichet 2,25 L Orange - Erresse Shop\",\"isPartOf\":{\"@id\":\"https:\/\/www.erresse-shop.it\/fr\/#website\"},\"datePublished\":\"2025-02-13T14:42:42+00:00\",\"dateModified\":\"2025-02-13T14:53:26+00:00\",\"description\":\"Pichet en acrylique de 2,25 l de la d\u00e9licate collection Aqua. Les lignes classiques parfaites trouvent place et expression dans des objets capables de\",\"breadcrumb\":{\"@id\":\"https:\/\/www.erresse-shop.it\/fr\/shop\/table-fr-2\/carafes-bouteilles\/wd-lifestyle-pichet-en-verre-avec-inscription-decorative-copia\/#breadcrumb\"},\"inLanguage\":\"fr-FR\",\"potentialAction\":[{\"@type\":\"ReadAction\",\"target\":[\"https:\/\/www.erresse-shop.it\/fr\/shop\/table-fr-2\/carafes-bouteilles\/wd-lifestyle-pichet-en-verre-avec-inscription-decorative-copia\/\"]}]},{\"@type\":\"BreadcrumbList\",\"@id\":\"https:\/\/www.erresse-shop.it\/fr\/shop\/table-fr-2\/carafes-bouteilles\/wd-lifestyle-pichet-en-verre-avec-inscription-decorative-copia\/#breadcrumb\",\"itemListElement\":[{\"@type\":\"ListItem\",\"position\":1,\"name\":\"Home\",\"item\":\"https:\/\/www.erresse-shop.it\/fr\/\"},{\"@type\":\"ListItem\",\"position\":2,\"name\":\"Shop\",\"item\":\"https:\/\/www.erresse-shop.it\/fr\/shop\/\"},{\"@type\":\"ListItem\",\"position\":3,\"name\":\"BACI MILANO Acqua Pichet 2,25 L Orange\"}]},{\"@type\":\"WebSite\",\"@id\":\"https:\/\/www.erresse-shop.it\/fr\/#website\",\"url\":\"https:\/\/www.erresse-shop.it\/fr\/\",\"name\":\"Erresse Shop\",\"description\":\"Articoli di qualit\u00e0 per la casa\",\"potentialAction\":[{\"@type\":\"SearchAction\",\"target\":{\"@type\":\"EntryPoint\",\"urlTemplate\":\"https:\/\/www.erresse-shop.it\/fr\/?s={search_term_string}\"},\"query-input\":\"required name=search_term_string\"}],\"inLanguage\":\"fr-FR\"}]}<\/script>\n<!-- \/ Yoast SEO Premium plugin. -->","yoast_head_json":{"title":"BACI MILANO Acqua Pichet 2,25 L Orange - Erresse Shop","description":"Pichet en acrylique de 2,25 l de la d\u00e9licate collection Aqua. Les lignes classiques parfaites trouvent place et expression dans des objets capables de","robots":{"index":"index","follow":"follow","max-snippet":"max-snippet:-1","max-image-preview":"max-image-preview:large","max-video-preview":"max-video-preview:-1"},"canonical":"https:\/\/www.erresse-shop.it\/fr\/shop\/table-fr-2\/carafes-bouteilles\/wd-lifestyle-pichet-en-verre-avec-inscription-decorative-copia\/","og_locale":"fr_FR","og_type":"article","og_title":"BACI MILANO Acqua Pichet 2,25 L Orange","og_description":"Pichet en acrylique de 2,25 l de la d\u00e9licate collection Aqua. Les lignes classiques parfaites trouvent place et expression dans des objets capables de","og_url":"https:\/\/www.erresse-shop.it\/fr\/shop\/table-fr-2\/carafes-bouteilles\/wd-lifestyle-pichet-en-verre-avec-inscription-decorative-copia\/","og_site_name":"Erresse Shop","article_modified_time":"2025-02-13T14:53:26+00:00","og_image":[{"width":1200,"height":1200,"url":"https:\/\/www.erresse-shop.it\/wp-content\/uploads\/2025\/02\/BACI-MILANO-Acqua-Brocca-225-L-Arancio.jpg","type":"image\/jpeg"}],"twitter_card":"summary_large_image","schema":{"@context":"https:\/\/schema.org","@graph":[{"@type":"WebPage","@id":"https:\/\/www.erresse-shop.it\/fr\/shop\/table-fr-2\/carafes-bouteilles\/wd-lifestyle-pichet-en-verre-avec-inscription-decorative-copia\/","url":"https:\/\/www.erresse-shop.it\/fr\/shop\/table-fr-2\/carafes-bouteilles\/wd-lifestyle-pichet-en-verre-avec-inscription-decorative-copia\/","name":"BACI MILANO Acqua Pichet 2,25 L Orange - Erresse Shop","isPartOf":{"@id":"https:\/\/www.erresse-shop.it\/fr\/#website"},"datePublished":"2025-02-13T14:42:42+00:00","dateModified":"2025-02-13T14:53:26+00:00","description":"Pichet en acrylique de 2,25 l de la d\u00e9licate collection Aqua. Les lignes classiques parfaites trouvent place et expression dans des objets capables de","breadcrumb":{"@id":"https:\/\/www.erresse-shop.it\/fr\/shop\/table-fr-2\/carafes-bouteilles\/wd-lifestyle-pichet-en-verre-avec-inscription-decorative-copia\/#breadcrumb"},"inLanguage":"fr-FR","potentialAction":[{"@type":"ReadAction","target":["https:\/\/www.erresse-shop.it\/fr\/shop\/table-fr-2\/carafes-bouteilles\/wd-lifestyle-pichet-en-verre-avec-inscription-decorative-copia\/"]}]},{"@type":"BreadcrumbList","@id":"https:\/\/www.erresse-shop.it\/fr\/shop\/table-fr-2\/carafes-bouteilles\/wd-lifestyle-pichet-en-verre-avec-inscription-decorative-copia\/#breadcrumb","itemListElement":[{"@type":"ListItem","position":1,"name":"Home","item":"https:\/\/www.erresse-shop.it\/fr\/"},{"@type":"ListItem","position":2,"name":"Shop","item":"https:\/\/www.erresse-shop.it\/fr\/shop\/"},{"@type":"ListItem","position":3,"name":"BACI MILANO Acqua Pichet 2,25 L Orange"}]},{"@type":"WebSite","@id":"https:\/\/www.erresse-shop.it\/fr\/#website","url":"https:\/\/www.erresse-shop.it\/fr\/","name":"Erresse Shop","description":"Articoli di qualit\u00e0 per la casa","potentialAction":[{"@type":"SearchAction","target":{"@type":"EntryPoint","urlTemplate":"https:\/\/www.erresse-shop.it\/fr\/?s={search_term_string}"},"query-input":"required name=search_term_string"}],"inLanguage":"fr-FR"}]}},"df_price":49.95,"df_sale_price":49.95,"df_regular_price":55,"df_image_link":"https:\/\/www.erresse-shop.it\/wp-content\/uploads\/2025\/02\/BACI-MILANO-Acqua-Brocca-225-L-Arancio-300x300.jpg","_links":{"self":[{"href":"https:\/\/www.erresse-shop.it\/fr\/wp-json\/wp\/v2\/product\/468698"}],"collection":[{"href":"https:\/\/www.erresse-shop.it\/fr\/wp-json\/wp\/v2\/product"}],"about":[{"href":"https:\/\/www.erresse-shop.it\/fr\/wp-json\/wp\/v2\/types\/product"}],"wp:featuredmedia":[{"embeddable":true,"href":"https:\/\/www.erresse-shop.it\/fr\/wp-json\/wp\/v2\/media\/468710"}],"wp:attachment":[{"href":"https:\/\/www.erresse-shop.it\/fr\/wp-json\/wp\/v2\/media?parent=468698"}],"wp:term":[{"taxonomy":"product_cat","embeddable":true,"href":"https:\/\/www.erresse-shop.it\/fr\/wp-json\/wp\/v2\/product_cat?post=468698"},{"taxonomy":"product_tag","embeddable":true,"href":"https:\/\/www.erresse-shop.it\/fr\/wp-json\/wp\/v2\/product_tag?post=468698"}],"curies":[{"name":"wp","href":"https:\/\/api.w.org\/{rel}","templated":true}]}}