{"id":468367,"date":"2025-02-13T07:48:35","date_gmt":"2025-02-13T07:48:38","guid":{"rendered":"https:\/\/www.erresse-shop.it\/?post_type=product&#038;p=468367"},"modified":"2025-02-13T08:20:00","modified_gmt":"2025-02-13T08:20:00","slug":"mullex-poubelle-x60-l7-basic-copia","status":"publish","type":"product","link":"https:\/\/www.erresse-shop.it\/fr\/shop\/ameublement-maison\/poubelles\/mullex-poubelle-x60-l7-basic-copia\/","title":{"rendered":"MULLEX Poubelle Euro Flexx"},"content":{"rendered":"<p>Id\u00e9al pour une utilisation dans des espaces restreints.<\/p>\n<p>La poubelle peut contenir un sac de 35 litres ou deux sacs-poubelles de 17 litres. Le syst\u00e8me FLEXX s&#8217;\u00e9tend avec la porte de l&#8217;armoire. La technologie de fermeture intelligente permet \u00e0 la porte de s&#8217;ouvrir \u00e0 un angle sup\u00e9rieur \u00e0 90\u00b0 sans endommager les charni\u00e8res.<\/p>\n<p><strong>Informations sur le produit\u00a0:<\/strong><\/p>\n<ul>\n<li>Montage rapide et facile sur les portes gauche et droite.<\/li>\n<li>Couvercle avec cavit\u00e9 dans le plateau pour ranger les ustensiles de cuisine<\/li>\n<li>Conteneurs pour la collecte des d\u00e9chets organiques ou des capsules de caf\u00e9<\/li>\n<li>Facile \u00e0 utiliser et \u00e0 nettoyer, car le syst\u00e8me se soul\u00e8ve facilement.<\/li>\n<li>Le couvercle pivotant offre un espace suppl\u00e9mentaire sous l&#8217;\u00e9vier.<\/li>\n<\/ul>\n<p><strong>Dimensions :<\/strong> 35,6 x 41 x H. 44,2 cm<\/p>\n<p>&nbsp;<\/p>\n","protected":false},"excerpt":{"rendered":"<p>Id\u00e9al pour une utilisation dans des espaces restreints. La poubelle peut contenir un sac de 35 litres ou deux sacs-poubelles<\/p>\n","protected":false},"featured_media":468379,"template":"","meta":{"_acf_changed":false,"inline_featured_image":false},"product_cat":[12738,14033],"product_tag":[21224],"acf":[],"yoast_head":"<!-- This site is optimized with the Yoast SEO Premium plugin v18.6 (Yoast SEO v19.13) - https:\/\/yoast.com\/wordpress\/plugins\/seo\/ -->\n<title>MULLEX Poubelle Euro Flexx - Erresse Shop<\/title>\n<meta name=\"description\" content=\"Id\u00e9al pour une utilisation dans des espaces restreints. La poubelle peut contenir un sac de 35 litres ou deux sacs-poubelles de 17 litres. Le syst\u00e8me\" \/>\n<meta name=\"robots\" content=\"index, follow, max-snippet:-1, max-image-preview:large, max-video-preview:-1\" \/>\n<link rel=\"canonical\" href=\"https:\/\/www.erresse-shop.it\/fr\/shop\/ameublement-maison\/poubelles\/mullex-poubelle-x60-l7-basic-copia\/\" \/>\n<meta property=\"og:locale\" content=\"fr_FR\" \/>\n<meta property=\"og:type\" content=\"article\" \/>\n<meta property=\"og:title\" content=\"MULLEX Poubelle Euro Flexx\" \/>\n<meta property=\"og:description\" content=\"Id\u00e9al pour une utilisation dans des espaces restreints. La poubelle peut contenir un sac de 35 litres ou deux sacs-poubelles de 17 litres. Le syst\u00e8me\" \/>\n<meta property=\"og:url\" content=\"https:\/\/www.erresse-shop.it\/fr\/shop\/ameublement-maison\/poubelles\/mullex-poubelle-x60-l7-basic-copia\/\" \/>\n<meta property=\"og:site_name\" content=\"Erresse Shop\" \/>\n<meta property=\"article:modified_time\" content=\"2025-02-13T08:20:00+00:00\" \/>\n<meta property=\"og:image\" content=\"https:\/\/www.erresse-shop.it\/wp-content\/uploads\/2025\/02\/MULLEX-Pattumiera-Euro-Flexx.jpg\" \/>\n\t<meta property=\"og:image:width\" content=\"1200\" \/>\n\t<meta property=\"og:image:height\" content=\"1200\" \/>\n\t<meta property=\"og:image:type\" content=\"image\/jpeg\" \/>\n<meta name=\"twitter:card\" content=\"summary_large_image\" \/>\n<script type=\"application\/ld+json\" class=\"yoast-schema-graph\">{\"@context\":\"https:\/\/schema.org\",\"@graph\":[{\"@type\":\"WebPage\",\"@id\":\"https:\/\/www.erresse-shop.it\/fr\/shop\/ameublement-maison\/poubelles\/mullex-poubelle-x60-l7-basic-copia\/\",\"url\":\"https:\/\/www.erresse-shop.it\/fr\/shop\/ameublement-maison\/poubelles\/mullex-poubelle-x60-l7-basic-copia\/\",\"name\":\"MULLEX Poubelle Euro Flexx - Erresse Shop\",\"isPartOf\":{\"@id\":\"https:\/\/www.erresse-shop.it\/fr\/#website\"},\"datePublished\":\"2025-02-13T07:48:38+00:00\",\"dateModified\":\"2025-02-13T08:20:00+00:00\",\"description\":\"Id\u00e9al pour une utilisation dans des espaces restreints. La poubelle peut contenir un sac de 35 litres ou deux sacs-poubelles de 17 litres. Le syst\u00e8me\",\"breadcrumb\":{\"@id\":\"https:\/\/www.erresse-shop.it\/fr\/shop\/ameublement-maison\/poubelles\/mullex-poubelle-x60-l7-basic-copia\/#breadcrumb\"},\"inLanguage\":\"fr-FR\",\"potentialAction\":[{\"@type\":\"ReadAction\",\"target\":[\"https:\/\/www.erresse-shop.it\/fr\/shop\/ameublement-maison\/poubelles\/mullex-poubelle-x60-l7-basic-copia\/\"]}]},{\"@type\":\"BreadcrumbList\",\"@id\":\"https:\/\/www.erresse-shop.it\/fr\/shop\/ameublement-maison\/poubelles\/mullex-poubelle-x60-l7-basic-copia\/#breadcrumb\",\"itemListElement\":[{\"@type\":\"ListItem\",\"position\":1,\"name\":\"Home\",\"item\":\"https:\/\/www.erresse-shop.it\/fr\/\"},{\"@type\":\"ListItem\",\"position\":2,\"name\":\"Shop\",\"item\":\"https:\/\/www.erresse-shop.it\/fr\/shop\/\"},{\"@type\":\"ListItem\",\"position\":3,\"name\":\"MULLEX Poubelle Euro Flexx\"}]},{\"@type\":\"WebSite\",\"@id\":\"https:\/\/www.erresse-shop.it\/fr\/#website\",\"url\":\"https:\/\/www.erresse-shop.it\/fr\/\",\"name\":\"Erresse Shop\",\"description\":\"Articoli di qualit\u00e0 per la casa\",\"potentialAction\":[{\"@type\":\"SearchAction\",\"target\":{\"@type\":\"EntryPoint\",\"urlTemplate\":\"https:\/\/www.erresse-shop.it\/fr\/?s={search_term_string}\"},\"query-input\":\"required name=search_term_string\"}],\"inLanguage\":\"fr-FR\"}]}<\/script>\n<!-- \/ Yoast SEO Premium plugin. -->","yoast_head_json":{"title":"MULLEX Poubelle Euro Flexx - Erresse Shop","description":"Id\u00e9al pour une utilisation dans des espaces restreints. La poubelle peut contenir un sac de 35 litres ou deux sacs-poubelles de 17 litres. Le syst\u00e8me","robots":{"index":"index","follow":"follow","max-snippet":"max-snippet:-1","max-image-preview":"max-image-preview:large","max-video-preview":"max-video-preview:-1"},"canonical":"https:\/\/www.erresse-shop.it\/fr\/shop\/ameublement-maison\/poubelles\/mullex-poubelle-x60-l7-basic-copia\/","og_locale":"fr_FR","og_type":"article","og_title":"MULLEX Poubelle Euro Flexx","og_description":"Id\u00e9al pour une utilisation dans des espaces restreints. La poubelle peut contenir un sac de 35 litres ou deux sacs-poubelles de 17 litres. Le syst\u00e8me","og_url":"https:\/\/www.erresse-shop.it\/fr\/shop\/ameublement-maison\/poubelles\/mullex-poubelle-x60-l7-basic-copia\/","og_site_name":"Erresse Shop","article_modified_time":"2025-02-13T08:20:00+00:00","og_image":[{"width":1200,"height":1200,"url":"https:\/\/www.erresse-shop.it\/wp-content\/uploads\/2025\/02\/MULLEX-Pattumiera-Euro-Flexx.jpg","type":"image\/jpeg"}],"twitter_card":"summary_large_image","schema":{"@context":"https:\/\/schema.org","@graph":[{"@type":"WebPage","@id":"https:\/\/www.erresse-shop.it\/fr\/shop\/ameublement-maison\/poubelles\/mullex-poubelle-x60-l7-basic-copia\/","url":"https:\/\/www.erresse-shop.it\/fr\/shop\/ameublement-maison\/poubelles\/mullex-poubelle-x60-l7-basic-copia\/","name":"MULLEX Poubelle Euro Flexx - Erresse Shop","isPartOf":{"@id":"https:\/\/www.erresse-shop.it\/fr\/#website"},"datePublished":"2025-02-13T07:48:38+00:00","dateModified":"2025-02-13T08:20:00+00:00","description":"Id\u00e9al pour une utilisation dans des espaces restreints. La poubelle peut contenir un sac de 35 litres ou deux sacs-poubelles de 17 litres. Le syst\u00e8me","breadcrumb":{"@id":"https:\/\/www.erresse-shop.it\/fr\/shop\/ameublement-maison\/poubelles\/mullex-poubelle-x60-l7-basic-copia\/#breadcrumb"},"inLanguage":"fr-FR","potentialAction":[{"@type":"ReadAction","target":["https:\/\/www.erresse-shop.it\/fr\/shop\/ameublement-maison\/poubelles\/mullex-poubelle-x60-l7-basic-copia\/"]}]},{"@type":"BreadcrumbList","@id":"https:\/\/www.erresse-shop.it\/fr\/shop\/ameublement-maison\/poubelles\/mullex-poubelle-x60-l7-basic-copia\/#breadcrumb","itemListElement":[{"@type":"ListItem","position":1,"name":"Home","item":"https:\/\/www.erresse-shop.it\/fr\/"},{"@type":"ListItem","position":2,"name":"Shop","item":"https:\/\/www.erresse-shop.it\/fr\/shop\/"},{"@type":"ListItem","position":3,"name":"MULLEX Poubelle Euro Flexx"}]},{"@type":"WebSite","@id":"https:\/\/www.erresse-shop.it\/fr\/#website","url":"https:\/\/www.erresse-shop.it\/fr\/","name":"Erresse Shop","description":"Articoli di qualit\u00e0 per la casa","potentialAction":[{"@type":"SearchAction","target":{"@type":"EntryPoint","urlTemplate":"https:\/\/www.erresse-shop.it\/fr\/?s={search_term_string}"},"query-input":"required name=search_term_string"}],"inLanguage":"fr-FR"}]}},"df_price":125.10000000000001,"df_sale_price":125.10000000000001,"df_regular_price":139,"df_image_link":"https:\/\/www.erresse-shop.it\/wp-content\/uploads\/2025\/02\/MULLEX-Pattumiera-Euro-Flexx-300x300.jpg","_links":{"self":[{"href":"https:\/\/www.erresse-shop.it\/fr\/wp-json\/wp\/v2\/product\/468367"}],"collection":[{"href":"https:\/\/www.erresse-shop.it\/fr\/wp-json\/wp\/v2\/product"}],"about":[{"href":"https:\/\/www.erresse-shop.it\/fr\/wp-json\/wp\/v2\/types\/product"}],"wp:featuredmedia":[{"embeddable":true,"href":"https:\/\/www.erresse-shop.it\/fr\/wp-json\/wp\/v2\/media\/468379"}],"wp:attachment":[{"href":"https:\/\/www.erresse-shop.it\/fr\/wp-json\/wp\/v2\/media?parent=468367"}],"wp:term":[{"taxonomy":"product_cat","embeddable":true,"href":"https:\/\/www.erresse-shop.it\/fr\/wp-json\/wp\/v2\/product_cat?post=468367"},{"taxonomy":"product_tag","embeddable":true,"href":"https:\/\/www.erresse-shop.it\/fr\/wp-json\/wp\/v2\/product_tag?post=468367"}],"curies":[{"name":"wp","href":"https:\/\/api.w.org\/{rel}","templated":true}]}}