{"id":468255,"date":"2025-02-12T06:47:30","date_gmt":"2025-02-12T06:47:33","guid":{"rendered":"https:\/\/www.erresse-shop.it\/?post_type=product&#038;p=468255"},"modified":"2025-02-13T07:20:30","modified_gmt":"2025-02-13T07:20:30","slug":"mullex-poubelle-x60-m7-copia","status":"publish","type":"product","link":"https:\/\/www.erresse-shop.it\/fr\/shop\/ameublement-maison\/poubelles\/mullex-poubelle-x60-m7-copia\/","title":{"rendered":"MULLEX Poubelle X60 M17 Basic"},"content":{"rendered":"<p>Cette version du syst\u00e8me X-LINE est con\u00e7ue pour ceux qui pr\u00e9f\u00e8rent une solution de collecte des d\u00e9chets avec des sacs de 17 litres.<\/p>\n<p>Le bac principal de 20 litres permet aux c\u00e9libataires, aux petites familles, aux personnes soucieuses de ne pas produire trop de d\u00e9chets et aux entreprises disposant de salles de r\u00e9union d&#8217;effectuer une collecte ordonn\u00e9e de plus petits volumes de d\u00e9chets.<\/p>\n<p>De plus, les deux conteneurs suppl\u00e9mentaires de 10 litres peuvent \u00eatre utilis\u00e9s pour stocker des mat\u00e9riaux de recyclage ou des outils de nettoyage. Ce mod\u00e8le est con\u00e7u pour des meubles de 60 cm de large avec une faible hauteur d&#8217;installation.<\/p>\n<p>L&#8217;ensemble est compl\u00e9t\u00e9 par un tiroir coulissant Basic qui fournit une \u00e9tag\u00e8re suppl\u00e9mentaire au-dessus du conteneur pour la collecte s\u00e9par\u00e9e des d\u00e9chets.<\/p>\n<p>Le produit contient :<\/p>\n<ul>\n<li>Tiroir 60 Basic<\/li>\n<li>Conteneur de collecte des d\u00e9chets X55 M17<\/li>\n<\/ul>\n<p><strong>Dimensions :<\/strong> 36,8 x 56,8 x H. 39,3 cm<\/p>\n<p><strong>Profondeur r\u00e9glable : Gr\u00e2ce au syst\u00e8me de cr\u00e9maill\u00e8re r\u00e9glable, il s&#8217;adapte \u00e0 tous les tiroirs d&#8217;une profondeur comprise entre 40 et 50 cm<\/strong><\/p>\n","protected":false},"excerpt":{"rendered":"<p>Cette version du syst\u00e8me X-LINE est con\u00e7ue pour ceux qui pr\u00e9f\u00e8rent une solution de collecte des d\u00e9chets avec des sacs<\/p>\n","protected":false},"featured_media":468279,"template":"","meta":{"_acf_changed":false,"inline_featured_image":false},"product_cat":[12738,14033],"product_tag":[21224],"acf":[],"yoast_head":"<!-- This site is optimized with the Yoast SEO Premium plugin v18.6 (Yoast SEO v19.13) - https:\/\/yoast.com\/wordpress\/plugins\/seo\/ -->\n<title>MULLEX Poubelle X60 M17 Basic - Erresse Shop<\/title>\n<meta name=\"description\" content=\"Cette version du syst\u00e8me X-LINE est con\u00e7ue pour ceux qui pr\u00e9f\u00e8rent une solution de collecte des d\u00e9chets avec des sacs de 17 litres. Le bac principal de 20\" \/>\n<meta name=\"robots\" content=\"index, follow, max-snippet:-1, max-image-preview:large, max-video-preview:-1\" \/>\n<link rel=\"canonical\" href=\"https:\/\/www.erresse-shop.it\/fr\/shop\/ameublement-maison\/poubelles\/mullex-poubelle-x60-m7-copia\/\" \/>\n<meta property=\"og:locale\" content=\"fr_FR\" \/>\n<meta property=\"og:type\" content=\"article\" \/>\n<meta property=\"og:title\" content=\"MULLEX Poubelle X60 M17 Basic\" \/>\n<meta property=\"og:description\" content=\"Cette version du syst\u00e8me X-LINE est con\u00e7ue pour ceux qui pr\u00e9f\u00e8rent une solution de collecte des d\u00e9chets avec des sacs de 17 litres. Le bac principal de 20\" \/>\n<meta property=\"og:url\" content=\"https:\/\/www.erresse-shop.it\/fr\/shop\/ameublement-maison\/poubelles\/mullex-poubelle-x60-m7-copia\/\" \/>\n<meta property=\"og:site_name\" content=\"Erresse Shop\" \/>\n<meta property=\"article:modified_time\" content=\"2025-02-13T07:20:30+00:00\" \/>\n<meta property=\"og:image\" content=\"https:\/\/www.erresse-shop.it\/wp-content\/uploads\/2025\/02\/MULLEX-Pattumiera-X60-M17-Basic.jpg\" \/>\n\t<meta property=\"og:image:width\" content=\"1200\" \/>\n\t<meta property=\"og:image:height\" content=\"1200\" \/>\n\t<meta property=\"og:image:type\" content=\"image\/jpeg\" \/>\n<meta name=\"twitter:card\" content=\"summary_large_image\" \/>\n<script type=\"application\/ld+json\" class=\"yoast-schema-graph\">{\"@context\":\"https:\/\/schema.org\",\"@graph\":[{\"@type\":\"WebPage\",\"@id\":\"https:\/\/www.erresse-shop.it\/fr\/shop\/ameublement-maison\/poubelles\/mullex-poubelle-x60-m7-copia\/\",\"url\":\"https:\/\/www.erresse-shop.it\/fr\/shop\/ameublement-maison\/poubelles\/mullex-poubelle-x60-m7-copia\/\",\"name\":\"MULLEX Poubelle X60 M17 Basic - Erresse Shop\",\"isPartOf\":{\"@id\":\"https:\/\/www.erresse-shop.it\/fr\/#website\"},\"datePublished\":\"2025-02-12T06:47:33+00:00\",\"dateModified\":\"2025-02-13T07:20:30+00:00\",\"description\":\"Cette version du syst\u00e8me X-LINE est con\u00e7ue pour ceux qui pr\u00e9f\u00e8rent une solution de collecte des d\u00e9chets avec des sacs de 17 litres. Le bac principal de 20\",\"breadcrumb\":{\"@id\":\"https:\/\/www.erresse-shop.it\/fr\/shop\/ameublement-maison\/poubelles\/mullex-poubelle-x60-m7-copia\/#breadcrumb\"},\"inLanguage\":\"fr-FR\",\"potentialAction\":[{\"@type\":\"ReadAction\",\"target\":[\"https:\/\/www.erresse-shop.it\/fr\/shop\/ameublement-maison\/poubelles\/mullex-poubelle-x60-m7-copia\/\"]}]},{\"@type\":\"BreadcrumbList\",\"@id\":\"https:\/\/www.erresse-shop.it\/fr\/shop\/ameublement-maison\/poubelles\/mullex-poubelle-x60-m7-copia\/#breadcrumb\",\"itemListElement\":[{\"@type\":\"ListItem\",\"position\":1,\"name\":\"Home\",\"item\":\"https:\/\/www.erresse-shop.it\/fr\/\"},{\"@type\":\"ListItem\",\"position\":2,\"name\":\"Shop\",\"item\":\"https:\/\/www.erresse-shop.it\/fr\/shop\/\"},{\"@type\":\"ListItem\",\"position\":3,\"name\":\"MULLEX Poubelle X60 M17 Basic\"}]},{\"@type\":\"WebSite\",\"@id\":\"https:\/\/www.erresse-shop.it\/fr\/#website\",\"url\":\"https:\/\/www.erresse-shop.it\/fr\/\",\"name\":\"Erresse Shop\",\"description\":\"Articoli di qualit\u00e0 per la casa\",\"potentialAction\":[{\"@type\":\"SearchAction\",\"target\":{\"@type\":\"EntryPoint\",\"urlTemplate\":\"https:\/\/www.erresse-shop.it\/fr\/?s={search_term_string}\"},\"query-input\":\"required name=search_term_string\"}],\"inLanguage\":\"fr-FR\"}]}<\/script>\n<!-- \/ Yoast SEO Premium plugin. -->","yoast_head_json":{"title":"MULLEX Poubelle X60 M17 Basic - Erresse Shop","description":"Cette version du syst\u00e8me X-LINE est con\u00e7ue pour ceux qui pr\u00e9f\u00e8rent une solution de collecte des d\u00e9chets avec des sacs de 17 litres. Le bac principal de 20","robots":{"index":"index","follow":"follow","max-snippet":"max-snippet:-1","max-image-preview":"max-image-preview:large","max-video-preview":"max-video-preview:-1"},"canonical":"https:\/\/www.erresse-shop.it\/fr\/shop\/ameublement-maison\/poubelles\/mullex-poubelle-x60-m7-copia\/","og_locale":"fr_FR","og_type":"article","og_title":"MULLEX Poubelle X60 M17 Basic","og_description":"Cette version du syst\u00e8me X-LINE est con\u00e7ue pour ceux qui pr\u00e9f\u00e8rent une solution de collecte des d\u00e9chets avec des sacs de 17 litres. Le bac principal de 20","og_url":"https:\/\/www.erresse-shop.it\/fr\/shop\/ameublement-maison\/poubelles\/mullex-poubelle-x60-m7-copia\/","og_site_name":"Erresse Shop","article_modified_time":"2025-02-13T07:20:30+00:00","og_image":[{"width":1200,"height":1200,"url":"https:\/\/www.erresse-shop.it\/wp-content\/uploads\/2025\/02\/MULLEX-Pattumiera-X60-M17-Basic.jpg","type":"image\/jpeg"}],"twitter_card":"summary_large_image","schema":{"@context":"https:\/\/schema.org","@graph":[{"@type":"WebPage","@id":"https:\/\/www.erresse-shop.it\/fr\/shop\/ameublement-maison\/poubelles\/mullex-poubelle-x60-m7-copia\/","url":"https:\/\/www.erresse-shop.it\/fr\/shop\/ameublement-maison\/poubelles\/mullex-poubelle-x60-m7-copia\/","name":"MULLEX Poubelle X60 M17 Basic - Erresse Shop","isPartOf":{"@id":"https:\/\/www.erresse-shop.it\/fr\/#website"},"datePublished":"2025-02-12T06:47:33+00:00","dateModified":"2025-02-13T07:20:30+00:00","description":"Cette version du syst\u00e8me X-LINE est con\u00e7ue pour ceux qui pr\u00e9f\u00e8rent une solution de collecte des d\u00e9chets avec des sacs de 17 litres. Le bac principal de 20","breadcrumb":{"@id":"https:\/\/www.erresse-shop.it\/fr\/shop\/ameublement-maison\/poubelles\/mullex-poubelle-x60-m7-copia\/#breadcrumb"},"inLanguage":"fr-FR","potentialAction":[{"@type":"ReadAction","target":["https:\/\/www.erresse-shop.it\/fr\/shop\/ameublement-maison\/poubelles\/mullex-poubelle-x60-m7-copia\/"]}]},{"@type":"BreadcrumbList","@id":"https:\/\/www.erresse-shop.it\/fr\/shop\/ameublement-maison\/poubelles\/mullex-poubelle-x60-m7-copia\/#breadcrumb","itemListElement":[{"@type":"ListItem","position":1,"name":"Home","item":"https:\/\/www.erresse-shop.it\/fr\/"},{"@type":"ListItem","position":2,"name":"Shop","item":"https:\/\/www.erresse-shop.it\/fr\/shop\/"},{"@type":"ListItem","position":3,"name":"MULLEX Poubelle X60 M17 Basic"}]},{"@type":"WebSite","@id":"https:\/\/www.erresse-shop.it\/fr\/#website","url":"https:\/\/www.erresse-shop.it\/fr\/","name":"Erresse Shop","description":"Articoli di qualit\u00e0 per la casa","potentialAction":[{"@type":"SearchAction","target":{"@type":"EntryPoint","urlTemplate":"https:\/\/www.erresse-shop.it\/fr\/?s={search_term_string}"},"query-input":"required name=search_term_string"}],"inLanguage":"fr-FR"}]}},"df_price":233.1,"df_sale_price":233.1,"df_regular_price":259,"df_image_link":"https:\/\/www.erresse-shop.it\/wp-content\/uploads\/2025\/02\/MULLEX-Pattumiera-X60-M17-Basic-300x300.jpg","_links":{"self":[{"href":"https:\/\/www.erresse-shop.it\/fr\/wp-json\/wp\/v2\/product\/468255"}],"collection":[{"href":"https:\/\/www.erresse-shop.it\/fr\/wp-json\/wp\/v2\/product"}],"about":[{"href":"https:\/\/www.erresse-shop.it\/fr\/wp-json\/wp\/v2\/types\/product"}],"wp:featuredmedia":[{"embeddable":true,"href":"https:\/\/www.erresse-shop.it\/fr\/wp-json\/wp\/v2\/media\/468279"}],"wp:attachment":[{"href":"https:\/\/www.erresse-shop.it\/fr\/wp-json\/wp\/v2\/media?parent=468255"}],"wp:term":[{"taxonomy":"product_cat","embeddable":true,"href":"https:\/\/www.erresse-shop.it\/fr\/wp-json\/wp\/v2\/product_cat?post=468255"},{"taxonomy":"product_tag","embeddable":true,"href":"https:\/\/www.erresse-shop.it\/fr\/wp-json\/wp\/v2\/product_tag?post=468255"}],"curies":[{"name":"wp","href":"https:\/\/api.w.org\/{rel}","templated":true}]}}