{"id":468178,"date":"2025-02-11T13:01:50","date_gmt":"2025-02-11T13:01:53","guid":{"rendered":"https:\/\/www.erresse-shop.it\/?post_type=product&#038;p=468178"},"modified":"2025-02-13T07:25:35","modified_gmt":"2025-02-13T07:25:35","slug":"mullex-poubelle-x90-l6-basic-copia","status":"publish","type":"product","link":"https:\/\/www.erresse-shop.it\/fr\/shop\/ameublement-maison\/poubelles\/mullex-poubelle-x90-l6-basic-copia\/","title":{"rendered":"MULLEX Poubelle X60 M7 Basic"},"content":{"rendered":"<p>Avec des meubles de cuisine de faible hauteur, vous n&#8217;\u00eates pas forc\u00e9ment oblig\u00e9 de renoncer \u00e0 un espace de rangement suppl\u00e9mentaire.<\/p>\n<p>La nouvelle version de meuble de 60 cm de large, con\u00e7ue pour une faible hauteur d&#8217;installation, dispose toujours d&#8217;un conteneur extra large pour le recyclage des mat\u00e9riaux et le stockage des produits.<\/p>\n<p>Le conteneur de 16 litres peut accueillir de plus grands volumes de d\u00e9chets organiques, de mati\u00e8res recyclables ou d&#8217;ustensiles de nettoyage. L&#8217;ensemble comprend \u00e9galement le conteneur principal de 35 litres pour le sac poubelle et un tiroir coulissant Basic qui fournit une \u00e9tag\u00e8re suppl\u00e9mentaire au-dessus du conteneur pour la collecte s\u00e9par\u00e9e des d\u00e9chets.<\/p>\n<p>Le produit contient :<\/p>\n<ul>\n<li>Tiroir 60 Basic<\/li>\n<li>Conteneur de collecte des d\u00e9chets X60 M7<\/li>\n<li>S\u00e9parateur X<\/li>\n<\/ul>\n<p><strong>S\u00e9parateur X\u00a0:<\/strong> peut \u00eatre utilis\u00e9 pour diviser le conteneur principal afin que deux sacs \u00e0 d\u00e9chets de 17 litres puissent \u00eatre verrouill\u00e9s ensemble.<\/p>\n<p><strong>Dimensions :<\/strong> 36,8 x 56,8 x H. 39,3 cm<\/p>\n<p><strong>Profondeur r\u00e9glable : Gr\u00e2ce au syst\u00e8me de cr\u00e9maill\u00e8re r\u00e9glable, il s&#8217;adapte \u00e0 tous les tiroirs d&#8217;une profondeur comprise entre 40 et 50 cm<\/strong><\/p>\n","protected":false},"excerpt":{"rendered":"<p>Avec des meubles de cuisine de faible hauteur, vous n&#8217;\u00eates pas forc\u00e9ment oblig\u00e9 de renoncer \u00e0 un espace de rangement<\/p>\n","protected":false},"featured_media":468205,"template":"","meta":{"_acf_changed":false,"inline_featured_image":false},"product_cat":[12738,14033],"product_tag":[21224],"acf":[],"yoast_head":"<!-- This site is optimized with the Yoast SEO Premium plugin v18.6 (Yoast SEO v19.13) - https:\/\/yoast.com\/wordpress\/plugins\/seo\/ -->\n<title>MULLEX Poubelle X60 M7 Basic - Erresse Shop<\/title>\n<meta name=\"description\" content=\"Avec des meubles de cuisine de faible hauteur, vous n&#039;\u00eates pas forc\u00e9ment oblig\u00e9 de renoncer \u00e0 un espace de rangement suppl\u00e9mentaire. La nouvelle version\" \/>\n<meta name=\"robots\" content=\"index, follow, max-snippet:-1, max-image-preview:large, max-video-preview:-1\" \/>\n<link rel=\"canonical\" href=\"https:\/\/www.erresse-shop.it\/fr\/shop\/ameublement-maison\/poubelles\/mullex-poubelle-x90-l6-basic-copia\/\" \/>\n<meta property=\"og:locale\" content=\"fr_FR\" \/>\n<meta property=\"og:type\" content=\"article\" \/>\n<meta property=\"og:title\" content=\"MULLEX Poubelle X60 M7 Basic\" \/>\n<meta property=\"og:description\" content=\"Avec des meubles de cuisine de faible hauteur, vous n&#039;\u00eates pas forc\u00e9ment oblig\u00e9 de renoncer \u00e0 un espace de rangement suppl\u00e9mentaire. La nouvelle version\" \/>\n<meta property=\"og:url\" content=\"https:\/\/www.erresse-shop.it\/fr\/shop\/ameublement-maison\/poubelles\/mullex-poubelle-x90-l6-basic-copia\/\" \/>\n<meta property=\"og:site_name\" content=\"Erresse Shop\" \/>\n<meta property=\"article:modified_time\" content=\"2025-02-13T07:25:35+00:00\" \/>\n<meta property=\"og:image\" content=\"https:\/\/www.erresse-shop.it\/wp-content\/uploads\/2025\/02\/MULLEX-Pattumiera-X60-M7.jpg\" \/>\n\t<meta property=\"og:image:width\" content=\"1200\" \/>\n\t<meta property=\"og:image:height\" content=\"1200\" \/>\n\t<meta property=\"og:image:type\" content=\"image\/jpeg\" \/>\n<meta name=\"twitter:card\" content=\"summary_large_image\" \/>\n<script type=\"application\/ld+json\" class=\"yoast-schema-graph\">{\"@context\":\"https:\/\/schema.org\",\"@graph\":[{\"@type\":\"WebPage\",\"@id\":\"https:\/\/www.erresse-shop.it\/fr\/shop\/ameublement-maison\/poubelles\/mullex-poubelle-x90-l6-basic-copia\/\",\"url\":\"https:\/\/www.erresse-shop.it\/fr\/shop\/ameublement-maison\/poubelles\/mullex-poubelle-x90-l6-basic-copia\/\",\"name\":\"MULLEX Poubelle X60 M7 Basic - Erresse Shop\",\"isPartOf\":{\"@id\":\"https:\/\/www.erresse-shop.it\/fr\/#website\"},\"datePublished\":\"2025-02-11T13:01:53+00:00\",\"dateModified\":\"2025-02-13T07:25:35+00:00\",\"description\":\"Avec des meubles de cuisine de faible hauteur, vous n'\u00eates pas forc\u00e9ment oblig\u00e9 de renoncer \u00e0 un espace de rangement suppl\u00e9mentaire. La nouvelle version\",\"breadcrumb\":{\"@id\":\"https:\/\/www.erresse-shop.it\/fr\/shop\/ameublement-maison\/poubelles\/mullex-poubelle-x90-l6-basic-copia\/#breadcrumb\"},\"inLanguage\":\"fr-FR\",\"potentialAction\":[{\"@type\":\"ReadAction\",\"target\":[\"https:\/\/www.erresse-shop.it\/fr\/shop\/ameublement-maison\/poubelles\/mullex-poubelle-x90-l6-basic-copia\/\"]}]},{\"@type\":\"BreadcrumbList\",\"@id\":\"https:\/\/www.erresse-shop.it\/fr\/shop\/ameublement-maison\/poubelles\/mullex-poubelle-x90-l6-basic-copia\/#breadcrumb\",\"itemListElement\":[{\"@type\":\"ListItem\",\"position\":1,\"name\":\"Home\",\"item\":\"https:\/\/www.erresse-shop.it\/fr\/\"},{\"@type\":\"ListItem\",\"position\":2,\"name\":\"Shop\",\"item\":\"https:\/\/www.erresse-shop.it\/fr\/shop\/\"},{\"@type\":\"ListItem\",\"position\":3,\"name\":\"MULLEX Poubelle X60 M7 Basic\"}]},{\"@type\":\"WebSite\",\"@id\":\"https:\/\/www.erresse-shop.it\/fr\/#website\",\"url\":\"https:\/\/www.erresse-shop.it\/fr\/\",\"name\":\"Erresse Shop\",\"description\":\"Articoli di qualit\u00e0 per la casa\",\"potentialAction\":[{\"@type\":\"SearchAction\",\"target\":{\"@type\":\"EntryPoint\",\"urlTemplate\":\"https:\/\/www.erresse-shop.it\/fr\/?s={search_term_string}\"},\"query-input\":\"required name=search_term_string\"}],\"inLanguage\":\"fr-FR\"}]}<\/script>\n<!-- \/ Yoast SEO Premium plugin. -->","yoast_head_json":{"title":"MULLEX Poubelle X60 M7 Basic - Erresse Shop","description":"Avec des meubles de cuisine de faible hauteur, vous n'\u00eates pas forc\u00e9ment oblig\u00e9 de renoncer \u00e0 un espace de rangement suppl\u00e9mentaire. La nouvelle version","robots":{"index":"index","follow":"follow","max-snippet":"max-snippet:-1","max-image-preview":"max-image-preview:large","max-video-preview":"max-video-preview:-1"},"canonical":"https:\/\/www.erresse-shop.it\/fr\/shop\/ameublement-maison\/poubelles\/mullex-poubelle-x90-l6-basic-copia\/","og_locale":"fr_FR","og_type":"article","og_title":"MULLEX Poubelle X60 M7 Basic","og_description":"Avec des meubles de cuisine de faible hauteur, vous n'\u00eates pas forc\u00e9ment oblig\u00e9 de renoncer \u00e0 un espace de rangement suppl\u00e9mentaire. La nouvelle version","og_url":"https:\/\/www.erresse-shop.it\/fr\/shop\/ameublement-maison\/poubelles\/mullex-poubelle-x90-l6-basic-copia\/","og_site_name":"Erresse Shop","article_modified_time":"2025-02-13T07:25:35+00:00","og_image":[{"width":1200,"height":1200,"url":"https:\/\/www.erresse-shop.it\/wp-content\/uploads\/2025\/02\/MULLEX-Pattumiera-X60-M7.jpg","type":"image\/jpeg"}],"twitter_card":"summary_large_image","schema":{"@context":"https:\/\/schema.org","@graph":[{"@type":"WebPage","@id":"https:\/\/www.erresse-shop.it\/fr\/shop\/ameublement-maison\/poubelles\/mullex-poubelle-x90-l6-basic-copia\/","url":"https:\/\/www.erresse-shop.it\/fr\/shop\/ameublement-maison\/poubelles\/mullex-poubelle-x90-l6-basic-copia\/","name":"MULLEX Poubelle X60 M7 Basic - Erresse Shop","isPartOf":{"@id":"https:\/\/www.erresse-shop.it\/fr\/#website"},"datePublished":"2025-02-11T13:01:53+00:00","dateModified":"2025-02-13T07:25:35+00:00","description":"Avec des meubles de cuisine de faible hauteur, vous n'\u00eates pas forc\u00e9ment oblig\u00e9 de renoncer \u00e0 un espace de rangement suppl\u00e9mentaire. La nouvelle version","breadcrumb":{"@id":"https:\/\/www.erresse-shop.it\/fr\/shop\/ameublement-maison\/poubelles\/mullex-poubelle-x90-l6-basic-copia\/#breadcrumb"},"inLanguage":"fr-FR","potentialAction":[{"@type":"ReadAction","target":["https:\/\/www.erresse-shop.it\/fr\/shop\/ameublement-maison\/poubelles\/mullex-poubelle-x90-l6-basic-copia\/"]}]},{"@type":"BreadcrumbList","@id":"https:\/\/www.erresse-shop.it\/fr\/shop\/ameublement-maison\/poubelles\/mullex-poubelle-x90-l6-basic-copia\/#breadcrumb","itemListElement":[{"@type":"ListItem","position":1,"name":"Home","item":"https:\/\/www.erresse-shop.it\/fr\/"},{"@type":"ListItem","position":2,"name":"Shop","item":"https:\/\/www.erresse-shop.it\/fr\/shop\/"},{"@type":"ListItem","position":3,"name":"MULLEX Poubelle X60 M7 Basic"}]},{"@type":"WebSite","@id":"https:\/\/www.erresse-shop.it\/fr\/#website","url":"https:\/\/www.erresse-shop.it\/fr\/","name":"Erresse Shop","description":"Articoli di qualit\u00e0 per la casa","potentialAction":[{"@type":"SearchAction","target":{"@type":"EntryPoint","urlTemplate":"https:\/\/www.erresse-shop.it\/fr\/?s={search_term_string}"},"query-input":"required name=search_term_string"}],"inLanguage":"fr-FR"}]}},"df_price":260.1,"df_sale_price":260.1,"df_regular_price":289,"df_image_link":"https:\/\/www.erresse-shop.it\/wp-content\/uploads\/2025\/02\/MULLEX-Pattumiera-X60-M7-300x300.jpg","_links":{"self":[{"href":"https:\/\/www.erresse-shop.it\/fr\/wp-json\/wp\/v2\/product\/468178"}],"collection":[{"href":"https:\/\/www.erresse-shop.it\/fr\/wp-json\/wp\/v2\/product"}],"about":[{"href":"https:\/\/www.erresse-shop.it\/fr\/wp-json\/wp\/v2\/types\/product"}],"wp:featuredmedia":[{"embeddable":true,"href":"https:\/\/www.erresse-shop.it\/fr\/wp-json\/wp\/v2\/media\/468205"}],"wp:attachment":[{"href":"https:\/\/www.erresse-shop.it\/fr\/wp-json\/wp\/v2\/media?parent=468178"}],"wp:term":[{"taxonomy":"product_cat","embeddable":true,"href":"https:\/\/www.erresse-shop.it\/fr\/wp-json\/wp\/v2\/product_cat?post=468178"},{"taxonomy":"product_tag","embeddable":true,"href":"https:\/\/www.erresse-shop.it\/fr\/wp-json\/wp\/v2\/product_tag?post=468178"}],"curies":[{"name":"wp","href":"https:\/\/api.w.org\/{rel}","templated":true}]}}