{"id":468162,"date":"2025-02-11T11:44:49","date_gmt":"2025-02-11T11:44:52","guid":{"rendered":"https:\/\/www.erresse-shop.it\/?post_type=product&#038;p=468162"},"modified":"2025-02-13T07:03:24","modified_gmt":"2025-02-13T07:03:24","slug":"mullex-poubelle-x80-l6-basic-copia","status":"publish","type":"product","link":"https:\/\/www.erresse-shop.it\/fr\/shop\/ameublement-maison\/poubelles\/mullex-poubelle-x80-l6-basic-copia\/","title":{"rendered":"MULLEX Poubelle X90 L6 Basic"},"content":{"rendered":"<p>Le syst\u00e8me de collecte des d\u00e9chets X-LINE plus large est con\u00e7u pour les armoires d&#8217;une largeur de 90 cm. L&#8217;\u00e9l\u00e9ment central de l&#8217;ensemble est le r\u00e9cipient principal de 40 litres pour le sac poubelle.<\/p>\n<p>Cinq conteneurs suppl\u00e9mentaires d&#8217;une capacit\u00e9 allant jusqu&#8217;\u00e0 18 litres offrent suffisamment d&#8217;espace pour ranger les ustensiles de cuisine et trier les mati\u00e8res recyclables. Ce syst\u00e8me permet de recycler la mati\u00e8re directement dans la cuisine.<\/p>\n<p>Gr\u00e2ce au principe du \u00ab conteneur dans un conteneur \u00bb, tous les conteneurs sont facilement accessibles par le haut. Cela garantit une manipulation simple et sans complications, faisant de la collecte des mat\u00e9riaux recyclables un jeu d&#8217;enfant. L&#8217;ensemble est compl\u00e9t\u00e9 par le couvercle en acier tr\u00e8s solide.<\/p>\n<p>Le produit contient :<\/p>\n<ul>\n<li>90 Couvercle de base<\/li>\n<li>Conteneur de collecte des d\u00e9chets X80 L6<\/li>\n<li>S\u00e9parateur X<\/li>\n<\/ul>\n<p><strong>S\u00e9parateur X\u00a0:<\/strong> peut \u00eatre utilis\u00e9 pour diviser le conteneur principal afin que deux sacs \u00e0 d\u00e9chets de 17 litres puissent \u00eatre verrouill\u00e9s ensemble.<\/p>\n<p><strong>Dimensions :<\/strong> 36,8 x 86,8 x H. 43,5 cm<\/p>\n<p><strong>Profondeur r\u00e9glable : Gr\u00e2ce au syst\u00e8me de cr\u00e9maill\u00e8re r\u00e9glable, il s&#8217;adapte \u00e0 tous les tiroirs d&#8217;une profondeur comprise entre 40 et 50 cm<\/strong><\/p>\n","protected":false},"excerpt":{"rendered":"<p>Le syst\u00e8me de collecte des d\u00e9chets X-LINE plus large est con\u00e7u pour les armoires d&#8217;une largeur de 90 cm. L&#8217;\u00e9l\u00e9ment<\/p>\n","protected":false},"featured_media":468168,"template":"","meta":{"_acf_changed":false,"inline_featured_image":false},"product_cat":[12738,14033],"product_tag":[21224],"acf":[],"yoast_head":"<!-- This site is optimized with the Yoast SEO Premium plugin v18.6 (Yoast SEO v19.13) - https:\/\/yoast.com\/wordpress\/plugins\/seo\/ -->\n<title>MULLEX Poubelle X90 L6 Basic - Erresse Shop<\/title>\n<meta name=\"description\" content=\"Le syst\u00e8me de collecte des d\u00e9chets X-LINE plus large est con\u00e7u pour les armoires d&#039;une largeur de 90 cm. L&#039;\u00e9l\u00e9ment central de l&#039;ensemble est le r\u00e9cipient\" \/>\n<meta name=\"robots\" content=\"index, follow, max-snippet:-1, max-image-preview:large, max-video-preview:-1\" \/>\n<link rel=\"canonical\" href=\"https:\/\/www.erresse-shop.it\/fr\/shop\/ameublement-maison\/poubelles\/mullex-poubelle-x80-l6-basic-copia\/\" \/>\n<meta property=\"og:locale\" content=\"fr_FR\" \/>\n<meta property=\"og:type\" content=\"article\" \/>\n<meta property=\"og:title\" content=\"MULLEX Poubelle X90 L6 Basic\" \/>\n<meta property=\"og:description\" content=\"Le syst\u00e8me de collecte des d\u00e9chets X-LINE plus large est con\u00e7u pour les armoires d&#039;une largeur de 90 cm. L&#039;\u00e9l\u00e9ment central de l&#039;ensemble est le r\u00e9cipient\" \/>\n<meta property=\"og:url\" content=\"https:\/\/www.erresse-shop.it\/fr\/shop\/ameublement-maison\/poubelles\/mullex-poubelle-x80-l6-basic-copia\/\" \/>\n<meta property=\"og:site_name\" content=\"Erresse Shop\" \/>\n<meta property=\"article:modified_time\" content=\"2025-02-13T07:03:24+00:00\" \/>\n<meta property=\"og:image\" content=\"https:\/\/www.erresse-shop.it\/wp-content\/uploads\/2025\/02\/MULLEX-Pattumiera-X90-L6-Basic.jpg\" \/>\n\t<meta property=\"og:image:width\" content=\"1200\" \/>\n\t<meta property=\"og:image:height\" content=\"1200\" \/>\n\t<meta property=\"og:image:type\" content=\"image\/jpeg\" \/>\n<meta name=\"twitter:card\" content=\"summary_large_image\" \/>\n<script type=\"application\/ld+json\" class=\"yoast-schema-graph\">{\"@context\":\"https:\/\/schema.org\",\"@graph\":[{\"@type\":\"WebPage\",\"@id\":\"https:\/\/www.erresse-shop.it\/fr\/shop\/ameublement-maison\/poubelles\/mullex-poubelle-x80-l6-basic-copia\/\",\"url\":\"https:\/\/www.erresse-shop.it\/fr\/shop\/ameublement-maison\/poubelles\/mullex-poubelle-x80-l6-basic-copia\/\",\"name\":\"MULLEX Poubelle X90 L6 Basic - Erresse Shop\",\"isPartOf\":{\"@id\":\"https:\/\/www.erresse-shop.it\/fr\/#website\"},\"datePublished\":\"2025-02-11T11:44:52+00:00\",\"dateModified\":\"2025-02-13T07:03:24+00:00\",\"description\":\"Le syst\u00e8me de collecte des d\u00e9chets X-LINE plus large est con\u00e7u pour les armoires d'une largeur de 90 cm. L'\u00e9l\u00e9ment central de l'ensemble est le r\u00e9cipient\",\"breadcrumb\":{\"@id\":\"https:\/\/www.erresse-shop.it\/fr\/shop\/ameublement-maison\/poubelles\/mullex-poubelle-x80-l6-basic-copia\/#breadcrumb\"},\"inLanguage\":\"fr-FR\",\"potentialAction\":[{\"@type\":\"ReadAction\",\"target\":[\"https:\/\/www.erresse-shop.it\/fr\/shop\/ameublement-maison\/poubelles\/mullex-poubelle-x80-l6-basic-copia\/\"]}]},{\"@type\":\"BreadcrumbList\",\"@id\":\"https:\/\/www.erresse-shop.it\/fr\/shop\/ameublement-maison\/poubelles\/mullex-poubelle-x80-l6-basic-copia\/#breadcrumb\",\"itemListElement\":[{\"@type\":\"ListItem\",\"position\":1,\"name\":\"Home\",\"item\":\"https:\/\/www.erresse-shop.it\/fr\/\"},{\"@type\":\"ListItem\",\"position\":2,\"name\":\"Shop\",\"item\":\"https:\/\/www.erresse-shop.it\/fr\/shop\/\"},{\"@type\":\"ListItem\",\"position\":3,\"name\":\"MULLEX Poubelle X90 L6 Basic\"}]},{\"@type\":\"WebSite\",\"@id\":\"https:\/\/www.erresse-shop.it\/fr\/#website\",\"url\":\"https:\/\/www.erresse-shop.it\/fr\/\",\"name\":\"Erresse Shop\",\"description\":\"Articoli di qualit\u00e0 per la casa\",\"potentialAction\":[{\"@type\":\"SearchAction\",\"target\":{\"@type\":\"EntryPoint\",\"urlTemplate\":\"https:\/\/www.erresse-shop.it\/fr\/?s={search_term_string}\"},\"query-input\":\"required name=search_term_string\"}],\"inLanguage\":\"fr-FR\"}]}<\/script>\n<!-- \/ Yoast SEO Premium plugin. -->","yoast_head_json":{"title":"MULLEX Poubelle X90 L6 Basic - Erresse Shop","description":"Le syst\u00e8me de collecte des d\u00e9chets X-LINE plus large est con\u00e7u pour les armoires d'une largeur de 90 cm. L'\u00e9l\u00e9ment central de l'ensemble est le r\u00e9cipient","robots":{"index":"index","follow":"follow","max-snippet":"max-snippet:-1","max-image-preview":"max-image-preview:large","max-video-preview":"max-video-preview:-1"},"canonical":"https:\/\/www.erresse-shop.it\/fr\/shop\/ameublement-maison\/poubelles\/mullex-poubelle-x80-l6-basic-copia\/","og_locale":"fr_FR","og_type":"article","og_title":"MULLEX Poubelle X90 L6 Basic","og_description":"Le syst\u00e8me de collecte des d\u00e9chets X-LINE plus large est con\u00e7u pour les armoires d'une largeur de 90 cm. L'\u00e9l\u00e9ment central de l'ensemble est le r\u00e9cipient","og_url":"https:\/\/www.erresse-shop.it\/fr\/shop\/ameublement-maison\/poubelles\/mullex-poubelle-x80-l6-basic-copia\/","og_site_name":"Erresse Shop","article_modified_time":"2025-02-13T07:03:24+00:00","og_image":[{"width":1200,"height":1200,"url":"https:\/\/www.erresse-shop.it\/wp-content\/uploads\/2025\/02\/MULLEX-Pattumiera-X90-L6-Basic.jpg","type":"image\/jpeg"}],"twitter_card":"summary_large_image","schema":{"@context":"https:\/\/schema.org","@graph":[{"@type":"WebPage","@id":"https:\/\/www.erresse-shop.it\/fr\/shop\/ameublement-maison\/poubelles\/mullex-poubelle-x80-l6-basic-copia\/","url":"https:\/\/www.erresse-shop.it\/fr\/shop\/ameublement-maison\/poubelles\/mullex-poubelle-x80-l6-basic-copia\/","name":"MULLEX Poubelle X90 L6 Basic - Erresse Shop","isPartOf":{"@id":"https:\/\/www.erresse-shop.it\/fr\/#website"},"datePublished":"2025-02-11T11:44:52+00:00","dateModified":"2025-02-13T07:03:24+00:00","description":"Le syst\u00e8me de collecte des d\u00e9chets X-LINE plus large est con\u00e7u pour les armoires d'une largeur de 90 cm. L'\u00e9l\u00e9ment central de l'ensemble est le r\u00e9cipient","breadcrumb":{"@id":"https:\/\/www.erresse-shop.it\/fr\/shop\/ameublement-maison\/poubelles\/mullex-poubelle-x80-l6-basic-copia\/#breadcrumb"},"inLanguage":"fr-FR","potentialAction":[{"@type":"ReadAction","target":["https:\/\/www.erresse-shop.it\/fr\/shop\/ameublement-maison\/poubelles\/mullex-poubelle-x80-l6-basic-copia\/"]}]},{"@type":"BreadcrumbList","@id":"https:\/\/www.erresse-shop.it\/fr\/shop\/ameublement-maison\/poubelles\/mullex-poubelle-x80-l6-basic-copia\/#breadcrumb","itemListElement":[{"@type":"ListItem","position":1,"name":"Home","item":"https:\/\/www.erresse-shop.it\/fr\/"},{"@type":"ListItem","position":2,"name":"Shop","item":"https:\/\/www.erresse-shop.it\/fr\/shop\/"},{"@type":"ListItem","position":3,"name":"MULLEX Poubelle X90 L6 Basic"}]},{"@type":"WebSite","@id":"https:\/\/www.erresse-shop.it\/fr\/#website","url":"https:\/\/www.erresse-shop.it\/fr\/","name":"Erresse Shop","description":"Articoli di qualit\u00e0 per la casa","potentialAction":[{"@type":"SearchAction","target":{"@type":"EntryPoint","urlTemplate":"https:\/\/www.erresse-shop.it\/fr\/?s={search_term_string}"},"query-input":"required name=search_term_string"}],"inLanguage":"fr-FR"}]}},"df_price":368.1,"df_sale_price":368.1,"df_regular_price":409,"df_image_link":"https:\/\/www.erresse-shop.it\/wp-content\/uploads\/2025\/02\/MULLEX-Pattumiera-X90-L6-Basic-300x300.jpg","_links":{"self":[{"href":"https:\/\/www.erresse-shop.it\/fr\/wp-json\/wp\/v2\/product\/468162"}],"collection":[{"href":"https:\/\/www.erresse-shop.it\/fr\/wp-json\/wp\/v2\/product"}],"about":[{"href":"https:\/\/www.erresse-shop.it\/fr\/wp-json\/wp\/v2\/types\/product"}],"wp:featuredmedia":[{"embeddable":true,"href":"https:\/\/www.erresse-shop.it\/fr\/wp-json\/wp\/v2\/media\/468168"}],"wp:attachment":[{"href":"https:\/\/www.erresse-shop.it\/fr\/wp-json\/wp\/v2\/media?parent=468162"}],"wp:term":[{"taxonomy":"product_cat","embeddable":true,"href":"https:\/\/www.erresse-shop.it\/fr\/wp-json\/wp\/v2\/product_cat?post=468162"},{"taxonomy":"product_tag","embeddable":true,"href":"https:\/\/www.erresse-shop.it\/fr\/wp-json\/wp\/v2\/product_tag?post=468162"}],"curies":[{"name":"wp","href":"https:\/\/api.w.org\/{rel}","templated":true}]}}